{"id":2652,"date":"2025-07-22T02:59:36","date_gmt":"2025-07-22T02:59:36","guid":{"rendered":"https:\/\/ecavix.com\/?post_type=product&#038;p=2652"},"modified":"2025-08-25T06:39:38","modified_gmt":"2025-08-25T06:39:38","slug":"dostosowana-bateria-lifepo4-24-v-50-ah-100-ah-do-maszyn-do-czyszczenia-podlog-zasilana-bateryjna-zamiatarka-podlogowa","status":"publish","type":"product","link":"https:\/\/ecavix.com\/pl\/product\/customized-lifepo4-24v-50ah-100ah-floor-cleaning-machine-battery-operated-floor-sweeper-battery\/","title":{"rendered":"Akumulator do zamiatarki pod\u0142ogowej LiFePO4 24V 50Ah 100Ah na zam\u00f3wienie"},"content":{"rendered":"<h1>Akumulator do zamiatarki pod\u0142ogowej LiFePO4 24V 50Ah 100Ah na zam\u00f3wienie<\/h1>\n<p><img decoding=\"async\" style=\"width:100%\" src=\"https:\/\/ecavix.com\/wp-content\/uploads\/2025\/07\/202303281720119ba245b895cb49cb89143579bd0f998d-214x300.jpg\" alt=\"\" width=\"214\" height=\"300\" class=\"alignnone size-medium wp-image-2653\" srcset=\"https:\/\/ecavix.com\/wp-content\/uploads\/2025\/07\/202303281720119ba245b895cb49cb89143579bd0f998d-214x300.jpg 214w, https:\/\/ecavix.com\/wp-content\/uploads\/2025\/07\/202303281720119ba245b895cb49cb89143579bd0f998d-731x1024.jpg 731w, https:\/\/ecavix.com\/wp-content\/uploads\/2025\/07\/202303281720119ba245b895cb49cb89143579bd0f998d-600x841.jpg 600w, https:\/\/ecavix.com\/wp-content\/uploads\/2025\/07\/202303281720119ba245b895cb49cb89143579bd0f998d.jpg 750w\" sizes=\"(max-width: 214px) 100vw, 214px\" \/><\/p>\n<p><img decoding=\"async\" style=\"width:100%\" src=\"https:\/\/ecavix.com\/wp-content\/uploads\/2025\/07\/2023032817201129034707f69342a380dfac9f4fde2f6f-167x300.jpg\" alt=\"\" width=\"167\" height=\"300\" class=\"alignnone size-medium wp-image-2654\" srcset=\"https:\/\/ecavix.com\/wp-content\/uploads\/2025\/07\/2023032817201129034707f69342a380dfac9f4fde2f6f-167x300.jpg 167w, https:\/\/ecavix.com\/wp-content\/uploads\/2025\/07\/2023032817201129034707f69342a380dfac9f4fde2f6f-571x1024.jpg 571w, https:\/\/ecavix.com\/wp-content\/uploads\/2025\/07\/2023032817201129034707f69342a380dfac9f4fde2f6f-600x1075.jpg 600w, https:\/\/ecavix.com\/wp-content\/uploads\/2025\/07\/2023032817201129034707f69342a380dfac9f4fde2f6f.jpg 750w\" sizes=\"(max-width: 167px) 100vw, 167px\" \/><\/p>\n<p><img decoding=\"async\" style=\"width:100%\" src=\"https:\/\/ecavix.com\/wp-content\/uploads\/2025\/07\/customized-lifepo4-24v-50ah-100ah-floorb315e3a6-a372-4648-9334-1571e8285ac2-300x300.jpg\" alt=\"\" width=\"300\" height=\"300\" class=\"alignnone size-medium wp-image-2655\" srcset=\"https:\/\/ecavix.com\/wp-content\/uploads\/2025\/07\/customized-lifepo4-24v-50ah-100ah-floorb315e3a6-a372-4648-9334-1571e8285ac2-300x300.jpg 300w, https:\/\/ecavix.com\/wp-content\/uploads\/2025\/07\/customized-lifepo4-24v-50ah-100ah-floorb315e3a6-a372-4648-9334-1571e8285ac2-150x150.jpg 150w, https:\/\/ecavix.com\/wp-content\/uploads\/2025\/07\/customized-lifepo4-24v-50ah-100ah-floorb315e3a6-a372-4648-9334-1571e8285ac2-600x600.jpg 600w, https:\/\/ecavix.com\/wp-content\/uploads\/2025\/07\/customized-lifepo4-24v-50ah-100ah-floorb315e3a6-a372-4648-9334-1571e8285ac2-100x100.jpg 100w, https:\/\/ecavix.com\/wp-content\/uploads\/2025\/07\/customized-lifepo4-24v-50ah-100ah-floorb315e3a6-a372-4648-9334-1571e8285ac2.jpg 730w\" sizes=\"(max-width: 300px) 100vw, 300px\" \/><\/p>","protected":false},"excerpt":{"rendered":"<p>Akumulator LiFePO4 do maszyn do czyszczenia pod\u0142\u00f3g: bezp\u0142atna pomoc techniczna; indywidualnie dostosowane rozwi\u0105zania w zakresie akumulator\u00f3w.<\/p>","protected":false},"featured_media":2656,"comment_status":"closed","ping_status":"closed","template":"","meta":{"_uag_custom_page_level_css":"","neve_meta_sidebar":"","neve_meta_container":"","neve_meta_enable_content_width":"off","neve_meta_content_width":100,"neve_meta_title_alignment":"","neve_meta_author_avatar":"","neve_post_elements_order":"","neve_meta_disable_header":"","neve_meta_disable_footer":"","neve_meta_disable_title":""},"product_brand":[],"product_cat":[82],"product_tag":[],"class_list":{"0":"post-2652","1":"product","2":"type-product","3":"status-publish","4":"has-post-thumbnail","6":"product_cat-residential-storage-battery","8":"first","9":"instock","10":"shipping-taxable","11":"product-type-simple"},"uagb_featured_image_src":{"full":["https:\/\/ecavix.com\/wp-content\/uploads\/2025\/07\/customized-lifepo4-24v-50ah-100ah-floorfd735c9f-e009-4586-a29b-33d286b08fcb-1.jpg",730,730,false],"thumbnail":["https:\/\/ecavix.com\/wp-content\/uploads\/2025\/07\/customized-lifepo4-24v-50ah-100ah-floorfd735c9f-e009-4586-a29b-33d286b08fcb-1-150x150.jpg",150,150,true],"medium":["https:\/\/ecavix.com\/wp-content\/uploads\/2025\/07\/customized-lifepo4-24v-50ah-100ah-floorfd735c9f-e009-4586-a29b-33d286b08fcb-1-300x300.jpg",300,300,true],"medium_large":["https:\/\/ecavix.com\/wp-content\/uploads\/2025\/07\/customized-lifepo4-24v-50ah-100ah-floorfd735c9f-e009-4586-a29b-33d286b08fcb-1.jpg",730,730,false],"large":["https:\/\/ecavix.com\/wp-content\/uploads\/2025\/07\/customized-lifepo4-24v-50ah-100ah-floorfd735c9f-e009-4586-a29b-33d286b08fcb-1.jpg",730,730,false],"1536x1536":["https:\/\/ecavix.com\/wp-content\/uploads\/2025\/07\/customized-lifepo4-24v-50ah-100ah-floorfd735c9f-e009-4586-a29b-33d286b08fcb-1.jpg",730,730,false],"2048x2048":["https:\/\/ecavix.com\/wp-content\/uploads\/2025\/07\/customized-lifepo4-24v-50ah-100ah-floorfd735c9f-e009-4586-a29b-33d286b08fcb-1.jpg",730,730,false],"trp-custom-language-flag":["https:\/\/ecavix.com\/wp-content\/uploads\/2025\/07\/customized-lifepo4-24v-50ah-100ah-floorfd735c9f-e009-4586-a29b-33d286b08fcb-1.jpg",12,12,false],"neve-blog":["https:\/\/ecavix.com\/wp-content\/uploads\/2025\/07\/customized-lifepo4-24v-50ah-100ah-floorfd735c9f-e009-4586-a29b-33d286b08fcb-1-730x620.jpg",730,620,true],"woocommerce_thumbnail":["https:\/\/ecavix.com\/wp-content\/uploads\/2025\/07\/customized-lifepo4-24v-50ah-100ah-floorfd735c9f-e009-4586-a29b-33d286b08fcb-1-300x300.jpg",300,300,true],"woocommerce_single":["https:\/\/ecavix.com\/wp-content\/uploads\/2025\/07\/customized-lifepo4-24v-50ah-100ah-floorfd735c9f-e009-4586-a29b-33d286b08fcb-1-600x600.jpg",600,600,true],"woocommerce_gallery_thumbnail":["https:\/\/ecavix.com\/wp-content\/uploads\/2025\/07\/customized-lifepo4-24v-50ah-100ah-floorfd735c9f-e009-4586-a29b-33d286b08fcb-1-100x100.jpg",100,100,true]},"uagb_author_info":{"display_name":"solvitaenergylimited@gmail.com","author_link":"https:\/\/ecavix.com\/pl\/author\/"},"uagb_comment_info":0,"uagb_excerpt":"LiFePO4 Battery for Floor Clean Machine: Free technical support ; Customized battery solution for you","_links":{"self":[{"href":"https:\/\/ecavix.com\/pl\/wp-json\/wp\/v2\/product\/2652","targetHints":{"allow":["GET"]}}],"collection":[{"href":"https:\/\/ecavix.com\/pl\/wp-json\/wp\/v2\/product"}],"about":[{"href":"https:\/\/ecavix.com\/pl\/wp-json\/wp\/v2\/types\/product"}],"replies":[{"embeddable":true,"href":"https:\/\/ecavix.com\/pl\/wp-json\/wp\/v2\/comments?post=2652"}],"wp:featuredmedia":[{"embeddable":true,"href":"https:\/\/ecavix.com\/pl\/wp-json\/wp\/v2\/media\/2656"}],"wp:attachment":[{"href":"https:\/\/ecavix.com\/pl\/wp-json\/wp\/v2\/media?parent=2652"}],"wp:term":[{"taxonomy":"product_brand","embeddable":true,"href":"https:\/\/ecavix.com\/pl\/wp-json\/wp\/v2\/product_brand?post=2652"},{"taxonomy":"product_cat","embeddable":true,"href":"https:\/\/ecavix.com\/pl\/wp-json\/wp\/v2\/product_cat?post=2652"},{"taxonomy":"product_tag","embeddable":true,"href":"https:\/\/ecavix.com\/pl\/wp-json\/wp\/v2\/product_tag?post=2652"}],"curies":[{"name":"wp","href":"https:\/\/api.w.org\/{rel}","templated":true}]}}