{"id":2651,"date":"2025-07-22T02:53:48","date_gmt":"2025-07-22T02:53:48","guid":{"rendered":"https:\/\/ecavix.com\/?post_type=product&#038;p=2651"},"modified":"2025-09-01T08:59:57","modified_gmt":"2025-09-01T08:59:57","slug":"akumulator-litowy-lifepo4-bms-12v-50ah","status":"publish","type":"product","link":"https:\/\/ecavix.com\/pl\/product\/lifepo4-bms-lithium-battery-pack-12v-50ah\/","title":{"rendered":"Zamiennik kwasu o\u0142owiowego Ecavix 12v 80ah"},"content":{"rendered":"<br \/>\n<h1>Zamiennik kwasu o\u0142owiowego Ecavix 12v 80ah<\/h1>\n<div class=\"section\">\n<p>The <span class=\"highlight\">Akumulator litowy Ecavix 12V 80Ah LiFePO4 BMS<\/span> to wysokowydajne i przyjazne dla \u015brodowiska rozwi\u0105zanie energetyczne zaprojektowane w oparciu o zaawansowan\u0105 technologi\u0119 wewn\u0119trzn\u0105. Charakteryzuje si\u0119 niskim poziomem samoroz\u0142adowania, zintegrowanym systemem BMS zapewniaj\u0105cym pe\u0142n\u0105 ochron\u0119 i mo\u017ce bezpiecznie obs\u0142ugiwa\u0107 zar\u00f3wno konfiguracje szeregowe, jak i r\u00f3wnoleg\u0142e w celu zwi\u0119kszenia pojemno\u015bci. Dzi\u0119ki \u017cywotno\u015bci do 3500 cykli jest to trwa\u0142a i zr\u00f3wnowa\u017cona alternatywa dla akumulator\u00f3w kwasowo-o\u0142owiowych.<\/p>\n<p>Pomimo wy\u017cszego kosztu pocz\u0105tkowego w por\u00f3wnaniu z typami kwasowo-o\u0142owiowymi, bateria ta oferuje d\u0142ugoterminow\u0105 przewag\u0119 dzi\u0119ki wi\u0119kszej g\u0119sto\u015bci energii, bezpiecze\u0144stwu dla \u015brodowiska i wi\u0119kszej mo\u017cliwo\u015bci ponownego u\u017cycia. Idealny do szerokiej gamy zastosowa\u0144 poza sieci\u0105 i mobilnych.<\/p>\n<\/p><\/div>\n<h2>Cechy i zastosowania produktu<\/h2>\n<div class=\"section\">\n<ul class=\"feature-list\">\n<li>Zintegrowany system BMS do ochrony przed przepi\u0119ciem, zwarciem, nadmiernym na\u0142adowaniem, nadmiernym roz\u0142adowaniem i nadmiernym pr\u0105dem.<\/li>\n<li>Przyjazny dla \u015brodowiska: Wykonane z nietoksycznych materia\u0142\u00f3w niezawieraj\u0105cych metali ci\u0119\u017ckich.<\/li>\n<li>Wysoka g\u0119sto\u015b\u0107 energii przy kompaktowych rozmiarach i zmniejszonej powierzchni instalacji.<\/li>\n<li>Szeroki zakres temperatur pracy: od -20\u00b0C do 65\u00b0C.<\/li>\n<li>Brak efektu pami\u0119ci, bezobs\u0142ugowo\u015b\u0107 i d\u0142uga \u017cywotno\u015b\u0107 ponad 10 lat.<\/li>\n<li>Bezpieczne w u\u017cyciu w po\u0142\u0105czeniach szeregowych lub r\u00f3wnoleg\u0142ych w celu zwi\u0119kszenia pojemno\u015bci lub napi\u0119cia.<\/li>\n<\/ul><\/div>\n<h2>Scenariusze zastosowa\u0144<\/h2>\n<div class=\"section\">\n<ul class=\"application-list\">\n<li>Pojazdy rekreacyjne (RV)<\/li>\n<li>Systemy magazynowania energii s\u0142onecznej<\/li>\n<li>\u0141odzie i sprz\u0119t morski<\/li>\n<li>Zasilanie awaryjne poza sieci\u0105<\/li>\n<li>Skutery elektryczne i w\u00f3zki golfowe<\/li>\n<li>Przeno\u015bne stacje zasilania<\/li>\n<\/ul><\/div>\n<h2>Specyfikacja techniczna<\/h2>\n<table>\n<tr>\n<th>Marka<\/th>\n<td>Ecavix<\/td>\n<\/tr>\n<tr>\n<th>Napi\u0119cie nominalne<\/th>\n<td>12.8V<\/td>\n<\/tr>\n<tr>\n<th>Pojemno\u015b\u0107 nominalna<\/th>\n<td>80Ah \/ 640Wh<\/td>\n<\/tr>\n<tr>\n<th>Cykl \u017cycia<\/th>\n<td>Ponad 3000 razy<\/td>\n<\/tr>\n<tr>\n<th>Operacja \u017bycie<\/th>\n<td>10+ lat<\/td>\n<\/tr>\n<tr>\n<th>Napi\u0119cie \u0142adowania<\/th>\n<td>14.6V<\/td>\n<\/tr>\n<tr>\n<th>Napi\u0119cie odci\u0119cia roz\u0142adowania<\/th>\n<td>10V<\/td>\n<\/tr>\n<tr>\n<th>Maksymalny pr\u0105d \u0142adowania<\/th>\n<td>80A<\/td>\n<\/tr>\n<tr>\n<th>Maksymalny pr\u0105d roz\u0142adowania<\/th>\n<td>80A<\/td>\n<\/tr>\n<tr>\n<th>Temperatura \u0142adowania<\/th>\n<td>0\u00b0C ~ 65\u00b0C<\/td>\n<\/tr>\n<tr>\n<th>Temperatura roz\u0142adowania<\/th>\n<td>-20\u00b0C ~ 65\u00b0C<\/td>\n<\/tr>\n<tr>\n<th>Wymiary<\/th>\n<td>d\u0142. 229 \u00d7 szer. 138 \u00d7 wys. 208 mm<\/td>\n<\/tr>\n<tr>\n<th>Waga<\/th>\n<td>6 kg<\/td>\n<\/tr>\n<tr>\n<th>Typ monta\u017cu<\/th>\n<td>Bezp\u0142atna instalacja<\/td>\n<\/tr>\n<tr>\n<th>Typ kom\u00f3rki<\/th>\n<td>LiFePO4, konfiguracja 4S<\/td>\n<\/tr>\n<tr>\n<th>Obs\u0142uga szeregowa\/r\u00f3wnoleg\u0142a<\/th>\n<td>Tak<\/td>\n<\/tr>\n<tr>\n<th>Certyfikaty<\/th>\n<td>CE, RoHS, UN38.3, MSDS<\/td>\n<\/tr>\n<\/table>","protected":false},"excerpt":{"rendered":"<p>Akumulator Ecavix 12V 80Ah LiFePO4 to kompaktowe, przyjazne dla \u015brodowiska rozwi\u0105zanie zasilaj\u0105ce o \u017cywotno\u015bci ponad 3500 cykli i zintegrowanym systemie BMS. Idealny do kamper\u00f3w, \u0142odzi, system\u00f3w solarnych i nie tylko.<\/p>","protected":false},"featured_media":3284,"comment_status":"closed","ping_status":"closed","template":"","meta":{"_uag_custom_page_level_css":"","neve_meta_sidebar":"","neve_meta_container":"","neve_meta_enable_content_width":"off","neve_meta_content_width":100,"neve_meta_title_alignment":"","neve_meta_author_avatar":"","neve_post_elements_order":"","neve_meta_disable_header":"","neve_meta_disable_footer":"","neve_meta_disable_title":""},"product_brand":[],"product_cat":[81,82],"product_tag":[],"class_list":{"0":"post-2651","1":"product","2":"type-product","3":"status-publish","4":"has-post-thumbnail","6":"product_cat-lead-acid-replacement","7":"product_cat-residential-storage-battery","9":"first","10":"instock","11":"shipping-taxable","12":"product-type-simple"},"uagb_featured_image_src":{"full":["https:\/\/ecavix.com\/wp-content\/uploads\/2025\/07\/DSC_5524-scaled.jpg",2560,1844,false],"thumbnail":["https:\/\/ecavix.com\/wp-content\/uploads\/2025\/07\/DSC_5524-150x150.jpg",150,150,true],"medium":["https:\/\/ecavix.com\/wp-content\/uploads\/2025\/07\/DSC_5524-300x216.jpg",300,216,true],"medium_large":["https:\/\/ecavix.com\/wp-content\/uploads\/2025\/07\/DSC_5524-768x553.jpg",768,553,true],"large":["https:\/\/ecavix.com\/wp-content\/uploads\/2025\/07\/DSC_5524-1024x738.jpg",1024,738,true],"1536x1536":["https:\/\/ecavix.com\/wp-content\/uploads\/2025\/07\/DSC_5524-1536x1107.jpg",1536,1107,true],"2048x2048":["https:\/\/ecavix.com\/wp-content\/uploads\/2025\/07\/DSC_5524-2048x1475.jpg",2048,1475,true],"trp-custom-language-flag":["https:\/\/ecavix.com\/wp-content\/uploads\/2025\/07\/DSC_5524-scaled.jpg",18,12,false],"neve-blog":["https:\/\/ecavix.com\/wp-content\/uploads\/2025\/07\/DSC_5524-930x620.jpg",930,620,true],"woocommerce_thumbnail":["https:\/\/ecavix.com\/wp-content\/uploads\/2025\/07\/DSC_5524-300x300.jpg",300,300,true],"woocommerce_single":["https:\/\/ecavix.com\/wp-content\/uploads\/2025\/07\/DSC_5524-600x432.jpg",600,432,true],"woocommerce_gallery_thumbnail":["https:\/\/ecavix.com\/wp-content\/uploads\/2025\/07\/DSC_5524-100x100.jpg",100,100,true]},"uagb_author_info":{"display_name":"solvitaenergylimited@gmail.com","author_link":"https:\/\/ecavix.com\/pl\/author\/"},"uagb_comment_info":0,"uagb_excerpt":"Ecavix 12V 80Ah LiFePO4 battery is a compact, eco-friendly power solution with 3500+ cycle life and integrated BMS. Ideal for RVs, boats, solar systems, and more.","_links":{"self":[{"href":"https:\/\/ecavix.com\/pl\/wp-json\/wp\/v2\/product\/2651","targetHints":{"allow":["GET"]}}],"collection":[{"href":"https:\/\/ecavix.com\/pl\/wp-json\/wp\/v2\/product"}],"about":[{"href":"https:\/\/ecavix.com\/pl\/wp-json\/wp\/v2\/types\/product"}],"replies":[{"embeddable":true,"href":"https:\/\/ecavix.com\/pl\/wp-json\/wp\/v2\/comments?post=2651"}],"wp:featuredmedia":[{"embeddable":true,"href":"https:\/\/ecavix.com\/pl\/wp-json\/wp\/v2\/media\/3284"}],"wp:attachment":[{"href":"https:\/\/ecavix.com\/pl\/wp-json\/wp\/v2\/media?parent=2651"}],"wp:term":[{"taxonomy":"product_brand","embeddable":true,"href":"https:\/\/ecavix.com\/pl\/wp-json\/wp\/v2\/product_brand?post=2651"},{"taxonomy":"product_cat","embeddable":true,"href":"https:\/\/ecavix.com\/pl\/wp-json\/wp\/v2\/product_cat?post=2651"},{"taxonomy":"product_tag","embeddable":true,"href":"https:\/\/ecavix.com\/pl\/wp-json\/wp\/v2\/product_tag?post=2651"}],"curies":[{"name":"wp","href":"https:\/\/api.w.org\/{rel}","templated":true}]}}