{"id":2647,"date":"2025-07-22T02:44:41","date_gmt":"2025-07-22T02:44:41","guid":{"rendered":"https:\/\/ecavix.com\/?post_type=product&#038;p=2647"},"modified":"2025-08-18T07:34:08","modified_gmt":"2025-08-18T07:34:08","slug":"akumulator-rv-typu-deep-cycle-12-v-100-ah-lifepo4","status":"publish","type":"product","link":"https:\/\/ecavix.com\/pl\/product\/deep-cycle-12v-100ah-lifepo4-rv-battery-pack\/","title":{"rendered":"Akumulator g\u0142\u0119bokiego cyklu 12 V 100 Ah Lifepo4 RV"},"content":{"rendered":"<br \/>\n<h1>Akumulator LiFePO4 12 V 100 Ah do pojazd\u00f3w rekreacyjnych<\/h1>\n<div class=\"section\">\n<p>The <span class=\"highlight\">Akumulator Ecavix 12 V 100 Ah LiFePO4 do pojazd\u00f3w rekreacyjnych<\/span> jest idealnym zamiennikiem tradycyjnych akumulator\u00f3w kwasowo-o\u0142owiowych, AGM i \u017celowych. Zapewnia doskona\u0142\u0105 wydajno\u015b\u0107 i sprawno\u015b\u0107 w r\u00f3\u017cnych zastosowaniach, takich jak kampery, deskorolki elektryczne, w\u00f3zki golfowe, przyczepy kempingowe, \u0142odzie i pojazdy kempingowe. W przypadku dalszych pyta\u0144 lub potrzeb zwi\u0105zanych z dostosowaniem produktu do indywidualnych potrzeb, prosimy o kontakt.<\/p>\n<\/p><\/div>\n<h2>Cechy i zastosowania produktu<\/h2>\n<div class=\"section\">\n<ul class=\"feature-list\">\n<li>Wysoka szybko\u015b\u0107 roz\u0142adowania (1C) i \u017cywotno\u015b\u0107 ponad 3000 cykli.<\/li>\n<li>Wbudowany system BMS zapewniaj\u0105cy pe\u0142n\u0105 ochron\u0119 przed prze\u0142adowaniem, nadmiernym roz\u0142adowaniem, przet\u0119\u017ceniem i zwarciem.<\/li>\n<li>Materia\u0142y przyjazne dla \u015brodowiska \u2013 nie zawieraj\u0105 metali ci\u0119\u017ckich, s\u0105 nietoksyczne i bezpieczne.<\/li>\n<li>Lekka konstrukcja u\u0142atwiaj\u0105ca monta\u017c i oszcz\u0119dzaj\u0105ca miejsce.<\/li>\n<li>Szeroki zakres temperatur przechowywania (od -20\u00b0C do 60\u00b0C).<\/li>\n<li>Bezobs\u0142ugowy i bez efektu pami\u0119ci.<\/li>\n<li>\u017bywotno\u015b\u0107 operacyjna przekraczaj\u0105ca 10 lat.<\/li>\n<\/ul><\/div>\n<h2>Zastosowania<\/h2>\n<div class=\"section\">\n<ul class=\"application-list\">\n<li>Pojazdy rekreacyjne (RV)<\/li>\n<li>Elektryczne deskorolki<\/li>\n<li>Zmotoryzowane w\u00f3zki golfowe<\/li>\n<li>\u0141odzie i sprz\u0119t morski<\/li>\n<li>Systemy magazynowania energii s\u0142onecznej poza sieci\u0105 energetyczn\u0105<\/li>\n<li>Rozwi\u0105zania energetyczne dla kemping\u00f3w i aktywno\u015bci na \u015bwie\u017cym powietrzu<\/li>\n<\/ul><\/div>\n<h2>Specyfikacja techniczna<\/h2>\n<table>\n<tr>\n<th>Model<\/th>\n<td>SNR12100<\/td>\n<\/tr>\n<tr>\n<th>Marka<\/th>\n<td>Ecavix<\/td>\n<\/tr>\n<tr>\n<th>Napi\u0119cie nominalne<\/th>\n<td>12.8V<\/td>\n<\/tr>\n<tr>\n<th>Pojemno\u015b\u0107 nominalna<\/th>\n<td>100Ah \/ 1280Wh<\/td>\n<\/tr>\n<tr>\n<th>Cykl \u017cycia<\/th>\n<td>Ponad 3000 razy<\/td>\n<\/tr>\n<tr>\n<th>Operacja \u017bycie<\/th>\n<td>10+ lat<\/td>\n<\/tr>\n<tr>\n<th>Napi\u0119cie \u0142adowania<\/th>\n<td>14.6V<\/td>\n<\/tr>\n<tr>\n<th>Napi\u0119cie odci\u0119cia roz\u0142adowania<\/th>\n<td>10V<\/td>\n<\/tr>\n<tr>\n<th>Maksymalny pr\u0105d \u0142adowania<\/th>\n<td>50A<\/td>\n<\/tr>\n<tr>\n<th>Maksymalny pr\u0105d roz\u0142adowania<\/th>\n<td>100A<\/td>\n<\/tr>\n<tr>\n<th>Temperatura (\u0142adunek)<\/th>\n<td>0\u00b0C ~ 65\u00b0C<\/td>\n<\/tr>\n<tr>\n<th>Temperatura (wy\u0142adowanie)<\/th>\n<td>-20\u00b0C ~ 65\u00b0C<\/td>\n<\/tr>\n<tr>\n<th>Wymiary<\/th>\n<td>330 mm \u00d7 173 mm \u00d7 220 mm<\/td>\n<\/tr>\n<tr>\n<th>Waga<\/th>\n<td>12 kg (netto)<\/td>\n<\/tr>\n<tr>\n<th>Typ monta\u017cu<\/th>\n<td>Bezp\u0142atna instalacja<\/td>\n<\/tr>\n<tr>\n<th>Typ kom\u00f3rki<\/th>\n<td>LiFePO4, konfiguracja 4S<\/td>\n<\/tr>\n<tr>\n<th>Certyfikacja<\/th>\n<td>CE, RoHS, UN38.3, MSDS<\/td>\n<\/tr>\n<\/table>","protected":false},"excerpt":{"rendered":"<p>Akumulator Ecavix 12V 100Ah LiFePO4 RV to wysokowydajny, ekologiczny akumulator idealny do kamper\u00f3w, \u0142odzi i w\u00f3zk\u00f3w golfowych. Ponad 3000 cykli, \u017cywotno\u015b\u0107 ponad 10 lat, lekki i bezobs\u0142ugowy.<\/p>","protected":false},"featured_media":3283,"comment_status":"closed","ping_status":"closed","template":"","meta":{"_uag_custom_page_level_css":"","neve_meta_sidebar":"","neve_meta_container":"","neve_meta_enable_content_width":"off","neve_meta_content_width":100,"neve_meta_title_alignment":"","neve_meta_author_avatar":"","neve_post_elements_order":"","neve_meta_disable_header":"","neve_meta_disable_footer":"","neve_meta_disable_title":""},"product_brand":[],"product_cat":[81,82],"product_tag":[],"class_list":{"0":"post-2647","1":"product","2":"type-product","3":"status-publish","4":"has-post-thumbnail","6":"product_cat-lead-acid-replacement","7":"product_cat-residential-storage-battery","9":"first","10":"instock","11":"shipping-taxable","12":"product-type-simple"},"uagb_featured_image_src":{"full":["https:\/\/ecavix.com\/wp-content\/uploads\/2025\/07\/DSC_5536-scaled.jpg",2560,1844,false],"thumbnail":["https:\/\/ecavix.com\/wp-content\/uploads\/2025\/07\/DSC_5536-150x150.jpg",150,150,true],"medium":["https:\/\/ecavix.com\/wp-content\/uploads\/2025\/07\/DSC_5536-300x216.jpg",300,216,true],"medium_large":["https:\/\/ecavix.com\/wp-content\/uploads\/2025\/07\/DSC_5536-768x553.jpg",768,553,true],"large":["https:\/\/ecavix.com\/wp-content\/uploads\/2025\/07\/DSC_5536-1024x738.jpg",1024,738,true],"1536x1536":["https:\/\/ecavix.com\/wp-content\/uploads\/2025\/07\/DSC_5536-1536x1107.jpg",1536,1107,true],"2048x2048":["https:\/\/ecavix.com\/wp-content\/uploads\/2025\/07\/DSC_5536-2048x1475.jpg",2048,1475,true],"trp-custom-language-flag":["https:\/\/ecavix.com\/wp-content\/uploads\/2025\/07\/DSC_5536-scaled.jpg",18,12,false],"neve-blog":["https:\/\/ecavix.com\/wp-content\/uploads\/2025\/07\/DSC_5536-930x620.jpg",930,620,true],"woocommerce_thumbnail":["https:\/\/ecavix.com\/wp-content\/uploads\/2025\/07\/DSC_5536-300x300.jpg",300,300,true],"woocommerce_single":["https:\/\/ecavix.com\/wp-content\/uploads\/2025\/07\/DSC_5536-600x432.jpg",600,432,true],"woocommerce_gallery_thumbnail":["https:\/\/ecavix.com\/wp-content\/uploads\/2025\/07\/DSC_5536-100x100.jpg",100,100,true]},"uagb_author_info":{"display_name":"solvitaenergylimited@gmail.com","author_link":"https:\/\/ecavix.com\/pl\/author\/"},"uagb_comment_info":0,"uagb_excerpt":"Ecavix 12V 100Ah LiFePO4 RV Battery is a high-performance, eco-friendly battery ideal for RVs, boats, and golf carts. Over 3000 cycles, 10+ years life, lightweight and maintenance-free.","_links":{"self":[{"href":"https:\/\/ecavix.com\/pl\/wp-json\/wp\/v2\/product\/2647","targetHints":{"allow":["GET"]}}],"collection":[{"href":"https:\/\/ecavix.com\/pl\/wp-json\/wp\/v2\/product"}],"about":[{"href":"https:\/\/ecavix.com\/pl\/wp-json\/wp\/v2\/types\/product"}],"replies":[{"embeddable":true,"href":"https:\/\/ecavix.com\/pl\/wp-json\/wp\/v2\/comments?post=2647"}],"wp:featuredmedia":[{"embeddable":true,"href":"https:\/\/ecavix.com\/pl\/wp-json\/wp\/v2\/media\/3283"}],"wp:attachment":[{"href":"https:\/\/ecavix.com\/pl\/wp-json\/wp\/v2\/media?parent=2647"}],"wp:term":[{"taxonomy":"product_brand","embeddable":true,"href":"https:\/\/ecavix.com\/pl\/wp-json\/wp\/v2\/product_brand?post=2647"},{"taxonomy":"product_cat","embeddable":true,"href":"https:\/\/ecavix.com\/pl\/wp-json\/wp\/v2\/product_cat?post=2647"},{"taxonomy":"product_tag","embeddable":true,"href":"https:\/\/ecavix.com\/pl\/wp-json\/wp\/v2\/product_tag?post=2647"}],"curies":[{"name":"wp","href":"https:\/\/api.w.org\/{rel}","templated":true}]}}