{"id":2519,"date":"2025-07-18T09:43:59","date_gmt":"2025-07-18T09:43:59","guid":{"rendered":"https:\/\/ecavix.com\/?post_type=product&#038;p=2519"},"modified":"2025-09-02T03:35:06","modified_gmt":"2025-09-02T03:35:06","slug":"akumulator-rowerowy-32650-ogniwa-akumulatora-lifepo4-24v-10ah-do-skutera-elektrycznego-roweru","status":"publish","type":"product","link":"https:\/\/ecavix.com\/pl\/product\/e-bike-battery-pack-32650-lifepo4-battery-cells-24v-10ah-for-electric-bicycle-scooter\/","title":{"rendered":"Akumulator 24 V 10 Ah do rower\u00f3w elektrycznych"},"content":{"rendered":"<br \/>\n<h1>Akumulator 24 V 10 Ah do rower\u00f3w elektrycznych<\/h1>\n<h2>Przegl\u0105d produkt\u00f3w<\/h2>\n<table>\n<tr>\n<th>Model<\/th>\n<td>DL-2410<\/td>\n<\/tr>\n<tr>\n<th>Napi\u0119cie nominalne<\/th>\n<td>24V<\/td>\n<\/tr>\n<tr>\n<th>Pojemno\u015b\u0107 nominalna<\/th>\n<td>10Ah<\/td>\n<\/tr>\n<tr>\n<th>Cykl \u017cycia<\/th>\n<td>500 razy<\/td>\n<\/tr>\n<tr>\n<th>Typ akumulatora<\/th>\n<td>Ogniwa akumulator\u00f3w LiFePO4<\/td>\n<\/tr>\n<tr>\n<th>Waga<\/th>\n<td>Elastyczny<\/td>\n<\/tr>\n<tr>\n<th>Wymiary<\/th>\n<td>170 x 140 x 72 mm<\/td>\n<\/tr>\n<tr>\n<th>Certyfikacja<\/th>\n<td>CE, FCC, RoHS<\/td>\n<\/tr>\n<tr>\n<th>Gwarancja<\/th>\n<td>1 rok<\/td>\n<\/tr>\n<tr>\n<th>Opakowanie<\/th>\n<td>Torba PE + os\u0142ona piankowa + dwupoziomowy karton falisty<\/td>\n<\/tr>\n<tr>\n<th>Warunki p\u0142atno\u015bci<\/th>\n<td>T\/T, D\/P, Western Union, Paypal, Money Gram, got\u00f3wka<\/td>\n<\/tr>\n<\/table>\n<h2>Kluczowe cechy<\/h2>\n<div class=\"features-grid\">\n<div class=\"feature-box\">\n<h3>D\u0142uga \u017cywotno\u015b\u0107<\/h3>\n<p>Oferuje ponad 500 cykli \u0142adowania, zapewniaj\u0105c d\u0142ug\u0105 \u017cywotno\u015b\u0107 pojazd\u00f3w elektrycznych.<\/p>\n<\/p><\/div>\n<div class=\"feature-box\">\n<h3>Wysoka g\u0119sto\u015b\u0107 energii<\/h3>\n<p>Kompaktowa i wydajna konstrukcja o du\u017cej mocy, odpowiednia do rower\u00f3w elektrycznych i skuter\u00f3w.<\/p>\n<\/p><\/div>\n<div class=\"feature-box\">\n<h3>Zaawansowana ochrona<\/h3>\n<p>Wyposa\u017cony w system BMS, kt\u00f3ry zapewnia ochron\u0119 przed zwarciem, nadmiernym na\u0142adowaniem, nadmiernym roz\u0142adowaniem i nadmiernym pr\u0105dem.<\/p>\n<\/p><\/div>\n<div class=\"feature-box\">\n<h3>Szerokie zastosowanie<\/h3>\n<p>Idealny do rower\u00f3w elektrycznych, skuter\u00f3w i innych pojazd\u00f3w elektrycznych. Dost\u0119pne konfigurowalne kszta\u0142ty, pojemno\u015bci i napi\u0119cia.<\/p>\n<\/p><\/div>\n<\/p><\/div>\n<h2>Zastosowania<\/h2>\n<ul>\n<li>Rowery elektryczne<\/li>\n<li>Skutery<\/li>\n<li>Pojazdy elektryczne (EV)<\/li>\n<li>W\u00f3zki golfowe, kampery, pojazdy morskie<\/li>\n<li>W\u00f3zki inwalidzkie, w\u00f3zki elektryczne, myjki do pod\u0142\u00f3g<\/li>\n<\/ul>\n<h2>Zalety<\/h2>\n<ul>\n<li>Dzia\u0142anie przyjazne dla \u015brodowiska i wolne od zanieczyszcze\u0144.<\/li>\n<li>Brak efektu pami\u0119ci, zapewniaj\u0105cy skuteczne zatrzymywanie \u0142adunku.<\/li>\n<li>Wysokiej jako\u015bci ogniwa LiFePO4 zapewniaj\u0105 bezpiecze\u0144stwo i niezawodno\u015b\u0107.<\/li>\n<li>Mo\u017cliwo\u015b\u0107 dostosowania kszta\u0142tu i pojemno\u015bci do konkretnych potrzeb.<\/li>\n<li>Konkurencyjne ceny fabryczne.<\/li>\n<\/ul>\n<h2>Informacje handlowe<\/h2>\n<ul>\n<li>Gwarantowana kontrola jako\u015bci 100% dla ka\u017cdej wyprodukowanej baterii.<\/li>\n<li>Akceptowane metody p\u0142atno\u015bci: T \/ T, D \/ P, Western Union, Paypal, Moneygram, got\u00f3wka.<\/li>\n<li>Wysy\u0142amy na ca\u0142y \u015bwiat za po\u015brednictwem DHL, FedEx, TNT, UPS lub drog\u0105 morsk\u0105\/lotnicz\u0105.<\/li>\n<li>Czas dostawy: 5-15 dni roboczych, w zale\u017cno\u015bci od ilo\u015bci zam\u00f3wienia.<\/li>\n<\/ul>","protected":false},"excerpt":{"rendered":"<p>Akumulator do rower\u00f3w elektrycznych 24 V 10 Ah jest przeznaczony do rower\u00f3w elektrycznych i skuter\u00f3w. Zbudowany z ogniw LiFePO4 zapewnia d\u0142ug\u0105 \u017cywotno\u015b\u0107, wysok\u0105 g\u0119sto\u015b\u0107 energii i bezpiecze\u0144stwo.<\/p>","protected":false},"featured_media":2520,"comment_status":"closed","ping_status":"closed","template":"","meta":{"_uag_custom_page_level_css":"","neve_meta_sidebar":"","neve_meta_container":"","neve_meta_enable_content_width":"off","neve_meta_content_width":100,"neve_meta_title_alignment":"","neve_meta_author_avatar":"","neve_post_elements_order":"","neve_meta_disable_header":"","neve_meta_disable_footer":"","neve_meta_disable_title":""},"product_brand":[],"product_cat":[46,45,43],"product_tag":[],"class_list":{"0":"post-2519","1":"product","2":"type-product","3":"status-publish","4":"has-post-thumbnail","6":"product_cat-24v-e-bike-battery","7":"product_cat-e-bike-battery","8":"product_cat-power-battery","10":"first","11":"instock","12":"shipping-taxable","13":"product-type-simple"},"uagb_featured_image_src":{"full":["https:\/\/ecavix.com\/wp-content\/uploads\/2025\/07\/E-Bike-Battery-Pack-32650-LiFePO4-Battery-Cells-24V-10ah-for-Electric-Bicycle-Scooter0-800-800.webp",550,550,false],"thumbnail":["https:\/\/ecavix.com\/wp-content\/uploads\/2025\/07\/E-Bike-Battery-Pack-32650-LiFePO4-Battery-Cells-24V-10ah-for-Electric-Bicycle-Scooter0-800-800-150x150.webp",150,150,true],"medium":["https:\/\/ecavix.com\/wp-content\/uploads\/2025\/07\/E-Bike-Battery-Pack-32650-LiFePO4-Battery-Cells-24V-10ah-for-Electric-Bicycle-Scooter0-800-800-300x300.webp",300,300,true],"medium_large":["https:\/\/ecavix.com\/wp-content\/uploads\/2025\/07\/E-Bike-Battery-Pack-32650-LiFePO4-Battery-Cells-24V-10ah-for-Electric-Bicycle-Scooter0-800-800.webp",550,550,false],"large":["https:\/\/ecavix.com\/wp-content\/uploads\/2025\/07\/E-Bike-Battery-Pack-32650-LiFePO4-Battery-Cells-24V-10ah-for-Electric-Bicycle-Scooter0-800-800.webp",550,550,false],"1536x1536":["https:\/\/ecavix.com\/wp-content\/uploads\/2025\/07\/E-Bike-Battery-Pack-32650-LiFePO4-Battery-Cells-24V-10ah-for-Electric-Bicycle-Scooter0-800-800.webp",550,550,false],"2048x2048":["https:\/\/ecavix.com\/wp-content\/uploads\/2025\/07\/E-Bike-Battery-Pack-32650-LiFePO4-Battery-Cells-24V-10ah-for-Electric-Bicycle-Scooter0-800-800.webp",550,550,false],"trp-custom-language-flag":["https:\/\/ecavix.com\/wp-content\/uploads\/2025\/07\/E-Bike-Battery-Pack-32650-LiFePO4-Battery-Cells-24V-10ah-for-Electric-Bicycle-Scooter0-800-800.webp",12,12,false],"neve-blog":["https:\/\/ecavix.com\/wp-content\/uploads\/2025\/07\/E-Bike-Battery-Pack-32650-LiFePO4-Battery-Cells-24V-10ah-for-Electric-Bicycle-Scooter0-800-800.webp",550,550,false],"woocommerce_thumbnail":["https:\/\/ecavix.com\/wp-content\/uploads\/2025\/07\/E-Bike-Battery-Pack-32650-LiFePO4-Battery-Cells-24V-10ah-for-Electric-Bicycle-Scooter0-800-800-300x300.webp",300,300,true],"woocommerce_single":["https:\/\/ecavix.com\/wp-content\/uploads\/2025\/07\/E-Bike-Battery-Pack-32650-LiFePO4-Battery-Cells-24V-10ah-for-Electric-Bicycle-Scooter0-800-800.webp",550,550,false],"woocommerce_gallery_thumbnail":["https:\/\/ecavix.com\/wp-content\/uploads\/2025\/07\/E-Bike-Battery-Pack-32650-LiFePO4-Battery-Cells-24V-10ah-for-Electric-Bicycle-Scooter0-800-800-100x100.webp",100,100,true]},"uagb_author_info":{"display_name":"solvitaenergylimited@gmail.com","author_link":"https:\/\/ecavix.com\/pl\/author\/"},"uagb_comment_info":0,"uagb_excerpt":"The 24V 10Ah E-bike Battery Pack is designed for electric bicycles and scooters. Built with LiFePO4 cells for long cycle life, high energy density, and safety.","_links":{"self":[{"href":"https:\/\/ecavix.com\/pl\/wp-json\/wp\/v2\/product\/2519","targetHints":{"allow":["GET"]}}],"collection":[{"href":"https:\/\/ecavix.com\/pl\/wp-json\/wp\/v2\/product"}],"about":[{"href":"https:\/\/ecavix.com\/pl\/wp-json\/wp\/v2\/types\/product"}],"replies":[{"embeddable":true,"href":"https:\/\/ecavix.com\/pl\/wp-json\/wp\/v2\/comments?post=2519"}],"wp:featuredmedia":[{"embeddable":true,"href":"https:\/\/ecavix.com\/pl\/wp-json\/wp\/v2\/media\/2520"}],"wp:attachment":[{"href":"https:\/\/ecavix.com\/pl\/wp-json\/wp\/v2\/media?parent=2519"}],"wp:term":[{"taxonomy":"product_brand","embeddable":true,"href":"https:\/\/ecavix.com\/pl\/wp-json\/wp\/v2\/product_brand?post=2519"},{"taxonomy":"product_cat","embeddable":true,"href":"https:\/\/ecavix.com\/pl\/wp-json\/wp\/v2\/product_cat?post=2519"},{"taxonomy":"product_tag","embeddable":true,"href":"https:\/\/ecavix.com\/pl\/wp-json\/wp\/v2\/product_tag?post=2519"}],"curies":[{"name":"wp","href":"https:\/\/api.w.org\/{rel}","templated":true}]}}