{"id":2518,"date":"2025-07-18T09:41:16","date_gmt":"2025-07-18T09:41:16","guid":{"rendered":"https:\/\/ecavix.com\/?post_type=product&#038;p=2518"},"modified":"2025-09-02T03:35:59","modified_gmt":"2025-09-02T03:35:59","slug":"bateria-litowa-frog-24v-12ah-do-zasilania-rowerow-elektrycznych","status":"publish","type":"product","link":"https:\/\/ecavix.com\/pl\/product\/frog-battery-24v-12ah-lithium-battery-for-electric-bicycle-power-supply\/","title":{"rendered":"Bateria litowa Frog Battery 24V 12Ah do rower\u00f3w elektrycznych"},"content":{"rendered":"<br \/>\n<h1>Bateria litowa Frog Battery 24V 12Ah do rower\u00f3w elektrycznych<\/h1>\n<h2>Przegl\u0105d produkt\u00f3w<\/h2>\n<table>\n<tr>\n<th>Model<\/th>\n<td>Akumulator Frog 24V 12Ah<\/td>\n<\/tr>\n<tr>\n<th>Napi\u0119cie nominalne<\/th>\n<td>48V (dost\u0119pne opcje niestandardowe)<\/td>\n<\/tr>\n<tr>\n<th>Pojemno\u015b\u0107 nominalna<\/th>\n<td>12Ah (inne opcje: 10Ah, 15Ah, 20Ah)<\/td>\n<\/tr>\n<tr>\n<th>Cykl \u017cycia<\/th>\n<td>500-1000 razy<\/td>\n<\/tr>\n<tr>\n<th>Waga<\/th>\n<td>&lt; 3,5 kg<\/td>\n<\/tr>\n<tr>\n<th>Pr\u0105d roz\u0142adowania<\/th>\n<td>Ci\u0105g\u0142y: 30 A (maks.); Burst: 40 A (regulowany)<\/td>\n<\/tr>\n<tr>\n<th>Tryb \u0142adowania<\/th>\n<td>CCCV<\/td>\n<\/tr>\n<tr>\n<th>Pr\u0105d \u0142adowania<\/th>\n<td>2,0\u20134,0 A<\/td>\n<\/tr>\n<tr>\n<th>Maksymalne napi\u0119cie \u0142adowania<\/th>\n<td>42V<\/td>\n<\/tr>\n<tr>\n<th>Temperatura \u0142adowania<\/th>\n<td>0~45\u00baC<\/td>\n<\/tr>\n<tr>\n<th>Temperatura roz\u0142adowania<\/th>\n<td>-20~55\u00baC<\/td>\n<\/tr>\n<tr>\n<th>\u015arodowisko przechowywania<\/th>\n<td>Do 1 roku w temperaturze -5~+20\u00baC<\/td>\n<\/tr>\n<tr>\n<th>Certyfikaty<\/th>\n<td>CE, MSDS, UN38.3, FCC, RoHS, SGS<\/td>\n<\/tr>\n<tr>\n<th>Opakowanie<\/th>\n<td>Standardowy pakiet eksportowy EPE<\/td>\n<\/tr>\n<\/table>\n<h2>Kluczowe cechy<\/h2>\n<div class=\"features-grid\">\n<div class=\"feature-box\">\n<h3>Wysoka g\u0119sto\u015b\u0107 energii<\/h3>\n<p>Oferuje doskona\u0142\u0105 moc i kompaktow\u0105 konstrukcj\u0119, idealn\u0105 do rower\u00f3w elektrycznych i innych pojazd\u00f3w elektrycznych.<\/p>\n<\/p><\/div>\n<div class=\"feature-box\">\n<h3>D\u0142uga \u017cywotno\u015b\u0107<\/h3>\n<p>Zaprojektowany na ponad 500 cykli \u0142adowania, zapewniaj\u0105c trwa\u0142o\u015b\u0107 i d\u0142ugotrwa\u0142\u0105 wydajno\u015b\u0107.<\/p>\n<\/p><\/div>\n<div class=\"feature-box\">\n<h3>Funkcje bezpiecze\u0144stwa<\/h3>\n<p>Wbudowane mechanizmy zabezpieczaj\u0105ce zapobiegaj\u0105 zwarciom, nadmiernemu roz\u0142adowaniu, prze\u0142adowaniu i nadmiernemu nat\u0119\u017ceniu pr\u0105du, zapewniaj\u0105c bezpiecze\u0144stwo.<\/p>\n<\/p><\/div>\n<div class=\"feature-box\">\n<h3>Mo\u017cliwo\u015b\u0107 dostosowania<\/h3>\n<p>Akumulator jest dost\u0119pny w wersjach o r\u00f3\u017cnym napi\u0119ciu i pojemno\u015bci, kt\u00f3re mo\u017cna dostosowa\u0107 do konkretnych potrzeb.<\/p>\n<\/p><\/div>\n<\/p><\/div>\n<h2>Zalety akumulatora Frog Battery 24V 12Ah<\/h2>\n<ul>\n<li>Lekka i kompaktowa konstrukcja u\u0142atwiaj\u0105ca instalacj\u0119.<\/li>\n<li>Brak efektu pami\u0119ci, zapewniaj\u0105cy skuteczne zatrzymywanie \u0142adunku.<\/li>\n<li>Niski wsp\u00f3\u0142czynnik samoroz\u0142adowania, dzi\u0119ki czemu bateria jest d\u0142u\u017cej gotowa do u\u017cycia.<\/li>\n<li>Ekonomiczne ceny bezpo\u015brednio z fabryki.<\/li>\n<li>Dzia\u0142anie wolne od zanieczyszcze\u0144 dzi\u0119ki bezpiecznym, przyjaznym dla \u015brodowiska materia\u0142om.<\/li>\n<\/ul>\n<h2>Zastosowania<\/h2>\n<ul>\n<li>Rowery elektryczne (e-rowery)<\/li>\n<li>Skutery elektryczne<\/li>\n<li>Motocykle elektryczne<\/li>\n<li>Inne rozwi\u0105zania w zakresie transportu elektrycznego<\/li>\n<\/ul>\n<h2>Zasady p\u0142atno\u015bci i wysy\u0142ki<\/h2>\n<ul>\n<li>Akceptowane metody p\u0142atno\u015bci: L \/ C, T \/ T, Western Union, Paypal, Moneygram, Got\u00f3wka<\/li>\n<li>Wysy\u0142ka: Produkty zostan\u0105 wys\u0142ane w ci\u0105gu 5-15 dni roboczych w zale\u017cno\u015bci od ilo\u015bci zam\u00f3wienia.<\/li>\n<li>Metody wysy\u0142ki: DHL, FedEx, TNT, UPS lub transport morski\/lotniczy.<\/li>\n<li>Oferujemy kontrol\u0119 jako\u015bci 100% dla ka\u017cdej wyprodukowanej baterii.<\/li>\n<\/ul>","protected":false},"excerpt":{"rendered":"<p>Bateria litowa Frog 24V 12Ah do rower\u00f3w elektrycznych. Wysoka \u017cywotno\u015b\u0107, funkcje bezpiecze\u0144stwa i wysoka wydajno\u015b\u0107. Mo\u017cliwo\u015b\u0107 dostosowania do r\u00f3\u017cnych zastosowa\u0144.<\/p>","protected":false},"featured_media":2496,"comment_status":"closed","ping_status":"closed","template":"","meta":{"_uag_custom_page_level_css":"","neve_meta_sidebar":"","neve_meta_container":"","neve_meta_enable_content_width":"off","neve_meta_content_width":100,"neve_meta_title_alignment":"","neve_meta_author_avatar":"","neve_post_elements_order":"","neve_meta_disable_header":"","neve_meta_disable_footer":"","neve_meta_disable_title":""},"product_brand":[],"product_cat":[46,45,43],"product_tag":[],"class_list":{"0":"post-2518","1":"product","2":"type-product","3":"status-publish","4":"has-post-thumbnail","6":"product_cat-24v-e-bike-battery","7":"product_cat-e-bike-battery","8":"product_cat-power-battery","10":"first","11":"instock","12":"shipping-taxable","13":"product-type-simple"},"uagb_featured_image_src":{"full":["https:\/\/ecavix.com\/wp-content\/uploads\/2025\/07\/18650-Frog-36V-12ah-2200mAh-Lithium-Ion-Battery-for-E-Bike0-800-800.webp",550,550,false],"thumbnail":["https:\/\/ecavix.com\/wp-content\/uploads\/2025\/07\/18650-Frog-36V-12ah-2200mAh-Lithium-Ion-Battery-for-E-Bike0-800-800-150x150.webp",150,150,true],"medium":["https:\/\/ecavix.com\/wp-content\/uploads\/2025\/07\/18650-Frog-36V-12ah-2200mAh-Lithium-Ion-Battery-for-E-Bike0-800-800-300x300.webp",300,300,true],"medium_large":["https:\/\/ecavix.com\/wp-content\/uploads\/2025\/07\/18650-Frog-36V-12ah-2200mAh-Lithium-Ion-Battery-for-E-Bike0-800-800.webp",550,550,false],"large":["https:\/\/ecavix.com\/wp-content\/uploads\/2025\/07\/18650-Frog-36V-12ah-2200mAh-Lithium-Ion-Battery-for-E-Bike0-800-800.webp",550,550,false],"1536x1536":["https:\/\/ecavix.com\/wp-content\/uploads\/2025\/07\/18650-Frog-36V-12ah-2200mAh-Lithium-Ion-Battery-for-E-Bike0-800-800.webp",550,550,false],"2048x2048":["https:\/\/ecavix.com\/wp-content\/uploads\/2025\/07\/18650-Frog-36V-12ah-2200mAh-Lithium-Ion-Battery-for-E-Bike0-800-800.webp",550,550,false],"trp-custom-language-flag":["https:\/\/ecavix.com\/wp-content\/uploads\/2025\/07\/18650-Frog-36V-12ah-2200mAh-Lithium-Ion-Battery-for-E-Bike0-800-800.webp",12,12,false],"neve-blog":["https:\/\/ecavix.com\/wp-content\/uploads\/2025\/07\/18650-Frog-36V-12ah-2200mAh-Lithium-Ion-Battery-for-E-Bike0-800-800.webp",550,550,false],"woocommerce_thumbnail":["https:\/\/ecavix.com\/wp-content\/uploads\/2025\/07\/18650-Frog-36V-12ah-2200mAh-Lithium-Ion-Battery-for-E-Bike0-800-800-300x300.webp",300,300,true],"woocommerce_single":["https:\/\/ecavix.com\/wp-content\/uploads\/2025\/07\/18650-Frog-36V-12ah-2200mAh-Lithium-Ion-Battery-for-E-Bike0-800-800.webp",550,550,false],"woocommerce_gallery_thumbnail":["https:\/\/ecavix.com\/wp-content\/uploads\/2025\/07\/18650-Frog-36V-12ah-2200mAh-Lithium-Ion-Battery-for-E-Bike0-800-800-100x100.webp",100,100,true]},"uagb_author_info":{"display_name":"solvitaenergylimited@gmail.com","author_link":"https:\/\/ecavix.com\/pl\/author\/"},"uagb_comment_info":0,"uagb_excerpt":"Frog 24V 12Ah Lithium Battery for electric bicycles. High cycle life, safety features, and powerful performance. Customizable for different applications.","_links":{"self":[{"href":"https:\/\/ecavix.com\/pl\/wp-json\/wp\/v2\/product\/2518","targetHints":{"allow":["GET"]}}],"collection":[{"href":"https:\/\/ecavix.com\/pl\/wp-json\/wp\/v2\/product"}],"about":[{"href":"https:\/\/ecavix.com\/pl\/wp-json\/wp\/v2\/types\/product"}],"replies":[{"embeddable":true,"href":"https:\/\/ecavix.com\/pl\/wp-json\/wp\/v2\/comments?post=2518"}],"wp:featuredmedia":[{"embeddable":true,"href":"https:\/\/ecavix.com\/pl\/wp-json\/wp\/v2\/media\/2496"}],"wp:attachment":[{"href":"https:\/\/ecavix.com\/pl\/wp-json\/wp\/v2\/media?parent=2518"}],"wp:term":[{"taxonomy":"product_brand","embeddable":true,"href":"https:\/\/ecavix.com\/pl\/wp-json\/wp\/v2\/product_brand?post=2518"},{"taxonomy":"product_cat","embeddable":true,"href":"https:\/\/ecavix.com\/pl\/wp-json\/wp\/v2\/product_cat?post=2518"},{"taxonomy":"product_tag","embeddable":true,"href":"https:\/\/ecavix.com\/pl\/wp-json\/wp\/v2\/product_tag?post=2518"}],"curies":[{"name":"wp","href":"https:\/\/api.w.org\/{rel}","templated":true}]}}