{"id":2513,"date":"2025-07-18T09:39:10","date_gmt":"2025-07-18T09:39:10","guid":{"rendered":"https:\/\/ecavix.com\/?post_type=product&#038;p=2513"},"modified":"2025-07-18T09:39:43","modified_gmt":"2025-07-18T09:39:43","slug":"akumulator-do-roweru-elektrycznego-24-v-10-a","status":"publish","type":"product","link":"https:\/\/ecavix.com\/pl\/product\/electric-bicycle-battery-pack-24v-10a\/","title":{"rendered":"Akumulator do roweru elektrycznego 24V 10A"},"content":{"rendered":"<br \/>\n<h1>Akumulator do rower\u00f3w elektrycznych 24 V 10 A do rower\u00f3w elektrycznych<\/h1>\n<h2>Przegl\u0105d produkt\u00f3w<\/h2>\n<table>\n<tr>\n<th>Model<\/th>\n<td>Akumulator litowo-jonowy 24 V<\/td>\n<\/tr>\n<tr>\n<th>Napi\u0119cie nominalne<\/th>\n<td>24 V, 36 V, 48 V (konfigurowalne)<\/td>\n<\/tr>\n<tr>\n<th>Pojemno\u015b\u0107 nominalna<\/th>\n<td>10 Ah, 12 Ah, 20 Ah (opcjonalnie)<\/td>\n<\/tr>\n<tr>\n<th>Cykl \u017cycia<\/th>\n<td>800\u20131000 razy<\/td>\n<\/tr>\n<tr>\n<th>Waga<\/th>\n<td>Elastyczny<\/td>\n<\/tr>\n<tr>\n<th>Typ akumulatora<\/th>\n<td>Bateria litowo-jonowa 18650<\/td>\n<\/tr>\n<tr>\n<th>Szybko\u015b\u0107 roz\u0142adowania<\/th>\n<td>\u015arednia szybko\u015b\u0107 roz\u0142adowania<\/td>\n<\/tr>\n<tr>\n<th>Kszta\u0142t<\/th>\n<td>Kwadratowa bateria<\/td>\n<\/tr>\n<tr>\n<th>Gwarancja<\/th>\n<td>1 rok<\/td>\n<\/tr>\n<tr>\n<th>Certyfikacja<\/th>\n<td>CE, FCC, RoHS<\/td>\n<\/tr>\n<tr>\n<th>Pakiet<\/th>\n<td>Torba PE + os\u0142ona piankowa + dwupoziomowy karton falisty<\/td>\n<\/tr>\n<\/table>\n<h2>Kluczowe cechy<\/h2>\n<div class=\"features-grid\">\n<div class=\"feature-box\">\n<h3>D\u0142uga \u017cywotno\u015b\u0107<\/h3>\n<p>Dzi\u0119ki cykliczno\u015bci ponad 800\u20131000 razy, akumulator ten jest trwa\u0142y i wytrzymuje intensywne u\u017cytkowanie w rowerach elektrycznych.<\/p>\n<\/p><\/div>\n<div class=\"feature-box\">\n<h3>Stabilna ochrona BMS<\/h3>\n<p>Wyposa\u017cony w system zarz\u0105dzania bateri\u0105 (BMS), kt\u00f3ry obejmuje zabezpieczenia przed zwarciem, prze\u0142adowaniem, nadmiernym roz\u0142adowaniem i przet\u0119\u017ceniem, zapewniaj\u0105ce bezpiecze\u0144stwo.<\/p>\n<\/p><\/div>\n<div class=\"feature-box\">\n<h3>Wysoka g\u0119sto\u015b\u0107 energii<\/h3>\n<p>Kompaktowy, ale mocny akumulator zapewnia wysok\u0105 g\u0119sto\u015b\u0107 energii, co przek\u0142ada si\u0119 na d\u0142ugotrwa\u0142\u0105 moc w rowerach elektrycznych i innych pojazdach.<\/p>\n<\/p><\/div>\n<div class=\"feature-box\">\n<h3>Elastyczno\u015b\u0107 temperaturowa<\/h3>\n<p>Bateria dzia\u0142a wydajnie w r\u00f3\u017cnych warunkach \u015brodowiskowych, zapewniaj\u0105c niezawodn\u0105 prac\u0119 w szerokim zakresie temperatur.<\/p>\n<\/p><\/div>\n<\/p><\/div>\n<h2>Zalety<\/h2>\n<ul>\n<li>Wysoka g\u0119sto\u015b\u0107 energii i niewielka waga u\u0142atwiaj\u0105ca instalacj\u0119<\/li>\n<li>Mo\u017cliwo\u015b\u0107 dostosowania opcji napi\u0119cia i pojemno\u015bci<\/li>\n<li>Certyfikaty CE, FCC i RoHS potwierdzaj\u0105ce jako\u015b\u0107 i bezpiecze\u0144stwo<\/li>\n<li>Doskona\u0142a \u017cywotno\u015b\u0107 cyklu wynosz\u0105ca 800\u20131000 razy<\/li>\n<li>Konkurencyjne ceny bezpo\u015brednio z fabryki<\/li>\n<\/ul>\n<h2>Zastosowania<\/h2>\n<ul>\n<li>Rowery elektryczne (e-rowery)<\/li>\n<li>Skutery elektryczne<\/li>\n<li>Motocykle elektryczne<\/li>\n<li>Pojazdy elektryczne (EV)<\/li>\n<li>Inne \u015brodki transportu elektrycznego<\/li>\n<\/ul>\n<h2>Zasady p\u0142atno\u015bci i wysy\u0142ki<\/h2>\n<ul>\n<li>Akceptowane metody p\u0142atno\u015bci: T\/T, D\/P, Western Union, Paypal, Moneygram, got\u00f3wka<\/li>\n<li>Wysy\u0142ka: Produkty zostan\u0105 wys\u0142ane w ci\u0105gu 5\u201315 dni roboczych, w zale\u017cno\u015bci od wielko\u015bci zam\u00f3wienia.<\/li>\n<li>Metody wysy\u0142ki: DHL, FedEx, TNT, UPS lub transport morski\/lotniczy.<\/li>\n<li>100% Kontrola jako\u015bci ka\u017cdej baterii.<\/li>\n<\/ul>","protected":false},"excerpt":{"rendered":"<p>Wytrzyma\u0142y akumulator litowo-jonowy 24 V do rower\u00f3w elektrycznych, charakteryzuj\u0105cy si\u0119 d\u0142ug\u0105 \u017cywotno\u015bci\u0105, stabilnym systemem BMS i mo\u017cliwo\u015bci\u0105 dostosowania do r\u00f3\u017cnych zastosowa\u0144 w rowerach elektrycznych.<\/p>","protected":false},"featured_media":2515,"comment_status":"open","ping_status":"closed","template":"","meta":{"_uag_custom_page_level_css":"","neve_meta_sidebar":"","neve_meta_container":"","neve_meta_enable_content_width":"off","neve_meta_content_width":100,"neve_meta_title_alignment":"","neve_meta_author_avatar":"","neve_post_elements_order":"","neve_meta_disable_header":"","neve_meta_disable_footer":"","neve_meta_disable_title":""},"product_brand":[],"product_cat":[46,45,43],"product_tag":[],"class_list":{"0":"post-2513","1":"product","2":"type-product","3":"status-publish","4":"has-post-thumbnail","6":"product_cat-24v-e-bike-battery","7":"product_cat-e-bike-battery","8":"product_cat-power-battery","10":"first","11":"instock","12":"shipping-taxable","13":"product-type-simple"},"uagb_featured_image_src":{"full":["https:\/\/ecavix.com\/wp-content\/uploads\/2025\/07\/Electric-Bicycle-Battery-Pack-24V-10A1-800-800.webp",550,550,false],"thumbnail":["https:\/\/ecavix.com\/wp-content\/uploads\/2025\/07\/Electric-Bicycle-Battery-Pack-24V-10A1-800-800-150x150.webp",150,150,true],"medium":["https:\/\/ecavix.com\/wp-content\/uploads\/2025\/07\/Electric-Bicycle-Battery-Pack-24V-10A1-800-800-300x300.webp",300,300,true],"medium_large":["https:\/\/ecavix.com\/wp-content\/uploads\/2025\/07\/Electric-Bicycle-Battery-Pack-24V-10A1-800-800.webp",550,550,false],"large":["https:\/\/ecavix.com\/wp-content\/uploads\/2025\/07\/Electric-Bicycle-Battery-Pack-24V-10A1-800-800.webp",550,550,false],"1536x1536":["https:\/\/ecavix.com\/wp-content\/uploads\/2025\/07\/Electric-Bicycle-Battery-Pack-24V-10A1-800-800.webp",550,550,false],"2048x2048":["https:\/\/ecavix.com\/wp-content\/uploads\/2025\/07\/Electric-Bicycle-Battery-Pack-24V-10A1-800-800.webp",550,550,false],"trp-custom-language-flag":["https:\/\/ecavix.com\/wp-content\/uploads\/2025\/07\/Electric-Bicycle-Battery-Pack-24V-10A1-800-800.webp",12,12,false],"neve-blog":["https:\/\/ecavix.com\/wp-content\/uploads\/2025\/07\/Electric-Bicycle-Battery-Pack-24V-10A1-800-800.webp",550,550,false],"woocommerce_thumbnail":["https:\/\/ecavix.com\/wp-content\/uploads\/2025\/07\/Electric-Bicycle-Battery-Pack-24V-10A1-800-800-300x300.webp",300,300,true],"woocommerce_single":["https:\/\/ecavix.com\/wp-content\/uploads\/2025\/07\/Electric-Bicycle-Battery-Pack-24V-10A1-800-800.webp",550,550,false],"woocommerce_gallery_thumbnail":["https:\/\/ecavix.com\/wp-content\/uploads\/2025\/07\/Electric-Bicycle-Battery-Pack-24V-10A1-800-800-100x100.webp",100,100,true]},"uagb_author_info":{"display_name":"solvitaenergylimited@gmail.com","author_link":"https:\/\/ecavix.com\/pl\/author\/"},"uagb_comment_info":0,"uagb_excerpt":"Durable 24V Lithium-Ion Battery Pack for electric bikes, offering high cycle life, stable BMS system, and customizable options for various e-bike applications.","_links":{"self":[{"href":"https:\/\/ecavix.com\/pl\/wp-json\/wp\/v2\/product\/2513","targetHints":{"allow":["GET"]}}],"collection":[{"href":"https:\/\/ecavix.com\/pl\/wp-json\/wp\/v2\/product"}],"about":[{"href":"https:\/\/ecavix.com\/pl\/wp-json\/wp\/v2\/types\/product"}],"replies":[{"embeddable":true,"href":"https:\/\/ecavix.com\/pl\/wp-json\/wp\/v2\/comments?post=2513"}],"wp:featuredmedia":[{"embeddable":true,"href":"https:\/\/ecavix.com\/pl\/wp-json\/wp\/v2\/media\/2515"}],"wp:attachment":[{"href":"https:\/\/ecavix.com\/pl\/wp-json\/wp\/v2\/media?parent=2513"}],"wp:term":[{"taxonomy":"product_brand","embeddable":true,"href":"https:\/\/ecavix.com\/pl\/wp-json\/wp\/v2\/product_brand?post=2513"},{"taxonomy":"product_cat","embeddable":true,"href":"https:\/\/ecavix.com\/pl\/wp-json\/wp\/v2\/product_cat?post=2513"},{"taxonomy":"product_tag","embeddable":true,"href":"https:\/\/ecavix.com\/pl\/wp-json\/wp\/v2\/product_tag?post=2513"}],"curies":[{"name":"wp","href":"https:\/\/api.w.org\/{rel}","templated":true}]}}