{"id":2507,"date":"2025-07-18T09:36:54","date_gmt":"2025-07-18T09:36:54","guid":{"rendered":"https:\/\/ecavix.com\/?post_type=product&#038;p=2507"},"modified":"2025-07-18T09:36:54","modified_gmt":"2025-07-18T09:36:54","slug":"kettle-24v-akumulator-ebike-20ah-akumulator-litowy","status":"publish","type":"product","link":"https:\/\/ecavix.com\/pl\/product\/kettle-24v-ebike-battery-20ah-lithium-battery-pack\/","title":{"rendered":"Akumulator litowy Kettle 24V do rower\u00f3w elektrycznych 20ah"},"content":{"rendered":"<h1>Akumulator litowy 20 Ah do rower\u00f3w elektrycznych<\/h1>\n<h2>Przegl\u0105d produkt\u00f3w<\/h2>\n<table>\n<tr>\n<th>Model<\/th>\n<td>Akumulator litowy Kettle 20Ah<\/td>\n<\/tr>\n<tr>\n<th>Napi\u0119cie nominalne<\/th>\n<td>24 V, 36 V, 48 V (konfigurowalne)<\/td>\n<\/tr>\n<tr>\n<th>Pojemno\u015b\u0107 nominalna<\/th>\n<td>10Ah, 12Ah, 15Ah, 20Ah<\/td>\n<\/tr>\n<tr>\n<th>Cykl \u017cycia<\/th>\n<td>500 - 1000 razy<\/td>\n<\/tr>\n<tr>\n<th>Waga<\/th>\n<td>Oko\u0142o 3,5 kg<\/td>\n<\/tr>\n<tr>\n<th>Typ akumulatora<\/th>\n<td>Bateria litowo-jonowa 18650<\/td>\n<\/tr>\n<tr>\n<th>Konfiguracja baterii<\/th>\n<td>10S6P<\/td>\n<\/tr>\n<tr>\n<th>Standardowy pr\u0105d \u0142adowania<\/th>\n<td>2.4A<\/td>\n<\/tr>\n<tr>\n<th>Pr\u0105d szybkiego \u0142adowania<\/th>\n<td>6A<\/td>\n<\/tr>\n<tr>\n<th>Czas \u0142adowania (pr\u0105d standardowy)<\/th>\n<td>8 godzin<\/td>\n<\/tr>\n<tr>\n<th>Czas \u0142adowania (szybki pr\u0105d)<\/th>\n<td>3,5 godziny<\/td>\n<\/tr>\n<tr>\n<th>Napi\u0119cie odci\u0119cia roz\u0142adowania<\/th>\n<td>27,5 V lub 30 V<\/td>\n<\/tr>\n<tr>\n<th>Napi\u0119cie odci\u0119cia \u0142adowania<\/th>\n<td>42V<\/td>\n<\/tr>\n<tr>\n<th>Pr\u0105d roz\u0142adowania<\/th>\n<td>12A (standard), 36A (maks.)<\/td>\n<\/tr>\n<tr>\n<th>Zakres temperatury \u0142adowania<\/th>\n<td>-20\u00b0C ~ 60\u00b0C<\/td>\n<\/tr>\n<tr>\n<th>Zakres temperatury roz\u0142adowania<\/th>\n<td>-20\u00b0C ~ 60\u00b0C<\/td>\n<\/tr>\n<tr>\n<th>Wymiary (d\u0142. x szer. x wys.)<\/th>\n<td>91*217mm<\/td>\n<\/tr>\n<\/table>\n<h2>Kluczowe cechy<\/h2>\n<div class=\"features-grid\">\n<div class=\"feature-box\">\n<h3>Wbudowane zabezpieczenie PCB<\/h3>\n<p>Zapobiega zwarciom, prze\u0142adowaniu, nadmiernemu roz\u0142adowaniu, przet\u0119\u017ceniu i przegrzaniu, zapewniaj\u0105c bezpieczn\u0105 i niezawodn\u0105 prac\u0119.<\/p>\n<\/p><\/div>\n<div class=\"feature-box\">\n<h3>Wysoka g\u0119sto\u015b\u0107 energii<\/h3>\n<p>Zapewnia d\u0142ugotrwa\u0142e zasilanie o du\u017cej pojemno\u015bci dla rower\u00f3w elektrycznych i innych zastosowa\u0144 wymagaj\u0105cych niezawodnego zasilania akumulatorowego.<\/p>\n<\/p><\/div>\n<div class=\"feature-box\">\n<h3>Szeroki zakres temperatur<\/h3>\n<p>Dzia\u0142a wydajnie w ekstremalnych warunkach z zakresem temperatur roz\u0142adowania i \u0142adowania od -20\u00b0C do 60\u00b0C.<\/p>\n<\/p><\/div>\n<div class=\"feature-box\">\n<h3>Lekki i kompaktowy<\/h3>\n<p>Kompaktowa konstrukcja zapewnia \u0142atw\u0105 instalacj\u0119, a niska waga zapewnia lepsze osi\u0105gi i obs\u0142ug\u0119 roweru elektrycznego.<\/p>\n<\/p><\/div>\n<\/p><\/div>\n<h2>Zalety<\/h2>\n<ul>\n<li>Wolny od zanieczyszcze\u0144, bez efektu pami\u0119ci<\/li>\n<li>D\u0142uga \u017cywotno\u015b\u0107 (500 - 1000 cykli)<\/li>\n<li>Wysoka sp\u00f3jno\u015b\u0107 pojemno\u015bci, napi\u0119cia i czasu pracy platformy<\/li>\n<li>Bezpiecze\u0144stwo i niezawodno\u015b\u0107 dzi\u0119ki wbudowanym zabezpieczeniom<\/li>\n<li>Konkurencyjne ceny fabryczne i wysokie standardy jako\u015bci<\/li>\n<\/ul>\n<h2>Zastosowania<\/h2>\n<ul>\n<li>Rowery elektryczne<\/li>\n<li>Skutery elektryczne<\/li>\n<li>Motocykle elektryczne<\/li>\n<li>Inne pojazdy elektryczne<\/li>\n<\/ul>\n<h2>Zasady p\u0142atno\u015bci i wysy\u0142ki<\/h2>\n<ul>\n<li>Akceptowane metody p\u0142atno\u015bci: L \/ C, T \/ T, Western Union, Paypal, Moneygram, Got\u00f3wka<\/li>\n<li>Wysy\u0142ka: Przedmioty zostan\u0105 wys\u0142ane w ci\u0105gu 3-5 dni po otrzymaniu p\u0142atno\u015bci.<\/li>\n<li>Metody wysy\u0142ki: DHL, FedEx, TNT (ograniczone obszary)<\/li>\n<li>Numer \u015bledzenia zostanie dostarczony po wysy\u0142ce.<\/li>\n<\/ul>","protected":false},"excerpt":{"rendered":"<p>Niezawodny akumulator litowy 20 Ah do rower\u00f3w elektrycznych, oferuj\u0105cy wysok\u0105 g\u0119sto\u015b\u0107 energii i d\u0142ug\u0105 \u017cywotno\u015b\u0107. Odpowiedni do zastosowa\u0144 w rowerach elektrycznych 36 V, 48 V i 24 V.<\/p>","protected":false},"featured_media":2510,"comment_status":"open","ping_status":"closed","template":"","meta":{"_uag_custom_page_level_css":"","neve_meta_sidebar":"","neve_meta_container":"","neve_meta_enable_content_width":"off","neve_meta_content_width":100,"neve_meta_title_alignment":"","neve_meta_author_avatar":"","neve_post_elements_order":"","neve_meta_disable_header":"","neve_meta_disable_footer":"","neve_meta_disable_title":""},"product_brand":[],"product_cat":[46,45,43],"product_tag":[],"class_list":{"0":"post-2507","1":"product","2":"type-product","3":"status-publish","4":"has-post-thumbnail","6":"product_cat-24v-e-bike-battery","7":"product_cat-e-bike-battery","8":"product_cat-power-battery","10":"first","11":"instock","12":"shipping-taxable","13":"product-type-simple"},"uagb_featured_image_src":{"full":["https:\/\/ecavix.com\/wp-content\/uploads\/2025\/07\/Kettle-24V-Ebike-Battery-20ah-Lithium-Battery-Pack0-800-800.webp",550,550,false],"thumbnail":["https:\/\/ecavix.com\/wp-content\/uploads\/2025\/07\/Kettle-24V-Ebike-Battery-20ah-Lithium-Battery-Pack0-800-800-150x150.webp",150,150,true],"medium":["https:\/\/ecavix.com\/wp-content\/uploads\/2025\/07\/Kettle-24V-Ebike-Battery-20ah-Lithium-Battery-Pack0-800-800-300x300.webp",300,300,true],"medium_large":["https:\/\/ecavix.com\/wp-content\/uploads\/2025\/07\/Kettle-24V-Ebike-Battery-20ah-Lithium-Battery-Pack0-800-800.webp",550,550,false],"large":["https:\/\/ecavix.com\/wp-content\/uploads\/2025\/07\/Kettle-24V-Ebike-Battery-20ah-Lithium-Battery-Pack0-800-800.webp",550,550,false],"1536x1536":["https:\/\/ecavix.com\/wp-content\/uploads\/2025\/07\/Kettle-24V-Ebike-Battery-20ah-Lithium-Battery-Pack0-800-800.webp",550,550,false],"2048x2048":["https:\/\/ecavix.com\/wp-content\/uploads\/2025\/07\/Kettle-24V-Ebike-Battery-20ah-Lithium-Battery-Pack0-800-800.webp",550,550,false],"trp-custom-language-flag":["https:\/\/ecavix.com\/wp-content\/uploads\/2025\/07\/Kettle-24V-Ebike-Battery-20ah-Lithium-Battery-Pack0-800-800.webp",12,12,false],"neve-blog":["https:\/\/ecavix.com\/wp-content\/uploads\/2025\/07\/Kettle-24V-Ebike-Battery-20ah-Lithium-Battery-Pack0-800-800.webp",550,550,false],"woocommerce_thumbnail":["https:\/\/ecavix.com\/wp-content\/uploads\/2025\/07\/Kettle-24V-Ebike-Battery-20ah-Lithium-Battery-Pack0-800-800-300x300.webp",300,300,true],"woocommerce_single":["https:\/\/ecavix.com\/wp-content\/uploads\/2025\/07\/Kettle-24V-Ebike-Battery-20ah-Lithium-Battery-Pack0-800-800.webp",550,550,false],"woocommerce_gallery_thumbnail":["https:\/\/ecavix.com\/wp-content\/uploads\/2025\/07\/Kettle-24V-Ebike-Battery-20ah-Lithium-Battery-Pack0-800-800-100x100.webp",100,100,true]},"uagb_author_info":{"display_name":"solvitaenergylimited@gmail.com","author_link":"https:\/\/ecavix.com\/pl\/author\/"},"uagb_comment_info":0,"uagb_excerpt":"Reliable 20Ah Lithium Battery Pack for electric bikes, offering high energy density and long cycle life. Suitable for 36V, 48V, and 24V E-bike applications.","_links":{"self":[{"href":"https:\/\/ecavix.com\/pl\/wp-json\/wp\/v2\/product\/2507","targetHints":{"allow":["GET"]}}],"collection":[{"href":"https:\/\/ecavix.com\/pl\/wp-json\/wp\/v2\/product"}],"about":[{"href":"https:\/\/ecavix.com\/pl\/wp-json\/wp\/v2\/types\/product"}],"replies":[{"embeddable":true,"href":"https:\/\/ecavix.com\/pl\/wp-json\/wp\/v2\/comments?post=2507"}],"wp:featuredmedia":[{"embeddable":true,"href":"https:\/\/ecavix.com\/pl\/wp-json\/wp\/v2\/media\/2510"}],"wp:attachment":[{"href":"https:\/\/ecavix.com\/pl\/wp-json\/wp\/v2\/media?parent=2507"}],"wp:term":[{"taxonomy":"product_brand","embeddable":true,"href":"https:\/\/ecavix.com\/pl\/wp-json\/wp\/v2\/product_brand?post=2507"},{"taxonomy":"product_cat","embeddable":true,"href":"https:\/\/ecavix.com\/pl\/wp-json\/wp\/v2\/product_cat?post=2507"},{"taxonomy":"product_tag","embeddable":true,"href":"https:\/\/ecavix.com\/pl\/wp-json\/wp\/v2\/product_tag?post=2507"}],"curies":[{"name":"wp","href":"https:\/\/api.w.org\/{rel}","templated":true}]}}