{"id":2500,"date":"2025-07-18T09:31:58","date_gmt":"2025-07-18T09:31:58","guid":{"rendered":"https:\/\/ecavix.com\/?post_type=product&#038;p=2500"},"modified":"2025-07-18T09:31:58","modified_gmt":"2025-07-18T09:31:58","slug":"hurtowa-srebrna-ryba-36v-17-5ah-akumulator-litowo-jonowy-do-roweru-elektrycznego-akumulator-litowo-jonowy-500w-do-roweru-elektrycznego","status":"publish","type":"product","link":"https:\/\/ecavix.com\/pl\/product\/wholesale-silver-fish-36v-17-5ah-lithium-ion-e-bike-battery-pack-li-ion-rechargeable-battery-500w-for-electric-bicycle\/","title":{"rendered":"Hurtownia akumulator\u00f3w litowo-jonowych Silver Fish 36V 17.5ah do rower\u00f3w elektrycznych Akumulator litowo-jonowy 500W do rower\u00f3w elektrycznych"},"content":{"rendered":"<br \/>\n<h1>Akumulator litowo-jonowy Silver Fish 36V 17.5Ah do rower\u00f3w elektrycznych<\/h1>\n<h2>Przegl\u0105d produkt\u00f3w<\/h2>\n<table>\n<tr>\n<th>Model<\/th>\n<td>DEL-36V 17.5Ah<\/td>\n<\/tr>\n<tr>\n<th>Napi\u0119cie nominalne<\/th>\n<td>36V<\/td>\n<\/tr>\n<tr>\n<th>Typ akumulatora<\/th>\n<td>Akumulator litowo-jonowy 18650<\/td>\n<\/tr>\n<tr>\n<th>Pojemno\u015b\u0107 nominalna<\/th>\n<td>17.5Ah<\/td>\n<\/tr>\n<tr>\n<th>Cykl \u017cycia<\/th>\n<td>500 razy<\/td>\n<\/tr>\n<tr>\n<th>Waga<\/th>\n<td>4,5 kg<\/td>\n<\/tr>\n<tr>\n<th>Napi\u0119cie odci\u0119cia roz\u0142adowania<\/th>\n<td>35.75V<\/td>\n<\/tr>\n<tr>\n<th>Napi\u0119cie \u0142adowania<\/th>\n<td>42V<\/td>\n<\/tr>\n<tr>\n<th>Konfiguracja baterii<\/th>\n<td>10S7P<\/td>\n<\/tr>\n<tr>\n<th>Pr\u0105d \u0142adowania<\/th>\n<td>0,2C, 3,5A<\/td>\n<\/tr>\n<tr>\n<th>Temperatura \u0142adowania<\/th>\n<td>0~45\u00b0C<\/td>\n<\/tr>\n<tr>\n<th>Temperatura roz\u0142adowania<\/th>\n<td>-20~60\u00b0C<\/td>\n<\/tr>\n<tr>\n<th>Obudowa zewn\u0119trzna<\/th>\n<td>Srebrna ryba<\/td>\n<\/tr>\n<tr>\n<th>Ochrona<\/th>\n<td>Nadmierne na\u0142adowanie, nadmierne roz\u0142adowanie, nadmierny pr\u0105d, zwarcie, wywa\u017cenie<\/td>\n<\/tr>\n<tr>\n<th>OEM\/ODM<\/th>\n<td>Dost\u0119pne<\/td>\n<\/tr>\n<tr>\n<th>Gwarancja<\/th>\n<td>1 rok<\/td>\n<\/tr>\n<tr>\n<th>Opakowanie<\/th>\n<td>Pakiet standardowy<\/td>\n<\/tr>\n<\/table>\n<h2>Kluczowe cechy<\/h2>\n<div class=\"features-grid\">\n<div class=\"feature-box\">\n<h3>Wbudowana ochrona BMS<\/h3>\n<p>Zapobiega prze\u0142adowaniu, nadmiernemu roz\u0142adowaniu, zwarciom i utrzymuje r\u00f3wnowag\u0119 akumulatora.<\/p>\n<\/p><\/div>\n<div class=\"feature-box\">\n<h3>D\u0142uga \u017cywotno\u015b\u0107<\/h3>\n<p>Nawet 500 cykli \u0142adowania zapewnia d\u0142ugotrwa\u0142e i niezawodne zasilanie roweru elektrycznego.<\/p>\n<\/p><\/div>\n<div class=\"feature-box\">\n<h3>Odporno\u015b\u0107 na temperatur\u0119<\/h3>\n<p>Dzia\u0142a w szerokim zakresie temperatur od -20\u00b0C do 60\u00b0C, zapewniaj\u0105c stabilne dzia\u0142anie w r\u00f3\u017cnych \u015brodowiskach.<\/p>\n<\/p><\/div>\n<div class=\"feature-box\">\n<h3>Niestandardowe napi\u0119cie i pojemno\u015b\u0107<\/h3>\n<p>Dost\u0119pne w wielu konfiguracjach, w tym 24 V, 36 V, 48 V i 51,2 V, oraz w zakresie pojemno\u015bci od 10 Ah do 30 Ah.<\/p>\n<\/p><\/div>\n<\/p><\/div>\n<h2>Zastosowania<\/h2>\n<ul>\n<li>Rowery elektryczne<\/li>\n<li>Skutery elektryczne<\/li>\n<li>Motocykle elektryczne<\/li>\n<li>Inne pojazdy elektryczne<\/li>\n<\/ul>\n<h2>Zasady p\u0142atno\u015bci i wysy\u0142ki<\/h2>\n<ul>\n<li>Akceptowane metody p\u0142atno\u015bci: T \/ T, Western Union, Paypal<\/li>\n<li>Wysy\u0142ka: Przedmioty zostan\u0105 wys\u0142ane w ci\u0105gu 3-5 dni po otrzymaniu pe\u0142nej p\u0142atno\u015bci.<\/li>\n<li>Metody wysy\u0142ki: DHL, FedEx, TNT (ograniczone obszary)<\/li>\n<li>Numer \u015bledzenia zostanie dostarczony po wysy\u0142ce.<\/li>\n<\/ul>","protected":false},"excerpt":{"rendered":"<p>Wysokiej jako\u015bci akumulator litowo-jonowy Silver Fish 36V 17.5Ah do rower\u00f3w elektrycznych. Odpowiedni do rower\u00f3w elektrycznych o d\u0142ugiej \u017cywotno\u015bci i wysokiej wydajno\u015bci.<\/p>","protected":false},"featured_media":2506,"comment_status":"open","ping_status":"closed","template":"","meta":{"_uag_custom_page_level_css":"","neve_meta_sidebar":"","neve_meta_container":"","neve_meta_enable_content_width":"off","neve_meta_content_width":100,"neve_meta_title_alignment":"","neve_meta_author_avatar":"","neve_post_elements_order":"","neve_meta_disable_header":"","neve_meta_disable_footer":"","neve_meta_disable_title":""},"product_brand":[],"product_cat":[47,45,43],"product_tag":[],"class_list":{"0":"post-2500","1":"product","2":"type-product","3":"status-publish","4":"has-post-thumbnail","6":"product_cat-36v-e-bike-battery","7":"product_cat-e-bike-battery","8":"product_cat-power-battery","10":"first","11":"instock","12":"shipping-taxable","13":"product-type-simple"},"uagb_featured_image_src":{"full":["https:\/\/ecavix.com\/wp-content\/uploads\/2025\/07\/Wholesale-Silver-Fish-36V-17-5ah-Lithium-Ion-E-Bike-Battery-Pack-Li-ion-Rechargeable-Battery-500W-fo-800-800.webp",550,550,false],"thumbnail":["https:\/\/ecavix.com\/wp-content\/uploads\/2025\/07\/Wholesale-Silver-Fish-36V-17-5ah-Lithium-Ion-E-Bike-Battery-Pack-Li-ion-Rechargeable-Battery-500W-fo-800-800-150x150.webp",150,150,true],"medium":["https:\/\/ecavix.com\/wp-content\/uploads\/2025\/07\/Wholesale-Silver-Fish-36V-17-5ah-Lithium-Ion-E-Bike-Battery-Pack-Li-ion-Rechargeable-Battery-500W-fo-800-800-300x300.webp",300,300,true],"medium_large":["https:\/\/ecavix.com\/wp-content\/uploads\/2025\/07\/Wholesale-Silver-Fish-36V-17-5ah-Lithium-Ion-E-Bike-Battery-Pack-Li-ion-Rechargeable-Battery-500W-fo-800-800.webp",550,550,false],"large":["https:\/\/ecavix.com\/wp-content\/uploads\/2025\/07\/Wholesale-Silver-Fish-36V-17-5ah-Lithium-Ion-E-Bike-Battery-Pack-Li-ion-Rechargeable-Battery-500W-fo-800-800.webp",550,550,false],"1536x1536":["https:\/\/ecavix.com\/wp-content\/uploads\/2025\/07\/Wholesale-Silver-Fish-36V-17-5ah-Lithium-Ion-E-Bike-Battery-Pack-Li-ion-Rechargeable-Battery-500W-fo-800-800.webp",550,550,false],"2048x2048":["https:\/\/ecavix.com\/wp-content\/uploads\/2025\/07\/Wholesale-Silver-Fish-36V-17-5ah-Lithium-Ion-E-Bike-Battery-Pack-Li-ion-Rechargeable-Battery-500W-fo-800-800.webp",550,550,false],"trp-custom-language-flag":["https:\/\/ecavix.com\/wp-content\/uploads\/2025\/07\/Wholesale-Silver-Fish-36V-17-5ah-Lithium-Ion-E-Bike-Battery-Pack-Li-ion-Rechargeable-Battery-500W-fo-800-800.webp",12,12,false],"neve-blog":["https:\/\/ecavix.com\/wp-content\/uploads\/2025\/07\/Wholesale-Silver-Fish-36V-17-5ah-Lithium-Ion-E-Bike-Battery-Pack-Li-ion-Rechargeable-Battery-500W-fo-800-800.webp",550,550,false],"woocommerce_thumbnail":["https:\/\/ecavix.com\/wp-content\/uploads\/2025\/07\/Wholesale-Silver-Fish-36V-17-5ah-Lithium-Ion-E-Bike-Battery-Pack-Li-ion-Rechargeable-Battery-500W-fo-800-800-300x300.webp",300,300,true],"woocommerce_single":["https:\/\/ecavix.com\/wp-content\/uploads\/2025\/07\/Wholesale-Silver-Fish-36V-17-5ah-Lithium-Ion-E-Bike-Battery-Pack-Li-ion-Rechargeable-Battery-500W-fo-800-800.webp",550,550,false],"woocommerce_gallery_thumbnail":["https:\/\/ecavix.com\/wp-content\/uploads\/2025\/07\/Wholesale-Silver-Fish-36V-17-5ah-Lithium-Ion-E-Bike-Battery-Pack-Li-ion-Rechargeable-Battery-500W-fo-800-800-100x100.webp",100,100,true]},"uagb_author_info":{"display_name":"solvitaenergylimited@gmail.com","author_link":"https:\/\/ecavix.com\/pl\/author\/"},"uagb_comment_info":0,"uagb_excerpt":"High-quality Silver Fish 36V 17.5Ah Lithium-Ion E-bike battery pack. Suitable for electric bikes with a long cycle life and efficient performance.","_links":{"self":[{"href":"https:\/\/ecavix.com\/pl\/wp-json\/wp\/v2\/product\/2500","targetHints":{"allow":["GET"]}}],"collection":[{"href":"https:\/\/ecavix.com\/pl\/wp-json\/wp\/v2\/product"}],"about":[{"href":"https:\/\/ecavix.com\/pl\/wp-json\/wp\/v2\/types\/product"}],"replies":[{"embeddable":true,"href":"https:\/\/ecavix.com\/pl\/wp-json\/wp\/v2\/comments?post=2500"}],"wp:featuredmedia":[{"embeddable":true,"href":"https:\/\/ecavix.com\/pl\/wp-json\/wp\/v2\/media\/2506"}],"wp:attachment":[{"href":"https:\/\/ecavix.com\/pl\/wp-json\/wp\/v2\/media?parent=2500"}],"wp:term":[{"taxonomy":"product_brand","embeddable":true,"href":"https:\/\/ecavix.com\/pl\/wp-json\/wp\/v2\/product_brand?post=2500"},{"taxonomy":"product_cat","embeddable":true,"href":"https:\/\/ecavix.com\/pl\/wp-json\/wp\/v2\/product_cat?post=2500"},{"taxonomy":"product_tag","embeddable":true,"href":"https:\/\/ecavix.com\/pl\/wp-json\/wp\/v2\/product_tag?post=2500"}],"curies":[{"name":"wp","href":"https:\/\/api.w.org\/{rel}","templated":true}]}}