{"id":2463,"date":"2025-07-18T08:58:01","date_gmt":"2025-07-18T08:58:01","guid":{"rendered":"https:\/\/ecavix.com\/?post_type=product&#038;p=2463"},"modified":"2025-07-18T08:58:01","modified_gmt":"2025-07-18T08:58:01","slug":"akumulator-litowo-jonowy-18650-marki-36-v-15-ah-500-w-do-roweru-elektrycznego-ebike","status":"publish","type":"product","link":"https:\/\/ecavix.com\/pl\/product\/lithium-ion-18650-brand-cells-36volt-15ah-500w-electric-bicycle-ebike-battery-pack\/","title":{"rendered":"Akumulator litowo-jonowy 18650 36 V 15 Ah 500 W do rower\u00f3w elektrycznych Ebike"},"content":{"rendered":"<br \/>\n<h1>Akumulator litowo-jonowy 36 V 15 Ah do tylnego baga\u017cnika<\/h1>\n<h2>Przegl\u0105d produkt\u00f3w<\/h2>\n<table>\n<tr>\n<th>Model<\/th>\n<td>DL-WB117<\/td>\n<\/tr>\n<tr>\n<th>Napi\u0119cie nominalne<\/th>\n<td>36V<\/td>\n<\/tr>\n<tr>\n<th>Pojemno\u015b\u0107 znamionowa<\/th>\n<td>15Ah<\/td>\n<\/tr>\n<tr>\n<th>Typ akumulatora<\/th>\n<td>Litowo-jonowy 18650<\/td>\n<\/tr>\n<tr>\n<th>Kszta\u0142t baterii<\/th>\n<td>Tylny baga\u017cnik cylindryczny<\/td>\n<\/tr>\n<tr>\n<th>Cykl \u017cycia<\/th>\n<td>&gt;800 cykli<\/td>\n<\/tr>\n<tr>\n<th>Akumulatorowy<\/th>\n<td>Tak (p\u0142atne)<\/td>\n<\/tr>\n<tr>\n<th>Waga<\/th>\n<td>Oko\u0142o 4 kg<\/td>\n<\/tr>\n<tr>\n<th>Wymiary<\/th>\n<td>90 \u00d7 340 mm<\/td>\n<\/tr>\n<tr>\n<th>Materia\u0142 pow\u0142oki<\/th>\n<td>PC+ABS z anodowanym aluminium 6063-T5<\/td>\n<\/tr>\n<tr>\n<th>Kolor<\/th>\n<td>Srebrny \/ Mo\u017cliwo\u015b\u0107 dostosowania<\/td>\n<\/tr>\n<tr>\n<th>Ochrona<\/th>\n<td>Wbudowany system BMS z zabezpieczeniem przed prze\u0142adowaniem, zwarciem i kradzie\u017c\u0105<\/td>\n<\/tr>\n<tr>\n<th>Wy\u015bwietlacz<\/th>\n<td>Wska\u017anik zasilania LED<\/td>\n<\/tr>\n<tr>\n<th>Instalacja<\/th>\n<td>Sta\u0142y tylny uchwyt baga\u017cnika<\/td>\n<\/tr>\n<tr>\n<th>Certyfikacja<\/th>\n<td>CE, FCC, RoHS, ISO9001<\/td>\n<\/tr>\n<tr>\n<th>Gwarancja<\/th>\n<td>1 rok<\/td>\n<\/tr>\n<tr>\n<th>Pochodzenie<\/th>\n<td>Chiny<\/td>\n<\/tr>\n<tr>\n<th>Port<\/th>\n<td>Shenzhen, Chiny<\/td>\n<\/tr>\n<tr>\n<th>Zdolno\u015b\u0107 produkcyjna<\/th>\n<td>3000 sztuk tygodniowo<\/td>\n<\/tr>\n<tr>\n<th>Warunki p\u0142atno\u015bci<\/th>\n<td>T\/T, D\/P, Western Union, Paypal, Money Gram, got\u00f3wka<\/td>\n<\/tr>\n<\/table>\n<h2>Kluczowe cechy<\/h2>\n<div class=\"features-grid\">\n<div class=\"feature-box\">\n<h3>Wysoka pojemno\u015b\u0107<\/h3>\n<p>Zapewnia moc wyj\u015bciow\u0105 36 V 15 Ah dla silnika o mocy do 500 W, idealny do d\u0142ugich tras.<\/p>\n<\/p><\/div>\n<div class=\"feature-box\">\n<h3>Silna ochrona BMS<\/h3>\n<p>Zintegrowany system zarz\u0105dzania bateri\u0105 (BMS) zapewniaj\u0105cy ochron\u0119 przed prze\u0142adowaniem, nadmiernym roz\u0142adowaniem i zwarciem, wyposa\u017cony w blokad\u0119 bezpiecze\u0144stwa.<\/p>\n<\/p><\/div>\n<div class=\"feature-box\">\n<h3>Trwa\u0142a konstrukcja<\/h3>\n<p>Aluminiowa i ognioodporna obudowa z tworzywa PC+ABS, wyko\u0144czona piaskowanym tlenkiem srebra dla zapewnienia odporno\u015bci na wysok\u0105 temperatur\u0119 i trwa\u0142o\u015bci.<\/p>\n<\/p><\/div>\n<div class=\"feature-box\">\n<h3>Inteligentny wy\u015bwietlacz<\/h3>\n<p>Wy\u015bwietlacz mocy LED pomaga u\u017cytkownikom monitorowa\u0107 stan baterii w czasie rzeczywistym.<\/p>\n<\/p><\/div>\n<\/p><\/div>\n<h2>Zastosowania<\/h2>\n<ul>\n<li>Rowery elektryczne (typ z tylnym baga\u017cnikiem)<\/li>\n<li>Skutery elektryczne<\/li>\n<li>Motocykle elektryczne i tr\u00f3jko\u0142owce<\/li>\n<li>Lekkie pojazdy elektryczne i elektryczne pojazdy czteroko\u0142owe<\/li>\n<\/ul>","protected":false},"excerpt":{"rendered":"<p>Akumulator litowo-jonowy 36 V 15 Ah do tylnego baga\u017cnika, wykorzystuj\u0105cy ogniwa 18650, przeznaczony do rower\u00f3w elektrycznych, skuter\u00f3w i motocykli.<\/p>","protected":false},"featured_media":2464,"comment_status":"open","ping_status":"closed","template":"","meta":{"_uag_custom_page_level_css":"","neve_meta_sidebar":"","neve_meta_container":"","neve_meta_enable_content_width":"off","neve_meta_content_width":100,"neve_meta_title_alignment":"","neve_meta_author_avatar":"","neve_post_elements_order":"","neve_meta_disable_header":"","neve_meta_disable_footer":"","neve_meta_disable_title":""},"product_brand":[],"product_cat":[47,45,43],"product_tag":[],"class_list":{"0":"post-2463","1":"product","2":"type-product","3":"status-publish","4":"has-post-thumbnail","6":"product_cat-36v-e-bike-battery","7":"product_cat-e-bike-battery","8":"product_cat-power-battery","10":"first","11":"instock","12":"shipping-taxable","13":"product-type-simple"},"uagb_featured_image_src":{"full":["https:\/\/ecavix.com\/wp-content\/uploads\/2025\/07\/Lithium-Ion-18650-Brand-Cells-36volt-15ah-500W-Electric-Bicycle-Ebike-Battery-Pack-1.webp",1000,1000,false],"thumbnail":["https:\/\/ecavix.com\/wp-content\/uploads\/2025\/07\/Lithium-Ion-18650-Brand-Cells-36volt-15ah-500W-Electric-Bicycle-Ebike-Battery-Pack-1-150x150.webp",150,150,true],"medium":["https:\/\/ecavix.com\/wp-content\/uploads\/2025\/07\/Lithium-Ion-18650-Brand-Cells-36volt-15ah-500W-Electric-Bicycle-Ebike-Battery-Pack-1-300x300.webp",300,300,true],"medium_large":["https:\/\/ecavix.com\/wp-content\/uploads\/2025\/07\/Lithium-Ion-18650-Brand-Cells-36volt-15ah-500W-Electric-Bicycle-Ebike-Battery-Pack-1-768x768.webp",768,768,true],"large":["https:\/\/ecavix.com\/wp-content\/uploads\/2025\/07\/Lithium-Ion-18650-Brand-Cells-36volt-15ah-500W-Electric-Bicycle-Ebike-Battery-Pack-1.webp",1000,1000,false],"1536x1536":["https:\/\/ecavix.com\/wp-content\/uploads\/2025\/07\/Lithium-Ion-18650-Brand-Cells-36volt-15ah-500W-Electric-Bicycle-Ebike-Battery-Pack-1.webp",1000,1000,false],"2048x2048":["https:\/\/ecavix.com\/wp-content\/uploads\/2025\/07\/Lithium-Ion-18650-Brand-Cells-36volt-15ah-500W-Electric-Bicycle-Ebike-Battery-Pack-1.webp",1000,1000,false],"trp-custom-language-flag":["https:\/\/ecavix.com\/wp-content\/uploads\/2025\/07\/Lithium-Ion-18650-Brand-Cells-36volt-15ah-500W-Electric-Bicycle-Ebike-Battery-Pack-1.webp",12,12,false],"neve-blog":["https:\/\/ecavix.com\/wp-content\/uploads\/2025\/07\/Lithium-Ion-18650-Brand-Cells-36volt-15ah-500W-Electric-Bicycle-Ebike-Battery-Pack-1-930x620.webp",930,620,true],"woocommerce_thumbnail":["https:\/\/ecavix.com\/wp-content\/uploads\/2025\/07\/Lithium-Ion-18650-Brand-Cells-36volt-15ah-500W-Electric-Bicycle-Ebike-Battery-Pack-1-300x300.webp",300,300,true],"woocommerce_single":["https:\/\/ecavix.com\/wp-content\/uploads\/2025\/07\/Lithium-Ion-18650-Brand-Cells-36volt-15ah-500W-Electric-Bicycle-Ebike-Battery-Pack-1-600x600.webp",600,600,true],"woocommerce_gallery_thumbnail":["https:\/\/ecavix.com\/wp-content\/uploads\/2025\/07\/Lithium-Ion-18650-Brand-Cells-36volt-15ah-500W-Electric-Bicycle-Ebike-Battery-Pack-1-100x100.webp",100,100,true]},"uagb_author_info":{"display_name":"solvitaenergylimited@gmail.com","author_link":"https:\/\/ecavix.com\/pl\/author\/"},"uagb_comment_info":0,"uagb_excerpt":"36V 15Ah lithium-ion rear rack battery pack using 18650 cells, designed for electric bicycles, scooters, and motorcycles.","_links":{"self":[{"href":"https:\/\/ecavix.com\/pl\/wp-json\/wp\/v2\/product\/2463","targetHints":{"allow":["GET"]}}],"collection":[{"href":"https:\/\/ecavix.com\/pl\/wp-json\/wp\/v2\/product"}],"about":[{"href":"https:\/\/ecavix.com\/pl\/wp-json\/wp\/v2\/types\/product"}],"replies":[{"embeddable":true,"href":"https:\/\/ecavix.com\/pl\/wp-json\/wp\/v2\/comments?post=2463"}],"wp:featuredmedia":[{"embeddable":true,"href":"https:\/\/ecavix.com\/pl\/wp-json\/wp\/v2\/media\/2464"}],"wp:attachment":[{"href":"https:\/\/ecavix.com\/pl\/wp-json\/wp\/v2\/media?parent=2463"}],"wp:term":[{"taxonomy":"product_brand","embeddable":true,"href":"https:\/\/ecavix.com\/pl\/wp-json\/wp\/v2\/product_brand?post=2463"},{"taxonomy":"product_cat","embeddable":true,"href":"https:\/\/ecavix.com\/pl\/wp-json\/wp\/v2\/product_cat?post=2463"},{"taxonomy":"product_tag","embeddable":true,"href":"https:\/\/ecavix.com\/pl\/wp-json\/wp\/v2\/product_tag?post=2463"}],"curies":[{"name":"wp","href":"https:\/\/api.w.org\/{rel}","templated":true}]}}