{"id":2426,"date":"2025-07-18T07:05:20","date_gmt":"2025-07-18T07:05:20","guid":{"rendered":"https:\/\/ecavix.com\/?post_type=product&#038;p=2426"},"modified":"2025-07-18T07:05:20","modified_gmt":"2025-07-18T07:05:20","slug":"59-akumulator-litowo-jonowy-2v-24ah-18650-do-skutera-elektrycznego","status":"publish","type":"product","link":"https:\/\/ecavix.com\/pl\/product\/59-2v-24ah-18650-rechargeable-lithium-ion-battery-pack-for-electric-scootor\/","title":{"rendered":"Akumulator litowo-jonowy 59,2 V 24 Ah 18650 do skutera elektrycznego"},"content":{"rendered":"<br \/>\n<h1>Akumulator litowy 59,2 V 24 Ah do skutera elektrycznego<\/h1>\n<h2>Przegl\u0105d produkt\u00f3w<\/h2>\n<table>\n<tr>\n<th>Model<\/th>\n<td>DL-5924<\/td>\n<\/tr>\n<tr>\n<th>Napi\u0119cie nominalne<\/th>\n<td>59.2V<\/td>\n<\/tr>\n<tr>\n<th>Pojemno\u015b\u0107 nominalna<\/th>\n<td>24Ah<\/td>\n<\/tr>\n<tr>\n<th>Napi\u0119cie \u0142adowania<\/th>\n<td>67.2V<\/td>\n<\/tr>\n<tr>\n<th>Typ ogniwa akumulatorowego<\/th>\n<td>Ogniwa LG 3000mAh 18650<\/td>\n<\/tr>\n<tr>\n<th>Konfiguracja baterii<\/th>\n<td>16S8P<\/td>\n<\/tr>\n<tr>\n<th>Standardowy pr\u0105d \u0142adowania<\/th>\n<td>5A<\/td>\n<\/tr>\n<tr>\n<th>Czas \u0142adowania<\/th>\n<td>6-7 godzin (z \u0142adowark\u0105 67,2 V 4 A)<\/td>\n<\/tr>\n<tr>\n<th>Napi\u0119cie odci\u0119cia roz\u0142adowania<\/th>\n<td>44 V<\/td>\n<\/tr>\n<tr>\n<th>Ci\u0105g\u0142y pr\u0105d roz\u0142adowania<\/th>\n<td>20A<\/td>\n<\/tr>\n<tr>\n<th>Maksymalny pr\u0105d roz\u0142adowania<\/th>\n<td>30-40A<\/td>\n<\/tr>\n<tr>\n<th>Cykl \u017cycia<\/th>\n<td>\u2265 500 cykli<\/td>\n<\/tr>\n<tr>\n<th>Szybko\u015b\u0107 samoroz\u0142adowania<\/th>\n<td>\u2264 3% miesi\u0119cznie<\/td>\n<\/tr>\n<tr>\n<th>Ochrona BMS<\/th>\n<td>Prze\u0142adowanie, nadmierne roz\u0142adowanie, przet\u0119\u017cenie, zwarcie<\/td>\n<\/tr>\n<tr>\n<th>Wymiary<\/th>\n<td>435\u00d7140\u00d760 mm<\/td>\n<\/tr>\n<tr>\n<th>Waga netto<\/th>\n<td>6,5 kg<\/td>\n<\/tr>\n<tr>\n<th>Port<\/th>\n<td>Shenzhen, Chiny<\/td>\n<\/tr>\n<tr>\n<th>Zdolno\u015b\u0107 produkcyjna<\/th>\n<td>2,000 PCS\/tydzie\u0144<\/td>\n<\/tr>\n<tr>\n<th>Warunki p\u0142atno\u015bci<\/th>\n<td>L\/C, T\/T, Paypal, Money Gram<\/td>\n<\/tr>\n<\/table>\n<h2>Testy bezpiecze\u0144stwa<\/h2>\n<table>\n<tr>\n<th>Nadmierne obci\u0105\u017cenie<\/th>\n<td>Brak po\u017caru, brak eksplozji<\/td>\n<\/tr>\n<tr>\n<th>Nadmierne roz\u0142adowanie<\/th>\n<td>Brak po\u017caru, brak eksplozji<\/td>\n<\/tr>\n<tr>\n<th>Zwarcie<\/th>\n<td>Brak po\u017caru, brak eksplozji<\/td>\n<\/tr>\n<tr>\n<th>Test upadku<\/th>\n<td>Brak po\u017caru, eksplozji i wyciek\u00f3w<\/td>\n<\/tr>\n<tr>\n<th>Gor\u0105cy piekarnik<\/th>\n<td>Brak po\u017caru, brak eksplozji<\/td>\n<\/tr>\n<tr>\n<th>Crush<\/th>\n<td>Brak po\u017caru, brak eksplozji<\/td>\n<\/tr>\n<tr>\n<th>Nak\u0142ucie ig\u0142\u0105<\/th>\n<td>Brak po\u017caru, brak eksplozji<\/td>\n<\/tr>\n<\/table>\n<h2>Kluczowe cechy<\/h2>\n<div class=\"features-grid\">\n<div class=\"feature-box\">\n<h3>Wysoka pojemno\u015b\u0107<\/h3>\n<p>Pojemno\u015b\u0107 24 Ah jest idealna do skuter\u00f3w elektrycznych o du\u017cej mocy i zastosowa\u0144 dalekiego zasi\u0119gu.<\/p>\n<\/p><\/div>\n<div class=\"feature-box\">\n<h3>Szybkie \u0142adowanie<\/h3>\n<p>Szybki czas \u0142adowania 6-7 godzin przy u\u017cyciu standardowej \u0142adowarki 67,2 V 4 A.<\/p>\n<\/p><\/div>\n<div class=\"feature-box\">\n<h3>Zaawansowany BMS<\/h3>\n<p>Wbudowany system zarz\u0105dzania bateri\u0105 zapewnia pe\u0142n\u0105 ochron\u0119 dla bezpiecze\u0144stwa i niezawodno\u015bci.<\/p>\n<\/p><\/div>\n<div class=\"feature-box\">\n<h3>Trwa\u0142a konstrukcja<\/h3>\n<p>Wysoka wydajno\u015b\u0107 roz\u0142adowania i odporno\u015b\u0107 na wstrz\u0105sy zapewniaj\u0105 stabiln\u0105 prac\u0119 nawet w trudnych warunkach.<\/p>\n<\/p><\/div>\n<\/p><\/div>\n<h2>Zastosowania<\/h2>\n<ul>\n<li>Skutery elektryczne<\/li>\n<li>Motocykle i rowery elektryczne<\/li>\n<li>W\u00f3zki golfowe i samochody turystyczne<\/li>\n<li>Maszyny czyszcz\u0105ce<\/li>\n<li>Magazynowanie energii s\u0142onecznej lub wiatrowej<\/li>\n<\/ul>\n<h2>Dlaczego warto wybra\u0107 ten akumulator?<\/h2>\n<ul>\n<li>Wysoka g\u0119sto\u015b\u0107 energii w kompaktowej obudowie<\/li>\n<li>Stabilna wydajno\u015b\u0107 w niskich temperaturach<\/li>\n<li>Mo\u017cliwo\u015b\u0107 szybkiego \u0142adowania i du\u017cy pr\u0105d wyj\u015bciowy<\/li>\n<li>Bezobs\u0142ugowe dzi\u0119ki materia\u0142om przyjaznym dla \u015brodowiska<\/li>\n<li>Dok\u0142adnie przetestowane bezpiecze\u0144stwo - brak po\u017caru, brak wybuchu<\/li>\n<\/ul>","protected":false},"excerpt":{"rendered":"<p>Akumulator litowy 18650 o wysokiej pojemno\u015bci 59,2 V i pojemno\u015bci 24 Ah przeznaczony do skuter\u00f3w elektrycznych. Trwa\u0142a wydajno\u015b\u0107, solidny system BMS i du\u017ca zdolno\u015b\u0107 roz\u0142adowywania.<\/p>","protected":false},"featured_media":2417,"comment_status":"open","ping_status":"closed","template":"","meta":{"_uag_custom_page_level_css":"","neve_meta_sidebar":"","neve_meta_container":"","neve_meta_enable_content_width":"off","neve_meta_content_width":100,"neve_meta_title_alignment":"","neve_meta_author_avatar":"","neve_post_elements_order":"","neve_meta_disable_header":"","neve_meta_disable_footer":"","neve_meta_disable_title":""},"product_brand":[],"product_cat":[49,45,43],"product_tag":[],"class_list":{"0":"post-2426","1":"product","2":"type-product","3":"status-publish","4":"has-post-thumbnail","6":"product_cat-60v-e-bike-battery","7":"product_cat-e-bike-battery","8":"product_cat-power-battery","10":"first","11":"instock","12":"shipping-taxable","13":"product-type-simple"},"uagb_featured_image_src":{"full":["https:\/\/ecavix.com\/wp-content\/uploads\/2025\/07\/59-2V-25-6ah-Rechargeable-Lithium-Ion-Battery-Pack-for-18650-Battery-Pack4-800-800-1-1.png",550,550,false],"thumbnail":["https:\/\/ecavix.com\/wp-content\/uploads\/2025\/07\/59-2V-25-6ah-Rechargeable-Lithium-Ion-Battery-Pack-for-18650-Battery-Pack4-800-800-1-1-150x150.png",150,150,true],"medium":["https:\/\/ecavix.com\/wp-content\/uploads\/2025\/07\/59-2V-25-6ah-Rechargeable-Lithium-Ion-Battery-Pack-for-18650-Battery-Pack4-800-800-1-1-300x300.png",300,300,true],"medium_large":["https:\/\/ecavix.com\/wp-content\/uploads\/2025\/07\/59-2V-25-6ah-Rechargeable-Lithium-Ion-Battery-Pack-for-18650-Battery-Pack4-800-800-1-1.png",550,550,false],"large":["https:\/\/ecavix.com\/wp-content\/uploads\/2025\/07\/59-2V-25-6ah-Rechargeable-Lithium-Ion-Battery-Pack-for-18650-Battery-Pack4-800-800-1-1.png",550,550,false],"1536x1536":["https:\/\/ecavix.com\/wp-content\/uploads\/2025\/07\/59-2V-25-6ah-Rechargeable-Lithium-Ion-Battery-Pack-for-18650-Battery-Pack4-800-800-1-1.png",550,550,false],"2048x2048":["https:\/\/ecavix.com\/wp-content\/uploads\/2025\/07\/59-2V-25-6ah-Rechargeable-Lithium-Ion-Battery-Pack-for-18650-Battery-Pack4-800-800-1-1.png",550,550,false],"trp-custom-language-flag":["https:\/\/ecavix.com\/wp-content\/uploads\/2025\/07\/59-2V-25-6ah-Rechargeable-Lithium-Ion-Battery-Pack-for-18650-Battery-Pack4-800-800-1-1.png",12,12,false],"neve-blog":["https:\/\/ecavix.com\/wp-content\/uploads\/2025\/07\/59-2V-25-6ah-Rechargeable-Lithium-Ion-Battery-Pack-for-18650-Battery-Pack4-800-800-1-1.png",550,550,false],"woocommerce_thumbnail":["https:\/\/ecavix.com\/wp-content\/uploads\/2025\/07\/59-2V-25-6ah-Rechargeable-Lithium-Ion-Battery-Pack-for-18650-Battery-Pack4-800-800-1-1-300x300.png",300,300,true],"woocommerce_single":["https:\/\/ecavix.com\/wp-content\/uploads\/2025\/07\/59-2V-25-6ah-Rechargeable-Lithium-Ion-Battery-Pack-for-18650-Battery-Pack4-800-800-1-1.png",550,550,false],"woocommerce_gallery_thumbnail":["https:\/\/ecavix.com\/wp-content\/uploads\/2025\/07\/59-2V-25-6ah-Rechargeable-Lithium-Ion-Battery-Pack-for-18650-Battery-Pack4-800-800-1-1-100x100.png",100,100,true]},"uagb_author_info":{"display_name":"solvitaenergylimited@gmail.com","author_link":"https:\/\/ecavix.com\/pl\/author\/"},"uagb_comment_info":0,"uagb_excerpt":"High-capacity 59.2V 24Ah rechargeable 18650 lithium battery pack designed for electric scooters. Durable performance, robust BMS, and strong discharge capability.","_links":{"self":[{"href":"https:\/\/ecavix.com\/pl\/wp-json\/wp\/v2\/product\/2426","targetHints":{"allow":["GET"]}}],"collection":[{"href":"https:\/\/ecavix.com\/pl\/wp-json\/wp\/v2\/product"}],"about":[{"href":"https:\/\/ecavix.com\/pl\/wp-json\/wp\/v2\/types\/product"}],"replies":[{"embeddable":true,"href":"https:\/\/ecavix.com\/pl\/wp-json\/wp\/v2\/comments?post=2426"}],"wp:featuredmedia":[{"embeddable":true,"href":"https:\/\/ecavix.com\/pl\/wp-json\/wp\/v2\/media\/2417"}],"wp:attachment":[{"href":"https:\/\/ecavix.com\/pl\/wp-json\/wp\/v2\/media?parent=2426"}],"wp:term":[{"taxonomy":"product_brand","embeddable":true,"href":"https:\/\/ecavix.com\/pl\/wp-json\/wp\/v2\/product_brand?post=2426"},{"taxonomy":"product_cat","embeddable":true,"href":"https:\/\/ecavix.com\/pl\/wp-json\/wp\/v2\/product_cat?post=2426"},{"taxonomy":"product_tag","embeddable":true,"href":"https:\/\/ecavix.com\/pl\/wp-json\/wp\/v2\/product_tag?post=2426"}],"curies":[{"name":"wp","href":"https:\/\/api.w.org\/{rel}","templated":true}]}}