{"id":2400,"date":"2025-07-18T06:30:23","date_gmt":"2025-07-18T06:30:23","guid":{"rendered":"https:\/\/ecavix.com\/?post_type=product&#038;p=2400"},"modified":"2025-07-18T06:30:23","modified_gmt":"2025-07-18T06:30:23","slug":"akumulator-lifepo4-48v-20ah-o-dlugiej-zywotnosci","status":"publish","type":"product","link":"https:\/\/ecavix.com\/pl\/product\/rechargeable-lifepo4-battery-48v-20ah-with-long-cycle-life\/","title":{"rendered":"Akumulator LiFePO4 48V 20ah o d\u0142ugiej \u017cywotno\u015bci"},"content":{"rendered":"<h1>Akumulator LiFePO4 48 V 20 Ah<\/h1>\n<h2>Przegl\u0105d produkt\u00f3w<\/h2>\n<table>\n<tr>\n<th>Model<\/th>\n<td>DL-LFP13S<\/td>\n<\/tr>\n<tr>\n<th>Napi\u0119cie nominalne<\/th>\n<td>48V<\/td>\n<\/tr>\n<tr>\n<th>Pojemno\u015b\u0107 nominalna<\/th>\n<td>20Ah<\/td>\n<\/tr>\n<tr>\n<th>Typ akumulatora<\/th>\n<td>LiFePO4<\/td>\n<\/tr>\n<tr>\n<th>Kom\u00f3rka monta\u017cowa<\/th>\n<td>15S1P<\/td>\n<\/tr>\n<tr>\n<th>Maksymalny pr\u0105d ci\u0105g\u0142y<\/th>\n<td>40A<\/td>\n<\/tr>\n<tr>\n<th>Nadmiar pr\u0105du<\/th>\n<td>120A<\/td>\n<\/tr>\n<tr>\n<th>Napi\u0119cie odci\u0119cia<\/th>\n<td>40V \u00b11V<\/td>\n<\/tr>\n<tr>\n<th>Napi\u0119cie \u0142adowania<\/th>\n<td>58,4 V \u00b10,2 V<\/td>\n<\/tr>\n<tr>\n<th>Zalecany pr\u0105d \u0142adowania<\/th>\n<td>4A<\/td>\n<\/tr>\n<tr>\n<th>Czas \u0142adowania<\/th>\n<td>5,5 godziny<\/td>\n<\/tr>\n<tr>\n<th>Waga<\/th>\n<td>\u2264 8 kg<\/td>\n<\/tr>\n<tr>\n<th>Wymiary<\/th>\n<td>253 mm x 164 mm x 116 mm<\/td>\n<\/tr>\n<tr>\n<th>Op\u00f3r wewn\u0119trzny<\/th>\n<td>\u2264 80m\u03a9<\/td>\n<\/tr>\n<tr>\n<th>Szybko\u015b\u0107 samoroz\u0142adowania<\/th>\n<td>\u2264 5% miesi\u0119cznie<\/td>\n<\/tr>\n<\/table>\n<h2>Zastosowania<\/h2>\n<ul>\n<li>Systemy zasilania energi\u0105 s\u0142oneczn\u0105<\/li>\n<li>Pojazdy elektryczne<\/li>\n<li>Elektronarz\u0119dzia<\/li>\n<li>\u0141odzie elektryczne<\/li>\n<li>Samochody golfowe<\/li>\n<\/ul>\n<h2>Cechy og\u00f3lne<\/h2>\n<div class=\"features-grid\">\n<div class=\"feature-box\">\n<h3>D\u0142uga \u017cywotno\u015b\u0107<\/h3>\n<p>Dzi\u0119ki ponad 500 cyklom ta bateria zapewnia d\u0142ug\u0105 \u017cywotno\u015b\u0107 i sta\u0142\u0105 wydajno\u015b\u0107 przez ca\u0142y okres u\u017cytkowania.<\/p>\n<\/p><\/div>\n<div class=\"feature-box\">\n<h3>Wydajno\u015b\u0107<\/h3>\n<p>Zesp\u00f3\u0142 15S1P wysokiej jako\u015bci ogniw LiFePO4 zapewnia wydajne magazynowanie energii i szybko\u015b\u0107 roz\u0142adowywania.<\/p>\n<\/p><\/div>\n<div class=\"feature-box\">\n<h3>Bezpiecze\u0144stwo i niezawodno\u015b\u0107<\/h3>\n<p>Wbudowany system BMS do ochrony przed prze\u0142adowaniem, nadmiernym roz\u0142adowaniem i zwarciem.<\/p>\n<\/p><\/div>\n<div class=\"feature-box\">\n<h3>Szybkie \u0142adowanie<\/h3>\n<p>Standardowy czas \u0142adowania wynosi 5,5 godziny przy zalecanym pr\u0105dzie \u0142adowania 4A.<\/p>\n<\/p><\/div>\n<\/p><\/div>\n<h2>Dlaczego warto wybra\u0107 nas?<\/h2>\n<ul>\n<li>Certyfikaty: CE, RoHS, FCC<\/li>\n<li>Nadaj\u0105ce si\u0119 do recyklingu i przyjazne dla \u015brodowiska<\/li>\n<li>Niezawodna wydajno\u015b\u0107 do d\u0142ugotrwa\u0142ego u\u017cytkowania<\/li>\n<li>Dost\u0119pne niestandardowe napi\u0119cie, pojemno\u015b\u0107 i konfiguracja<\/li>\n<li>Bezpieczny i wydajny system zarz\u0105dzania bateri\u0105 (BMS)<\/li>\n<li>1 rok gwarancji i doskona\u0142a obs\u0142uga posprzeda\u017cna<\/li>\n<\/ul>\n<h2>Wysy\u0142ka i pakowanie<\/h2>\n<p>Zapewniamy niezawodne opcje wysy\u0142ki na ca\u0142ym \u015bwiecie:<\/p>\n<ul>\n<li>Ma\u0142e zam\u00f3wienia: Wysy\u0142ka drog\u0105 lotnicz\u0105 (DHL, UPS, FedEx)<\/li>\n<li>Du\u017ce zam\u00f3wienia: Wysy\u0142ka drog\u0105 morsk\u0105 (czas dostawy: 30-45 dni)<\/li>\n<\/ul>","protected":false},"excerpt":{"rendered":"<p>Wysokowydajny akumulator LiFePO4 48V 20Ah o d\u0142ugiej \u017cywotno\u015bci, idealny do r\u00f3\u017cnych zastosowa\u0144.<\/p>","protected":false},"featured_media":2384,"comment_status":"open","ping_status":"closed","template":"","meta":{"_uag_custom_page_level_css":"","neve_meta_sidebar":"","neve_meta_container":"","neve_meta_enable_content_width":"off","neve_meta_content_width":100,"neve_meta_title_alignment":"","neve_meta_author_avatar":"","neve_post_elements_order":"","neve_meta_disable_header":"","neve_meta_disable_footer":"","neve_meta_disable_title":""},"product_brand":[],"product_cat":[53,43,55],"product_tag":[],"class_list":{"0":"post-2400","1":"product","2":"type-product","3":"status-publish","4":"has-post-thumbnail","6":"product_cat-low-speed-electric-vehicle-battery","7":"product_cat-power-battery","8":"product_cat-scooter-battery","10":"first","11":"instock","12":"shipping-taxable","13":"product-type-simple"},"uagb_featured_image_src":{"full":["https:\/\/ecavix.com\/wp-content\/uploads\/2025\/07\/36V-High-Capacity-Lithium-Battery-Pack-for-Electricnics3-800-800.webp",550,550,false],"thumbnail":["https:\/\/ecavix.com\/wp-content\/uploads\/2025\/07\/36V-High-Capacity-Lithium-Battery-Pack-for-Electricnics3-800-800-150x150.webp",150,150,true],"medium":["https:\/\/ecavix.com\/wp-content\/uploads\/2025\/07\/36V-High-Capacity-Lithium-Battery-Pack-for-Electricnics3-800-800-300x300.webp",300,300,true],"medium_large":["https:\/\/ecavix.com\/wp-content\/uploads\/2025\/07\/36V-High-Capacity-Lithium-Battery-Pack-for-Electricnics3-800-800.webp",550,550,false],"large":["https:\/\/ecavix.com\/wp-content\/uploads\/2025\/07\/36V-High-Capacity-Lithium-Battery-Pack-for-Electricnics3-800-800.webp",550,550,false],"1536x1536":["https:\/\/ecavix.com\/wp-content\/uploads\/2025\/07\/36V-High-Capacity-Lithium-Battery-Pack-for-Electricnics3-800-800.webp",550,550,false],"2048x2048":["https:\/\/ecavix.com\/wp-content\/uploads\/2025\/07\/36V-High-Capacity-Lithium-Battery-Pack-for-Electricnics3-800-800.webp",550,550,false],"trp-custom-language-flag":["https:\/\/ecavix.com\/wp-content\/uploads\/2025\/07\/36V-High-Capacity-Lithium-Battery-Pack-for-Electricnics3-800-800.webp",12,12,false],"neve-blog":["https:\/\/ecavix.com\/wp-content\/uploads\/2025\/07\/36V-High-Capacity-Lithium-Battery-Pack-for-Electricnics3-800-800.webp",550,550,false],"woocommerce_thumbnail":["https:\/\/ecavix.com\/wp-content\/uploads\/2025\/07\/36V-High-Capacity-Lithium-Battery-Pack-for-Electricnics3-800-800-300x300.webp",300,300,true],"woocommerce_single":["https:\/\/ecavix.com\/wp-content\/uploads\/2025\/07\/36V-High-Capacity-Lithium-Battery-Pack-for-Electricnics3-800-800.webp",550,550,false],"woocommerce_gallery_thumbnail":["https:\/\/ecavix.com\/wp-content\/uploads\/2025\/07\/36V-High-Capacity-Lithium-Battery-Pack-for-Electricnics3-800-800-100x100.webp",100,100,true]},"uagb_author_info":{"display_name":"solvitaenergylimited@gmail.com","author_link":"https:\/\/ecavix.com\/pl\/author\/"},"uagb_comment_info":0,"uagb_excerpt":"High-performance 48V 20Ah LiFePO4 rechargeable battery pack with long cycle life, ideal for various applications.","_links":{"self":[{"href":"https:\/\/ecavix.com\/pl\/wp-json\/wp\/v2\/product\/2400","targetHints":{"allow":["GET"]}}],"collection":[{"href":"https:\/\/ecavix.com\/pl\/wp-json\/wp\/v2\/product"}],"about":[{"href":"https:\/\/ecavix.com\/pl\/wp-json\/wp\/v2\/types\/product"}],"replies":[{"embeddable":true,"href":"https:\/\/ecavix.com\/pl\/wp-json\/wp\/v2\/comments?post=2400"}],"wp:featuredmedia":[{"embeddable":true,"href":"https:\/\/ecavix.com\/pl\/wp-json\/wp\/v2\/media\/2384"}],"wp:attachment":[{"href":"https:\/\/ecavix.com\/pl\/wp-json\/wp\/v2\/media?parent=2400"}],"wp:term":[{"taxonomy":"product_brand","embeddable":true,"href":"https:\/\/ecavix.com\/pl\/wp-json\/wp\/v2\/product_brand?post=2400"},{"taxonomy":"product_cat","embeddable":true,"href":"https:\/\/ecavix.com\/pl\/wp-json\/wp\/v2\/product_cat?post=2400"},{"taxonomy":"product_tag","embeddable":true,"href":"https:\/\/ecavix.com\/pl\/wp-json\/wp\/v2\/product_tag?post=2400"}],"curies":[{"name":"wp","href":"https:\/\/api.w.org\/{rel}","templated":true}]}}