{"id":2396,"date":"2025-07-18T06:26:27","date_gmt":"2025-07-18T06:26:27","guid":{"rendered":"https:\/\/ecavix.com\/?post_type=product&#038;p=2396"},"modified":"2025-07-18T06:26:28","modified_gmt":"2025-07-18T06:26:28","slug":"akumulator-oem-36v-10ah-20ah-30ah-akumulator-litowo-jonowy-18650","status":"publish","type":"product","link":"https:\/\/ecavix.com\/pl\/product\/oem-36v-10ah-20ah-30ah-battery-pack-rechargeable-lithium-ion-18650-battery-pack\/","title":{"rendered":"Zestaw akumulator\u00f3w OEM 36V 10ah 20ah 30ah Akumulator litowo-jonowy 18650"},"content":{"rendered":"<h1>Akumulator litowo-jonowy 36V 10Ah 20Ah 30Ah<\/h1>\n<h2>Przegl\u0105d produkt\u00f3w<\/h2>\n<table>\n<tr>\n<th>Model akumulatora<\/th>\n<td>DL-3615<\/td>\n<\/tr>\n<tr>\n<th>Napi\u0119cie nominalne<\/th>\n<td>36V<\/td>\n<\/tr>\n<tr>\n<th>Pojemno\u015b\u0107 nominalna<\/th>\n<td>10Ah \/ 20Ah \/ 30Ah (z mo\u017cliwo\u015bci\u0105 dostosowania)<\/td>\n<\/tr>\n<tr>\n<th>Typ akumulatora<\/th>\n<td>Akumulatory litowo-jonowe 18650<\/td>\n<\/tr>\n<tr>\n<th>Konfiguracja baterii<\/th>\n<td>10S6P (lub dostosowa\u0107)<\/td>\n<\/tr>\n<tr>\n<th>Napi\u0119cie pe\u0142nego na\u0142adowania<\/th>\n<td>42V<\/td>\n<\/tr>\n<tr>\n<th>Napi\u0119cie odci\u0119cia roz\u0142adowania<\/th>\n<td>25V<\/td>\n<\/tr>\n<tr>\n<th>Pr\u0105d \u0142adowania<\/th>\n<td>3A (Standard)<\/td>\n<\/tr>\n<tr>\n<th>Ci\u0105g\u0142y pr\u0105d roz\u0142adowania<\/th>\n<td>Mo\u017cliwo\u015b\u0107 dostosowania na \u017c\u0105danie<\/td>\n<\/tr>\n<tr>\n<th>Temperatura pracy (\u0142adowanie)<\/th>\n<td>0\u00b0C ~ 45\u00b0C<\/td>\n<\/tr>\n<tr>\n<th>Temperatura robocza (roz\u0142adowanie)<\/th>\n<td>-10\u00b0C ~ 55\u00b0C<\/td>\n<\/tr>\n<tr>\n<th>Waga netto<\/th>\n<td>2,812 kg<\/td>\n<\/tr>\n<tr>\n<th>Rozmiar<\/th>\n<td>196 x 115 x 67 mm (z mo\u017cliwo\u015bci\u0105 dostosowania)<\/td>\n<\/tr>\n<tr>\n<th>Cykl \u017cycia<\/th>\n<td>500+ razy<\/td>\n<\/tr>\n<tr>\n<th>Gwarancja<\/th>\n<td>1 rok<\/td>\n<\/tr>\n<tr>\n<th>Kod HS<\/th>\n<td>8507600090<\/td>\n<\/tr>\n<\/table>\n<h2>Zastosowania<\/h2>\n<ul>\n<li>Solarne lampy uliczne<\/li>\n<li>Pojazdy elektryczne<\/li>\n<li>Narz\u0119dzia elektryczne<\/li>\n<li>Samochody golfowe<\/li>\n<li>Zabawki elektroniczne<\/li>\n<\/ul>\n<h2>Dlaczego warto wybra\u0107 nas?<\/h2>\n<ul>\n<li>Niestandardowe rozwi\u0105zania akumulatorowe do r\u00f3\u017cnych zastosowa\u0144<\/li>\n<li>Wysokiej jako\u015bci ogniwa litowo-jonowe 18650<\/li>\n<li>Dostosowana pojemno\u015b\u0107, napi\u0119cie i konfiguracje<\/li>\n<li>Wydajne i d\u0142ugotrwa\u0142e dzia\u0142anie<\/li>\n<li>Zabezpieczenie przed prze\u0142adowaniem, nadmiernym roz\u0142adowaniem i przegrzaniem dla bezpiecze\u0144stwa<\/li>\n<li>1 rok gwarancji z doskona\u0142\u0105 obs\u0142ug\u0105 klienta<\/li>\n<\/ul>\n<h2>Wysy\u0142ka i pakowanie<\/h2>\n<p>Oferujemy bezpieczne pakowanie i szybkie opcje wysy\u0142ki zar\u00f3wno dla ma\u0142ych, jak i du\u017cych zam\u00f3wie\u0144:<\/p>\n<ul>\n<li>Ma\u0142e zam\u00f3wienia: Wysy\u0142ka drog\u0105 lotnicz\u0105 (DHL, UPS, FedEx)<\/li>\n<li>Du\u017ce zam\u00f3wienia: Wysy\u0142ka drog\u0105 morsk\u0105 (czas dostawy: 30-45 dni)<\/li>\n<\/ul>","protected":false},"excerpt":{"rendered":"<p>Wysokowydajny akumulator litowo-jonowy 36 V do solarnych lamp ulicznych, pojazd\u00f3w elektrycznych i innych zastosowa\u0144.<\/p>","protected":false},"featured_media":2399,"comment_status":"open","ping_status":"closed","template":"","meta":{"_uag_custom_page_level_css":"","neve_meta_sidebar":"","neve_meta_container":"","neve_meta_enable_content_width":"off","neve_meta_content_width":100,"neve_meta_title_alignment":"","neve_meta_author_avatar":"","neve_post_elements_order":"","neve_meta_disable_header":"","neve_meta_disable_footer":"","neve_meta_disable_title":""},"product_brand":[],"product_cat":[47,45,53,43,55],"product_tag":[],"class_list":{"0":"post-2396","1":"product","2":"type-product","3":"status-publish","4":"has-post-thumbnail","6":"product_cat-36v-e-bike-battery","7":"product_cat-e-bike-battery","8":"product_cat-low-speed-electric-vehicle-battery","9":"product_cat-power-battery","10":"product_cat-scooter-battery","12":"first","13":"instock","14":"shipping-taxable","15":"product-type-simple"},"uagb_featured_image_src":{"full":["https:\/\/ecavix.com\/wp-content\/uploads\/2025\/07\/36V-High-Capacity-Lithium-Battery-Pack-for-Electricnics2-800-800-1.webp",550,550,false],"thumbnail":["https:\/\/ecavix.com\/wp-content\/uploads\/2025\/07\/36V-High-Capacity-Lithium-Battery-Pack-for-Electricnics2-800-800-1-150x150.webp",150,150,true],"medium":["https:\/\/ecavix.com\/wp-content\/uploads\/2025\/07\/36V-High-Capacity-Lithium-Battery-Pack-for-Electricnics2-800-800-1-300x300.webp",300,300,true],"medium_large":["https:\/\/ecavix.com\/wp-content\/uploads\/2025\/07\/36V-High-Capacity-Lithium-Battery-Pack-for-Electricnics2-800-800-1.webp",550,550,false],"large":["https:\/\/ecavix.com\/wp-content\/uploads\/2025\/07\/36V-High-Capacity-Lithium-Battery-Pack-for-Electricnics2-800-800-1.webp",550,550,false],"1536x1536":["https:\/\/ecavix.com\/wp-content\/uploads\/2025\/07\/36V-High-Capacity-Lithium-Battery-Pack-for-Electricnics2-800-800-1.webp",550,550,false],"2048x2048":["https:\/\/ecavix.com\/wp-content\/uploads\/2025\/07\/36V-High-Capacity-Lithium-Battery-Pack-for-Electricnics2-800-800-1.webp",550,550,false],"trp-custom-language-flag":["https:\/\/ecavix.com\/wp-content\/uploads\/2025\/07\/36V-High-Capacity-Lithium-Battery-Pack-for-Electricnics2-800-800-1.webp",12,12,false],"neve-blog":["https:\/\/ecavix.com\/wp-content\/uploads\/2025\/07\/36V-High-Capacity-Lithium-Battery-Pack-for-Electricnics2-800-800-1.webp",550,550,false],"woocommerce_thumbnail":["https:\/\/ecavix.com\/wp-content\/uploads\/2025\/07\/36V-High-Capacity-Lithium-Battery-Pack-for-Electricnics2-800-800-1-300x300.webp",300,300,true],"woocommerce_single":["https:\/\/ecavix.com\/wp-content\/uploads\/2025\/07\/36V-High-Capacity-Lithium-Battery-Pack-for-Electricnics2-800-800-1.webp",550,550,false],"woocommerce_gallery_thumbnail":["https:\/\/ecavix.com\/wp-content\/uploads\/2025\/07\/36V-High-Capacity-Lithium-Battery-Pack-for-Electricnics2-800-800-1-100x100.webp",100,100,true]},"uagb_author_info":{"display_name":"solvitaenergylimited@gmail.com","author_link":"https:\/\/ecavix.com\/pl\/author\/"},"uagb_comment_info":0,"uagb_excerpt":"High-performance 36V lithium-ion battery pack for solar street lamps, electric vehicles, and other applications.","_links":{"self":[{"href":"https:\/\/ecavix.com\/pl\/wp-json\/wp\/v2\/product\/2396","targetHints":{"allow":["GET"]}}],"collection":[{"href":"https:\/\/ecavix.com\/pl\/wp-json\/wp\/v2\/product"}],"about":[{"href":"https:\/\/ecavix.com\/pl\/wp-json\/wp\/v2\/types\/product"}],"replies":[{"embeddable":true,"href":"https:\/\/ecavix.com\/pl\/wp-json\/wp\/v2\/comments?post=2396"}],"wp:featuredmedia":[{"embeddable":true,"href":"https:\/\/ecavix.com\/pl\/wp-json\/wp\/v2\/media\/2399"}],"wp:attachment":[{"href":"https:\/\/ecavix.com\/pl\/wp-json\/wp\/v2\/media?parent=2396"}],"wp:term":[{"taxonomy":"product_brand","embeddable":true,"href":"https:\/\/ecavix.com\/pl\/wp-json\/wp\/v2\/product_brand?post=2396"},{"taxonomy":"product_cat","embeddable":true,"href":"https:\/\/ecavix.com\/pl\/wp-json\/wp\/v2\/product_cat?post=2396"},{"taxonomy":"product_tag","embeddable":true,"href":"https:\/\/ecavix.com\/pl\/wp-json\/wp\/v2\/product_tag?post=2396"}],"curies":[{"name":"wp","href":"https:\/\/api.w.org\/{rel}","templated":true}]}}