{"id":2385,"date":"2025-07-18T06:19:22","date_gmt":"2025-07-18T06:19:22","guid":{"rendered":"https:\/\/ecavix.com\/?post_type=product&#038;p=2385"},"modified":"2025-07-18T06:20:12","modified_gmt":"2025-07-18T06:20:12","slug":"36v-10ah-wysokonapieciowy-akumulator-litowo-jonowy-lifepo4-z-przewodami-pcb","status":"publish","type":"product","link":"https:\/\/ecavix.com\/pl\/product\/36v-10ah-high-voltage-lifepo4-lithium-li-ion-battery-with-pcb-wires\/","title":{"rendered":"Wysokonapi\u0119ciowa bateria litowo-jonowa LiFePO4 36V 10ah z przewodami PCB"},"content":{"rendered":"<br \/>\n<h1>Akumulator litowy LiFePO4 36V 10Ah<\/h1>\n<h2>Przegl\u0105d produkt\u00f3w<\/h2>\n<table>\n<tr>\n<th>Model akumulatora<\/th>\n<td>Del-3610E<\/td>\n<\/tr>\n<tr>\n<th>Napi\u0119cie nominalne<\/th>\n<td>36V<\/td>\n<\/tr>\n<tr>\n<th>Pojemno\u015b\u0107 nominalna<\/th>\n<td>10Ah<\/td>\n<\/tr>\n<tr>\n<th>Typ akumulatora<\/th>\n<td>LiFePO4 (fosforan litowo-\u017celazowy)<\/td>\n<\/tr>\n<tr>\n<th>Konfiguracja baterii<\/th>\n<td>11S3P + PCM<\/td>\n<\/tr>\n<tr>\n<th>Maksymalny pr\u0105d roz\u0142adowania<\/th>\n<td>2C (20A)<\/td>\n<\/tr>\n<tr>\n<th>Pr\u0105d \u0142adowania<\/th>\n<td>0,2C (2A), Szybkie \u0142adowanie: 0,5C (5A)<\/td>\n<\/tr>\n<tr>\n<th>Waga<\/th>\n<td>2,7 kg<\/td>\n<\/tr>\n<tr>\n<th>Wymiary<\/th>\n<td>294 mm x 83 mm x 70 mm<\/td>\n<\/tr>\n<tr>\n<th>Wewn\u0119trzny op\u00f3r<\/th>\n<td>150m\u03a9<\/td>\n<\/tr>\n<tr>\n<th>Napi\u0119cie odci\u0119cia roz\u0142adowania<\/th>\n<td>2.0 \u00b1 0.06V<\/td>\n<\/tr>\n<tr>\n<th>Napi\u0119cie ochrony \u0142adowania<\/th>\n<td>3.65 \u00b1 0.03V<\/td>\n<\/tr>\n<tr>\n<th>Temperatura pracy (roz\u0142adowania)<\/th>\n<td>-20\u00b0C do 60\u00b0C<\/td>\n<\/tr>\n<tr>\n<th>Temperatura pracy (\u0142adowanie)<\/th>\n<td>0\u00b0C do 45\u00b0C<\/td>\n<\/tr>\n<tr>\n<th>Temperatura przechowywania<\/th>\n<td>23 \u00b1 5\u00b0C<\/td>\n<\/tr>\n<tr>\n<th>Cykl \u017cycia<\/th>\n<td>800 cykli<\/td>\n<\/tr>\n<tr>\n<th>Gwarancja<\/th>\n<td>13 miesi\u0119cy<\/td>\n<\/tr>\n<tr>\n<th>Certyfikacja<\/th>\n<td>CE, RoHS, MSDS, UN38.3, FCC, KC<\/td>\n<\/tr>\n<\/table>\n<h2>Dlaczego warto wybra\u0107 nas?<\/h2>\n<ul>\n<li>Dzia\u0142amy w bran\u017cy niestandardowych akumulator\u00f3w od 2007 roku<\/li>\n<li>Bezp\u0142atne pr\u00f3bki dla zam\u00f3wie\u0144 poni\u017cej 5 USD<\/li>\n<li>Dok\u0142adne i uczciwe specyfikacje pojemno\u015bci baterii<\/li>\n<li>Wysokiej jako\u015bci systemy zarz\u0105dzania bateri\u0105 (BMS) odpowiadaj\u0105ce produktom Seiko<\/li>\n<li>Wydajno\u015b\u0107 gotowej baterii przetestowana zgodnie z normami UL, CE, KPS, KC<\/li>\n<li>Certyfikat ISO9001-2008 w zakresie zarz\u0105dzania jako\u015bci\u0105<\/li>\n<li>Bezpy\u0142owa fabryka 5S z najnowocze\u015bniejszym procesem projektowania<\/li>\n<li>Kontrola jako\u015bci 100%<\/li>\n<li>Roczna gwarancja z 10-letnim wsparciem serwisowym<\/li>\n<\/ul>\n<h2>Kluczowe cechy<\/h2>\n<div class=\"features-grid\">\n<div class=\"feature-box\">\n      <strong>Nadaj\u0105ce si\u0119 do recyklingu i przyjazne dla \u015brodowiska<\/strong><br \/>\n      Akumulator LiFePO4 nadaje si\u0119 do recyklingu i ma mniejszy wp\u0142yw na \u015brodowisko w por\u00f3wnaniu z innymi akumulatorami litowo-jonowymi.\n    <\/div>\n<div class=\"feature-box\">\n      <strong>Bezpiecze\u0144stwo i niezawodno\u015b\u0107<\/strong><br \/>\n      System BMS zapewnia ochron\u0119 przed nadmiernym roz\u0142adowaniem, prze\u0142adowaniem i zwarciem, zapewniaj\u0105c wysokie standardy bezpiecze\u0144stwa.\n    <\/div>\n<div class=\"feature-box\">\n      <strong>D\u0142uga \u017cywotno\u015b\u0107<\/strong><br \/>\n      Dzi\u0119ki 800 cyklom bateria pozostaje skuteczna przez wiele lat, zmniejszaj\u0105c potrzeb\u0119 cz\u0119stej wymiany.\n    <\/div>\n<div class=\"feature-box\">\n      <strong>Szeroka tolerancja temperatury<\/strong><br \/>\n      Dzia\u0142a zar\u00f3wno w wysokich, jak i niskich temperaturach, dzi\u0119ki czemu nadaje si\u0119 do r\u00f3\u017cnych zastosowa\u0144 zewn\u0119trznych.\n    <\/div>\n<div class=\"feature-box\">\n      <strong>Mo\u017cliwo\u015b\u0107 szybkiego \u0142adowania<\/strong><br \/>\n      Obs\u0142uguje szybkie \u0142adowanie, skracaj\u0105c czas przestoj\u00f3w mi\u0119dzy kolejnymi u\u017cyciami.\n    <\/div>\n<div class=\"feature-box\">\n      <strong>Kompaktowy i lekki<\/strong><br \/>\n      Akumulator jest lekki (2,7 kg) i kompaktowy, idealny do rower\u00f3w elektrycznych, elektronarz\u0119dzi i magazynowania energii s\u0142onecznej.\n    <\/div>\n<\/p><\/div>\n<h2>Zastosowania<\/h2>\n<ul>\n<li>Rowery elektryczne<\/li>\n<li>Systemy magazynowania energii s\u0142onecznej<\/li>\n<li>Elektronarz\u0119dzia<\/li>\n<\/ul>\n<h2>Wysy\u0142ka i pakowanie<\/h2>\n<p>Akumulator litowy LiFePO4 36V 10Ah jest bezpiecznie zapakowany w standardowe opakowanie eksportowe. Oferujemy wysy\u0142k\u0119 za po\u015brednictwem r\u00f3\u017cnych przewo\u017anik\u00f3w, takich jak DHL, UPS, FedEx lub drog\u0105 morsk\u0105 w przypadku zam\u00f3wie\u0144 hurtowych.<\/p>\n<h3>Metody wysy\u0142ki<\/h3>\n<ul>\n<li>Ma\u0142e zam\u00f3wienia: Wysy\u0142ka drog\u0105 lotnicz\u0105 (DHL, UPS, FedEx)<\/li>\n<li>Du\u017ce zam\u00f3wienia: Wysy\u0142ka drog\u0105 morsk\u0105 (czas dostawy: 30-45 dni)<\/li>\n<\/ul>","protected":false},"excerpt":{"rendered":"<p>Wysokowydajny akumulator litowy LiFePO4 36 V 10 Ah do rower\u00f3w elektrycznych, magazynowania energii s\u0142onecznej i elektronarz\u0119dzi.<\/p>","protected":false},"featured_media":2389,"comment_status":"open","ping_status":"closed","template":"","meta":{"_uag_custom_page_level_css":"","neve_meta_sidebar":"","neve_meta_container":"","neve_meta_enable_content_width":"off","neve_meta_content_width":100,"neve_meta_title_alignment":"","neve_meta_author_avatar":"","neve_post_elements_order":"","neve_meta_disable_header":"","neve_meta_disable_footer":"","neve_meta_disable_title":""},"product_brand":[],"product_cat":[53,43,55],"product_tag":[],"class_list":{"0":"post-2385","1":"product","2":"type-product","3":"status-publish","4":"has-post-thumbnail","6":"product_cat-low-speed-electric-vehicle-battery","7":"product_cat-power-battery","8":"product_cat-scooter-battery","10":"first","11":"instock","12":"shipping-taxable","13":"product-type-simple"},"uagb_featured_image_src":{"full":["https:\/\/ecavix.com\/wp-content\/uploads\/2025\/07\/36V-10ah-High-Voltage-LiFePO4-Lithium-Li-Ion-Battery-with-PCB-Wires5-800-800.webp",550,550,false],"thumbnail":["https:\/\/ecavix.com\/wp-content\/uploads\/2025\/07\/36V-10ah-High-Voltage-LiFePO4-Lithium-Li-Ion-Battery-with-PCB-Wires5-800-800-150x150.webp",150,150,true],"medium":["https:\/\/ecavix.com\/wp-content\/uploads\/2025\/07\/36V-10ah-High-Voltage-LiFePO4-Lithium-Li-Ion-Battery-with-PCB-Wires5-800-800-300x300.webp",300,300,true],"medium_large":["https:\/\/ecavix.com\/wp-content\/uploads\/2025\/07\/36V-10ah-High-Voltage-LiFePO4-Lithium-Li-Ion-Battery-with-PCB-Wires5-800-800.webp",550,550,false],"large":["https:\/\/ecavix.com\/wp-content\/uploads\/2025\/07\/36V-10ah-High-Voltage-LiFePO4-Lithium-Li-Ion-Battery-with-PCB-Wires5-800-800.webp",550,550,false],"1536x1536":["https:\/\/ecavix.com\/wp-content\/uploads\/2025\/07\/36V-10ah-High-Voltage-LiFePO4-Lithium-Li-Ion-Battery-with-PCB-Wires5-800-800.webp",550,550,false],"2048x2048":["https:\/\/ecavix.com\/wp-content\/uploads\/2025\/07\/36V-10ah-High-Voltage-LiFePO4-Lithium-Li-Ion-Battery-with-PCB-Wires5-800-800.webp",550,550,false],"trp-custom-language-flag":["https:\/\/ecavix.com\/wp-content\/uploads\/2025\/07\/36V-10ah-High-Voltage-LiFePO4-Lithium-Li-Ion-Battery-with-PCB-Wires5-800-800.webp",12,12,false],"neve-blog":["https:\/\/ecavix.com\/wp-content\/uploads\/2025\/07\/36V-10ah-High-Voltage-LiFePO4-Lithium-Li-Ion-Battery-with-PCB-Wires5-800-800.webp",550,550,false],"woocommerce_thumbnail":["https:\/\/ecavix.com\/wp-content\/uploads\/2025\/07\/36V-10ah-High-Voltage-LiFePO4-Lithium-Li-Ion-Battery-with-PCB-Wires5-800-800-300x300.webp",300,300,true],"woocommerce_single":["https:\/\/ecavix.com\/wp-content\/uploads\/2025\/07\/36V-10ah-High-Voltage-LiFePO4-Lithium-Li-Ion-Battery-with-PCB-Wires5-800-800.webp",550,550,false],"woocommerce_gallery_thumbnail":["https:\/\/ecavix.com\/wp-content\/uploads\/2025\/07\/36V-10ah-High-Voltage-LiFePO4-Lithium-Li-Ion-Battery-with-PCB-Wires5-800-800-100x100.webp",100,100,true]},"uagb_author_info":{"display_name":"solvitaenergylimited@gmail.com","author_link":"https:\/\/ecavix.com\/pl\/author\/"},"uagb_comment_info":0,"uagb_excerpt":"High-performance 36V 10Ah LiFePO4 lithium battery pack for e-bikes, solar power storage, and power tools.","_links":{"self":[{"href":"https:\/\/ecavix.com\/pl\/wp-json\/wp\/v2\/product\/2385","targetHints":{"allow":["GET"]}}],"collection":[{"href":"https:\/\/ecavix.com\/pl\/wp-json\/wp\/v2\/product"}],"about":[{"href":"https:\/\/ecavix.com\/pl\/wp-json\/wp\/v2\/types\/product"}],"replies":[{"embeddable":true,"href":"https:\/\/ecavix.com\/pl\/wp-json\/wp\/v2\/comments?post=2385"}],"wp:featuredmedia":[{"embeddable":true,"href":"https:\/\/ecavix.com\/pl\/wp-json\/wp\/v2\/media\/2389"}],"wp:attachment":[{"href":"https:\/\/ecavix.com\/pl\/wp-json\/wp\/v2\/media?parent=2385"}],"wp:term":[{"taxonomy":"product_brand","embeddable":true,"href":"https:\/\/ecavix.com\/pl\/wp-json\/wp\/v2\/product_brand?post=2385"},{"taxonomy":"product_cat","embeddable":true,"href":"https:\/\/ecavix.com\/pl\/wp-json\/wp\/v2\/product_cat?post=2385"},{"taxonomy":"product_tag","embeddable":true,"href":"https:\/\/ecavix.com\/pl\/wp-json\/wp\/v2\/product_tag?post=2385"}],"curies":[{"name":"wp","href":"https:\/\/api.w.org\/{rel}","templated":true}]}}