{"id":2380,"date":"2025-07-18T06:15:46","date_gmt":"2025-07-18T06:15:46","guid":{"rendered":"https:\/\/ecavix.com\/?post_type=product&#038;p=2380"},"modified":"2025-07-18T06:15:46","modified_gmt":"2025-07-18T06:15:46","slug":"akumulator-litowy-o-wysokiej-pojemnosci-36-v-do-urzadzen-elektronicznych","status":"publish","type":"product","link":"https:\/\/ecavix.com\/pl\/product\/36v-high-capacity-lithium-battery-pack-for-electricnics\/","title":{"rendered":"Akumulator litowy o du\u017cej pojemno\u015bci 36 V dla Electricnics"},"content":{"rendered":"<h1>Akumulator litowy 36 V, 15 Ah<\/h1>\n<h2>Przegl\u0105d produkt\u00f3w<\/h2>\n<table>\n<tr>\n<th>Model akumulatora<\/th>\n<td>DL-3615<\/td>\n<\/tr>\n<tr>\n<th>Napi\u0119cie nominalne<\/th>\n<td>36V<\/td>\n<\/tr>\n<tr>\n<th>Pojemno\u015b\u0107 nominalna<\/th>\n<td>15Ah<\/td>\n<\/tr>\n<tr>\n<th>Konfiguracja baterii<\/th>\n<td>10S6P (ogniwa 18650)<\/td>\n<\/tr>\n<tr>\n<th>Typ akumulatora<\/th>\n<td>Li-ion (litowo-jonowy)<\/td>\n<\/tr>\n<tr>\n<th>Napi\u0119cie \u0142adowania<\/th>\n<td>42V<\/td>\n<\/tr>\n<tr>\n<th>Napi\u0119cie odci\u0119cia roz\u0142adowania<\/th>\n<td>25V<\/td>\n<\/tr>\n<tr>\n<th>Pr\u0105d \u0142adowania<\/th>\n<td>3A<\/td>\n<\/tr>\n<tr>\n<th>Ci\u0105g\u0142y pr\u0105d roz\u0142adowania<\/th>\n<td>15A-20A<\/td>\n<\/tr>\n<tr>\n<th>Waga<\/th>\n<td>2,812 kg<\/td>\n<\/tr>\n<tr>\n<th>Wymiary<\/th>\n<td>196 mm x 115 mm x 67 mm<\/td>\n<\/tr>\n<tr>\n<th>Impedancja<\/th>\n<td>\u2264 150 m\u03a9<\/td>\n<\/tr>\n<tr>\n<th>Temperatura pracy (\u0142adowanie)<\/th>\n<td>0\u00b0C ~ 45\u00b0C<\/td>\n<\/tr>\n<tr>\n<th>Temperatura pracy (roz\u0142adowania)<\/th>\n<td>-10\u00b0C ~ 60\u00b0C<\/td>\n<\/tr>\n<tr>\n<th>Temperatura przechowywania<\/th>\n<td>-20\u00b0C ~ 45\u00b0C<\/td>\n<\/tr>\n<tr>\n<th>Cykl \u017cycia<\/th>\n<td>500 cykli<\/td>\n<\/tr>\n<tr>\n<th>Gwarancja<\/th>\n<td>1 rok<\/td>\n<\/tr>\n<tr>\n<th>Certyfikacja<\/th>\n<td>CE, RoHS, MSDS, UN38.3, FCC, SGS<\/td>\n<\/tr>\n<\/table>\n<h2>Kluczowe cechy<\/h2>\n<div class=\"features-grid\">\n<div class=\"feature-box\">\n      <strong>Przyjazny dla \u015brodowiska<\/strong><br \/>\n      Bateria nie zawiera szkodliwych substancji chemicznych, takich jak rt\u0119\u0107 i o\u0142\u00f3w.\n    <\/div>\n<div class=\"feature-box\">\n      <strong>Wysoka g\u0119sto\u015b\u0107 energii<\/strong><br \/>\n      Kompaktowy i lekki, a jednocze\u015bnie zapewniaj\u0105cy wysok\u0105 pojemno\u015b\u0107 energetyczn\u0105.\n    <\/div>\n<div class=\"feature-box\">\n      <strong>D\u0142uga \u017cywotno\u015b\u0107<\/strong><br \/>\n      Ponad 500 cykli \u0142adowania i roz\u0142adowania przy zachowaniu pojemno\u015bci powy\u017cej 951 TP3T.\n    <\/div>\n<div class=\"feature-box\">\n      <strong>Ochrona BMS<\/strong><br \/>\n      Wbudowany system zarz\u0105dzania bateri\u0105 chroni\u0105cy przed prze\u0142adowaniem, nadmiernym roz\u0142adowaniem, przet\u0119\u017ceniem i zwarciem.\n    <\/div>\n<div class=\"feature-box\">\n      <strong>Szeroki zakres temperatur<\/strong><br \/>\n      Dzia\u0142a w temperaturach od -10\u00b0C do 60\u00b0C podczas roz\u0142adowywania.\n    <\/div>\n<div class=\"feature-box\">\n      <strong>Bezpiecze\u0144stwo i niezawodno\u015b\u0107<\/strong><br \/>\n      Ogniwa klasy A 18650 z wbudowanym zabezpieczeniem zapewniaj\u0105 wysokie bezpiecze\u0144stwo i niezawodno\u015b\u0107.\n    <\/div>\n<\/p><\/div>\n<h2>Zastosowania<\/h2>\n<ul>\n<li>S\u0142oneczne latarnie uliczne<\/li>\n<li>Systemy zasilania energi\u0105 s\u0142oneczn\u0105<\/li>\n<li>Elektronarz\u0119dzia<\/li>\n<li>Pojazdy zdalnie sterowane (samochody, \u0142odzie, samoloty)<\/li>\n<\/ul>\n<h2>Wysy\u0142ka i pakowanie<\/h2>\n<p>Akumulator litowo-jonowy DL-3615 36 V 15 Ah jest bezpiecznie zapakowany w piank\u0119 EPE Pearl Cotton i grube kartony. Dost\u0119pne metody wysy\u0142ki obejmuj\u0105 transport lotniczy (DHL, UPS, FedEx) oraz transport morski w przypadku wi\u0119kszych zam\u00f3wie\u0144.<\/p>\n<h3>Metody wysy\u0142ki<\/h3>\n<ul>\n<li>Ma\u0142e zam\u00f3wienia: Wysy\u0142ka drog\u0105 lotnicz\u0105 (DHL, UPS, FedEx)<\/li>\n<li>Du\u017ce zam\u00f3wienia: Wysy\u0142ka drog\u0105 morsk\u0105 (czas dostawy: 30-45 dni)<\/li>\n<\/ul>","protected":false},"excerpt":{"rendered":"<p>Wysokowydajny akumulator litowo-jonowy 36 V 15 Ah do s\u0142up\u00f3w o\u015bwietlenia ulicznego zasilanego energi\u0105 s\u0142oneczn\u0105, elektronarz\u0119dzi i pojazd\u00f3w zdalnie sterowanych.<\/p>","protected":false},"featured_media":2384,"comment_status":"open","ping_status":"closed","template":"","meta":{"_uag_custom_page_level_css":"","neve_meta_sidebar":"","neve_meta_container":"","neve_meta_enable_content_width":"off","neve_meta_content_width":100,"neve_meta_title_alignment":"","neve_meta_author_avatar":"","neve_post_elements_order":"","neve_meta_disable_header":"","neve_meta_disable_footer":"","neve_meta_disable_title":""},"product_brand":[],"product_cat":[53,43,55],"product_tag":[],"class_list":{"0":"post-2380","1":"product","2":"type-product","3":"status-publish","4":"has-post-thumbnail","6":"product_cat-low-speed-electric-vehicle-battery","7":"product_cat-power-battery","8":"product_cat-scooter-battery","10":"first","11":"instock","12":"shipping-taxable","13":"product-type-simple"},"uagb_featured_image_src":{"full":["https:\/\/ecavix.com\/wp-content\/uploads\/2025\/07\/36V-High-Capacity-Lithium-Battery-Pack-for-Electricnics3-800-800.webp",550,550,false],"thumbnail":["https:\/\/ecavix.com\/wp-content\/uploads\/2025\/07\/36V-High-Capacity-Lithium-Battery-Pack-for-Electricnics3-800-800-150x150.webp",150,150,true],"medium":["https:\/\/ecavix.com\/wp-content\/uploads\/2025\/07\/36V-High-Capacity-Lithium-Battery-Pack-for-Electricnics3-800-800-300x300.webp",300,300,true],"medium_large":["https:\/\/ecavix.com\/wp-content\/uploads\/2025\/07\/36V-High-Capacity-Lithium-Battery-Pack-for-Electricnics3-800-800.webp",550,550,false],"large":["https:\/\/ecavix.com\/wp-content\/uploads\/2025\/07\/36V-High-Capacity-Lithium-Battery-Pack-for-Electricnics3-800-800.webp",550,550,false],"1536x1536":["https:\/\/ecavix.com\/wp-content\/uploads\/2025\/07\/36V-High-Capacity-Lithium-Battery-Pack-for-Electricnics3-800-800.webp",550,550,false],"2048x2048":["https:\/\/ecavix.com\/wp-content\/uploads\/2025\/07\/36V-High-Capacity-Lithium-Battery-Pack-for-Electricnics3-800-800.webp",550,550,false],"trp-custom-language-flag":["https:\/\/ecavix.com\/wp-content\/uploads\/2025\/07\/36V-High-Capacity-Lithium-Battery-Pack-for-Electricnics3-800-800.webp",12,12,false],"neve-blog":["https:\/\/ecavix.com\/wp-content\/uploads\/2025\/07\/36V-High-Capacity-Lithium-Battery-Pack-for-Electricnics3-800-800.webp",550,550,false],"woocommerce_thumbnail":["https:\/\/ecavix.com\/wp-content\/uploads\/2025\/07\/36V-High-Capacity-Lithium-Battery-Pack-for-Electricnics3-800-800-300x300.webp",300,300,true],"woocommerce_single":["https:\/\/ecavix.com\/wp-content\/uploads\/2025\/07\/36V-High-Capacity-Lithium-Battery-Pack-for-Electricnics3-800-800.webp",550,550,false],"woocommerce_gallery_thumbnail":["https:\/\/ecavix.com\/wp-content\/uploads\/2025\/07\/36V-High-Capacity-Lithium-Battery-Pack-for-Electricnics3-800-800-100x100.webp",100,100,true]},"uagb_author_info":{"display_name":"solvitaenergylimited@gmail.com","author_link":"https:\/\/ecavix.com\/pl\/author\/"},"uagb_comment_info":0,"uagb_excerpt":"High-performance 36V 15Ah lithium-ion battery pack for solar street lights, power tools, and remote control vehicles.","_links":{"self":[{"href":"https:\/\/ecavix.com\/pl\/wp-json\/wp\/v2\/product\/2380","targetHints":{"allow":["GET"]}}],"collection":[{"href":"https:\/\/ecavix.com\/pl\/wp-json\/wp\/v2\/product"}],"about":[{"href":"https:\/\/ecavix.com\/pl\/wp-json\/wp\/v2\/types\/product"}],"replies":[{"embeddable":true,"href":"https:\/\/ecavix.com\/pl\/wp-json\/wp\/v2\/comments?post=2380"}],"wp:featuredmedia":[{"embeddable":true,"href":"https:\/\/ecavix.com\/pl\/wp-json\/wp\/v2\/media\/2384"}],"wp:attachment":[{"href":"https:\/\/ecavix.com\/pl\/wp-json\/wp\/v2\/media?parent=2380"}],"wp:term":[{"taxonomy":"product_brand","embeddable":true,"href":"https:\/\/ecavix.com\/pl\/wp-json\/wp\/v2\/product_brand?post=2380"},{"taxonomy":"product_cat","embeddable":true,"href":"https:\/\/ecavix.com\/pl\/wp-json\/wp\/v2\/product_cat?post=2380"},{"taxonomy":"product_tag","embeddable":true,"href":"https:\/\/ecavix.com\/pl\/wp-json\/wp\/v2\/product_tag?post=2380"}],"curies":[{"name":"wp","href":"https:\/\/api.w.org\/{rel}","templated":true}]}}