{"id":2372,"date":"2025-07-18T06:05:42","date_gmt":"2025-07-18T06:05:42","guid":{"rendered":"https:\/\/ecavix.com\/?post_type=product&#038;p=2372"},"modified":"2025-07-18T06:06:04","modified_gmt":"2025-07-18T06:06:04","slug":"18650-ogniw-marki-36v10ah-akumulator-litowo-jonowy-do-roweru-elektrycznego","status":"publish","type":"product","link":"https:\/\/ecavix.com\/pl\/product\/18650-brand-cells-36v10ah-lithium-ion-battery-pack-for-ebike\/","title":{"rendered":"18650 Markowe ogniwa 36V10ah Akumulator litowo-jonowy do roweru elektrycznego"},"content":{"rendered":"<br \/>\n<h1>Akumulator litowo-jonowy 36 V 10 Ah do rower\u00f3w elektrycznych<\/h1>\n<h2>Przegl\u0105d produkt\u00f3w<\/h2>\n<table>\n<tr>\n<th>Model akumulatora<\/th>\n<td>Del-3610P<\/td>\n<\/tr>\n<tr>\n<th>Napi\u0119cie nominalne<\/th>\n<td>36V<\/td>\n<\/tr>\n<tr>\n<th>Pojemno\u015b\u0107 nominalna<\/th>\n<td>10Ah<\/td>\n<\/tr>\n<tr>\n<th>Konfiguracja baterii<\/th>\n<td>10S5P (ogniwa 18650)<\/td>\n<\/tr>\n<tr>\n<th>Typ akumulatora<\/th>\n<td>Li-ion (litowo-jonowy)<\/td>\n<\/tr>\n<tr>\n<th>Standardowe napi\u0119cie \u0142adowania<\/th>\n<td>42V \u00b1 0.05V<\/td>\n<\/tr>\n<tr>\n<th>Standardowe napi\u0119cie roz\u0142adowania<\/th>\n<td>30V \u00b1 0.05V<\/td>\n<\/tr>\n<tr>\n<th>Standardowy pr\u0105d \u0142adowania<\/th>\n<td>0.5C<\/td>\n<\/tr>\n<tr>\n<th>Maksymalny pr\u0105d \u0142adowania<\/th>\n<td>&lt;5A (regulowany)<\/td>\n<\/tr>\n<tr>\n<th>Maksymalny pr\u0105d roz\u0142adowania<\/th>\n<td>&lt;15A (regulowany)<\/td>\n<\/tr>\n<tr>\n<th>Maksymalny impulsowy pr\u0105d roz\u0142adowania<\/th>\n<td>\u2264 35A (regulowany)<\/td>\n<\/tr>\n<tr>\n<th>Waga<\/th>\n<td>2,5 kg<\/td>\n<\/tr>\n<tr>\n<th>Wymiary<\/th>\n<td>495 mm x 70 mm x 38 mm<\/td>\n<\/tr>\n<tr>\n<th>Impedancja<\/th>\n<td>\u2264 150 m\u03a9<\/td>\n<\/tr>\n<tr>\n<th>Temperatura pracy (\u0142adowanie)<\/th>\n<td>0\u00b0C ~ 45\u00b0C<\/td>\n<\/tr>\n<tr>\n<th>Temperatura pracy (roz\u0142adowania)<\/th>\n<td>-20\u00b0C ~ 60\u00b0C<\/td>\n<\/tr>\n<tr>\n<th>Temperatura przechowywania<\/th>\n<td>-20\u00b0C ~ 40\u00b0C (przez 3 miesi\u0105ce)<\/td>\n<\/tr>\n<tr>\n<th>Cykl \u017cycia<\/th>\n<td>1000 cykli<\/td>\n<\/tr>\n<tr>\n<th>Gwarancja<\/th>\n<td>1 rok<\/td>\n<\/tr>\n<tr>\n<th>Certyfikacja<\/th>\n<td>CE, RoHS, MSDS, UN38.3, FCC<\/td>\n<\/tr>\n<\/table>\n<h2>Kluczowe cechy<\/h2>\n<div class=\"features-grid\">\n<div class=\"feature-box\">\n      <strong>D\u0142uga \u017cywotno\u015b\u0107<\/strong><br \/>\n      Obs\u0142uguje do 1000 cykli \u0142adowania przy minimalnej utracie pojemno\u015bci.\n    <\/div>\n<div class=\"feature-box\">\n      <strong>Regulowane pr\u0105dy roz\u0142adowania<\/strong><br \/>\n      Dostosuj szybko\u015b\u0107 roz\u0142adowania do r\u00f3\u017cnych zastosowa\u0144, zapewniaj\u0105c lepsz\u0105 efektywno\u015b\u0107 i wydajno\u015b\u0107.\n    <\/div>\n<div class=\"feature-box\">\n      <strong>Wbudowana ochrona BMS<\/strong><br \/>\n      Chroni akumulator przed prze\u0142adowaniem, nadmiernym roz\u0142adowaniem i zwarciem.\n    <\/div>\n<div class=\"feature-box\">\n      <strong>Szeroki zakres temperatur pracy<\/strong><br \/>\n      Dzia\u0142a p\u0142ynnie w temperaturach od -20\u00b0C do 60\u00b0C podczas roz\u0142adowywania.\n    <\/div>\n<\/p><\/div>\n<h2>Zastosowania<\/h2>\n<ul>\n<li>Rowery elektryczne<\/li>\n<li>Skutery elektryczne<\/li>\n<li>Pojazdy elektryczne<\/li>\n<li>Przeno\u015bne systemy magazynowania energii<\/li>\n<\/ul>\n<h2>Wysy\u0142ka i pakowanie<\/h2>\n<p>Akumulator Del-3610P 36V 10Ah jest pakowany w standardowe pude\u0142ka eksportowe z piank\u0105 ochronn\u0105, aby zapewni\u0107 bezpieczn\u0105 dostaw\u0119. Oferujemy wysy\u0142k\u0119 drog\u0105 lotnicz\u0105 (DHL, UPS, FedEx) w przypadku ma\u0142ych zam\u00f3wie\u0144 lub drog\u0105 morsk\u0105 w przypadku wi\u0119kszych ilo\u015bci.<\/p>\n<h3>Metody wysy\u0142ki<\/h3>\n<ul>\n<li>Ma\u0142e zam\u00f3wienia: Wysy\u0142ka drog\u0105 lotnicz\u0105 (DHL, UPS, FedEx)<\/li>\n<li>Du\u017ce zam\u00f3wienia: Wysy\u0142ka drog\u0105 morsk\u0105 (czas dostawy: 30-45 dni)<\/li>\n<\/ul>","protected":false},"excerpt":{"rendered":"<p>Wydajny akumulator litowo-jonowy 36 V 10 Ah do rower\u00f3w elektrycznych. D\u0142uga \u017cywotno\u015b\u0107, regulowane pr\u0105dy roz\u0142adowania i bezpieczna ochrona BMS.<\/p>","protected":false},"featured_media":2374,"comment_status":"open","ping_status":"closed","template":"","meta":{"_uag_custom_page_level_css":"","neve_meta_sidebar":"","neve_meta_container":"","neve_meta_enable_content_width":"off","neve_meta_content_width":100,"neve_meta_title_alignment":"","neve_meta_author_avatar":"","neve_post_elements_order":"","neve_meta_disable_header":"","neve_meta_disable_footer":"","neve_meta_disable_title":""},"product_brand":[],"product_cat":[53,43,55],"product_tag":[64,67,69,68,66],"class_list":{"0":"post-2372","1":"product","2":"type-product","3":"status-publish","4":"has-post-thumbnail","6":"product_cat-low-speed-electric-vehicle-battery","7":"product_cat-power-battery","8":"product_cat-scooter-battery","9":"product_tag-battery","10":"product_tag-eco","11":"product_tag-energy","12":"product_tag-green","13":"product_tag-scooter-battery","15":"first","16":"instock","17":"shipping-taxable","18":"product-type-simple"},"uagb_featured_image_src":{"full":["https:\/\/ecavix.com\/wp-content\/uploads\/2025\/07\/18650-Brand-Cells-36V10ah-Lithium-Ion-Battery-Pack-for-Ebike0-800-800.webp",550,411,false],"thumbnail":["https:\/\/ecavix.com\/wp-content\/uploads\/2025\/07\/18650-Brand-Cells-36V10ah-Lithium-Ion-Battery-Pack-for-Ebike0-800-800-150x150.webp",150,150,true],"medium":["https:\/\/ecavix.com\/wp-content\/uploads\/2025\/07\/18650-Brand-Cells-36V10ah-Lithium-Ion-Battery-Pack-for-Ebike0-800-800-300x224.webp",300,224,true],"medium_large":["https:\/\/ecavix.com\/wp-content\/uploads\/2025\/07\/18650-Brand-Cells-36V10ah-Lithium-Ion-Battery-Pack-for-Ebike0-800-800.webp",550,411,false],"large":["https:\/\/ecavix.com\/wp-content\/uploads\/2025\/07\/18650-Brand-Cells-36V10ah-Lithium-Ion-Battery-Pack-for-Ebike0-800-800.webp",550,411,false],"1536x1536":["https:\/\/ecavix.com\/wp-content\/uploads\/2025\/07\/18650-Brand-Cells-36V10ah-Lithium-Ion-Battery-Pack-for-Ebike0-800-800.webp",550,411,false],"2048x2048":["https:\/\/ecavix.com\/wp-content\/uploads\/2025\/07\/18650-Brand-Cells-36V10ah-Lithium-Ion-Battery-Pack-for-Ebike0-800-800.webp",550,411,false],"trp-custom-language-flag":["https:\/\/ecavix.com\/wp-content\/uploads\/2025\/07\/18650-Brand-Cells-36V10ah-Lithium-Ion-Battery-Pack-for-Ebike0-800-800.webp",16,12,false],"neve-blog":["https:\/\/ecavix.com\/wp-content\/uploads\/2025\/07\/18650-Brand-Cells-36V10ah-Lithium-Ion-Battery-Pack-for-Ebike0-800-800.webp",550,411,false],"woocommerce_thumbnail":["https:\/\/ecavix.com\/wp-content\/uploads\/2025\/07\/18650-Brand-Cells-36V10ah-Lithium-Ion-Battery-Pack-for-Ebike0-800-800-300x300.webp",300,300,true],"woocommerce_single":["https:\/\/ecavix.com\/wp-content\/uploads\/2025\/07\/18650-Brand-Cells-36V10ah-Lithium-Ion-Battery-Pack-for-Ebike0-800-800.webp",550,411,false],"woocommerce_gallery_thumbnail":["https:\/\/ecavix.com\/wp-content\/uploads\/2025\/07\/18650-Brand-Cells-36V10ah-Lithium-Ion-Battery-Pack-for-Ebike0-800-800-100x100.webp",100,100,true]},"uagb_author_info":{"display_name":"solvitaenergylimited@gmail.com","author_link":"https:\/\/ecavix.com\/pl\/author\/"},"uagb_comment_info":0,"uagb_excerpt":"High-performance 36V 10Ah lithium-ion battery pack for electric bikes. Long cycle life, adjustable discharge currents, and safe BMS protection.","_links":{"self":[{"href":"https:\/\/ecavix.com\/pl\/wp-json\/wp\/v2\/product\/2372","targetHints":{"allow":["GET"]}}],"collection":[{"href":"https:\/\/ecavix.com\/pl\/wp-json\/wp\/v2\/product"}],"about":[{"href":"https:\/\/ecavix.com\/pl\/wp-json\/wp\/v2\/types\/product"}],"replies":[{"embeddable":true,"href":"https:\/\/ecavix.com\/pl\/wp-json\/wp\/v2\/comments?post=2372"}],"wp:featuredmedia":[{"embeddable":true,"href":"https:\/\/ecavix.com\/pl\/wp-json\/wp\/v2\/media\/2374"}],"wp:attachment":[{"href":"https:\/\/ecavix.com\/pl\/wp-json\/wp\/v2\/media?parent=2372"}],"wp:term":[{"taxonomy":"product_brand","embeddable":true,"href":"https:\/\/ecavix.com\/pl\/wp-json\/wp\/v2\/product_brand?post=2372"},{"taxonomy":"product_cat","embeddable":true,"href":"https:\/\/ecavix.com\/pl\/wp-json\/wp\/v2\/product_cat?post=2372"},{"taxonomy":"product_tag","embeddable":true,"href":"https:\/\/ecavix.com\/pl\/wp-json\/wp\/v2\/product_tag?post=2372"}],"curies":[{"name":"wp","href":"https:\/\/api.w.org\/{rel}","templated":true}]}}