{"id":2362,"date":"2025-07-18T05:53:25","date_gmt":"2025-07-18T05:53:25","guid":{"rendered":"https:\/\/ecavix.com\/?post_type=product&#038;p=2362"},"modified":"2025-07-18T05:53:26","modified_gmt":"2025-07-18T05:53:26","slug":"akumulator-litowo-jonowy-do-hulajnogi-elektrycznej-36-v-105-ah","status":"publish","type":"product","link":"https:\/\/ecavix.com\/pl\/product\/36v-10-5ah-lithium-ion-electric-scooter-battery-pack\/","title":{"rendered":"Akumulator litowo-jonowy 36 V 10,5 Ah do hulajnogi elektrycznej"},"content":{"rendered":"<br \/>\n<h1>Akumulator litowo-jonowy 36 V 10,5 Ah do rower\u00f3w elektrycznych (DL-3610\/10S3P)<\/h1>\n<h2>Przegl\u0105d produkt\u00f3w<\/h2>\n<table>\n<tr>\n<th>Model akumulatora<\/th>\n<td>DL-3610\/10S3P<\/td>\n<\/tr>\n<tr>\n<th>Napi\u0119cie nominalne<\/th>\n<td>36V<\/td>\n<\/tr>\n<tr>\n<th>Pojemno\u015b\u0107 nominalna<\/th>\n<td>10,5 Ah<\/td>\n<\/tr>\n<tr>\n<th>Typ akumulatora<\/th>\n<td>Zestaw baterii litowych 18650<\/td>\n<\/tr>\n<tr>\n<th>Konfiguracja baterii<\/th>\n<td>10S3P<\/td>\n<\/tr>\n<tr>\n<th>Rozmiar baterii<\/th>\n<td>125 x 107 x 70 mm<\/td>\n<\/tr>\n<tr>\n<th>Waga<\/th>\n<td>1,6 kg<\/td>\n<\/tr>\n<tr>\n<th>Napi\u0119cie \u0142adowania<\/th>\n<td>42V<\/td>\n<\/tr>\n<tr>\n<th>Napi\u0119cie odci\u0119cia roz\u0142adowania<\/th>\n<td>28 V<\/td>\n<\/tr>\n<tr>\n<th>Standardowy pr\u0105d \u0142adowania<\/th>\n<td>2A<\/td>\n<\/tr>\n<tr>\n<th>Ci\u0105g\u0142y pr\u0105d roz\u0142adowania<\/th>\n<td>20A<\/td>\n<\/tr>\n<tr>\n<th>Szczytowy pr\u0105d roz\u0142adowania<\/th>\n<td>60A<\/td>\n<\/tr>\n<tr>\n<th>Metoda \u0142adowania<\/th>\n<td>CC\/CV<\/td>\n<\/tr>\n<tr>\n<th>Cykl \u017cycia<\/th>\n<td>500 razy<\/td>\n<\/tr>\n<tr>\n<th>Gwarancja<\/th>\n<td>12 miesi\u0119cy<\/td>\n<\/tr>\n<tr>\n<th>Temperatura \u0142adowania<\/th>\n<td>0~45\u00baC<\/td>\n<\/tr>\n<tr>\n<th>Temperatura roz\u0142adowania<\/th>\n<td>-20~60\u00baC<\/td>\n<\/tr>\n<tr>\n<th>Ochrona BMS<\/th>\n<td>Prze\u0142adowanie, nadmierne roz\u0142adowanie, przet\u0119\u017cenie, zwarcie<\/td>\n<\/tr>\n<\/table>\n<h2>Kluczowe cechy<\/h2>\n<div class=\"features-grid\">\n<div class=\"feature-box\">\n      <strong>Wysoka g\u0119sto\u015b\u0107 energii<\/strong><br \/>\n      Zapewnia niezawodne zasilanie i d\u0142ugotrwa\u0142\u0105 wydajno\u015b\u0107 dla rower\u00f3w elektrycznych.\n    <\/div>\n<div class=\"feature-box\">\n      <strong>Wbudowana ochrona BMS<\/strong><br \/>\n      Zapewnia bezpiecze\u0144stwo dzi\u0119ki zabezpieczeniu przed prze\u0142adowaniem, nadmiernym roz\u0142adowaniem i zwarciem.\n    <\/div>\n<div class=\"feature-box\">\n      <strong>Lekki i kompaktowy<\/strong><br \/>\n      Wa\u017c\u0105cy zaledwie 1,6 kg, kompaktowy rozmiar sprawia, \u017ce \u0142atwo dopasowa\u0107 go do r\u00f3\u017cnych modeli rower\u00f3w elektrycznych.\n    <\/div>\n<div class=\"feature-box\">\n      <strong>D\u0142uga \u017cywotno\u015b\u0107<\/strong><br \/>\n      Do 500 cykli \u0142adowania zapewniaj\u0105cych niezawodn\u0105 d\u0142ugotrwa\u0142\u0105 wydajno\u015b\u0107.\n    <\/div>\n<div class=\"feature-box\">\n      <strong>Przyjazny dla \u015brodowiska<\/strong><br \/>\n      Bezpieczne i nietoksyczne materia\u0142y zapewniaj\u0105 minimalny wp\u0142yw na \u015brodowisko.\n    <\/div>\n<div class=\"feature-box\">\n      <strong>Brak efektu pami\u0119ci<\/strong><br \/>\n      Mo\u017cna \u0142adowa\u0107 w dowolnym momencie bez zmniejszania pojemno\u015bci baterii.\n    <\/div>\n<\/p><\/div>\n<h2>Zastosowania<\/h2>\n<ul>\n<li>Rowery elektryczne<\/li>\n<li>Skutery elektryczne<\/li>\n<li>Pojazdy elektryczne (EV)<\/li>\n<li>Pojazdy zdalnie sterowane<\/li>\n<li>Zasilanie awaryjne i mobilne \u017ar\u00f3d\u0142o zasilania<\/li>\n<\/ul>\n<h2>Zalety<\/h2>\n<ul>\n<li>Kompaktowy i lekki, co u\u0142atwia integracj\u0119 z konstrukcj\u0105 rower\u00f3w elektrycznych.<\/li>\n<li>Wysoka wydajno\u015b\u0107 przy ci\u0105g\u0142ym pr\u0105dzie roz\u0142adowania wynosz\u0105cym 20 A.<\/li>\n<li>Przyjazny dla \u015brodowiska, o d\u0142ugim cyklu \u017cycia wynosz\u0105cym 500 cykli \u0142adowania.<\/li>\n<li>Zapewnia doskona\u0142\u0105 sp\u00f3jno\u015b\u0107 pod wzgl\u0119dem pojemno\u015bci, napi\u0119cia i rezystancji.<\/li>\n<li>Bezpieczna praca dzi\u0119ki wbudowanej ochronie BMS przed prze\u0142adowaniem, nadmiernym roz\u0142adowaniem i zwarciem.<\/li>\n<\/ul>\n<h2>Pakowanie i wysy\u0142ka<\/h2>\n<p>Akumulator litowo-jonowy 36 V 10,5 Ah jest zapakowany w standardowy karton eksportowy z piankow\u0105 wy\u015bci\u00f3\u0142k\u0105 zabezpieczaj\u0105c\u0105, aby zapewni\u0107 bezpieczn\u0105 dostaw\u0119. Wszystkie urz\u0105dzenia przed wysy\u0142k\u0105 przechodz\u0105 dok\u0142adne testy kontroli jako\u015bci.<\/p>\n<h3>Metody wysy\u0142ki<\/h3>\n<ul>\n<li>Ma\u0142e zam\u00f3wienia: Wysy\u0142ka drog\u0105 lotnicz\u0105 (DHL, FedEx, UPS)<\/li>\n<li>Du\u017ce zam\u00f3wienia: Wysy\u0142ka drog\u0105 morsk\u0105 (czas dostawy: 30-45 dni)<\/li>\n<\/ul>","protected":false},"excerpt":{"rendered":"<p>Akumulator litowo-jonowy 36 V 10,5 Ah do rower\u00f3w elektrycznych, charakteryzuj\u0105cy si\u0119 wysok\u0105 g\u0119sto\u015bci\u0105 energii, d\u0142ug\u0105 \u017cywotno\u015bci\u0105 i wbudowanym systemem BMS zapewniaj\u0105cym bezpiecze\u0144stwo.<\/p>","protected":false},"featured_media":2177,"comment_status":"open","ping_status":"closed","template":"","meta":{"_uag_custom_page_level_css":"","neve_meta_sidebar":"","neve_meta_container":"","neve_meta_enable_content_width":"off","neve_meta_content_width":100,"neve_meta_title_alignment":"","neve_meta_author_avatar":"","neve_post_elements_order":"","neve_meta_disable_header":"","neve_meta_disable_footer":"","neve_meta_disable_title":""},"product_brand":[],"product_cat":[53,43,55],"product_tag":[],"class_list":{"0":"post-2362","1":"product","2":"type-product","3":"status-publish","4":"has-post-thumbnail","6":"product_cat-low-speed-electric-vehicle-battery","7":"product_cat-power-battery","8":"product_cat-scooter-battery","10":"first","11":"instock","12":"shipping-taxable","13":"product-type-simple"},"uagb_featured_image_src":{"full":["https:\/\/ecavix.com\/wp-content\/uploads\/2025\/07\/Customized-24V-Li-Ion-Battery-Pack-for-Electric-Bike1-800-800.webp",550,550,false],"thumbnail":["https:\/\/ecavix.com\/wp-content\/uploads\/2025\/07\/Customized-24V-Li-Ion-Battery-Pack-for-Electric-Bike1-800-800-150x150.webp",150,150,true],"medium":["https:\/\/ecavix.com\/wp-content\/uploads\/2025\/07\/Customized-24V-Li-Ion-Battery-Pack-for-Electric-Bike1-800-800-300x300.webp",300,300,true],"medium_large":["https:\/\/ecavix.com\/wp-content\/uploads\/2025\/07\/Customized-24V-Li-Ion-Battery-Pack-for-Electric-Bike1-800-800.webp",550,550,false],"large":["https:\/\/ecavix.com\/wp-content\/uploads\/2025\/07\/Customized-24V-Li-Ion-Battery-Pack-for-Electric-Bike1-800-800.webp",550,550,false],"1536x1536":["https:\/\/ecavix.com\/wp-content\/uploads\/2025\/07\/Customized-24V-Li-Ion-Battery-Pack-for-Electric-Bike1-800-800.webp",550,550,false],"2048x2048":["https:\/\/ecavix.com\/wp-content\/uploads\/2025\/07\/Customized-24V-Li-Ion-Battery-Pack-for-Electric-Bike1-800-800.webp",550,550,false],"trp-custom-language-flag":["https:\/\/ecavix.com\/wp-content\/uploads\/2025\/07\/Customized-24V-Li-Ion-Battery-Pack-for-Electric-Bike1-800-800.webp",12,12,false],"neve-blog":["https:\/\/ecavix.com\/wp-content\/uploads\/2025\/07\/Customized-24V-Li-Ion-Battery-Pack-for-Electric-Bike1-800-800.webp",550,550,false],"woocommerce_thumbnail":["https:\/\/ecavix.com\/wp-content\/uploads\/2025\/07\/Customized-24V-Li-Ion-Battery-Pack-for-Electric-Bike1-800-800-300x300.webp",300,300,true],"woocommerce_single":["https:\/\/ecavix.com\/wp-content\/uploads\/2025\/07\/Customized-24V-Li-Ion-Battery-Pack-for-Electric-Bike1-800-800.webp",550,550,false],"woocommerce_gallery_thumbnail":["https:\/\/ecavix.com\/wp-content\/uploads\/2025\/07\/Customized-24V-Li-Ion-Battery-Pack-for-Electric-Bike1-800-800-100x100.webp",100,100,true]},"uagb_author_info":{"display_name":"solvitaenergylimited@gmail.com","author_link":"https:\/\/ecavix.com\/pl\/author\/"},"uagb_comment_info":0,"uagb_excerpt":"36V 10.5Ah rechargeable lithium-ion battery pack for electric bicycles, featuring high energy density, long cycle life, and built-in BMS for safety.","_links":{"self":[{"href":"https:\/\/ecavix.com\/pl\/wp-json\/wp\/v2\/product\/2362","targetHints":{"allow":["GET"]}}],"collection":[{"href":"https:\/\/ecavix.com\/pl\/wp-json\/wp\/v2\/product"}],"about":[{"href":"https:\/\/ecavix.com\/pl\/wp-json\/wp\/v2\/types\/product"}],"replies":[{"embeddable":true,"href":"https:\/\/ecavix.com\/pl\/wp-json\/wp\/v2\/comments?post=2362"}],"wp:featuredmedia":[{"embeddable":true,"href":"https:\/\/ecavix.com\/pl\/wp-json\/wp\/v2\/media\/2177"}],"wp:attachment":[{"href":"https:\/\/ecavix.com\/pl\/wp-json\/wp\/v2\/media?parent=2362"}],"wp:term":[{"taxonomy":"product_brand","embeddable":true,"href":"https:\/\/ecavix.com\/pl\/wp-json\/wp\/v2\/product_brand?post=2362"},{"taxonomy":"product_cat","embeddable":true,"href":"https:\/\/ecavix.com\/pl\/wp-json\/wp\/v2\/product_cat?post=2362"},{"taxonomy":"product_tag","embeddable":true,"href":"https:\/\/ecavix.com\/pl\/wp-json\/wp\/v2\/product_tag?post=2362"}],"curies":[{"name":"wp","href":"https:\/\/api.w.org\/{rel}","templated":true}]}}