{"id":2357,"date":"2025-07-18T05:47:11","date_gmt":"2025-07-18T05:47:11","guid":{"rendered":"https:\/\/ecavix.com\/?post_type=product&#038;p=2357"},"modified":"2025-07-18T05:47:11","modified_gmt":"2025-07-18T05:47:11","slug":"akumulator-litowo-jonowy-18650-10ah-36v-do-roweru-elektrycznego","status":"publish","type":"product","link":"https:\/\/ecavix.com\/pl\/product\/18650-brand-cell-10ah-36v-lithium-ion-battery-pack-for-ebike\/","title":{"rendered":"18650 Markowy akumulator litowo-jonowy 10 Ah 36 V do rower\u00f3w elektrycznych"},"content":{"rendered":"<br \/>\n<h1>Akumulator litowo-jonowy 36 V 10 Ah do rower\u00f3w elektrycznych (Del-36V10P)<\/h1>\n<h2>Przegl\u0105d produkt\u00f3w<\/h2>\n<table>\n<tr>\n<th>Model akumulatora<\/th>\n<td>Del-36V10P<\/td>\n<\/tr>\n<tr>\n<th>Napi\u0119cie nominalne<\/th>\n<td>36V<\/td>\n<\/tr>\n<tr>\n<th>Pojemno\u015b\u0107 nominalna<\/th>\n<td>10Ah<\/td>\n<\/tr>\n<tr>\n<th>Typ akumulatora<\/th>\n<td>Akumulator litowy 18650<\/td>\n<\/tr>\n<tr>\n<th>Konfiguracja baterii<\/th>\n<td>10S5P<\/td>\n<\/tr>\n<tr>\n<th>Rozmiar baterii<\/th>\n<td>495 x 70 x 38 mm<\/td>\n<\/tr>\n<tr>\n<th>Waga<\/th>\n<td>Oko\u0142o 2,5 kg<\/td>\n<\/tr>\n<tr>\n<th>Standardowe napi\u0119cie \u0142adowania<\/th>\n<td>42V\u00b10.05V<\/td>\n<\/tr>\n<tr>\n<th>Standardowe napi\u0119cie roz\u0142adowania<\/th>\n<td>30\u00b10.05V<\/td>\n<\/tr>\n<tr>\n<th>Impedancja<\/th>\n<td>\u2264 150 m\u03a9<\/td>\n<\/tr>\n<tr>\n<th>Pr\u0105d \u0142adowania<\/th>\n<td>Nominalna: 0,5C, Maks: 5Ah (regulowany)<\/td>\n<\/tr>\n<tr>\n<th>Pr\u0105d roz\u0142adowania<\/th>\n<td>Nominalna: 10Ah, Max: 15Ah (regulowany)<\/td>\n<\/tr>\n<tr>\n<th>Pr\u0105d roz\u0142adowania impulsowego<\/th>\n<td>\u2264 35A (regulowany)<\/td>\n<\/tr>\n<tr>\n<th>Pr\u0105d ko\u0144cowy \u0142adowania<\/th>\n<td>0.01C<\/td>\n<\/tr>\n<tr>\n<th>Temperatura pracy (\u0142adowanie)<\/th>\n<td>0~45\u00baC<\/td>\n<\/tr>\n<tr>\n<th>Temperatura pracy (roz\u0142adowanie)<\/th>\n<td>-20~60\u00baC<\/td>\n<\/tr>\n<tr>\n<th>Temperatura przechowywania<\/th>\n<td>-20~25\u00baC (mniej ni\u017c 1 rok), -20~40\u00baC (mniej ni\u017c 3 miesi\u0105ce)<\/td>\n<\/tr>\n<tr>\n<th>Cykl \u017cycia<\/th>\n<td>1000 cykli<\/td>\n<\/tr>\n<\/table>\n<h2>Kluczowe cechy<\/h2>\n<div class=\"features-grid\">\n<div class=\"feature-box\">\n      <strong>D\u0142uga \u017cywotno\u015b\u0107<\/strong><br \/>\n      1000 cykli \u0142adowania\/roz\u0142adowania zapewnia d\u0142ugotrwa\u0142\u0105 wydajno\u015b\u0107.\n    <\/div>\n<div class=\"feature-box\">\n      <strong>Wysoka wydajno\u015b\u0107<\/strong><br \/>\n      Nominalne szybko\u015bci \u0142adowania i roz\u0142adowania zapewniaj\u0105 niezawodne zasilanie rower\u00f3w elektrycznych.\n    <\/div>\n<div class=\"feature-box\">\n      <strong>Regulowany pr\u0105d \u0142adowania i roz\u0142adowania<\/strong><br \/>\n      Mo\u017cliwo\u015b\u0107 dostosowania szybko\u015bci \u0142adowania\/roz\u0142adowania do konkretnych potrzeb.\n    <\/div>\n<div class=\"feature-box\">\n      <strong>Bezpiecze\u0144stwo i niezawodno\u015b\u0107<\/strong><br \/>\n      System BMS z zabezpieczeniem przed prze\u0142adowaniem, nadmiernym roz\u0142adowaniem i zwarciem zapewnia bezpiecze\u0144stwo.\n    <\/div>\n<div class=\"feature-box\">\n      <strong>Szeroki zakres temperatur pracy<\/strong><br \/>\n      \u0141adowanie i roz\u0142adowywanie w szerokim zakresie temperatur od -20\u00b0C do 60\u00b0C.\n    <\/div>\n<div class=\"feature-box\">\n      <strong>Kompaktowy i lekki<\/strong><br \/>\n      Kompaktowa konstrukcja o wadze zaledwie 2,5 kg u\u0142atwia integracj\u0119 z r\u00f3\u017cnymi rowerami elektrycznymi.\n    <\/div>\n<\/p><\/div>\n<h2>Zastosowania<\/h2>\n<ul>\n<li>Rowery elektryczne<\/li>\n<li>Skutery elektryczne<\/li>\n<li>Pojazdy elektryczne (EV)<\/li>\n<li>Pojazdy zdalnie sterowane<\/li>\n<\/ul>\n<h2>Zalety<\/h2>\n<ul>\n<li>Certyfikat CE, RoHS, MSDS, UN38.3 i FCC w zakresie bezpiecze\u0144stwa i zgodno\u015bci.<\/li>\n<li>Oferuje doskona\u0142\u0105 wydajno\u015b\u0107 z konfigurowalnymi szybko\u015bciami \u0142adowania\/roz\u0142adowania.<\/li>\n<li>D\u0142ugotrwa\u0142a \u017cywotno\u015b\u0107 dzi\u0119ki 1000 cyklom \u0142adowania.<\/li>\n<li>Regulowany impulsowy pr\u0105d roz\u0142adowania, idealny do zastosowa\u0144 wymagaj\u0105cych du\u017cej mocy.<\/li>\n<li>Kompaktowa konstrukcja u\u0142atwiaj\u0105ca integracj\u0119 z r\u00f3\u017cnymi modelami rower\u00f3w elektrycznych.<\/li>\n<\/ul>\n<h2>Pakowanie i wysy\u0142ka<\/h2>\n<p>Akumulator litowo-jonowy 36 V 10 Ah jest zapakowany w standardowy karton eksportowy z piankow\u0105 os\u0142on\u0105 zapewniaj\u0105c\u0105 bezpieczny transport. Wszystkie produkty przechodz\u0105 kontrol\u0119 jako\u015bci przed dostaw\u0105.<\/p>\n<h3>Metody wysy\u0142ki<\/h3>\n<ul>\n<li>Ma\u0142e zam\u00f3wienia: Wysy\u0142ka drog\u0105 lotnicz\u0105 (DHL, FedEx, UPS)<\/li>\n<li>Du\u017ce zam\u00f3wienia: Wysy\u0142ka drog\u0105 morsk\u0105 (czas dostawy: 30-45 dni)<\/li>\n<\/ul>","protected":false},"excerpt":{"rendered":"<p>Akumulator litowo-jonowy 36 V 10 Ah przeznaczony do rower\u00f3w elektrycznych, charakteryzuj\u0105cy si\u0119 wysok\u0105 wydajno\u015bci\u0105, d\u0142ug\u0105 \u017cywotno\u015bci\u0105 i bezpieczn\u0105 prac\u0105 z certyfikatami CE, RoHS i FCC.<\/p>","protected":false},"featured_media":2359,"comment_status":"open","ping_status":"closed","template":"","meta":{"_uag_custom_page_level_css":"","neve_meta_sidebar":"","neve_meta_container":"","neve_meta_enable_content_width":"off","neve_meta_content_width":100,"neve_meta_title_alignment":"","neve_meta_author_avatar":"","neve_post_elements_order":"","neve_meta_disable_header":"","neve_meta_disable_footer":"","neve_meta_disable_title":""},"product_brand":[],"product_cat":[53,43,55],"product_tag":[],"class_list":{"0":"post-2357","1":"product","2":"type-product","3":"status-publish","4":"has-post-thumbnail","6":"product_cat-low-speed-electric-vehicle-battery","7":"product_cat-power-battery","8":"product_cat-scooter-battery","10":"first","11":"instock","12":"shipping-taxable","13":"product-type-simple"},"uagb_featured_image_src":{"full":["https:\/\/ecavix.com\/wp-content\/uploads\/2025\/07\/18650-Brand-Cell-10ah-36V-Lithium-Ion-Battery-Pack-for-Ebike1-800-800.webp",550,550,false],"thumbnail":["https:\/\/ecavix.com\/wp-content\/uploads\/2025\/07\/18650-Brand-Cell-10ah-36V-Lithium-Ion-Battery-Pack-for-Ebike1-800-800-150x150.webp",150,150,true],"medium":["https:\/\/ecavix.com\/wp-content\/uploads\/2025\/07\/18650-Brand-Cell-10ah-36V-Lithium-Ion-Battery-Pack-for-Ebike1-800-800-300x300.webp",300,300,true],"medium_large":["https:\/\/ecavix.com\/wp-content\/uploads\/2025\/07\/18650-Brand-Cell-10ah-36V-Lithium-Ion-Battery-Pack-for-Ebike1-800-800.webp",550,550,false],"large":["https:\/\/ecavix.com\/wp-content\/uploads\/2025\/07\/18650-Brand-Cell-10ah-36V-Lithium-Ion-Battery-Pack-for-Ebike1-800-800.webp",550,550,false],"1536x1536":["https:\/\/ecavix.com\/wp-content\/uploads\/2025\/07\/18650-Brand-Cell-10ah-36V-Lithium-Ion-Battery-Pack-for-Ebike1-800-800.webp",550,550,false],"2048x2048":["https:\/\/ecavix.com\/wp-content\/uploads\/2025\/07\/18650-Brand-Cell-10ah-36V-Lithium-Ion-Battery-Pack-for-Ebike1-800-800.webp",550,550,false],"trp-custom-language-flag":["https:\/\/ecavix.com\/wp-content\/uploads\/2025\/07\/18650-Brand-Cell-10ah-36V-Lithium-Ion-Battery-Pack-for-Ebike1-800-800.webp",12,12,false],"neve-blog":["https:\/\/ecavix.com\/wp-content\/uploads\/2025\/07\/18650-Brand-Cell-10ah-36V-Lithium-Ion-Battery-Pack-for-Ebike1-800-800.webp",550,550,false],"woocommerce_thumbnail":["https:\/\/ecavix.com\/wp-content\/uploads\/2025\/07\/18650-Brand-Cell-10ah-36V-Lithium-Ion-Battery-Pack-for-Ebike1-800-800-300x300.webp",300,300,true],"woocommerce_single":["https:\/\/ecavix.com\/wp-content\/uploads\/2025\/07\/18650-Brand-Cell-10ah-36V-Lithium-Ion-Battery-Pack-for-Ebike1-800-800.webp",550,550,false],"woocommerce_gallery_thumbnail":["https:\/\/ecavix.com\/wp-content\/uploads\/2025\/07\/18650-Brand-Cell-10ah-36V-Lithium-Ion-Battery-Pack-for-Ebike1-800-800-100x100.webp",100,100,true]},"uagb_author_info":{"display_name":"solvitaenergylimited@gmail.com","author_link":"https:\/\/ecavix.com\/pl\/author\/"},"uagb_comment_info":0,"uagb_excerpt":"36V 10Ah rechargeable lithium-ion battery pack designed for e-bikes, featuring high performance, long cycle life, and safe operation with CE, RoHS, and FCC certifications.","_links":{"self":[{"href":"https:\/\/ecavix.com\/pl\/wp-json\/wp\/v2\/product\/2357","targetHints":{"allow":["GET"]}}],"collection":[{"href":"https:\/\/ecavix.com\/pl\/wp-json\/wp\/v2\/product"}],"about":[{"href":"https:\/\/ecavix.com\/pl\/wp-json\/wp\/v2\/types\/product"}],"replies":[{"embeddable":true,"href":"https:\/\/ecavix.com\/pl\/wp-json\/wp\/v2\/comments?post=2357"}],"wp:featuredmedia":[{"embeddable":true,"href":"https:\/\/ecavix.com\/pl\/wp-json\/wp\/v2\/media\/2359"}],"wp:attachment":[{"href":"https:\/\/ecavix.com\/pl\/wp-json\/wp\/v2\/media?parent=2357"}],"wp:term":[{"taxonomy":"product_brand","embeddable":true,"href":"https:\/\/ecavix.com\/pl\/wp-json\/wp\/v2\/product_brand?post=2357"},{"taxonomy":"product_cat","embeddable":true,"href":"https:\/\/ecavix.com\/pl\/wp-json\/wp\/v2\/product_cat?post=2357"},{"taxonomy":"product_tag","embeddable":true,"href":"https:\/\/ecavix.com\/pl\/wp-json\/wp\/v2\/product_tag?post=2357"}],"curies":[{"name":"wp","href":"https:\/\/api.w.org\/{rel}","templated":true}]}}