{"id":2345,"date":"2025-07-18T05:40:04","date_gmt":"2025-07-18T05:40:04","guid":{"rendered":"https:\/\/ecavix.com\/?post_type=product&#038;p=2345"},"modified":"2025-07-18T05:40:04","modified_gmt":"2025-07-18T05:40:04","slug":"36v-4a-18650-bateria-litowa-do-hoverboardu-dostawca-dongguan","status":"publish","type":"product","link":"https:\/\/ecavix.com\/pl\/product\/36v-4a-18650-lithium-battery-for-hoverboard-dongguan-supplier\/","title":{"rendered":"Bateria litowa 36 V 4 A 18650 do hoverboardu \u2013 dostawca z Dongguan"},"content":{"rendered":"<br \/>\n<h1>Akumulator litowy LiFePO4 36 V 4 Ah (DL-364)<\/h1>\n<h2>Przegl\u0105d produkt\u00f3w<\/h2>\n<table>\n<tr>\n<th>Napi\u0119cie nominalne<\/th>\n<td>36V<\/td>\n<\/tr>\n<tr>\n<th>Napi\u0119cie \u0142adowania<\/th>\n<td>36V<\/td>\n<\/tr>\n<tr>\n<th>Pojemno\u015b\u0107 nominalna<\/th>\n<td>4Ah<\/td>\n<\/tr>\n<tr>\n<th>Chemia baterii<\/th>\n<td>LiFePO4<\/td>\n<\/tr>\n<tr>\n<th>Typ akumulatora<\/th>\n<td>Akumulator LiFePO4<\/td>\n<\/tr>\n<tr>\n<th>Konfiguracja baterii<\/th>\n<td>Szeregowe i r\u00f3wnoleg\u0142e<\/td>\n<\/tr>\n<tr>\n<th>Wymiary akumulatora<\/th>\n<td>196 x 235 x 170 mm<\/td>\n<\/tr>\n<tr>\n<th>Waga<\/th>\n<td>500g<\/td>\n<\/tr>\n<tr>\n<th>Standardowy pr\u0105d \u0142adowania<\/th>\n<td>500mA<\/td>\n<\/tr>\n<tr>\n<th>Maksymalny pr\u0105d \u0142adowania<\/th>\n<td>500mA<\/td>\n<\/tr>\n<tr>\n<th>Standardowy pr\u0105d roz\u0142adowania<\/th>\n<td>500mA<\/td>\n<\/tr>\n<tr>\n<th>Maksymalny pr\u0105d roz\u0142adowania<\/th>\n<td>500mA<\/td>\n<\/tr>\n<tr>\n<th>Napi\u0119cie odci\u0119cia roz\u0142adowania<\/th>\n<td>36V<\/td>\n<\/tr>\n<tr>\n<th>Metoda \u0142adowania<\/th>\n<td>CC\/CV<\/td>\n<\/tr>\n<tr>\n<th>Cykl \u017cycia<\/th>\n<td>500 cykli<\/td>\n<\/tr>\n<tr>\n<th>Temperatura \u0142adowania<\/th>\n<td>0\u00b0C ~ +45\u00b0C<\/td>\n<\/tr>\n<tr>\n<th>Temperatura roz\u0142adowania<\/th>\n<td>-10\u00b0C ~ +60\u00b0C<\/td>\n<\/tr>\n<\/table>\n<h2>Kluczowe cechy<\/h2>\n<div class=\"features-grid\">\n<div class=\"feature-box\">\n      <strong>Wysoka g\u0119sto\u015b\u0107 energii<\/strong><br \/>\n      Kompaktowa konstrukcja zapewniaj\u0105ca du\u017c\u0105 moc.\n    <\/div>\n<div class=\"feature-box\">\n      <strong>D\u0142uga \u017cywotno\u015b\u0107<\/strong><br \/>\n      500 cykli zapewnia trwa\u0142o\u015b\u0107 i wytrzyma\u0142o\u015b\u0107.\n    <\/div>\n<div class=\"feature-box\">\n      <strong>Brak efektu pami\u0119ci<\/strong><br \/>\n      Mo\u017cliwo\u015b\u0107 pe\u0142nego na\u0142adowania bez utraty pojemno\u015bci.\n    <\/div>\n<div class=\"feature-box\">\n      <strong>Bezpiecze\u0144stwo i niezawodno\u015b\u0107<\/strong><br \/>\n      Zabezpieczenie przeciwzwarciowe zapewnia bezpieczne u\u017cytkowanie.\n    <\/div>\n<div class=\"feature-box\">\n      <strong>Lekki i kompaktowy<\/strong><br \/>\n      Lekka waga 500 g i niewielkie wymiary.\n    <\/div>\n<div class=\"feature-box\">\n      <strong>Przyjazny dla \u015brodowiska<\/strong><br \/>\n      Wolne od niebezpiecznych chemikali\u00f3w i zanieczyszcze\u0144.\n    <\/div>\n<\/p><\/div>\n<h2>Zastosowania<\/h2>\n<ul>\n<li>Zdalnie sterowane \u0142odzie, samoloty i samochody<\/li>\n<li>Hoverboardy i pojazdy elektryczne<\/li>\n<li>Elektronarz\u0119dzia<\/li>\n<li>Systemy magazynowania energii i zastosowania solarne<\/li>\n<\/ul>\n<h2>Zalety<\/h2>\n<ul>\n<li>Wolny od zanieczyszcze\u0144 i bezpieczny dla \u015brodowiska<\/li>\n<li>Wysokie napi\u0119cie robocze i doskona\u0142a sp\u00f3jno\u015b\u0107 pojemno\u015bci<\/li>\n<li>Zabezpieczenie przeciwzwarciowe dla wi\u0119kszego bezpiecze\u0144stwa<\/li>\n<li>Niski poziom samoroz\u0142adowania dla d\u0142ugotrwa\u0142ego przechowywania<\/li>\n<li>Idealny do zastosowa\u0144 o wysokim zapotrzebowaniu na sta\u0142\u0105 platform\u0119 napi\u0119ciow\u0105<\/li>\n<\/ul>\n<h2>Pakowanie i wysy\u0142ka<\/h2>\n<p>Akumulator LiFePO4 36V 4Ah jest bezpiecznie zapakowany w bawe\u0142n\u0119 per\u0142ow\u0105 EPE i gruby karton, aby zapewni\u0107 bezpieczny transport. Dost\u0119pne opcje wysy\u0142ki:<\/p>\n<h3>Metody wysy\u0142ki<\/h3>\n<ul>\n<li>W przypadku ma\u0142ych zam\u00f3wie\u0144: wysy\u0142ka drog\u0105 lotnicz\u0105 (DHL, FedEx, UPS)<\/li>\n<li>W przypadku du\u017cych zam\u00f3wie\u0144: wysy\u0142ka drog\u0105 morsk\u0105 (szacowany czas dostawy: 30-45 dni)<\/li>\n<\/ul>","protected":false},"excerpt":{"rendered":"<p>Wytrzyma\u0142y akumulator litowy LiFePO4 36V 4Ah, idealny do zdalnie sterowanych \u0142odzi, samolot\u00f3w i samochod\u00f3w. D\u0142uga \u017cywotno\u015b\u0107, wysoka g\u0119sto\u015b\u0107 energii i lekka konstrukcja.<\/p>","protected":false},"featured_media":2349,"comment_status":"open","ping_status":"closed","template":"","meta":{"_uag_custom_page_level_css":"","neve_meta_sidebar":"","neve_meta_container":"","neve_meta_enable_content_width":"off","neve_meta_content_width":100,"neve_meta_title_alignment":"","neve_meta_author_avatar":"","neve_post_elements_order":"","neve_meta_disable_header":"","neve_meta_disable_footer":"","neve_meta_disable_title":""},"product_brand":[],"product_cat":[53,43,55],"product_tag":[],"class_list":{"0":"post-2345","1":"product","2":"type-product","3":"status-publish","4":"has-post-thumbnail","6":"product_cat-low-speed-electric-vehicle-battery","7":"product_cat-power-battery","8":"product_cat-scooter-battery","10":"first","11":"instock","12":"shipping-taxable","13":"product-type-simple"},"uagb_featured_image_src":{"full":["https:\/\/ecavix.com\/wp-content\/uploads\/2025\/07\/36V-4A-18650-Lithium-Battery-for-Hoverboard-Dongguan-Supplier3-800-800.webp",550,550,false],"thumbnail":["https:\/\/ecavix.com\/wp-content\/uploads\/2025\/07\/36V-4A-18650-Lithium-Battery-for-Hoverboard-Dongguan-Supplier3-800-800-150x150.webp",150,150,true],"medium":["https:\/\/ecavix.com\/wp-content\/uploads\/2025\/07\/36V-4A-18650-Lithium-Battery-for-Hoverboard-Dongguan-Supplier3-800-800-300x300.webp",300,300,true],"medium_large":["https:\/\/ecavix.com\/wp-content\/uploads\/2025\/07\/36V-4A-18650-Lithium-Battery-for-Hoverboard-Dongguan-Supplier3-800-800.webp",550,550,false],"large":["https:\/\/ecavix.com\/wp-content\/uploads\/2025\/07\/36V-4A-18650-Lithium-Battery-for-Hoverboard-Dongguan-Supplier3-800-800.webp",550,550,false],"1536x1536":["https:\/\/ecavix.com\/wp-content\/uploads\/2025\/07\/36V-4A-18650-Lithium-Battery-for-Hoverboard-Dongguan-Supplier3-800-800.webp",550,550,false],"2048x2048":["https:\/\/ecavix.com\/wp-content\/uploads\/2025\/07\/36V-4A-18650-Lithium-Battery-for-Hoverboard-Dongguan-Supplier3-800-800.webp",550,550,false],"trp-custom-language-flag":["https:\/\/ecavix.com\/wp-content\/uploads\/2025\/07\/36V-4A-18650-Lithium-Battery-for-Hoverboard-Dongguan-Supplier3-800-800.webp",12,12,false],"neve-blog":["https:\/\/ecavix.com\/wp-content\/uploads\/2025\/07\/36V-4A-18650-Lithium-Battery-for-Hoverboard-Dongguan-Supplier3-800-800.webp",550,550,false],"woocommerce_thumbnail":["https:\/\/ecavix.com\/wp-content\/uploads\/2025\/07\/36V-4A-18650-Lithium-Battery-for-Hoverboard-Dongguan-Supplier3-800-800-300x300.webp",300,300,true],"woocommerce_single":["https:\/\/ecavix.com\/wp-content\/uploads\/2025\/07\/36V-4A-18650-Lithium-Battery-for-Hoverboard-Dongguan-Supplier3-800-800.webp",550,550,false],"woocommerce_gallery_thumbnail":["https:\/\/ecavix.com\/wp-content\/uploads\/2025\/07\/36V-4A-18650-Lithium-Battery-for-Hoverboard-Dongguan-Supplier3-800-800-100x100.webp",100,100,true]},"uagb_author_info":{"display_name":"solvitaenergylimited@gmail.com","author_link":"https:\/\/ecavix.com\/pl\/author\/"},"uagb_comment_info":0,"uagb_excerpt":"Durable 36V 4Ah LiFePO4 lithium battery pack, ideal for remote control boats, planes, and cars. Long cycle life, high energy density, and lightweight design.","_links":{"self":[{"href":"https:\/\/ecavix.com\/pl\/wp-json\/wp\/v2\/product\/2345","targetHints":{"allow":["GET"]}}],"collection":[{"href":"https:\/\/ecavix.com\/pl\/wp-json\/wp\/v2\/product"}],"about":[{"href":"https:\/\/ecavix.com\/pl\/wp-json\/wp\/v2\/types\/product"}],"replies":[{"embeddable":true,"href":"https:\/\/ecavix.com\/pl\/wp-json\/wp\/v2\/comments?post=2345"}],"wp:featuredmedia":[{"embeddable":true,"href":"https:\/\/ecavix.com\/pl\/wp-json\/wp\/v2\/media\/2349"}],"wp:attachment":[{"href":"https:\/\/ecavix.com\/pl\/wp-json\/wp\/v2\/media?parent=2345"}],"wp:term":[{"taxonomy":"product_brand","embeddable":true,"href":"https:\/\/ecavix.com\/pl\/wp-json\/wp\/v2\/product_brand?post=2345"},{"taxonomy":"product_cat","embeddable":true,"href":"https:\/\/ecavix.com\/pl\/wp-json\/wp\/v2\/product_cat?post=2345"},{"taxonomy":"product_tag","embeddable":true,"href":"https:\/\/ecavix.com\/pl\/wp-json\/wp\/v2\/product_tag?post=2345"}],"curies":[{"name":"wp","href":"https:\/\/api.w.org\/{rel}","templated":true}]}}