{"id":2344,"date":"2025-07-18T05:37:24","date_gmt":"2025-07-18T05:37:24","guid":{"rendered":"https:\/\/ecavix.com\/?post_type=product&#038;p=2344"},"modified":"2025-07-18T05:37:24","modified_gmt":"2025-07-18T05:37:24","slug":"10s6p-goraco-sprzedajacy-sie-akumulator-litowy-36v-15ah-18650-do-roweru-elektrycznego","status":"publish","type":"product","link":"https:\/\/ecavix.com\/pl\/product\/10s6p-hot-selling-rechargeable-36v-15ah-18650-lithium-battery-pack-for-electric-bike\/","title":{"rendered":"10s6p Gor\u0105co sprzedaj\u0105cy si\u0119 akumulator litowy 36V 15ah 18650 do rower\u00f3w elektrycznych"},"content":{"rendered":"<br \/>\n<h1>Akumulator litowy 36 V 15 Ah do roweru elektrycznego (DL-3615)<\/h1>\n<h2>Przegl\u0105d produkt\u00f3w<\/h2>\n<table>\n<tr>\n<th>Napi\u0119cie nominalne<\/th>\n<td>36V<\/td>\n<\/tr>\n<tr>\n<th>Napi\u0119cie \u0142adowania<\/th>\n<td>42V<\/td>\n<\/tr>\n<tr>\n<th>Pojemno\u015b\u0107 nominalna<\/th>\n<td>15Ah<\/td>\n<\/tr>\n<tr>\n<th>Chemia baterii<\/th>\n<td>Li-ion<\/td>\n<\/tr>\n<tr>\n<th>Konfiguracja baterii<\/th>\n<td>10S6P<\/td>\n<\/tr>\n<tr>\n<th>Wymiary akumulatora<\/th>\n<td>196 x 115 x 67 mm<\/td>\n<\/tr>\n<tr>\n<th>Waga<\/th>\n<td>2,812 kg<\/td>\n<\/tr>\n<tr>\n<th>Standardowy pr\u0105d \u0142adowania<\/th>\n<td>3A<\/td>\n<\/tr>\n<tr>\n<th>Ci\u0105g\u0142y pr\u0105d roz\u0142adowania<\/th>\n<td>15A-20A<\/td>\n<\/tr>\n<tr>\n<th>Napi\u0119cie odci\u0119cia roz\u0142adowania<\/th>\n<td>25V<\/td>\n<\/tr>\n<tr>\n<th>Metoda \u0142adowania<\/th>\n<td>CC\/CV<\/td>\n<\/tr>\n<tr>\n<th>Cykl \u017cycia<\/th>\n<td>500 cykli<\/td>\n<\/tr>\n<tr>\n<th>Temperatura \u0142adowania<\/th>\n<td>0\u00b0C ~ +45\u00b0C<\/td>\n<\/tr>\n<tr>\n<th>Temperatura roz\u0142adowania<\/th>\n<td>-10\u00b0C ~ +60\u00b0C<\/td>\n<\/tr>\n<\/table>\n<h2>Bezpiecze\u0144stwo<\/h2>\n<ul>\n<li>Test prze\u0142adowania: brak po\u017caru, brak eksplozji<\/li>\n<li>Test nadmiernego roz\u0142adowania: brak po\u017caru, brak wybuchu<\/li>\n<li>Test zwarcia: brak po\u017caru, brak wybuchu<\/li>\n<li>Test upadku: brak po\u017caru, brak eksplozji<\/li>\n<li>Test zgniatania: brak po\u017caru, brak eksplozji<\/li>\n<li>Test przebicia ig\u0142\u0105: brak po\u017caru, brak eksplozji<\/li>\n<\/ul>\n<h2>Kluczowe cechy<\/h2>\n<div class=\"features-grid\">\n<div class=\"feature-box\">\n      <strong>D\u0142uga \u017cywotno\u015b\u0107 i du\u017ca pojemno\u015b\u0107<\/strong><br \/>\n      Wysokiej jako\u015bci ogniwa zapewniaj\u0105 d\u0142ug\u0105 \u017cywotno\u015b\u0107 i du\u017cy zapas energii.\n    <\/div>\n<div class=\"feature-box\">\n      <strong>Niski poziom samoroz\u0142adowania<\/strong><br \/>\n      Doskona\u0142a wydajno\u015b\u0107 nawet w niskich temperaturach, przy minimalnym samoroz\u0142adowaniu.\n    <\/div>\n<div class=\"feature-box\">\n      <strong>Silna akceptacja \u0142adowania<\/strong><br \/>\n      Obs\u0142uguje funkcje szybkiego \u0142adowania w celu przyspieszenia pracy.\n    <\/div>\n<div class=\"feature-box\">\n      <strong>Odporno\u015b\u0107 na nadmierne roz\u0142adowanie<\/strong><br \/>\n      S\u0105 odporne na nadmierne roz\u0142adowanie i oferuj\u0105 doskona\u0142\u0105 retencj\u0119 \u0142adunku.\n    <\/div>\n<div class=\"feature-box\">\n      <strong>Bezobs\u0142ugowy<\/strong><br \/>\n      Nie wymaga konserwacji kwasem lub wod\u0105 podczas u\u017cytkowania.\n    <\/div>\n<div class=\"feature-box\">\n      <strong>Doskona\u0142e roz\u0142adowanie du\u017cym pr\u0105dem<\/strong><br \/>\n      Idealny do zastosowa\u0144 wymagaj\u0105cych wysokiego nat\u0119\u017cenia pr\u0105du podczas uruchamiania i wznoszenia.\n    <\/div>\n<\/p><\/div>\n<h2>Zastosowania<\/h2>\n<ul>\n<li>Pojazdy elektryczne (rowery elektryczne, hulajnogi elektryczne, motocykle elektryczne, w\u00f3zki golfowe)<\/li>\n<li>Elektronarz\u0119dzia (wiertarki, pi\u0142y, kosiarki)<\/li>\n<li>Zdalnie sterowane pojazdy i zabawki<\/li>\n<li>Systemy energii s\u0142onecznej i urz\u0105dzenia do magazynowania energii<\/li>\n<li>Urz\u0105dzenia elektroniczne i medyczne (o\u015bwietlenie LED, o\u015bwietlenie awaryjne)<\/li>\n<\/ul>\n<h2>Zalety<\/h2>\n<ul>\n<li>Wysoka g\u0119sto\u015b\u0107 energii dla kompaktowych, lekkich konstrukcji<\/li>\n<li>D\u0142uga \u017cywotno\u015b\u0107: Ponad 500 cykli \u0142adowania-roz\u0142adowania<\/li>\n<li>Bezpieczny i niezawodny dzi\u0119ki wbudowanemu zabezpieczeniu przed prze\u0142adowaniem, nadmiernym roz\u0142adowaniem i zwarciem.<\/li>\n<li>Dobra wydajno\u015b\u0107 w szerokim zakresie temperatur<\/li>\n<li>Przyjazny dla \u015brodowiska, bez niebezpiecznych materia\u0142\u00f3w<\/li>\n<\/ul>\n<h2>Pakowanie i wysy\u0142ka<\/h2>\n<p>Akumulator litowy 36V 15Ah jest zapakowany w standardowy karton eksportowy zapewniaj\u0105cy bezpiecze\u0144stwo podczas transportu. Oferujemy r\u00f3\u017cne opcje wysy\u0142ki w zale\u017cno\u015bci od ilo\u015bci zam\u00f3wienia.<\/p>\n<h3>Metody wysy\u0142ki<\/h3>\n<ul>\n<li>W przypadku ma\u0142ych zam\u00f3wie\u0144: wysy\u0142ka drog\u0105 lotnicz\u0105 (DHL, FedEx, UPS)<\/li>\n<li>W przypadku du\u017cych zam\u00f3wie\u0144: wysy\u0142ka drog\u0105 morsk\u0105 (szacowany czas dostawy: 30-45 dni)<\/li>\n<\/ul>","protected":false},"excerpt":{"rendered":"<p>Wysokiej jako\u015bci akumulator litowo-jonowy 36 V 15 Ah do pojazd\u00f3w elektrycznych, oferuj\u0105cy d\u0142ug\u0105 \u017cywotno\u015b\u0107, doskona\u0142\u0105 wydajno\u015b\u0107 roz\u0142adowania i funkcje bezpiecze\u0144stwa. Idealny do rower\u00f3w elektrycznych, skuter\u00f3w i elektronarz\u0119dzi.<\/p>","protected":false},"featured_media":2245,"comment_status":"open","ping_status":"closed","template":"","meta":{"_uag_custom_page_level_css":"","neve_meta_sidebar":"","neve_meta_container":"","neve_meta_enable_content_width":"off","neve_meta_content_width":100,"neve_meta_title_alignment":"","neve_meta_author_avatar":"","neve_post_elements_order":"","neve_meta_disable_header":"","neve_meta_disable_footer":"","neve_meta_disable_title":""},"product_brand":[],"product_cat":[47,45,53,43,55],"product_tag":[],"class_list":{"0":"post-2344","1":"product","2":"type-product","3":"status-publish","4":"has-post-thumbnail","6":"product_cat-36v-e-bike-battery","7":"product_cat-e-bike-battery","8":"product_cat-low-speed-electric-vehicle-battery","9":"product_cat-power-battery","10":"product_cat-scooter-battery","12":"first","13":"instock","14":"shipping-taxable","15":"product-type-simple"},"uagb_featured_image_src":{"full":["https:\/\/ecavix.com\/wp-content\/uploads\/2025\/07\/36V-15ah-Electric-Bike-Li-Ion-Battery1-800-800.webp",550,550,false],"thumbnail":["https:\/\/ecavix.com\/wp-content\/uploads\/2025\/07\/36V-15ah-Electric-Bike-Li-Ion-Battery1-800-800-150x150.webp",150,150,true],"medium":["https:\/\/ecavix.com\/wp-content\/uploads\/2025\/07\/36V-15ah-Electric-Bike-Li-Ion-Battery1-800-800-300x300.webp",300,300,true],"medium_large":["https:\/\/ecavix.com\/wp-content\/uploads\/2025\/07\/36V-15ah-Electric-Bike-Li-Ion-Battery1-800-800.webp",550,550,false],"large":["https:\/\/ecavix.com\/wp-content\/uploads\/2025\/07\/36V-15ah-Electric-Bike-Li-Ion-Battery1-800-800.webp",550,550,false],"1536x1536":["https:\/\/ecavix.com\/wp-content\/uploads\/2025\/07\/36V-15ah-Electric-Bike-Li-Ion-Battery1-800-800.webp",550,550,false],"2048x2048":["https:\/\/ecavix.com\/wp-content\/uploads\/2025\/07\/36V-15ah-Electric-Bike-Li-Ion-Battery1-800-800.webp",550,550,false],"trp-custom-language-flag":["https:\/\/ecavix.com\/wp-content\/uploads\/2025\/07\/36V-15ah-Electric-Bike-Li-Ion-Battery1-800-800.webp",12,12,false],"neve-blog":["https:\/\/ecavix.com\/wp-content\/uploads\/2025\/07\/36V-15ah-Electric-Bike-Li-Ion-Battery1-800-800.webp",550,550,false],"woocommerce_thumbnail":["https:\/\/ecavix.com\/wp-content\/uploads\/2025\/07\/36V-15ah-Electric-Bike-Li-Ion-Battery1-800-800-300x300.webp",300,300,true],"woocommerce_single":["https:\/\/ecavix.com\/wp-content\/uploads\/2025\/07\/36V-15ah-Electric-Bike-Li-Ion-Battery1-800-800.webp",550,550,false],"woocommerce_gallery_thumbnail":["https:\/\/ecavix.com\/wp-content\/uploads\/2025\/07\/36V-15ah-Electric-Bike-Li-Ion-Battery1-800-800-100x100.webp",100,100,true]},"uagb_author_info":{"display_name":"solvitaenergylimited@gmail.com","author_link":"https:\/\/ecavix.com\/pl\/author\/"},"uagb_comment_info":0,"uagb_excerpt":"High-quality 36V 15Ah lithium-ion battery pack for electric vehicles, offering long cycle life, excellent discharge performance, and safety features. Ideal for e-bikes, scooters, and power tools.","_links":{"self":[{"href":"https:\/\/ecavix.com\/pl\/wp-json\/wp\/v2\/product\/2344","targetHints":{"allow":["GET"]}}],"collection":[{"href":"https:\/\/ecavix.com\/pl\/wp-json\/wp\/v2\/product"}],"about":[{"href":"https:\/\/ecavix.com\/pl\/wp-json\/wp\/v2\/types\/product"}],"replies":[{"embeddable":true,"href":"https:\/\/ecavix.com\/pl\/wp-json\/wp\/v2\/comments?post=2344"}],"wp:featuredmedia":[{"embeddable":true,"href":"https:\/\/ecavix.com\/pl\/wp-json\/wp\/v2\/media\/2245"}],"wp:attachment":[{"href":"https:\/\/ecavix.com\/pl\/wp-json\/wp\/v2\/media?parent=2344"}],"wp:term":[{"taxonomy":"product_brand","embeddable":true,"href":"https:\/\/ecavix.com\/pl\/wp-json\/wp\/v2\/product_brand?post=2344"},{"taxonomy":"product_cat","embeddable":true,"href":"https:\/\/ecavix.com\/pl\/wp-json\/wp\/v2\/product_cat?post=2344"},{"taxonomy":"product_tag","embeddable":true,"href":"https:\/\/ecavix.com\/pl\/wp-json\/wp\/v2\/product_tag?post=2344"}],"curies":[{"name":"wp","href":"https:\/\/api.w.org\/{rel}","templated":true}]}}