{"id":2340,"date":"2025-07-18T03:43:36","date_gmt":"2025-07-18T03:43:36","guid":{"rendered":"https:\/\/ecavix.com\/?post_type=product&#038;p=2340"},"modified":"2025-07-18T03:43:36","modified_gmt":"2025-07-18T03:43:36","slug":"akumulatory-litowo-jonowe-12v-20ah-30ah-40ah-18650-do-skuterow-i-rowerow-elektrycznych","status":"publish","type":"product","link":"https:\/\/ecavix.com\/pl\/product\/li-ion-batteries-12v-20ah-30ah-40ah-18650-lithium-ion-battery-pack-for-scooter-ebike\/","title":{"rendered":"Akumulatory litowo-jonowe 12 V 20 Ah 30 Ah 40 Ah 18650 Zestaw akumulator\u00f3w litowo-jonowych do hulajnogi elektrycznej"},"content":{"rendered":"<h1>Akumulator litowo-jonowy 12V 20Ah (DL-1220)<\/h1>\n<h2>Przegl\u0105d produkt\u00f3w<\/h2>\n<table>\n<tr>\n<th>Napi\u0119cie nominalne<\/th>\n<td>12V<\/td>\n<\/tr>\n<tr>\n<th>Pojemno\u015b\u0107 nominalna<\/th>\n<td>20Ah<\/td>\n<\/tr>\n<tr>\n<th>Napi\u0119cie wej\u015bciowe<\/th>\n<td>12.6V<\/td>\n<\/tr>\n<tr>\n<th>Napi\u0119cie wyj\u015bciowe<\/th>\n<td>9V - 12,6V<\/td>\n<\/tr>\n<tr>\n<th>Wymiary<\/th>\n<td>145 mm x 85 mm x 70 mm (z mo\u017cliwo\u015bci\u0105 dostosowania)<\/td>\n<\/tr>\n<tr>\n<th>Maksymalny ci\u0105g\u0142y pr\u0105d \u0142adowania<\/th>\n<td>20A - 40A<\/td>\n<\/tr>\n<tr>\n<th>Maksymalny pr\u0105d roz\u0142adowania<\/th>\n<td>60A<\/td>\n<\/tr>\n<tr>\n<th>Pr\u0105d \u0142adowania<\/th>\n<td>4A<\/td>\n<\/tr>\n<tr>\n<th>Czas \u0142adowania<\/th>\n<td>Oko\u0142o 6 godzin<\/td>\n<\/tr>\n<tr>\n<th>Temperatura pracy<\/th>\n<td>\u0141adowanie: -20\u00baC ~ 45\u00baC, Roz\u0142adowanie: -30\u00baC ~ 55\u00baC<\/td>\n<\/tr>\n<tr>\n<th>Cykl \u017cycia<\/th>\n<td>Powy\u017cej 500 cykli<\/td>\n<\/tr>\n<tr>\n<th>Waga<\/th>\n<td>1,5 kg (oko\u0142o)<\/td>\n<\/tr>\n<\/table>\n<h2>Kluczowe cechy<\/h2>\n<div class=\"features-grid\">\n<div class=\"feature-box\">\n      <strong>D\u0142ugi cykl \u017cycia i wysoka wydajno\u015b\u0107<\/strong><br \/>\n      Zapewnia d\u0142ug\u0105 \u017cywotno\u015b\u0107 i wysok\u0105 wydajno\u015b\u0107 przy intensywnym u\u017cytkowaniu.\n    <\/div>\n<div class=\"feature-box\">\n      <strong>Wydajno\u015b\u0107 w niskich temperaturach<\/strong><br \/>\n      Doskona\u0142a wydajno\u015b\u0107 roz\u0142adowania nawet w niskich temperaturach.\n    <\/div>\n<div class=\"feature-box\">\n      <strong>Szybkie \u0142adowanie<\/strong><br \/>\n      Wysoka akceptacja \u0142adowania i mo\u017cliwo\u015b\u0107 szybkiego \u0142adowania.\n    <\/div>\n<div class=\"feature-box\">\n      <strong>Bezobs\u0142ugowy<\/strong><br \/>\n      Nie wymaga konserwacji kwasem lub wod\u0105 podczas u\u017cytkowania.\n    <\/div>\n<div class=\"feature-box\">\n      <strong>Doskona\u0142a wydajno\u015b\u0107 roz\u0142adowania<\/strong><br \/>\n      Znakomite roz\u0142adowanie du\u017cym pr\u0105dem, idealne do rozruchu i wspinaczki.\n    <\/div>\n<div class=\"feature-box\">\n      <strong>Bezpieczny i przyjazny dla \u015brodowiska<\/strong><br \/>\n      Brak ryzyka wybuchu lub po\u017caru i bezpiecze\u0144stwo dla \u015brodowiska.\n    <\/div>\n<\/p><\/div>\n<h2>Zastosowania<\/h2>\n<h3>Aplikacje z nap\u0119dem elektrycznym<\/h3>\n<ul>\n<li>Akumulatory rozruchowe silnika<\/li>\n<li>Komercyjne autobusy i tranzyt<\/li>\n<li>Rowery elektryczne, hulajnogi elektryczne, w\u00f3zki golfowe i nie tylko<\/li>\n<li>W\u00f3zki elektryczne, zamiatarki i maszyny do czyszczenia pod\u0142\u00f3g<\/li>\n<li>Roboty intelektualne<\/li>\n<li>Elektronarz\u0119dzia (wiertarki elektryczne, zabawki itp.)<\/li>\n<\/ul>\n<h3>Magazynowanie energii<\/h3>\n<ul>\n<li>Systemy energii s\u0142onecznej i wiatrowej<\/li>\n<li>Sie\u0107 miejska (w\u0142.\/wy\u0142.)<\/li>\n<\/ul>\n<h3>Systemy zasilania awaryjnego i UPS<\/h3>\n<ul>\n<li>Bazy telekomunikacyjne, systemy CATV, sprz\u0119t medyczny<\/li>\n<li>Sprz\u0119t wojskowy, centra serwerowe<\/li>\n<\/ul>\n<h3>Inne aplikacje<\/h3>\n<ul>\n<li>Bezpiecze\u0144stwo i elektronika<\/li>\n<li>Mobilne punkty sprzeda\u017cy, o\u015bwietlenie g\u00f3rnicze, o\u015bwietlenie awaryjne LED<\/li>\n<\/ul>\n<h2>Dlaczego warto wybra\u0107 nasz akumulator litowo-jonowy 12 V?<\/h2>\n<ul>\n<li>Szybkie \u0142adowanie i niski wsp\u00f3\u0142czynnik samoroz\u0142adowania<\/li>\n<li>Ponad 500 cykli \u0142adowania-roz\u0142adowania zapewnia trwa\u0142o\u015b\u0107<\/li>\n<li>Szeroki zakres temperatur zapewnia niezawodne dzia\u0142anie<\/li>\n<li>Bezpieczna, ekologiczna konstrukcja bez ryzyka po\u017caru lub wybuchu<\/li>\n<li>Dost\u0119pne w konfigurowalnych rozmiarach i konfiguracjach<\/li>\n<\/ul>\n<h2>Pakowanie i wysy\u0142ka<\/h2>\n<p>Akumulator litowo-jonowy 12V 20Ah jest zapakowany w karton eksportowy. Oferujemy niezawodne metody wysy\u0142ki w zale\u017cno\u015bci od wielko\u015bci zam\u00f3wienia i pilno\u015bci.<\/p>\n<h3>Metody wysy\u0142ki<\/h3>\n<ul>\n<li>Ma\u0142e zam\u00f3wienia: wysy\u0142ka drog\u0105 lotnicz\u0105 (DHL, FedEx, UPS)<\/li>\n<li>Du\u017ce zam\u00f3wienia: wysy\u0142ka drog\u0105 morsk\u0105 (szacowany czas dostawy: 30-45 dni)<\/li>\n<\/ul>","protected":false},"excerpt":{"rendered":"<p>Akumulator litowo-jonowy 12V 20Ah przeznaczony do system\u00f3w solarnych, \u0142odzi zdalnie sterowanych i r\u00f3\u017cnych pojazd\u00f3w elektrycznych o d\u0142ugiej \u017cywotno\u015bci, doskona\u0142ej wydajno\u015bci roz\u0142adowania i korzy\u015bciach dla \u015brodowiska.<\/p>","protected":false},"featured_media":2296,"comment_status":"open","ping_status":"closed","template":"","meta":{"_uag_custom_page_level_css":"","neve_meta_sidebar":"","neve_meta_container":"","neve_meta_enable_content_width":"off","neve_meta_content_width":100,"neve_meta_title_alignment":"","neve_meta_author_avatar":"","neve_post_elements_order":"","neve_meta_disable_header":"","neve_meta_disable_footer":"","neve_meta_disable_title":""},"product_brand":[],"product_cat":[53,43,55],"product_tag":[],"class_list":{"0":"post-2340","1":"product","2":"type-product","3":"status-publish","4":"has-post-thumbnail","6":"product_cat-low-speed-electric-vehicle-battery","7":"product_cat-power-battery","8":"product_cat-scooter-battery","10":"first","11":"instock","12":"shipping-taxable","13":"product-type-simple"},"uagb_featured_image_src":{"full":["https:\/\/ecavix.com\/wp-content\/uploads\/2025\/07\/Rechargeable-Electric-Bike-Battery-12V-24ah0-800-800.webp",550,550,false],"thumbnail":["https:\/\/ecavix.com\/wp-content\/uploads\/2025\/07\/Rechargeable-Electric-Bike-Battery-12V-24ah0-800-800-150x150.webp",150,150,true],"medium":["https:\/\/ecavix.com\/wp-content\/uploads\/2025\/07\/Rechargeable-Electric-Bike-Battery-12V-24ah0-800-800-300x300.webp",300,300,true],"medium_large":["https:\/\/ecavix.com\/wp-content\/uploads\/2025\/07\/Rechargeable-Electric-Bike-Battery-12V-24ah0-800-800.webp",550,550,false],"large":["https:\/\/ecavix.com\/wp-content\/uploads\/2025\/07\/Rechargeable-Electric-Bike-Battery-12V-24ah0-800-800.webp",550,550,false],"1536x1536":["https:\/\/ecavix.com\/wp-content\/uploads\/2025\/07\/Rechargeable-Electric-Bike-Battery-12V-24ah0-800-800.webp",550,550,false],"2048x2048":["https:\/\/ecavix.com\/wp-content\/uploads\/2025\/07\/Rechargeable-Electric-Bike-Battery-12V-24ah0-800-800.webp",550,550,false],"trp-custom-language-flag":["https:\/\/ecavix.com\/wp-content\/uploads\/2025\/07\/Rechargeable-Electric-Bike-Battery-12V-24ah0-800-800.webp",12,12,false],"neve-blog":["https:\/\/ecavix.com\/wp-content\/uploads\/2025\/07\/Rechargeable-Electric-Bike-Battery-12V-24ah0-800-800.webp",550,550,false],"woocommerce_thumbnail":["https:\/\/ecavix.com\/wp-content\/uploads\/2025\/07\/Rechargeable-Electric-Bike-Battery-12V-24ah0-800-800-300x300.webp",300,300,true],"woocommerce_single":["https:\/\/ecavix.com\/wp-content\/uploads\/2025\/07\/Rechargeable-Electric-Bike-Battery-12V-24ah0-800-800.webp",550,550,false],"woocommerce_gallery_thumbnail":["https:\/\/ecavix.com\/wp-content\/uploads\/2025\/07\/Rechargeable-Electric-Bike-Battery-12V-24ah0-800-800-100x100.webp",100,100,true]},"uagb_author_info":{"display_name":"solvitaenergylimited@gmail.com","author_link":"https:\/\/ecavix.com\/pl\/author\/"},"uagb_comment_info":0,"uagb_excerpt":"12V 20Ah rechargeable lithium-ion battery pack, designed for solar systems, remote control boats, and various electric vehicles with long cycle life, excellent discharge performance, and environmental benefits.","_links":{"self":[{"href":"https:\/\/ecavix.com\/pl\/wp-json\/wp\/v2\/product\/2340","targetHints":{"allow":["GET"]}}],"collection":[{"href":"https:\/\/ecavix.com\/pl\/wp-json\/wp\/v2\/product"}],"about":[{"href":"https:\/\/ecavix.com\/pl\/wp-json\/wp\/v2\/types\/product"}],"replies":[{"embeddable":true,"href":"https:\/\/ecavix.com\/pl\/wp-json\/wp\/v2\/comments?post=2340"}],"wp:featuredmedia":[{"embeddable":true,"href":"https:\/\/ecavix.com\/pl\/wp-json\/wp\/v2\/media\/2296"}],"wp:attachment":[{"href":"https:\/\/ecavix.com\/pl\/wp-json\/wp\/v2\/media?parent=2340"}],"wp:term":[{"taxonomy":"product_brand","embeddable":true,"href":"https:\/\/ecavix.com\/pl\/wp-json\/wp\/v2\/product_brand?post=2340"},{"taxonomy":"product_cat","embeddable":true,"href":"https:\/\/ecavix.com\/pl\/wp-json\/wp\/v2\/product_cat?post=2340"},{"taxonomy":"product_tag","embeddable":true,"href":"https:\/\/ecavix.com\/pl\/wp-json\/wp\/v2\/product_tag?post=2340"}],"curies":[{"name":"wp","href":"https:\/\/api.w.org\/{rel}","templated":true}]}}