{"id":2339,"date":"2025-07-18T03:40:19","date_gmt":"2025-07-18T03:40:19","guid":{"rendered":"https:\/\/ecavix.com\/?post_type=product&#038;p=2339"},"modified":"2025-07-18T03:40:19","modified_gmt":"2025-07-18T03:40:19","slug":"akumulator-litowy-deep-cycle-12v-20ah-240wh","status":"publish","type":"product","link":"https:\/\/ecavix.com\/pl\/product\/deep-cycle-12v-20ah-240wh-lithium-battery-pack\/","title":{"rendered":"Akumulator litowy Deep Cycle 12V 20ah 240wh"},"content":{"rendered":"<br \/>\n<h1>Akumulator litowo-polimerowy o g\u0142\u0119bokim cyklu 12 V (DL-1220)<\/h1>\n<h2>Przegl\u0105d produkt\u00f3w<\/h2>\n<table>\n<tr>\n<th>Napi\u0119cie nominalne<\/th>\n<td>12V<\/td>\n<\/tr>\n<tr>\n<th>Napi\u0119cie robocze<\/th>\n<td>12,6 V - 9 V<\/td>\n<\/tr>\n<tr>\n<th>Pojemno\u015b\u0107 nominalna<\/th>\n<td>Dost\u0119pne: 20Ah, 40Ah, 60Ah, 100Ah (z mo\u017cliwo\u015bci\u0105 dostosowania)<\/td>\n<\/tr>\n<tr>\n<th>Napi\u0119cie odci\u0119cia \u0142adowania<\/th>\n<td>12.6V<\/td>\n<\/tr>\n<tr>\n<th>Pr\u0105d \u0142adowania<\/th>\n<td>Maks. 0,2C<\/td>\n<\/tr>\n<tr>\n<th>Metoda \u0142adowania<\/th>\n<td>CC\/CV - sta\u0142y pr\u0105d\/sta\u0142e napi\u0119cie<\/td>\n<\/tr>\n<tr>\n<th>Temperatura \u0142adowania<\/th>\n<td>0\u00baC - 40\u00baC<\/td>\n<\/tr>\n<tr>\n<th>Temperatura roz\u0142adowania<\/th>\n<td>-20\u00baC - +60\u00baC<\/td>\n<\/tr>\n<tr>\n<th>Czas trwania \u0142adowania<\/th>\n<td>4-5 godzin (Standard)<\/td>\n<\/tr>\n<tr>\n<th>Cykl \u017cycia<\/th>\n<td>Powy\u017cej 500 cykli<\/td>\n<\/tr>\n<tr>\n<th>Wymiary<\/th>\n<td>135 mm x 78 mm x 65 mm (d\u0142. x szer. x wys.)<\/td>\n<\/tr>\n<\/table>\n<h2>Kluczowe cechy<\/h2>\n<div class=\"features-grid\">\n<div class=\"feature-box\">\n      <strong>Wydajno\u015b\u0107 w g\u0142\u0119bokim cyklu<\/strong><br \/>\n      Idealny do zastosowa\u0144 wymagaj\u0105cych g\u0142\u0119bokiego cyklu pracy, oferuj\u0105c stabiln\u0105 i niezawodn\u0105 wydajno\u015b\u0107.\n    <\/div>\n<div class=\"feature-box\">\n      <strong>Wysoka wydajno\u015b\u0107<\/strong><br \/>\n      Wydajno\u015b\u0107 operacyjna \u226599% zapewnia optymalne zu\u017cycie energii i wydajno\u015b\u0107.\n    <\/div>\n<div class=\"feature-box\">\n      <strong>D\u0142uga \u017cywotno\u015b\u0107<\/strong><br \/>\n      Zapewnia ponad 500 cykli \u0142adowania-roz\u0142adowania dla d\u0142ugotrwa\u0142ej niezawodno\u015bci.\n    <\/div>\n<div class=\"feature-box\">\n      <strong>Szeroki zakres temperatur<\/strong><br \/>\n      Dzia\u0142a dobrze w temperaturach od -20\u00baC do +60\u00baC podczas roz\u0142adowywania i od 0\u00baC do 40\u00baC podczas \u0142adowania.\n    <\/div>\n<div class=\"feature-box\">\n      <strong>Konfigurowalne mo\u017cliwo\u015bci<\/strong><br \/>\n      Dost\u0119pne w r\u00f3\u017cnych pojemno\u015bciach (20Ah, 40Ah, 60Ah, 100Ah) w celu dopasowania do konkretnych potrzeb.\n    <\/div>\n<div class=\"feature-box\">\n      <strong>Konstrukcja nadaj\u0105ca si\u0119 do recyklingu<\/strong><br \/>\n      Zaprojektowany przy u\u017cyciu materia\u0142\u00f3w nadaj\u0105cych si\u0119 do recyklingu, aby zminimalizowa\u0107 wp\u0142yw na \u015brodowisko.\n    <\/div>\n<\/p><\/div>\n<h2>Zastosowania<\/h2>\n<ul>\n<li>Magazynowanie energii s\u0142onecznej<\/li>\n<li>Pojazdy elektryczne (rowery elektryczne, skutery)<\/li>\n<li>Systemy magazynowania energii<\/li>\n<li>Przeno\u015bne stacje zasilania<\/li>\n<li>Narz\u0119dzia i urz\u0105dzenia elektryczne<\/li>\n<\/ul>\n<h2>Dlaczego warto wybra\u0107 nasz akumulator litowo-polimerowy 12V?<\/h2>\n<ul>\n<li>Przyjazna dla \u015brodowiska, nadaj\u0105ca si\u0119 do recyklingu konstrukcja zapewniaj\u0105ca zr\u00f3wnowa\u017cone u\u017cytkowanie<\/li>\n<li>Mo\u017cliwo\u015b\u0107 dostosowania pojemno\u015bci (od 20Ah do 100Ah) do r\u00f3\u017cnych zastosowa\u0144<\/li>\n<li>Wysoka wydajno\u015b\u0107 i d\u0142uga \u017cywotno\u015b\u0107, oszcz\u0119dno\u015b\u0107 koszt\u00f3w wymiany<\/li>\n<li>Niezawodne dzia\u0142anie w szerokim zakresie temperatur w r\u00f3\u017cnych \u015brodowiskach<\/li>\n<\/ul>\n<h2>Pakowanie i wysy\u0142ka<\/h2>\n<p>Akumulator litowo-polimerowy 12 V Deep Cycle jest bezpiecznie zapakowany w standardowe opakowanie eksportowe. Oferujemy opcje wysy\u0142ki lotniczej i morskiej w zale\u017cno\u015bci od wielko\u015bci zam\u00f3wienia i pilno\u015bci dostawy.<\/p>\n<h3>Metody wysy\u0142ki<\/h3>\n<ul>\n<li>Ma\u0142e zam\u00f3wienia: wysy\u0142ka drog\u0105 lotnicz\u0105 (DHL, FedEx, UPS)<\/li>\n<li>Du\u017ce zam\u00f3wienia: wysy\u0142ka drog\u0105 morsk\u0105 (szacowany czas dostawy: 30-45 dni)<\/li>\n<\/ul>","protected":false},"excerpt":{"rendered":"<p>Akumulator litowo-polimerowy 12V 20Ah, idealny do zastosowa\u0144 w g\u0142\u0119bokich cyklach z ponad 500 cyklami \u0142adowania-roz\u0142adowania, wysok\u0105 wydajno\u015bci\u0105 i konfigurowaln\u0105 pojemno\u015bci\u0105.<\/p>","protected":false},"featured_media":2318,"comment_status":"open","ping_status":"closed","template":"","meta":{"_uag_custom_page_level_css":"","neve_meta_sidebar":"","neve_meta_container":"","neve_meta_enable_content_width":"off","neve_meta_content_width":100,"neve_meta_title_alignment":"","neve_meta_author_avatar":"","neve_post_elements_order":"","neve_meta_disable_header":"","neve_meta_disable_footer":"","neve_meta_disable_title":""},"product_brand":[],"product_cat":[53,43,55],"product_tag":[],"class_list":{"0":"post-2339","1":"product","2":"type-product","3":"status-publish","4":"has-post-thumbnail","6":"product_cat-low-speed-electric-vehicle-battery","7":"product_cat-power-battery","8":"product_cat-scooter-battery","10":"first","11":"instock","12":"shipping-taxable","13":"product-type-simple"},"uagb_featured_image_src":{"full":["https:\/\/ecavix.com\/wp-content\/uploads\/2025\/07\/Factory-Price-Rechargeable-18650-Lithium-Ion-12V-6600mAh-Li-Ion-Battery-Pack-for-LED-Light-Power-Too-800-800-1.webp",550,550,false],"thumbnail":["https:\/\/ecavix.com\/wp-content\/uploads\/2025\/07\/Factory-Price-Rechargeable-18650-Lithium-Ion-12V-6600mAh-Li-Ion-Battery-Pack-for-LED-Light-Power-Too-800-800-1-150x150.webp",150,150,true],"medium":["https:\/\/ecavix.com\/wp-content\/uploads\/2025\/07\/Factory-Price-Rechargeable-18650-Lithium-Ion-12V-6600mAh-Li-Ion-Battery-Pack-for-LED-Light-Power-Too-800-800-1-300x300.webp",300,300,true],"medium_large":["https:\/\/ecavix.com\/wp-content\/uploads\/2025\/07\/Factory-Price-Rechargeable-18650-Lithium-Ion-12V-6600mAh-Li-Ion-Battery-Pack-for-LED-Light-Power-Too-800-800-1.webp",550,550,false],"large":["https:\/\/ecavix.com\/wp-content\/uploads\/2025\/07\/Factory-Price-Rechargeable-18650-Lithium-Ion-12V-6600mAh-Li-Ion-Battery-Pack-for-LED-Light-Power-Too-800-800-1.webp",550,550,false],"1536x1536":["https:\/\/ecavix.com\/wp-content\/uploads\/2025\/07\/Factory-Price-Rechargeable-18650-Lithium-Ion-12V-6600mAh-Li-Ion-Battery-Pack-for-LED-Light-Power-Too-800-800-1.webp",550,550,false],"2048x2048":["https:\/\/ecavix.com\/wp-content\/uploads\/2025\/07\/Factory-Price-Rechargeable-18650-Lithium-Ion-12V-6600mAh-Li-Ion-Battery-Pack-for-LED-Light-Power-Too-800-800-1.webp",550,550,false],"trp-custom-language-flag":["https:\/\/ecavix.com\/wp-content\/uploads\/2025\/07\/Factory-Price-Rechargeable-18650-Lithium-Ion-12V-6600mAh-Li-Ion-Battery-Pack-for-LED-Light-Power-Too-800-800-1.webp",12,12,false],"neve-blog":["https:\/\/ecavix.com\/wp-content\/uploads\/2025\/07\/Factory-Price-Rechargeable-18650-Lithium-Ion-12V-6600mAh-Li-Ion-Battery-Pack-for-LED-Light-Power-Too-800-800-1.webp",550,550,false],"woocommerce_thumbnail":["https:\/\/ecavix.com\/wp-content\/uploads\/2025\/07\/Factory-Price-Rechargeable-18650-Lithium-Ion-12V-6600mAh-Li-Ion-Battery-Pack-for-LED-Light-Power-Too-800-800-1-300x300.webp",300,300,true],"woocommerce_single":["https:\/\/ecavix.com\/wp-content\/uploads\/2025\/07\/Factory-Price-Rechargeable-18650-Lithium-Ion-12V-6600mAh-Li-Ion-Battery-Pack-for-LED-Light-Power-Too-800-800-1.webp",550,550,false],"woocommerce_gallery_thumbnail":["https:\/\/ecavix.com\/wp-content\/uploads\/2025\/07\/Factory-Price-Rechargeable-18650-Lithium-Ion-12V-6600mAh-Li-Ion-Battery-Pack-for-LED-Light-Power-Too-800-800-1-100x100.webp",100,100,true]},"uagb_author_info":{"display_name":"solvitaenergylimited@gmail.com","author_link":"https:\/\/ecavix.com\/pl\/author\/"},"uagb_comment_info":0,"uagb_excerpt":"12V 20Ah lithium polymer battery pack, ideal for deep cycle applications with over 500 charge-discharge cycles, high efficiency, and customizable capacities.","_links":{"self":[{"href":"https:\/\/ecavix.com\/pl\/wp-json\/wp\/v2\/product\/2339","targetHints":{"allow":["GET"]}}],"collection":[{"href":"https:\/\/ecavix.com\/pl\/wp-json\/wp\/v2\/product"}],"about":[{"href":"https:\/\/ecavix.com\/pl\/wp-json\/wp\/v2\/types\/product"}],"replies":[{"embeddable":true,"href":"https:\/\/ecavix.com\/pl\/wp-json\/wp\/v2\/comments?post=2339"}],"wp:featuredmedia":[{"embeddable":true,"href":"https:\/\/ecavix.com\/pl\/wp-json\/wp\/v2\/media\/2318"}],"wp:attachment":[{"href":"https:\/\/ecavix.com\/pl\/wp-json\/wp\/v2\/media?parent=2339"}],"wp:term":[{"taxonomy":"product_brand","embeddable":true,"href":"https:\/\/ecavix.com\/pl\/wp-json\/wp\/v2\/product_brand?post=2339"},{"taxonomy":"product_cat","embeddable":true,"href":"https:\/\/ecavix.com\/pl\/wp-json\/wp\/v2\/product_cat?post=2339"},{"taxonomy":"product_tag","embeddable":true,"href":"https:\/\/ecavix.com\/pl\/wp-json\/wp\/v2\/product_tag?post=2339"}],"curies":[{"name":"wp","href":"https:\/\/api.w.org\/{rel}","templated":true}]}}