{"id":2335,"date":"2025-07-18T03:34:48","date_gmt":"2025-07-18T03:34:48","guid":{"rendered":"https:\/\/ecavix.com\/?post_type=product&#038;p=2335"},"modified":"2025-07-18T03:34:48","modified_gmt":"2025-07-18T03:34:48","slug":"hurtownia-akumulatorow-litowych-12v-10ah-do-opryskiwaczy-rolniczych","status":"publish","type":"product","link":"https:\/\/ecavix.com\/pl\/product\/wholesales-12v-10ah-lithium-battery-pack-for-agriculture-sprayer\/","title":{"rendered":"Hurtowa sprzeda\u017c akumulator\u00f3w litowych 12 V 10 Ah do opryskiwaczy rolniczych"},"content":{"rendered":"<h1>Akumulator litowo-jonowy 12V 10Ah do opryskiwaczy rolniczych (del18650)<\/h1>\n<h2>Przegl\u0105d produkt\u00f3w<\/h2>\n<table>\n<tr>\n<th>Napi\u0119cie nominalne<\/th>\n<td>12V<\/td>\n<\/tr>\n<tr>\n<th>Napi\u0119cie robocze<\/th>\n<td>12,6 V-9 V<\/td>\n<\/tr>\n<tr>\n<th>Pojemno\u015b\u0107 nominalna<\/th>\n<td>10Ah (konfigurowalne 7Ah-18Ah)<\/td>\n<\/tr>\n<tr>\n<th>Pr\u0105d roz\u0142adowania<\/th>\n<td>0,5C-1C (konfigurowalne do 3C dla rozruchu silnika)<\/td>\n<\/tr>\n<tr>\n<th>Napi\u0119cie odci\u0119cia \u0142adowania<\/th>\n<td>12.6V<\/td>\n<\/tr>\n<tr>\n<th>Pr\u0105d \u0142adowania<\/th>\n<td>Maks. 2,5 A<\/td>\n<\/tr>\n<tr>\n<th>Metoda \u0142adowania<\/th>\n<td>CC\/CV - sta\u0142y pr\u0105d\/sta\u0142e napi\u0119cie<\/td>\n<\/tr>\n<tr>\n<th>Temperatura \u0142adowania<\/th>\n<td>0\u00baC - 40\u00baC<\/td>\n<\/tr>\n<tr>\n<th>Temperatura roz\u0142adowania<\/th>\n<td>-20\u00baC - +60\u00baC<\/td>\n<\/tr>\n<tr>\n<th>Czas trwania \u0142adowania<\/th>\n<td>4-5 godzin (Standard)<\/td>\n<\/tr>\n<tr>\n<th>Cykl \u017cycia<\/th>\n<td>Powy\u017cej 500 cykli<\/td>\n<\/tr>\n<tr>\n<th>Wymiary<\/th>\n<td>148 mm x 64 mm x 94 mm (d\u0142. x szer. x wys.)<\/td>\n<\/tr>\n<\/table>\n<h2>Kluczowe cechy<\/h2>\n<div class=\"features-grid\">\n<div class=\"feature-box\">\n      <strong>Stabilny system BMS<\/strong><br \/>\n      Wyposa\u017cony w zabezpieczenie przed zwarciem, nadmiernym na\u0142adowaniem, nadmiernym roz\u0142adowaniem i nadmiernym pr\u0105dem, a tak\u017ce wbudowany system BMS 60A zapewniaj\u0105cy r\u00f3wnowag\u0119.\n    <\/div>\n<div class=\"feature-box\">\n      <strong>D\u0142uga \u017cywotno\u015b\u0107<\/strong><br \/>\n      Zapewnia ponad 500 cykli, oferuj\u0105c d\u0142ugoterminow\u0105 niezawodno\u015b\u0107.\n    <\/div>\n<div class=\"feature-box\">\n      <strong>Tolerancja temperatury<\/strong><br \/>\n      Dzia\u0142a dobrze w ekstremalnych temperaturach, od -20\u00baC do +60\u00baC podczas roz\u0142adowywania i od 0\u00baC do 40\u00baC podczas \u0142adowania.\n    <\/div>\n<div class=\"feature-box\">\n      <strong>Brak efektu pami\u0119ci<\/strong><br \/>\n      Zapewnia optymaln\u0105 wydajno\u015b\u0107 bez ryzyka wyst\u0105pienia efekt\u00f3w pami\u0119ciowych.\n    <\/div>\n<div class=\"feature-box\">\n      <strong>Konfigurowalne mo\u017cliwo\u015bci<\/strong><br \/>\n      Dost\u0119pne w konfigurowalnych pojemno\u015bciach od 7Ah do 18Ah w zale\u017cno\u015bci od konkretnych potrzeb.\n    <\/div>\n<div class=\"feature-box\">\n      <strong>Wszechstronne zastosowania<\/strong><br \/>\n      Nadaje si\u0119 do opryskiwaczy rolniczych, urz\u0105dze\u0144 o\u015bwietleniowych, falownik\u00f3w, kamer monitoruj\u0105cych i innych zasilanych urz\u0105dze\u0144.\n    <\/div>\n<\/p><\/div>\n<h2>Zastosowania<\/h2>\n<ul>\n<li>Opryskiwacze rolnicze<\/li>\n<li>Systemy zasilania energi\u0105 s\u0142oneczn\u0105<\/li>\n<li>Pojazdy elektryczne<\/li>\n<li>Urz\u0105dzenia przeno\u015bne (\u015bwiat\u0142a, kamery itp.)<\/li>\n<li>Elektronarz\u0119dzia<\/li>\n<\/ul>\n<h2>Dlaczego warto wybra\u0107 nasz akumulator litowo-jonowy 12V 10Ah?<\/h2>\n<ul>\n<li>Stabilny i niezawodny system BMS dla wi\u0119kszego bezpiecze\u0144stwa<\/li>\n<li>Mo\u017cliwo\u015b\u0107 dostosowania pojemno\u015bci i szybko\u015bci roz\u0142adowania do r\u00f3\u017cnych zastosowa\u0144<\/li>\n<li>Nadaje si\u0119 do u\u017cytku w trudnych warunkach \u015brodowiskowych<\/li>\n<li>D\u0142ugi cykl \u017cycia zapewnia d\u0142ugoterminowe oszcz\u0119dno\u015bci i wydajno\u015b\u0107<\/li>\n<li>Brak efektu pami\u0119ci zapewnia maksymaln\u0105 pojemno\u015b\u0107 przez d\u0142ugi czas<\/li>\n<\/ul>\n<h2>Pakowanie i wysy\u0142ka<\/h2>\n<p>Akumulator litowo-jonowy 12V 10Ah jest starannie zapakowany w standardowe opakowanie eksportowe, aby zapewni\u0107 bezpieczn\u0105 dostaw\u0119. Opcje wysy\u0142ki obejmuj\u0105 zar\u00f3wno fracht lotniczy, jak i morski w zale\u017cno\u015bci od wielko\u015bci zam\u00f3wienia i pilno\u015bci.<\/p>\n<h3>Metody wysy\u0142ki<\/h3>\n<ul>\n<li>Ma\u0142e zam\u00f3wienia: wysy\u0142ka drog\u0105 lotnicz\u0105 (DHL, FedEx, UPS)<\/li>\n<li>Du\u017ce zam\u00f3wienia: wysy\u0142ka drog\u0105 morsk\u0105 (szacowany czas dostawy: 30-45 dni)<\/li>\n<\/ul>","protected":false},"excerpt":{"rendered":"<p>Akumulator litowo-jonowy 12V 10Ah do opryskiwaczy rolniczych, charakteryzuj\u0105cy si\u0119 stabilnym systemem BMS, d\u0142ug\u0105 \u017cywotno\u015bci\u0105 i doskona\u0142\u0105 odporno\u015bci\u0105 na temperatur\u0119. Mo\u017cliwo\u015b\u0107 dostosowania do r\u00f3\u017cnych zastosowa\u0144.<\/p>","protected":false},"featured_media":2337,"comment_status":"open","ping_status":"closed","template":"","meta":{"_uag_custom_page_level_css":"","neve_meta_sidebar":"","neve_meta_container":"","neve_meta_enable_content_width":"off","neve_meta_content_width":100,"neve_meta_title_alignment":"","neve_meta_author_avatar":"","neve_post_elements_order":"","neve_meta_disable_header":"","neve_meta_disable_footer":"","neve_meta_disable_title":""},"product_brand":[],"product_cat":[53,43,55],"product_tag":[],"class_list":{"0":"post-2335","1":"product","2":"type-product","3":"status-publish","4":"has-post-thumbnail","6":"product_cat-low-speed-electric-vehicle-battery","7":"product_cat-power-battery","8":"product_cat-scooter-battery","10":"first","11":"instock","12":"shipping-taxable","13":"product-type-simple"},"uagb_featured_image_src":{"full":["https:\/\/ecavix.com\/wp-content\/uploads\/2025\/07\/Wholesales-12V-10ah-Lithium-Battery-Pack-for-Agriculture-Sprayer4-800-800.webp",550,467,false],"thumbnail":["https:\/\/ecavix.com\/wp-content\/uploads\/2025\/07\/Wholesales-12V-10ah-Lithium-Battery-Pack-for-Agriculture-Sprayer4-800-800-150x150.webp",150,150,true],"medium":["https:\/\/ecavix.com\/wp-content\/uploads\/2025\/07\/Wholesales-12V-10ah-Lithium-Battery-Pack-for-Agriculture-Sprayer4-800-800-300x255.webp",300,255,true],"medium_large":["https:\/\/ecavix.com\/wp-content\/uploads\/2025\/07\/Wholesales-12V-10ah-Lithium-Battery-Pack-for-Agriculture-Sprayer4-800-800.webp",550,467,false],"large":["https:\/\/ecavix.com\/wp-content\/uploads\/2025\/07\/Wholesales-12V-10ah-Lithium-Battery-Pack-for-Agriculture-Sprayer4-800-800.webp",550,467,false],"1536x1536":["https:\/\/ecavix.com\/wp-content\/uploads\/2025\/07\/Wholesales-12V-10ah-Lithium-Battery-Pack-for-Agriculture-Sprayer4-800-800.webp",550,467,false],"2048x2048":["https:\/\/ecavix.com\/wp-content\/uploads\/2025\/07\/Wholesales-12V-10ah-Lithium-Battery-Pack-for-Agriculture-Sprayer4-800-800.webp",550,467,false],"trp-custom-language-flag":["https:\/\/ecavix.com\/wp-content\/uploads\/2025\/07\/Wholesales-12V-10ah-Lithium-Battery-Pack-for-Agriculture-Sprayer4-800-800.webp",14,12,false],"neve-blog":["https:\/\/ecavix.com\/wp-content\/uploads\/2025\/07\/Wholesales-12V-10ah-Lithium-Battery-Pack-for-Agriculture-Sprayer4-800-800.webp",550,467,false],"woocommerce_thumbnail":["https:\/\/ecavix.com\/wp-content\/uploads\/2025\/07\/Wholesales-12V-10ah-Lithium-Battery-Pack-for-Agriculture-Sprayer4-800-800-300x300.webp",300,300,true],"woocommerce_single":["https:\/\/ecavix.com\/wp-content\/uploads\/2025\/07\/Wholesales-12V-10ah-Lithium-Battery-Pack-for-Agriculture-Sprayer4-800-800.webp",550,467,false],"woocommerce_gallery_thumbnail":["https:\/\/ecavix.com\/wp-content\/uploads\/2025\/07\/Wholesales-12V-10ah-Lithium-Battery-Pack-for-Agriculture-Sprayer4-800-800-100x100.webp",100,100,true]},"uagb_author_info":{"display_name":"solvitaenergylimited@gmail.com","author_link":"https:\/\/ecavix.com\/pl\/author\/"},"uagb_comment_info":0,"uagb_excerpt":"12V 10Ah lithium-ion battery pack for agriculture sprayers, featuring a stable BMS system, long cycle life, and excellent temperature resistance. Customizable for various applications.","_links":{"self":[{"href":"https:\/\/ecavix.com\/pl\/wp-json\/wp\/v2\/product\/2335","targetHints":{"allow":["GET"]}}],"collection":[{"href":"https:\/\/ecavix.com\/pl\/wp-json\/wp\/v2\/product"}],"about":[{"href":"https:\/\/ecavix.com\/pl\/wp-json\/wp\/v2\/types\/product"}],"replies":[{"embeddable":true,"href":"https:\/\/ecavix.com\/pl\/wp-json\/wp\/v2\/comments?post=2335"}],"wp:featuredmedia":[{"embeddable":true,"href":"https:\/\/ecavix.com\/pl\/wp-json\/wp\/v2\/media\/2337"}],"wp:attachment":[{"href":"https:\/\/ecavix.com\/pl\/wp-json\/wp\/v2\/media?parent=2335"}],"wp:term":[{"taxonomy":"product_brand","embeddable":true,"href":"https:\/\/ecavix.com\/pl\/wp-json\/wp\/v2\/product_brand?post=2335"},{"taxonomy":"product_cat","embeddable":true,"href":"https:\/\/ecavix.com\/pl\/wp-json\/wp\/v2\/product_cat?post=2335"},{"taxonomy":"product_tag","embeddable":true,"href":"https:\/\/ecavix.com\/pl\/wp-json\/wp\/v2\/product_tag?post=2335"}],"curies":[{"name":"wp","href":"https:\/\/api.w.org\/{rel}","templated":true}]}}