{"id":2330,"date":"2025-07-18T03:32:29","date_gmt":"2025-07-18T03:32:29","guid":{"rendered":"https:\/\/ecavix.com\/?post_type=product&#038;p=2330"},"modified":"2025-07-18T03:32:29","modified_gmt":"2025-07-18T03:32:29","slug":"niestandardowy-akumulator-litowo-jonowy-12-v-4ah-do-akumulatora-skutera-elektrycznego","status":"publish","type":"product","link":"https:\/\/ecavix.com\/pl\/product\/custom-lithium-ion-12v-4ah-battery-pack-for-electric-scooter-battery\/","title":{"rendered":"Niestandardowy akumulator litowo-jonowy 12 V 4 Ah do hulajnogi elektrycznej"},"content":{"rendered":"<h1>Niestandardowy akumulator litowo-jonowy 12V 4Ah (DL-1204)<\/h1>\n<h2>Przegl\u0105d produkt\u00f3w<\/h2>\n<table>\n<tr>\n<th>Napi\u0119cie nominalne<\/th>\n<td>12V (lub niestandardowe)<\/td>\n<\/tr>\n<tr>\n<th>Pojemno\u015b\u0107 nominalna<\/th>\n<td>4Ah (lub niestandardowe)<\/td>\n<\/tr>\n<tr>\n<th>Maksymalny pr\u0105d roz\u0142adowania<\/th>\n<td>3C<\/td>\n<\/tr>\n<tr>\n<th>Standardowy pr\u0105d \u0142adowania<\/th>\n<td>0.2C<\/td>\n<\/tr>\n<tr>\n<th>Pr\u0105d szybkiego \u0142adowania<\/th>\n<td>0.5C<\/td>\n<\/tr>\n<tr>\n<th>Napi\u0119cie \u0142adowania<\/th>\n<td>13.6V<\/td>\n<\/tr>\n<tr>\n<th>Temperatura robocza roz\u0142adowania<\/th>\n<td>-20\u00baC ~ +60\u00baC<\/td>\n<\/tr>\n<tr>\n<th>Temperatura robocza \u0142adowania<\/th>\n<td>0\u00baC ~ 45\u00baC<\/td>\n<\/tr>\n<tr>\n<th>Cykl \u017cycia<\/th>\n<td>Ponad 500 cykli<\/td>\n<\/tr>\n<tr>\n<th>Waga<\/th>\n<td>Oko\u0142o 3 kg<\/td>\n<\/tr>\n<\/table>\n<h2>Kluczowe cechy<\/h2>\n<div class=\"features-grid\">\n<div class=\"feature-box\">\n      <strong>Wysoka szybko\u015b\u0107 roz\u0142adowania<\/strong><br \/>\n      Zdolny do roz\u0142adowania do 3C, idealny do urz\u0105dze\u0144 o du\u017cej mocy.\n    <\/div>\n<div class=\"feature-box\">\n      <strong>D\u0142uga \u017cywotno\u015b\u0107<\/strong><br \/>\n      Dzi\u0119ki ponad 500 cyklom ta bateria dzia\u0142a d\u0142u\u017cej i zapewnia wi\u0119ksz\u0105 warto\u015b\u0107.\n    <\/div>\n<div class=\"feature-box\">\n      <strong>Elastyczno\u015b\u0107 temperaturowa<\/strong><br \/>\n      Dzia\u0142a w szerokim zakresie temperatur: Roz\u0142adowanie (-20\u00baC ~ +60\u00baC), \u0141adowanie (0\u00baC ~ 45\u00baC).\n    <\/div>\n<div class=\"feature-box\">\n      <strong>Mo\u017cliwo\u015b\u0107 dostosowania<\/strong><br \/>\n      Dost\u0119pne w niestandardowych kolorach, napi\u0119ciach i pojemno\u015bciach, aby spe\u0142ni\u0107 okre\u015blone potrzeby.\n    <\/div>\n<div class=\"feature-box\">\n      <strong>Przyjazny dla \u015brodowiska<\/strong><br \/>\n      Certyfikaty CE, RoHS, FCC i MSDS zapewniaj\u0105 wysokie standardy bezpiecze\u0144stwa i ochrony \u015brodowiska.\n    <\/div>\n<div class=\"feature-box\">\n      <strong>Kompaktowa konstrukcja<\/strong><br \/>\n      Kompaktowy (72*120*21 mm) i lekki (oko\u0142o 3 kg), dzi\u0119ki czemu nadaje si\u0119 do r\u00f3\u017cnych zastosowa\u0144.\n    <\/div>\n<\/p><\/div>\n<h2>Zastosowania<\/h2>\n<ul>\n<li>Magazynowanie energii s\u0142onecznej<\/li>\n<li>Skutery elektryczne<\/li>\n<li>Pojazdy elektryczne<\/li>\n<li>Elektronarz\u0119dzia<\/li>\n<li>Inne urz\u0105dzenia zasilane bateryjnie<\/li>\n<\/ul>\n<h2>Dlaczego warto wybra\u0107 nasz akumulator litowo-jonowy 12V 4Ah?<\/h2>\n<ul>\n<li>Doskona\u0142a wydajno\u015b\u0107 przy wysokich wska\u017anikach roz\u0142adowania<\/li>\n<li>D\u0142uga \u017cywotno\u015b\u0107 wynosz\u0105ca ponad 500 cykli<\/li>\n<li>Szeroki zakres temperatur pracy dla r\u00f3\u017cnych \u015brodowisk<\/li>\n<li>Mo\u017cliwo\u015b\u0107 dostosowania w oparciu o wymagania dotycz\u0105ce napi\u0119cia i wydajno\u015bci<\/li>\n<li>Zgodno\u015b\u0107 z wiod\u0105cymi w bran\u017cy standardami bezpiecze\u0144stwa i ochrony \u015brodowiska<\/li>\n<\/ul>\n<h2>Pakowanie i wysy\u0142ka<\/h2>\n<p>Ka\u017cdy zestaw akumulator\u00f3w jest starannie pakowany w 1 sztuk\u0119\/karton w celu zapewnienia bezpiecznej wysy\u0142ki. Oferujemy opcje wysy\u0142ki lotniczej i morskiej w zale\u017cno\u015bci od wielko\u015bci zam\u00f3wienia i pilno\u015bci dostawy.<\/p>\n<h3>Metody wysy\u0142ki<\/h3>\n<ul>\n<li>Ma\u0142e zam\u00f3wienia: wysy\u0142ka drog\u0105 lotnicz\u0105 (DHL, FedEx, UPS)<\/li>\n<li>Du\u017ce zam\u00f3wienia: wysy\u0142ka drog\u0105 morsk\u0105 (szacowany czas dostawy: 30-45 dni)<\/li>\n<\/ul>","protected":false},"excerpt":{"rendered":"<p>Niestandardowy akumulator litowo-jonowy 12V 4Ah, idealny do skuter\u00f3w elektrycznych i magazynowania energii s\u0142onecznej. Wysoka szybko\u015b\u0107 roz\u0142adowania, d\u0142uga \u017cywotno\u015b\u0107 i mo\u017cliwo\u015b\u0107 dostosowania do r\u00f3\u017cnych zastosowa\u0144.<\/p>","protected":false},"featured_media":2334,"comment_status":"open","ping_status":"closed","template":"","meta":{"_uag_custom_page_level_css":"","neve_meta_sidebar":"","neve_meta_container":"","neve_meta_enable_content_width":"off","neve_meta_content_width":100,"neve_meta_title_alignment":"","neve_meta_author_avatar":"","neve_post_elements_order":"","neve_meta_disable_header":"","neve_meta_disable_footer":"","neve_meta_disable_title":""},"product_brand":[],"product_cat":[53,43,55],"product_tag":[],"class_list":{"0":"post-2330","1":"product","2":"type-product","3":"status-publish","4":"has-post-thumbnail","6":"product_cat-low-speed-electric-vehicle-battery","7":"product_cat-power-battery","8":"product_cat-scooter-battery","10":"first","11":"instock","12":"shipping-taxable","13":"product-type-simple"},"uagb_featured_image_src":{"full":["https:\/\/ecavix.com\/wp-content\/uploads\/2025\/07\/Custom-Lithium-Ion-12V-4ah-Battery-Pack-for-Electric-Scooter-Battery3-800-800.webp",550,550,false],"thumbnail":["https:\/\/ecavix.com\/wp-content\/uploads\/2025\/07\/Custom-Lithium-Ion-12V-4ah-Battery-Pack-for-Electric-Scooter-Battery3-800-800-150x150.webp",150,150,true],"medium":["https:\/\/ecavix.com\/wp-content\/uploads\/2025\/07\/Custom-Lithium-Ion-12V-4ah-Battery-Pack-for-Electric-Scooter-Battery3-800-800-300x300.webp",300,300,true],"medium_large":["https:\/\/ecavix.com\/wp-content\/uploads\/2025\/07\/Custom-Lithium-Ion-12V-4ah-Battery-Pack-for-Electric-Scooter-Battery3-800-800.webp",550,550,false],"large":["https:\/\/ecavix.com\/wp-content\/uploads\/2025\/07\/Custom-Lithium-Ion-12V-4ah-Battery-Pack-for-Electric-Scooter-Battery3-800-800.webp",550,550,false],"1536x1536":["https:\/\/ecavix.com\/wp-content\/uploads\/2025\/07\/Custom-Lithium-Ion-12V-4ah-Battery-Pack-for-Electric-Scooter-Battery3-800-800.webp",550,550,false],"2048x2048":["https:\/\/ecavix.com\/wp-content\/uploads\/2025\/07\/Custom-Lithium-Ion-12V-4ah-Battery-Pack-for-Electric-Scooter-Battery3-800-800.webp",550,550,false],"trp-custom-language-flag":["https:\/\/ecavix.com\/wp-content\/uploads\/2025\/07\/Custom-Lithium-Ion-12V-4ah-Battery-Pack-for-Electric-Scooter-Battery3-800-800.webp",12,12,false],"neve-blog":["https:\/\/ecavix.com\/wp-content\/uploads\/2025\/07\/Custom-Lithium-Ion-12V-4ah-Battery-Pack-for-Electric-Scooter-Battery3-800-800.webp",550,550,false],"woocommerce_thumbnail":["https:\/\/ecavix.com\/wp-content\/uploads\/2025\/07\/Custom-Lithium-Ion-12V-4ah-Battery-Pack-for-Electric-Scooter-Battery3-800-800-300x300.webp",300,300,true],"woocommerce_single":["https:\/\/ecavix.com\/wp-content\/uploads\/2025\/07\/Custom-Lithium-Ion-12V-4ah-Battery-Pack-for-Electric-Scooter-Battery3-800-800.webp",550,550,false],"woocommerce_gallery_thumbnail":["https:\/\/ecavix.com\/wp-content\/uploads\/2025\/07\/Custom-Lithium-Ion-12V-4ah-Battery-Pack-for-Electric-Scooter-Battery3-800-800-100x100.webp",100,100,true]},"uagb_author_info":{"display_name":"solvitaenergylimited@gmail.com","author_link":"https:\/\/ecavix.com\/pl\/author\/"},"uagb_comment_info":0,"uagb_excerpt":"Custom 12V 4Ah lithium-ion battery pack, perfect for electric scooters and solar power storage. High discharge rate, long cycle life, and adaptable to various applications.","_links":{"self":[{"href":"https:\/\/ecavix.com\/pl\/wp-json\/wp\/v2\/product\/2330","targetHints":{"allow":["GET"]}}],"collection":[{"href":"https:\/\/ecavix.com\/pl\/wp-json\/wp\/v2\/product"}],"about":[{"href":"https:\/\/ecavix.com\/pl\/wp-json\/wp\/v2\/types\/product"}],"replies":[{"embeddable":true,"href":"https:\/\/ecavix.com\/pl\/wp-json\/wp\/v2\/comments?post=2330"}],"wp:featuredmedia":[{"embeddable":true,"href":"https:\/\/ecavix.com\/pl\/wp-json\/wp\/v2\/media\/2334"}],"wp:attachment":[{"href":"https:\/\/ecavix.com\/pl\/wp-json\/wp\/v2\/media?parent=2330"}],"wp:term":[{"taxonomy":"product_brand","embeddable":true,"href":"https:\/\/ecavix.com\/pl\/wp-json\/wp\/v2\/product_brand?post=2330"},{"taxonomy":"product_cat","embeddable":true,"href":"https:\/\/ecavix.com\/pl\/wp-json\/wp\/v2\/product_cat?post=2330"},{"taxonomy":"product_tag","embeddable":true,"href":"https:\/\/ecavix.com\/pl\/wp-json\/wp\/v2\/product_tag?post=2330"}],"curies":[{"name":"wp","href":"https:\/\/api.w.org\/{rel}","templated":true}]}}