{"id":2328,"date":"2025-07-18T03:29:02","date_gmt":"2025-07-18T03:29:02","guid":{"rendered":"https:\/\/ecavix.com\/?post_type=product&#038;p=2328"},"modified":"2025-07-18T03:30:18","modified_gmt":"2025-07-18T03:30:18","slug":"oem-niestandardowy-akumulator-litowo-jonowy-12v-20ah-30ah-40ah-akumulator-litowo-jonowy-18650","status":"publish","type":"product","link":"https:\/\/ecavix.com\/pl\/product\/oem-customized-lithium-ion-battery-12v-20ah-30ah-40ah-rechargeable-li-ion-18650-battery\/","title":{"rendered":"Niestandardowy akumulator litowo-jonowy 12 V 4 Ah do hulajnogi elektrycznej"},"content":{"rendered":"<br \/>\n<h1>Akumulator litowo-jonowy 12V 20Ah (DL-12V20AH)<\/h1>\n<h2>Przegl\u0105d produkt\u00f3w<\/h2>\n<table>\n<tr>\n<th>Napi\u0119cie nominalne<\/th>\n<td>12V<\/td>\n<\/tr>\n<tr>\n<th>Napi\u0119cie robocze<\/th>\n<td>12V<\/td>\n<\/tr>\n<tr>\n<th>Pojemno\u015b\u0107 nominalna<\/th>\n<td>20Ah (typowo)<\/td>\n<\/tr>\n<tr>\n<th>Maksymalne napi\u0119cie \u0142adowania<\/th>\n<td>12.6V<\/td>\n<\/tr>\n<tr>\n<th>Minimalne napi\u0119cie roz\u0142adowania<\/th>\n<td>12.6V<\/td>\n<\/tr>\n<tr>\n<th>Maksymalny sta\u0142y pr\u0105d \u0142adowania<\/th>\n<td>13.2A<\/td>\n<\/tr>\n<tr>\n<th>Maksymalny sta\u0142y pr\u0105d roz\u0142adowania<\/th>\n<td>13.2A<\/td>\n<\/tr>\n<tr>\n<th>Zakres temperatur roboczych<\/th>\n<td>\u0141adowanie: 0\u00baC ~ 45\u00baC, Roz\u0142adowanie: -20\u00baC ~ 60\u00baC<\/td>\n<\/tr>\n<tr>\n<th>Temperatura przechowywania<\/th>\n<td>1 Miesi\u0105c: -20\u00baC ~ 45\u00baC, 6 Miesi\u0119cy: -20\u00baC ~ 35\u00baC<\/td>\n<\/tr>\n<tr>\n<th>Waga<\/th>\n<td>6,5 KG<\/td>\n<\/tr>\n<tr>\n<th>Napi\u0119cie przechowywania<\/th>\n<td>12,0 V - 12,6 V<\/td>\n<\/tr>\n<tr>\n<th>Cykl \u017cycia<\/th>\n<td>Ponad 500 cykli<\/td>\n<\/tr>\n<\/table>\n<h2>Kluczowe cechy<\/h2>\n<div class=\"features-grid\">\n<div class=\"feature-box\">\n      <strong>D\u0142uga \u017cywotno\u015b\u0107<\/strong><br \/>\n      Ponad 500 cykli zapewnia d\u0142ugotrwa\u0142\u0105 wydajno\u015b\u0107 w r\u00f3\u017cnych zastosowaniach.\n    <\/div>\n<div class=\"feature-box\">\n      <strong>Stabilna ochrona BMS<\/strong><br \/>\n      Posiada system BMS z zabezpieczeniem przeciwzwarciowym, zabezpieczeniem przed prze\u0142adowaniem, zabezpieczeniem przed nadmiernym roz\u0142adowaniem i zabezpieczeniem nadpr\u0105dowym.\n    <\/div>\n<div class=\"feature-box\">\n      <strong>Wysoka g\u0119sto\u015b\u0107 energii<\/strong><br \/>\n      Wy\u017csza g\u0119sto\u015b\u0107 energii na obj\u0119to\u015b\u0107 zapewnia kompaktowe i wydajne magazynowanie energii.\n    <\/div>\n<div class=\"feature-box\">\n      <strong>Szeroki zakres temperatur<\/strong><br \/>\n      Mo\u017ce pracowa\u0107 w r\u00f3\u017cnych warunkach \u015brodowiskowych: \u0141adowanie (0~45\u00baC), Roz\u0142adowanie (-20~60\u00baC).\n    <\/div>\n<div class=\"feature-box\">\n      <strong>Lekki<\/strong><br \/>\n      Akumulator litowo-polimerowy to lekkie rozwi\u0105zanie o wysokiej g\u0119sto\u015bci energii.\n    <\/div>\n<div class=\"feature-box\">\n      <strong>Brak efekt\u00f3w pami\u0119ci<\/strong><br \/>\n      Sta\u0142a wydajno\u015b\u0107 bez ryzyka wyst\u0105pienia efektu pami\u0119ci, w przeciwie\u0144stwie do niekt\u00f3rych innych typ\u00f3w baterii.\n    <\/div>\n<\/p><\/div>\n<h2>Zastosowania<\/h2>\n<ul>\n<li>Pojazdy elektryczne (rowery elektryczne, skutery)<\/li>\n<li>\u015awiat\u0142a LED<\/li>\n<li>\u015awiat\u0142a g\u00f3rnicze<\/li>\n<li>\u015awiat\u0142a s\u0142oneczne<\/li>\n<li>Elektronarz\u0119dzia<\/li>\n<li>Inne urz\u0105dzenia przeno\u015bne wymagaj\u0105ce wysokiej g\u0119sto\u015bci energii<\/li>\n<\/ul>\n<h2>Dlaczego warto wybra\u0107 nasz akumulator litowo-jonowy 12V 20Ah?<\/h2>\n<ul>\n<li>D\u0142uga \u017cywotno\u015b\u0107 - ponad 500 cykli \u0142adowania<\/li>\n<li>Kompaktowa i lekka konstrukcja o wysokiej g\u0119sto\u015bci energii<\/li>\n<li>Solidny system BMS zapewniaj\u0105cy bezpiecze\u0144stwo i niezawodno\u015b\u0107<\/li>\n<li>Dzia\u0142a dobrze w r\u00f3\u017cnych warunkach \u015brodowiskowych<\/li>\n<li>Idealny do stosowania w r\u00f3\u017cnych urz\u0105dzeniach, takich jak pojazdy elektryczne i o\u015bwietlenie.<\/li>\n<\/ul>\n<h2>Pakowanie i wysy\u0142ka<\/h2>\n<p>Dost\u0119pne jest standardowe opakowanie lub mo\u017cemy dostosowa\u0107 opakowanie do Twoich potrzeb. Oferujemy globaln\u0105 wysy\u0142k\u0119 drog\u0105 lotnicz\u0105 lub morsk\u0105.<\/p>\n<h3>Metody wysy\u0142ki<\/h3>\n<ul>\n<li>Ma\u0142e zam\u00f3wienia: wysy\u0142ka drog\u0105 lotnicz\u0105 (DHL, FedEx, UPS)<\/li>\n<li>Du\u017ce zam\u00f3wienia: wysy\u0142ka drog\u0105 morsk\u0105 (czas dostawy: 30-45 dni)<\/li>\n<\/ul>","protected":false},"excerpt":{"rendered":"<p>Akumulator litowo-jonowy 12V 20Ah z systemem BMS. Wysoka \u017cywotno\u015b\u0107, stabilna wydajno\u015b\u0107 i szerokie zastosowanie w pojazdach elektrycznych, o\u015bwietleniu LED i nie tylko.<\/p>","protected":false},"featured_media":2313,"comment_status":"open","ping_status":"closed","template":"","meta":{"_uag_custom_page_level_css":"","neve_meta_sidebar":"","neve_meta_container":"","neve_meta_enable_content_width":"off","neve_meta_content_width":100,"neve_meta_title_alignment":"","neve_meta_author_avatar":"","neve_post_elements_order":"","neve_meta_disable_header":"","neve_meta_disable_footer":"","neve_meta_disable_title":""},"product_brand":[],"product_cat":[53,43,55],"product_tag":[],"class_list":{"0":"post-2328","1":"product","2":"type-product","3":"status-publish","4":"has-post-thumbnail","6":"product_cat-low-speed-electric-vehicle-battery","7":"product_cat-power-battery","8":"product_cat-scooter-battery","10":"first","11":"instock","12":"shipping-taxable","13":"product-type-simple"},"uagb_featured_image_src":{"full":["https:\/\/ecavix.com\/wp-content\/uploads\/2025\/07\/Wholesale-Li-ion-12V-20ah-Lithium-Ion-Battery-Pack-for-Electric-Bike0-800-800.webp",550,550,false],"thumbnail":["https:\/\/ecavix.com\/wp-content\/uploads\/2025\/07\/Wholesale-Li-ion-12V-20ah-Lithium-Ion-Battery-Pack-for-Electric-Bike0-800-800-150x150.webp",150,150,true],"medium":["https:\/\/ecavix.com\/wp-content\/uploads\/2025\/07\/Wholesale-Li-ion-12V-20ah-Lithium-Ion-Battery-Pack-for-Electric-Bike0-800-800-300x300.webp",300,300,true],"medium_large":["https:\/\/ecavix.com\/wp-content\/uploads\/2025\/07\/Wholesale-Li-ion-12V-20ah-Lithium-Ion-Battery-Pack-for-Electric-Bike0-800-800.webp",550,550,false],"large":["https:\/\/ecavix.com\/wp-content\/uploads\/2025\/07\/Wholesale-Li-ion-12V-20ah-Lithium-Ion-Battery-Pack-for-Electric-Bike0-800-800.webp",550,550,false],"1536x1536":["https:\/\/ecavix.com\/wp-content\/uploads\/2025\/07\/Wholesale-Li-ion-12V-20ah-Lithium-Ion-Battery-Pack-for-Electric-Bike0-800-800.webp",550,550,false],"2048x2048":["https:\/\/ecavix.com\/wp-content\/uploads\/2025\/07\/Wholesale-Li-ion-12V-20ah-Lithium-Ion-Battery-Pack-for-Electric-Bike0-800-800.webp",550,550,false],"trp-custom-language-flag":["https:\/\/ecavix.com\/wp-content\/uploads\/2025\/07\/Wholesale-Li-ion-12V-20ah-Lithium-Ion-Battery-Pack-for-Electric-Bike0-800-800.webp",12,12,false],"neve-blog":["https:\/\/ecavix.com\/wp-content\/uploads\/2025\/07\/Wholesale-Li-ion-12V-20ah-Lithium-Ion-Battery-Pack-for-Electric-Bike0-800-800.webp",550,550,false],"woocommerce_thumbnail":["https:\/\/ecavix.com\/wp-content\/uploads\/2025\/07\/Wholesale-Li-ion-12V-20ah-Lithium-Ion-Battery-Pack-for-Electric-Bike0-800-800-300x300.webp",300,300,true],"woocommerce_single":["https:\/\/ecavix.com\/wp-content\/uploads\/2025\/07\/Wholesale-Li-ion-12V-20ah-Lithium-Ion-Battery-Pack-for-Electric-Bike0-800-800.webp",550,550,false],"woocommerce_gallery_thumbnail":["https:\/\/ecavix.com\/wp-content\/uploads\/2025\/07\/Wholesale-Li-ion-12V-20ah-Lithium-Ion-Battery-Pack-for-Electric-Bike0-800-800-100x100.webp",100,100,true]},"uagb_author_info":{"display_name":"solvitaenergylimited@gmail.com","author_link":"https:\/\/ecavix.com\/pl\/author\/"},"uagb_comment_info":0,"uagb_excerpt":"Rechargeable 12V 20Ah lithium-ion battery pack with BMS. High cycle life, stable performance, and widely used in electric vehicles, LED lights, and more.","_links":{"self":[{"href":"https:\/\/ecavix.com\/pl\/wp-json\/wp\/v2\/product\/2328","targetHints":{"allow":["GET"]}}],"collection":[{"href":"https:\/\/ecavix.com\/pl\/wp-json\/wp\/v2\/product"}],"about":[{"href":"https:\/\/ecavix.com\/pl\/wp-json\/wp\/v2\/types\/product"}],"replies":[{"embeddable":true,"href":"https:\/\/ecavix.com\/pl\/wp-json\/wp\/v2\/comments?post=2328"}],"wp:featuredmedia":[{"embeddable":true,"href":"https:\/\/ecavix.com\/pl\/wp-json\/wp\/v2\/media\/2313"}],"wp:attachment":[{"href":"https:\/\/ecavix.com\/pl\/wp-json\/wp\/v2\/media?parent=2328"}],"wp:term":[{"taxonomy":"product_brand","embeddable":true,"href":"https:\/\/ecavix.com\/pl\/wp-json\/wp\/v2\/product_brand?post=2328"},{"taxonomy":"product_cat","embeddable":true,"href":"https:\/\/ecavix.com\/pl\/wp-json\/wp\/v2\/product_cat?post=2328"},{"taxonomy":"product_tag","embeddable":true,"href":"https:\/\/ecavix.com\/pl\/wp-json\/wp\/v2\/product_tag?post=2328"}],"curies":[{"name":"wp","href":"https:\/\/api.w.org\/{rel}","templated":true}]}}