{"id":2327,"date":"2025-07-18T03:26:29","date_gmt":"2025-07-18T03:26:29","guid":{"rendered":"https:\/\/ecavix.com\/?post_type=product&#038;p=2327"},"modified":"2025-07-18T03:26:51","modified_gmt":"2025-07-18T03:26:51","slug":"akumulator-do-roweru-elektrycznego-12v-24ah","status":"publish","type":"product","link":"https:\/\/ecavix.com\/pl\/product\/customize-12v-24ah-electric-bike-battery\/","title":{"rendered":"Akumulator do roweru elektrycznego 12V 24ah"},"content":{"rendered":"<br \/>\n<h1>Akumulator do roweru elektrycznego 12V 24Ah (DEL-3S9P)<\/h1>\n<h2>Przegl\u0105d produkt\u00f3w<\/h2>\n<table>\n<tr>\n<th>Napi\u0119cie nominalne<\/th>\n<td>12V<\/td>\n<\/tr>\n<tr>\n<th>Napi\u0119cie robocze<\/th>\n<td>12,6 V-9 V<\/td>\n<\/tr>\n<tr>\n<th>Pojemno\u015b\u0107 nominalna<\/th>\n<td>24Ah (konfigurowalne: 20Ah, 40Ah, 60Ah, 100Ah)<\/td>\n<\/tr>\n<tr>\n<th>Napi\u0119cie odci\u0119cia \u0142adowania<\/th>\n<td>12.6V<\/td>\n<\/tr>\n<tr>\n<th>Pr\u0105d \u0142adowania<\/th>\n<td>Maks. 2,5 A<\/td>\n<\/tr>\n<tr>\n<th>Metoda \u0142adowania<\/th>\n<td>CC\/CV (sta\u0142y pr\u0105d\/sta\u0142e napi\u0119cie)<\/td>\n<\/tr>\n<tr>\n<th>Wydajno\u015b\u0107 operacyjna<\/th>\n<td>\u226599%<\/td>\n<\/tr>\n<tr>\n<th>Temperatura \u0142adowania<\/th>\n<td>0\u00baC - 40\u00baC<\/td>\n<\/tr>\n<tr>\n<th>Temperatura roz\u0142adowania<\/th>\n<td>-20\u00baC do +60\u00baC<\/td>\n<\/tr>\n<tr>\n<th>Czas trwania \u0142adowania<\/th>\n<td>4-5 godzin (Standard)<\/td>\n<\/tr>\n<tr>\n<th>Cykl \u017cycia<\/th>\n<td>Powy\u017cej 500 cykli<\/td>\n<\/tr>\n<tr>\n<th>Certyfikacja<\/th>\n<td>CE, RoHS, FCC<\/td>\n<\/tr>\n<tr>\n<th>Nadaje si\u0119 do recyklingu<\/th>\n<td>Tak<\/td>\n<\/tr>\n<\/table>\n<h2>Kluczowe cechy<\/h2>\n<div class=\"features-grid\">\n<div class=\"feature-box\">\n      <strong>Wysoka wydajno\u015b\u0107<\/strong><br \/>\n      Wydajno\u015b\u0107 operacyjna \u226599%, zapewniaj\u0105ca d\u0142ugotrwa\u0142\u0105 wydajno\u015b\u0107 dla rower\u00f3w elektrycznych i innych pojazd\u00f3w.\n    <\/div>\n<div class=\"feature-box\">\n      <strong>Konfigurowalna pojemno\u015b\u0107<\/strong><br \/>\n      Dost\u0119pne w wielu pojemno\u015bciach: 20Ah, 40Ah, 60Ah, 100Ah. Dostosuj rozmiar baterii do swoich konkretnych potrzeb.\n    <\/div>\n<div class=\"feature-box\">\n      <strong>D\u0142uga \u017cywotno\u015b\u0107<\/strong><br \/>\n      Ponad 500 cykli zapewnia d\u0142ugotrwa\u0142\u0105 moc przy rzadszej wymianie.\n    <\/div>\n<div class=\"feature-box\">\n      <strong>Bezpiecze\u0144stwo i stabilno\u015b\u0107<\/strong><br \/>\n      Zawiera wbudowany system BMS (Battery Management System) do ochrony przed prze\u0142adowaniem, nadmiernym roz\u0142adowaniem i zwarciem.\n    <\/div>\n<div class=\"feature-box\">\n      <strong>Szeroki zakres temperatur<\/strong><br \/>\n      Nadaje si\u0119 do pracy w szerokim zakresie temperatur: od -20\u00baC do +60\u00baC.\n    <\/div>\n<div class=\"feature-box\">\n      <strong>Nadaj\u0105ce si\u0119 do recyklingu i przyjazne dla \u015brodowiska<\/strong><br \/>\n      Wykonane z materia\u0142\u00f3w nadaj\u0105cych si\u0119 do recyklingu, zgodnie z mi\u0119dzynarodowymi normami bezpiecze\u0144stwa i ochrony \u015brodowiska.\n    <\/div>\n<\/p><\/div>\n<h2>Zastosowania<\/h2>\n<ul>\n<li>Rowery elektryczne<\/li>\n<li>Skutery elektryczne<\/li>\n<li>Pojazdy elektryczne<\/li>\n<li>Elektronarz\u0119dzia<\/li>\n<\/ul>\n<h2>Dlaczego warto wybra\u0107 nasz akumulator 12V 24Ah?<\/h2>\n<ul>\n<li>Niezawodne i konfigurowalne rozwi\u0105zanie akumulatorowe<\/li>\n<li>D\u0142uga \u017cywotno\u015b\u0107 wynosz\u0105ca ponad 500 cykli<\/li>\n<li>Wysoka wydajno\u015b\u0107 i stabilne roz\u0142adowanie<\/li>\n<li>Zgodno\u015b\u0107 z mi\u0119dzynarodowymi certyfikatami: CE, RoHS, FCC<\/li>\n<li>Szeroki zakres temperatur pracy dla r\u00f3\u017cnych warunk\u00f3w<\/li>\n<\/ul>\n<h2>Pakowanie i wysy\u0142ka<\/h2>\n<p>Oferujemy standardowe opakowania eksportowe lub opakowania niestandardowe na \u017cyczenie. Opcje dostawy obejmuj\u0105 wysy\u0142k\u0119 drog\u0105 lotnicz\u0105 lub morsk\u0105.<\/p>\n<h3>Metody wysy\u0142ki<\/h3>\n<ul>\n<li>Przyk\u0142adowe zam\u00f3wienia: Wysy\u0142ka za po\u015brednictwem UPS, DHL lub FedEx (us\u0142uga \"od drzwi do drzwi\")<\/li>\n<li>Zam\u00f3wienia zbiorcze: Wysy\u0142ka drog\u0105 morsk\u0105 (czas dostawy: 30-45 dni)<\/li>\n<\/ul>","protected":false},"excerpt":{"rendered":"<p>Akumulator litowo-jonowy 12V 24Ah do rower\u00f3w elektrycznych. Wysoka wydajno\u015b\u0107, d\u0142uga \u017cywotno\u015b\u0107 i mo\u017cliwo\u015b\u0107 dostosowania pojemno\u015bci do r\u00f3\u017cnych pojazd\u00f3w elektrycznych.<\/p>","protected":false},"featured_media":2296,"comment_status":"open","ping_status":"closed","template":"","meta":{"_uag_custom_page_level_css":"","neve_meta_sidebar":"","neve_meta_container":"","neve_meta_enable_content_width":"off","neve_meta_content_width":100,"neve_meta_title_alignment":"","neve_meta_author_avatar":"","neve_post_elements_order":"","neve_meta_disable_header":"","neve_meta_disable_footer":"","neve_meta_disable_title":""},"product_brand":[],"product_cat":[53,43,55],"product_tag":[64,69,68],"class_list":{"0":"post-2327","1":"product","2":"type-product","3":"status-publish","4":"has-post-thumbnail","6":"product_cat-low-speed-electric-vehicle-battery","7":"product_cat-power-battery","8":"product_cat-scooter-battery","9":"product_tag-battery","10":"product_tag-energy","11":"product_tag-green","13":"first","14":"instock","15":"shipping-taxable","16":"product-type-simple"},"uagb_featured_image_src":{"full":["https:\/\/ecavix.com\/wp-content\/uploads\/2025\/07\/Rechargeable-Electric-Bike-Battery-12V-24ah0-800-800.webp",550,550,false],"thumbnail":["https:\/\/ecavix.com\/wp-content\/uploads\/2025\/07\/Rechargeable-Electric-Bike-Battery-12V-24ah0-800-800-150x150.webp",150,150,true],"medium":["https:\/\/ecavix.com\/wp-content\/uploads\/2025\/07\/Rechargeable-Electric-Bike-Battery-12V-24ah0-800-800-300x300.webp",300,300,true],"medium_large":["https:\/\/ecavix.com\/wp-content\/uploads\/2025\/07\/Rechargeable-Electric-Bike-Battery-12V-24ah0-800-800.webp",550,550,false],"large":["https:\/\/ecavix.com\/wp-content\/uploads\/2025\/07\/Rechargeable-Electric-Bike-Battery-12V-24ah0-800-800.webp",550,550,false],"1536x1536":["https:\/\/ecavix.com\/wp-content\/uploads\/2025\/07\/Rechargeable-Electric-Bike-Battery-12V-24ah0-800-800.webp",550,550,false],"2048x2048":["https:\/\/ecavix.com\/wp-content\/uploads\/2025\/07\/Rechargeable-Electric-Bike-Battery-12V-24ah0-800-800.webp",550,550,false],"trp-custom-language-flag":["https:\/\/ecavix.com\/wp-content\/uploads\/2025\/07\/Rechargeable-Electric-Bike-Battery-12V-24ah0-800-800.webp",12,12,false],"neve-blog":["https:\/\/ecavix.com\/wp-content\/uploads\/2025\/07\/Rechargeable-Electric-Bike-Battery-12V-24ah0-800-800.webp",550,550,false],"woocommerce_thumbnail":["https:\/\/ecavix.com\/wp-content\/uploads\/2025\/07\/Rechargeable-Electric-Bike-Battery-12V-24ah0-800-800-300x300.webp",300,300,true],"woocommerce_single":["https:\/\/ecavix.com\/wp-content\/uploads\/2025\/07\/Rechargeable-Electric-Bike-Battery-12V-24ah0-800-800.webp",550,550,false],"woocommerce_gallery_thumbnail":["https:\/\/ecavix.com\/wp-content\/uploads\/2025\/07\/Rechargeable-Electric-Bike-Battery-12V-24ah0-800-800-100x100.webp",100,100,true]},"uagb_author_info":{"display_name":"solvitaenergylimited@gmail.com","author_link":"https:\/\/ecavix.com\/pl\/author\/"},"uagb_comment_info":0,"uagb_excerpt":"Rechargeable 12V 24Ah lithium-ion battery pack for electric bikes. High efficiency, long cycle life, and customizable capacities for various electric vehicles.","_links":{"self":[{"href":"https:\/\/ecavix.com\/pl\/wp-json\/wp\/v2\/product\/2327","targetHints":{"allow":["GET"]}}],"collection":[{"href":"https:\/\/ecavix.com\/pl\/wp-json\/wp\/v2\/product"}],"about":[{"href":"https:\/\/ecavix.com\/pl\/wp-json\/wp\/v2\/types\/product"}],"replies":[{"embeddable":true,"href":"https:\/\/ecavix.com\/pl\/wp-json\/wp\/v2\/comments?post=2327"}],"wp:featuredmedia":[{"embeddable":true,"href":"https:\/\/ecavix.com\/pl\/wp-json\/wp\/v2\/media\/2296"}],"wp:attachment":[{"href":"https:\/\/ecavix.com\/pl\/wp-json\/wp\/v2\/media?parent=2327"}],"wp:term":[{"taxonomy":"product_brand","embeddable":true,"href":"https:\/\/ecavix.com\/pl\/wp-json\/wp\/v2\/product_brand?post=2327"},{"taxonomy":"product_cat","embeddable":true,"href":"https:\/\/ecavix.com\/pl\/wp-json\/wp\/v2\/product_cat?post=2327"},{"taxonomy":"product_tag","embeddable":true,"href":"https:\/\/ecavix.com\/pl\/wp-json\/wp\/v2\/product_tag?post=2327"}],"curies":[{"name":"wp","href":"https:\/\/api.w.org\/{rel}","templated":true}]}}