{"id":2317,"date":"2025-07-18T03:03:22","date_gmt":"2025-07-18T03:03:22","guid":{"rendered":"https:\/\/ecavix.com\/?post_type=product&#038;p=2317"},"modified":"2025-07-18T03:06:09","modified_gmt":"2025-07-18T03:06:09","slug":"cena-fabryczna-akumulator-18650-litowo-jonowy-12v-6600mah-akumulator-litowo-jonowy-do-elektronarzedzi-led-baterie","status":"publish","type":"product","link":"https:\/\/ecavix.com\/pl\/product\/factory-price-rechargeable-18650-lithium-ion-12v-6600mah-li-ion-battery-pack-for-led-light-power-tools-batteries\/","title":{"rendered":"Cena fabryczna Akumulator litowo-jonowy 18650 12V 6600mAh do elektronarz\u0119dzi LED Akumulatory"},"content":{"rendered":"<br \/>\n<h1>Cena fabryczna Akumulator litowo-jonowy 18650 12V 6600mAh do elektronarz\u0119dzi LED Akumulatory <\/h1>\n<h2>Przegl\u0105d produkt\u00f3w<\/h2>\n<table>\n<tr>\n<th>Napi\u0119cie nominalne<\/th>\n<td>12V<\/td>\n<\/tr>\n<tr>\n<th>Pojemno\u015b\u0107 nominalna<\/th>\n<td>6600 mAh (z mo\u017cliwo\u015bci\u0105 dostosowania)<\/td>\n<\/tr>\n<tr>\n<th>Op\u00f3r wewn\u0119trzny<\/th>\n<td>150m\u03a9<\/td>\n<\/tr>\n<tr>\n<th>Ograniczone napi\u0119cie roz\u0142adowania<\/th>\n<td>11V<\/td>\n<\/tr>\n<tr>\n<th>Ograniczone napi\u0119cie \u0142adowania<\/th>\n<td>16.8V<\/td>\n<\/tr>\n<tr>\n<th>Standardowy pr\u0105d \u0142adowania<\/th>\n<td>0.5A<\/td>\n<\/tr>\n<tr>\n<th>Ci\u0105g\u0142y pr\u0105d roboczy<\/th>\n<td>7.8A<\/td>\n<\/tr>\n<tr>\n<th>Pr\u0105d roz\u0142adowania<\/th>\n<td>1.5A<\/td>\n<\/tr>\n<tr>\n<th>Metoda \u0142adowania<\/th>\n<td>CC\/CV (sta\u0142y pr\u0105d\/sta\u0142e napi\u0119cie)<\/td>\n<\/tr>\n<tr>\n<th>Waga<\/th>\n<td>1,5 kg<\/td>\n<\/tr>\n<tr>\n<th>Temperatura robocza (\u0142adowanie)<\/th>\n<td>0\u00baC do 50\u00baC<\/td>\n<\/tr>\n<tr>\n<th>Temperatura robocza (roz\u0142adowanie)<\/th>\n<td>-20\u00baC do 60\u00baC<\/td>\n<\/tr>\n<tr>\n<th>Temperatura przechowywania<\/th>\n<td>-10\u00baC do 40\u00baC<\/td>\n<\/tr>\n<tr>\n<th>Cykl \u017cycia<\/th>\n<td>Ponad 500-800 cykli (przy pozosta\u0142ej pojemno\u015bci &gt;95%)<\/td>\n<\/tr>\n<tr>\n<th>Certyfikacja<\/th>\n<td>CE, RoHS, UN38.3, MSDS<\/td>\n<\/tr>\n<\/table>\n<h2>Kluczowe cechy<\/h2>\n<div class=\"features-grid\">\n<div class=\"feature-box\">\n      <strong>D\u0142uga \u017cywotno\u015b\u0107<\/strong><br \/>\n      Ponad 500-800 cykli \u0142adowania\/roz\u0142adowania zapewnia niezawodne i d\u0142ugotrwa\u0142e dzia\u0142anie.\n    <\/div>\n<div class=\"feature-box\">\n      <strong>\u015arednia szybko\u015b\u0107 roz\u0142adowania<\/strong><br \/>\n      Nadaje si\u0119 do szerokiej gamy zastosowa\u0144, takich jak o\u015bwietlenie LED, elektronarz\u0119dzia i pojazdy elektryczne.\n    <\/div>\n<div class=\"feature-box\">\n      <strong>Stabilno\u015b\u0107 i bezpiecze\u0144stwo<\/strong><br \/>\n      Wbudowany system zarz\u0105dzania akumulatorem (BMS) zapewnia ochron\u0119 przed prze\u0142adowaniem, nadmiernym roz\u0142adowaniem i zwarciem.\n    <\/div>\n<div class=\"feature-box\">\n      <strong>Szeroki zakres temperatur<\/strong><br \/>\n      Mo\u017ce skutecznie dzia\u0142a\u0107 w temperaturach od -20\u00baC do 60\u00baC.\n    <\/div>\n<div class=\"feature-box\">\n      <strong>Mo\u017cliwo\u015b\u0107 dostosowania<\/strong><br \/>\n      Mo\u017cliwo\u015b\u0107 dostosowania pojemno\u015bci i wymiar\u00f3w do konkretnych wymaga\u0144.\n    <\/div>\n<div class=\"feature-box\">\n      <strong>Przyjazny dla \u015brodowiska<\/strong><br \/>\n      Zgodno\u015b\u0107 z certyfikatami CE, RoHS, UN38.3 i MSDS zapewnia bezpieczne i przyjazne dla \u015brodowiska u\u017cytkowanie.\n    <\/div>\n<\/p><\/div>\n<h2>Zastosowania<\/h2>\n<ul>\n<li>Lampy LED<\/li>\n<li>Elektronarz\u0119dzia<\/li>\n<li>Rowery elektryczne<\/li>\n<li>Urz\u0105dzenia GPS<\/li>\n<\/ul>\n<h2>Dlaczego warto wybra\u0107 nasz akumulator 12V 6600mAh?<\/h2>\n<ul>\n<li>Niezawodna wydajno\u015b\u0107 przy ponad 500-800 cyklach \u0142adowania<\/li>\n<li>Elastyczne opcje OEM\/ODM spe\u0142niaj\u0105ce okre\u015blone potrzeby<\/li>\n<li>Solidny system zarz\u0105dzania bateri\u0105 (BMS) zapewniaj\u0105cy ochron\u0119<\/li>\n<li>Szeroki zakres temperatur pracy zapewniaj\u0105cy wszechstronno\u015b\u0107<\/li>\n<li>Zgodno\u015b\u0107 z mi\u0119dzynarodowymi certyfikatami (CE, RoHS, UN38.3, MSDS)<\/li>\n<\/ul>\n<h2>Pakowanie i wysy\u0142ka<\/h2>\n<p>Oferujemy standardowe opakowania lub opakowania dostosowane do potrzeb klienta. Wysy\u0142amy na ca\u0142y \u015bwiat, z opcjami dostawy drog\u0105 lotnicz\u0105 lub morsk\u0105.<\/p>\n<h3>Metody wysy\u0142ki<\/h3>\n<ul>\n<li>Przyk\u0142adowe zam\u00f3wienia: Wysy\u0142ka za po\u015brednictwem UPS, DHL lub FedEx (us\u0142uga \"od drzwi do drzwi\")<\/li>\n<li>Zam\u00f3wienia zbiorcze: Wysy\u0142ka drog\u0105 morsk\u0105 (czas dostawy: 30-45 dni)<\/li>\n<\/ul>","protected":false},"excerpt":{"rendered":"<p>Fabryczny akumulator litowo-jonowy 18650 12V 6600mAh do o\u015bwietlenia LED, elektronarz\u0119dzi, rower\u00f3w elektrycznych, GPS i innych zastosowa\u0144. Niezawodny i trwa\u0142y o \u017cywotno\u015bci 500-800 cykli.<\/p>","protected":false},"featured_media":2320,"comment_status":"open","ping_status":"closed","template":"","meta":{"_uag_custom_page_level_css":"","neve_meta_sidebar":"","neve_meta_container":"","neve_meta_enable_content_width":"off","neve_meta_content_width":100,"neve_meta_title_alignment":"","neve_meta_author_avatar":"","neve_post_elements_order":"","neve_meta_disable_header":"","neve_meta_disable_footer":"","neve_meta_disable_title":""},"product_brand":[],"product_cat":[53,43,55],"product_tag":[64,67,68],"class_list":{"0":"post-2317","1":"product","2":"type-product","3":"status-publish","4":"has-post-thumbnail","6":"product_cat-low-speed-electric-vehicle-battery","7":"product_cat-power-battery","8":"product_cat-scooter-battery","9":"product_tag-battery","10":"product_tag-eco","11":"product_tag-green","13":"first","14":"instock","15":"shipping-taxable","16":"product-type-simple"},"uagb_featured_image_src":{"full":["https:\/\/ecavix.com\/wp-content\/uploads\/2025\/07\/Factory-Price-Rechargeable-18650-Lithium-Ion-12V-6600mAh-Li-Ion-Battery-Pack-for-LED-Light-Power-Too-800-800-3.webp",550,550,false],"thumbnail":["https:\/\/ecavix.com\/wp-content\/uploads\/2025\/07\/Factory-Price-Rechargeable-18650-Lithium-Ion-12V-6600mAh-Li-Ion-Battery-Pack-for-LED-Light-Power-Too-800-800-3-150x150.webp",150,150,true],"medium":["https:\/\/ecavix.com\/wp-content\/uploads\/2025\/07\/Factory-Price-Rechargeable-18650-Lithium-Ion-12V-6600mAh-Li-Ion-Battery-Pack-for-LED-Light-Power-Too-800-800-3-300x300.webp",300,300,true],"medium_large":["https:\/\/ecavix.com\/wp-content\/uploads\/2025\/07\/Factory-Price-Rechargeable-18650-Lithium-Ion-12V-6600mAh-Li-Ion-Battery-Pack-for-LED-Light-Power-Too-800-800-3.webp",550,550,false],"large":["https:\/\/ecavix.com\/wp-content\/uploads\/2025\/07\/Factory-Price-Rechargeable-18650-Lithium-Ion-12V-6600mAh-Li-Ion-Battery-Pack-for-LED-Light-Power-Too-800-800-3.webp",550,550,false],"1536x1536":["https:\/\/ecavix.com\/wp-content\/uploads\/2025\/07\/Factory-Price-Rechargeable-18650-Lithium-Ion-12V-6600mAh-Li-Ion-Battery-Pack-for-LED-Light-Power-Too-800-800-3.webp",550,550,false],"2048x2048":["https:\/\/ecavix.com\/wp-content\/uploads\/2025\/07\/Factory-Price-Rechargeable-18650-Lithium-Ion-12V-6600mAh-Li-Ion-Battery-Pack-for-LED-Light-Power-Too-800-800-3.webp",550,550,false],"trp-custom-language-flag":["https:\/\/ecavix.com\/wp-content\/uploads\/2025\/07\/Factory-Price-Rechargeable-18650-Lithium-Ion-12V-6600mAh-Li-Ion-Battery-Pack-for-LED-Light-Power-Too-800-800-3.webp",12,12,false],"neve-blog":["https:\/\/ecavix.com\/wp-content\/uploads\/2025\/07\/Factory-Price-Rechargeable-18650-Lithium-Ion-12V-6600mAh-Li-Ion-Battery-Pack-for-LED-Light-Power-Too-800-800-3.webp",550,550,false],"woocommerce_thumbnail":["https:\/\/ecavix.com\/wp-content\/uploads\/2025\/07\/Factory-Price-Rechargeable-18650-Lithium-Ion-12V-6600mAh-Li-Ion-Battery-Pack-for-LED-Light-Power-Too-800-800-3-300x300.webp",300,300,true],"woocommerce_single":["https:\/\/ecavix.com\/wp-content\/uploads\/2025\/07\/Factory-Price-Rechargeable-18650-Lithium-Ion-12V-6600mAh-Li-Ion-Battery-Pack-for-LED-Light-Power-Too-800-800-3.webp",550,550,false],"woocommerce_gallery_thumbnail":["https:\/\/ecavix.com\/wp-content\/uploads\/2025\/07\/Factory-Price-Rechargeable-18650-Lithium-Ion-12V-6600mAh-Li-Ion-Battery-Pack-for-LED-Light-Power-Too-800-800-3-100x100.webp",100,100,true]},"uagb_author_info":{"display_name":"solvitaenergylimited@gmail.com","author_link":"https:\/\/ecavix.com\/pl\/author\/"},"uagb_comment_info":0,"uagb_excerpt":"Factory price rechargeable 18650 lithium ion 12V 6600mAh battery pack for LED lights, power tools, E-bikes, GPS, and other applications. Reliable and durable with a cycle life of 500-800 times.","_links":{"self":[{"href":"https:\/\/ecavix.com\/pl\/wp-json\/wp\/v2\/product\/2317","targetHints":{"allow":["GET"]}}],"collection":[{"href":"https:\/\/ecavix.com\/pl\/wp-json\/wp\/v2\/product"}],"about":[{"href":"https:\/\/ecavix.com\/pl\/wp-json\/wp\/v2\/types\/product"}],"replies":[{"embeddable":true,"href":"https:\/\/ecavix.com\/pl\/wp-json\/wp\/v2\/comments?post=2317"}],"wp:featuredmedia":[{"embeddable":true,"href":"https:\/\/ecavix.com\/pl\/wp-json\/wp\/v2\/media\/2320"}],"wp:attachment":[{"href":"https:\/\/ecavix.com\/pl\/wp-json\/wp\/v2\/media?parent=2317"}],"wp:term":[{"taxonomy":"product_brand","embeddable":true,"href":"https:\/\/ecavix.com\/pl\/wp-json\/wp\/v2\/product_brand?post=2317"},{"taxonomy":"product_cat","embeddable":true,"href":"https:\/\/ecavix.com\/pl\/wp-json\/wp\/v2\/product_cat?post=2317"},{"taxonomy":"product_tag","embeddable":true,"href":"https:\/\/ecavix.com\/pl\/wp-json\/wp\/v2\/product_tag?post=2317"}],"curies":[{"name":"wp","href":"https:\/\/api.w.org\/{rel}","templated":true}]}}