{"id":2312,"date":"2025-07-18T02:47:58","date_gmt":"2025-07-18T02:47:58","guid":{"rendered":"https:\/\/ecavix.com\/?post_type=product&#038;p=2312"},"modified":"2025-07-18T02:47:58","modified_gmt":"2025-07-18T02:47:58","slug":"hurtowy-akumulator-litowo-jonowy-12v-20ah-do-roweru-elektrycznego","status":"publish","type":"product","link":"https:\/\/ecavix.com\/pl\/product\/wholesale-li-ion-12v-20ah-lithium-ion-battery-pack-for-electric-bike\/","title":{"rendered":"Hurtownia akumulator\u00f3w litowo-jonowych 12V 20ah do rower\u00f3w elektrycznych"},"content":{"rendered":"<br \/>\n<h1>Akumulator litowo-jonowy 12V 20Ah do roweru elektrycznego<\/h1>\n<h2>Przegl\u0105d produkt\u00f3w<\/h2>\n<table>\n<tr>\n<th>Napi\u0119cie nominalne<\/th>\n<td>12V<\/td>\n<\/tr>\n<tr>\n<th>Pojemno\u015b\u0107 znamionowa<\/th>\n<td>20Ah (minimum 20Ah, typowo 20Ah)<\/td>\n<\/tr>\n<tr>\n<th>Maks. Napi\u0119cie \u0142adowania<\/th>\n<td>12.6V<\/td>\n<\/tr>\n<tr>\n<th>Min. Napi\u0119cie roz\u0142adowania<\/th>\n<td>12.6V<\/td>\n<\/tr>\n<tr>\n<th>Maks. Pr\u0105d \u0142adowania<\/th>\n<td>13.2A<\/td>\n<\/tr>\n<tr>\n<th>Maks. Pr\u0105d roz\u0142adowania<\/th>\n<td>13.2A<\/td>\n<\/tr>\n<tr>\n<th>Temperatura pracy<\/th>\n<td>\n      \u0141adowanie: 0\u00baC ~ 45\u00baC<br \/>\n      Roz\u0142adowanie: -20\u00baC ~ 60\u00baC\n    <\/td>\n<\/tr>\n<tr>\n<th>Temperatura przechowywania<\/th>\n<td>-20\u00baC ~ 45\u00baC (w ci\u0105gu 1 miesi\u0105ca)<br \/>-20\u00baC ~ 35\u00baC (w ci\u0105gu 6 miesi\u0119cy)<\/td>\n<\/tr>\n<tr>\n<th>Waga<\/th>\n<td>6,5 kg<\/td>\n<\/tr>\n<tr>\n<th>Napi\u0119cie przechowywania<\/th>\n<td>12,0 V - 12,6 V<\/td>\n<\/tr>\n<tr>\n<th>Wymiary<\/th>\n<td>25 x 60 x 285 mm (z mo\u017cliwo\u015bci\u0105 dostosowania)<\/td>\n<\/tr>\n<tr>\n<th>Typ<\/th>\n<td>Akumulator litowo-jonowy polimerowy<\/td>\n<\/tr>\n<tr>\n<th>Tryb po\u0142\u0105czenia<\/th>\n<td>Po\u0142\u0105czenie szeregowe<\/td>\n<\/tr>\n<tr>\n<th>Szybko\u015b\u0107 roz\u0142adowania<\/th>\n<td>\u015arednia szybko\u015b\u0107 roz\u0142adowania<\/td>\n<\/tr>\n<\/table>\n<h2>Kluczowe cechy<\/h2>\n<div class=\"features-grid\">\n<div class=\"feature-box\">\n      <strong>D\u0142uga \u017cywotno\u015b\u0107<\/strong><br \/>\n      Akumulator ten zapewnia ponad 500 cykli \u0142adowania\/roz\u0142adowania, co czyni go idealnym rozwi\u0105zaniem do d\u0142ugotrwa\u0142ego u\u017cytkowania w pojazdach elektrycznych.\n    <\/div>\n<div class=\"feature-box\">\n      <strong>Stabilny system BMS<\/strong><br \/>\n      Wyposa\u017cony w system zarz\u0105dzania akumulatorem (BMS), kt\u00f3ry zapewnia ochron\u0119 przed zwarciem, prze\u0142adowaniem, nadmiernym roz\u0142adowaniem i przet\u0119\u017ceniem.\n    <\/div>\n<div class=\"feature-box\">\n      <strong>Wysoka g\u0119sto\u015b\u0107 energii<\/strong><br \/>\n      Bateria ma wysok\u0105 g\u0119sto\u015b\u0107 energii na obj\u0119to\u015b\u0107, zapewniaj\u0105c efektywne wykorzystanie przestrzeni i energii w r\u00f3\u017cnych zastosowaniach.\n    <\/div>\n<div class=\"feature-box\">\n      <strong>Szeroki zakres temperatur<\/strong><br \/>\n      Akumulator dzia\u0142a wydajnie w r\u00f3\u017cnych warunkach temperaturowych, z szerokim zakresem temperatur \u0142adowania i roz\u0142adowywania.\n    <\/div>\n<div class=\"feature-box\">\n      <strong>Lekki<\/strong><br \/>\n      Dzi\u0119ki technologii litowo-polimerowej akumulator ten jest lekki, co u\u0142atwia jego zastosowanie w kompaktowych pojazdach elektrycznych.\n    <\/div>\n<div class=\"feature-box\">\n      <strong>Przyjazny dla \u015brodowiska<\/strong><br \/>\n      Brak efektu pami\u0119ci, nie wymaga konserwacji i nie zawiera kwas\u00f3w ani wody do konserwacji podczas u\u017cytkowania.\n    <\/div>\n<\/p><\/div>\n<h2>G\u0142\u00f3wne aplikacje<\/h2>\n<ul>\n<li>Rowery elektryczne<\/li>\n<li>Pojazdy elektryczne<\/li>\n<li>Systemy o\u015bwietlenia s\u0142onecznego<\/li>\n<li>\u015awiat\u0142a LED, \u015bwiat\u0142a g\u00f3rnicze i reflektory<\/li>\n<li>Elektronarz\u0119dzia<\/li>\n<li>Systemy zasilania energi\u0105 s\u0142oneczn\u0105<\/li>\n<\/ul>\n<h2>Dlaczego warto wybra\u0107 nasz akumulator litowo-jonowy 12V 20Ah?<\/h2>\n<ul>\n<li>D\u0142uga \u017cywotno\u015b\u0107 - ponad 500 cykli \u0142adowania\/roz\u0142adowania.<\/li>\n<li>Wysoka g\u0119sto\u015b\u0107 energii, zapewniaj\u0105ca wydajne magazynowanie energii.<\/li>\n<li>Stabilny system BMS zapewniaj\u0105cy niezawodne dzia\u0142anie i bezpiecze\u0144stwo.<\/li>\n<li>Szeroki zakres temperatur pracy, od -20\u00baC do 60\u00baC.<\/li>\n<li>Lekki i kompaktowy, idealny do pojazd\u00f3w elektrycznych i innych zastosowa\u0144.<\/li>\n<li>Przyjazne dla \u015brodowiska, bezobs\u0142ugowe i wolne od kwas\u00f3w\/wody.<\/li>\n<\/ul>\n<h2>Pakowanie i wysy\u0142ka<\/h2>\n<p>Zestaw akumulator\u00f3w jest bezpiecznie zapakowany w standardowe lub niestandardowe opakowanie, zapewniaj\u0105c bezpiecze\u0144stwo podczas transportu.<\/p>\n<h3>Metody wysy\u0142ki<\/h3>\n<ul>\n<li>Przyk\u0142adowe zam\u00f3wienia: Wysy\u0142ka za po\u015brednictwem UPS, DHL lub FedEx (us\u0142uga \"od drzwi do drzwi\")<\/li>\n<li>Zam\u00f3wienia zbiorcze: Wysy\u0142ka drog\u0105 morsk\u0105 (czas dostawy: 30-45 dni)<\/li>\n<\/ul>","protected":false},"excerpt":{"rendered":"<p>Hurtowy akumulator litowo-jonowy 12V 20Ah do pojazd\u00f3w elektrycznych, rower\u00f3w elektrycznych i nie tylko. Z d\u0142ugim cyklem \u017cycia, pot\u0119\u017cn\u0105 energi\u0105 i stabilnym systemem BMS.<\/p>","protected":false},"featured_media":2314,"comment_status":"open","ping_status":"closed","template":"","meta":{"_uag_custom_page_level_css":"","neve_meta_sidebar":"","neve_meta_container":"","neve_meta_enable_content_width":"off","neve_meta_content_width":100,"neve_meta_title_alignment":"","neve_meta_author_avatar":"","neve_post_elements_order":"","neve_meta_disable_header":"","neve_meta_disable_footer":"","neve_meta_disable_title":""},"product_brand":[],"product_cat":[53,43,55],"product_tag":[],"class_list":{"0":"post-2312","1":"product","2":"type-product","3":"status-publish","4":"has-post-thumbnail","6":"product_cat-low-speed-electric-vehicle-battery","7":"product_cat-power-battery","8":"product_cat-scooter-battery","10":"first","11":"instock","12":"shipping-taxable","13":"product-type-simple"},"uagb_featured_image_src":{"full":["https:\/\/ecavix.com\/wp-content\/uploads\/2025\/07\/Wholesale-Li-ion-12V-20ah-Lithium-Ion-Battery-Pack-for-Electric-Bike5-800-800.webp",550,550,false],"thumbnail":["https:\/\/ecavix.com\/wp-content\/uploads\/2025\/07\/Wholesale-Li-ion-12V-20ah-Lithium-Ion-Battery-Pack-for-Electric-Bike5-800-800-150x150.webp",150,150,true],"medium":["https:\/\/ecavix.com\/wp-content\/uploads\/2025\/07\/Wholesale-Li-ion-12V-20ah-Lithium-Ion-Battery-Pack-for-Electric-Bike5-800-800-300x300.webp",300,300,true],"medium_large":["https:\/\/ecavix.com\/wp-content\/uploads\/2025\/07\/Wholesale-Li-ion-12V-20ah-Lithium-Ion-Battery-Pack-for-Electric-Bike5-800-800.webp",550,550,false],"large":["https:\/\/ecavix.com\/wp-content\/uploads\/2025\/07\/Wholesale-Li-ion-12V-20ah-Lithium-Ion-Battery-Pack-for-Electric-Bike5-800-800.webp",550,550,false],"1536x1536":["https:\/\/ecavix.com\/wp-content\/uploads\/2025\/07\/Wholesale-Li-ion-12V-20ah-Lithium-Ion-Battery-Pack-for-Electric-Bike5-800-800.webp",550,550,false],"2048x2048":["https:\/\/ecavix.com\/wp-content\/uploads\/2025\/07\/Wholesale-Li-ion-12V-20ah-Lithium-Ion-Battery-Pack-for-Electric-Bike5-800-800.webp",550,550,false],"trp-custom-language-flag":["https:\/\/ecavix.com\/wp-content\/uploads\/2025\/07\/Wholesale-Li-ion-12V-20ah-Lithium-Ion-Battery-Pack-for-Electric-Bike5-800-800.webp",12,12,false],"neve-blog":["https:\/\/ecavix.com\/wp-content\/uploads\/2025\/07\/Wholesale-Li-ion-12V-20ah-Lithium-Ion-Battery-Pack-for-Electric-Bike5-800-800.webp",550,550,false],"woocommerce_thumbnail":["https:\/\/ecavix.com\/wp-content\/uploads\/2025\/07\/Wholesale-Li-ion-12V-20ah-Lithium-Ion-Battery-Pack-for-Electric-Bike5-800-800-300x300.webp",300,300,true],"woocommerce_single":["https:\/\/ecavix.com\/wp-content\/uploads\/2025\/07\/Wholesale-Li-ion-12V-20ah-Lithium-Ion-Battery-Pack-for-Electric-Bike5-800-800.webp",550,550,false],"woocommerce_gallery_thumbnail":["https:\/\/ecavix.com\/wp-content\/uploads\/2025\/07\/Wholesale-Li-ion-12V-20ah-Lithium-Ion-Battery-Pack-for-Electric-Bike5-800-800-100x100.webp",100,100,true]},"uagb_author_info":{"display_name":"solvitaenergylimited@gmail.com","author_link":"https:\/\/ecavix.com\/pl\/author\/"},"uagb_comment_info":0,"uagb_excerpt":"Wholesale 12V 20Ah lithium ion battery pack for electric vehicles, electric bikes, and more. With long cycle life, powerful energy, and stable BMS system.","_links":{"self":[{"href":"https:\/\/ecavix.com\/pl\/wp-json\/wp\/v2\/product\/2312","targetHints":{"allow":["GET"]}}],"collection":[{"href":"https:\/\/ecavix.com\/pl\/wp-json\/wp\/v2\/product"}],"about":[{"href":"https:\/\/ecavix.com\/pl\/wp-json\/wp\/v2\/types\/product"}],"replies":[{"embeddable":true,"href":"https:\/\/ecavix.com\/pl\/wp-json\/wp\/v2\/comments?post=2312"}],"wp:featuredmedia":[{"embeddable":true,"href":"https:\/\/ecavix.com\/pl\/wp-json\/wp\/v2\/media\/2314"}],"wp:attachment":[{"href":"https:\/\/ecavix.com\/pl\/wp-json\/wp\/v2\/media?parent=2312"}],"wp:term":[{"taxonomy":"product_brand","embeddable":true,"href":"https:\/\/ecavix.com\/pl\/wp-json\/wp\/v2\/product_brand?post=2312"},{"taxonomy":"product_cat","embeddable":true,"href":"https:\/\/ecavix.com\/pl\/wp-json\/wp\/v2\/product_cat?post=2312"},{"taxonomy":"product_tag","embeddable":true,"href":"https:\/\/ecavix.com\/pl\/wp-json\/wp\/v2\/product_tag?post=2312"}],"curies":[{"name":"wp","href":"https:\/\/api.w.org\/{rel}","templated":true}]}}