{"id":2310,"date":"2025-07-18T02:45:40","date_gmt":"2025-07-18T02:45:40","guid":{"rendered":"https:\/\/ecavix.com\/?post_type=product&#038;p=2310"},"modified":"2025-07-18T02:45:40","modified_gmt":"2025-07-18T02:45:40","slug":"akumulator-litowo-jonowy-12-v-20-ah","status":"publish","type":"product","link":"https:\/\/ecavix.com\/pl\/product\/rechargeable-li-ion-battery-12v-20ah-lithium-battery-pack\/","title":{"rendered":"Akumulator litowo-jonowy 12V 20ah Zestaw akumulator\u00f3w litowych"},"content":{"rendered":"<br \/>\n<h1>Akumulator litowo-jonowy 12V 20Ah do system\u00f3w solarnych i \u0142odzi zdalnie sterowanych<\/h1>\n<h2>Przegl\u0105d produkt\u00f3w<\/h2>\n<table>\n<tr>\n<th>Napi\u0119cie nominalne<\/th>\n<td>12V<\/td>\n<\/tr>\n<tr>\n<th>Pojemno\u015b\u0107 znamionowa<\/th>\n<td>20Ah<\/td>\n<\/tr>\n<tr>\n<th>Nominalny typ ogniwa<\/th>\n<td>Polimer litowo-jonowy (Li-ion)<\/td>\n<\/tr>\n<tr>\n<th>Konfiguracja<\/th>\n<td>3S2P<\/td>\n<\/tr>\n<tr>\n<th>Wej\u015bcie \u0142adowania<\/th>\n<td>12.6V<\/td>\n<\/tr>\n<tr>\n<th>Napi\u0119cie wyj\u015bciowe<\/th>\n<td>9V - 12,6V<\/td>\n<\/tr>\n<tr>\n<th>Wymiary<\/th>\n<td>145 x 85 x 70 mm (niestandardowe)<\/td>\n<\/tr>\n<tr>\n<th>Pr\u0105d \u0142adowania ci\u0105g\u0142ego<\/th>\n<td>20A - 40A<\/td>\n<\/tr>\n<tr>\n<th>Maks. Pr\u0105d roz\u0142adowania<\/th>\n<td>60A<\/td>\n<\/tr>\n<tr>\n<th>Pr\u0105d \u0142adowania<\/th>\n<td>4A<\/td>\n<\/tr>\n<tr>\n<th>Cykl \u017cycia<\/th>\n<td>Ponad 500 cykli<\/td>\n<\/tr>\n<tr>\n<th>Czas \u0142adowania<\/th>\n<td>Oko\u0142o 6 godzin<\/td>\n<\/tr>\n<tr>\n<th>Waga<\/th>\n<td>Oko\u0142o 1,5 kg<\/td>\n<\/tr>\n<tr>\n<th>Temperatura pracy<\/th>\n<td>\n      \u0141adowanie: -20\u00baC ~ 45\u00baC<br \/>\n      Roz\u0142adowanie: -30\u00baC ~ 55\u00baC\n    <\/td>\n<\/tr>\n<tr>\n<th>Certyfikaty<\/th>\n<td>CE, RoHS, FCC<\/td>\n<\/tr>\n<\/table>\n<h2>Kluczowe cechy<\/h2>\n<div class=\"features-grid\">\n<div class=\"feature-box\">\n      <strong>D\u0142ugi cykl \u017cycia<\/strong><br \/>\n      Akumulator oferuje imponuj\u0105c\u0105 \u017cywotno\u015b\u0107 ponad 500 cykli \u0142adowania\/roz\u0142adowania, zapewniaj\u0105c d\u0142ug\u0105 \u017cywotno\u015b\u0107 i niezawodno\u015b\u0107.\n    <\/div>\n<div class=\"feature-box\">\n      <strong>Niski poziom samoroz\u0142adowania<\/strong><br \/>\n      Dzia\u0142a doskonale nawet w niskich temperaturach, z minimalnym samoroz\u0142adowaniem przy d\u0142ugotrwa\u0142ym u\u017cytkowaniu.\n    <\/div>\n<div class=\"feature-box\">\n      <strong>Szybkie \u0142adowanie<\/strong><br \/>\n      Bateria jest w stanie na\u0142adowa\u0107 si\u0119 w oko\u0142o 6 godzin, zapewniaj\u0105c szybkie rozwi\u0105zanie do magazynowania energii.\n    <\/div>\n<div class=\"feature-box\">\n      <strong>Przyjazny dla \u015brodowiska<\/strong><br \/>\n      Wykonany z materia\u0142\u00f3w przyjaznych dla \u015brodowiska, nie wymaga konserwacji kwasem ani wod\u0105.\n    <\/div>\n<div class=\"feature-box\">\n      <strong>Wysoka wydajno\u015b\u0107 roz\u0142adowania<\/strong><br \/>\n      Dzi\u0119ki wysokiej wydajno\u015bci roz\u0142adowania pr\u0105dowego jest idealny do zastosowa\u0144 wymagaj\u0105cych mo\u017cliwo\u015bci rozruchu i wspinaczki.\n    <\/div>\n<div class=\"feature-box\">\n      <strong>Bezpiecze\u0144stwo i niezawodno\u015b\u0107<\/strong><br \/>\n      Akumulator zosta\u0142 zaprojektowany tak, aby by\u0142 bezpieczny i niezawodny, bez ryzyka wybuchu lub po\u017caru podczas normalnego u\u017cytkowania.\n    <\/div>\n<\/p><\/div>\n<h2>G\u0142\u00f3wne aplikacje<\/h2>\n<ul>\n<li>Pojazdy elektryczne (w\u00f3zki golfowe, rowery elektryczne, skutery itp.)<\/li>\n<li>Systemy zasilania energi\u0105 s\u0142oneczn\u0105<\/li>\n<li>Systemy magazynowania energii (s\u0142onecznej i wiatrowej)<\/li>\n<li>\u0141odzie zdalnie sterowane<\/li>\n<li>UPS i systemy zasilania awaryjnego<\/li>\n<li>Elektronarz\u0119dzia (wiertarki elektryczne, zabawki)<\/li>\n<li>Roboty, pojazdy AGV i nie tylko<\/li>\n<\/ul>\n<h2>Dlaczego warto wybra\u0107 nasz akumulator litowo-jonowy 12V 20Ah?<\/h2>\n<ul>\n<li>Wysoka pojemno\u015b\u0107 przy niskim samoroz\u0142adowaniu, idealna do d\u0142ugotrwa\u0142ego u\u017cytkowania w r\u00f3\u017cnych zastosowaniach.<\/li>\n<li>Doskona\u0142a wydajno\u015b\u0107 roz\u0142adowania przy rozruchu silnik\u00f3w i wspinaczce.<\/li>\n<li>Niezawodne i bezpieczne, bez ryzyka wybuchu lub po\u017caru.<\/li>\n<li>Szeroki zakres temperatur pracy w trudnych warunkach.<\/li>\n<li>Przyjazny dla \u015brodowiska i bezobs\u0142ugowy.<\/li>\n<\/ul>\n<h2>Pakowanie i wysy\u0142ka<\/h2>\n<p>Zestaw akumulator\u00f3w jest bezpiecznie zapakowany w kartony klasy eksportowej, aby zapewni\u0107 bezpiecze\u0144stwo podczas transportu. Niestandardowe opcje pakowania s\u0105 dost\u0119pne na \u017cyczenie.<\/p>\n<h3>Metody wysy\u0142ki<\/h3>\n<ul>\n<li>Przyk\u0142adowe zam\u00f3wienia: Wysy\u0142ka za po\u015brednictwem UPS, DHL lub FedEx (us\u0142uga \"od drzwi do drzwi\")<\/li>\n<li>Zam\u00f3wienia zbiorcze: Wysy\u0142ka drog\u0105 morsk\u0105 (czas dostawy: 30-45 dni)<\/li>\n<\/ul>","protected":false},"excerpt":{"rendered":"<p>Wysokiej jako\u015bci akumulator litowo-jonowy 12V 20Ah, przeznaczony do system\u00f3w solarnych, \u0142odzi zdalnie sterowanych i nie tylko. Niski wsp\u00f3\u0142czynnik roz\u0142adowania, d\u0142ugi cykl \u017cycia i szeroki zakres temperatur.<\/p>","protected":false},"featured_media":2311,"comment_status":"open","ping_status":"closed","template":"","meta":{"_uag_custom_page_level_css":"","neve_meta_sidebar":"","neve_meta_container":"","neve_meta_enable_content_width":"off","neve_meta_content_width":100,"neve_meta_title_alignment":"","neve_meta_author_avatar":"","neve_post_elements_order":"","neve_meta_disable_header":"","neve_meta_disable_footer":"","neve_meta_disable_title":""},"product_brand":[],"product_cat":[53,43,55],"product_tag":[],"class_list":{"0":"post-2310","1":"product","2":"type-product","3":"status-publish","4":"has-post-thumbnail","6":"product_cat-low-speed-electric-vehicle-battery","7":"product_cat-power-battery","8":"product_cat-scooter-battery","10":"first","11":"instock","12":"shipping-taxable","13":"product-type-simple"},"uagb_featured_image_src":{"full":["https:\/\/ecavix.com\/wp-content\/uploads\/2025\/07\/Rechargeable-Li-ion-Battery-12V-20ah-Lithium-Battery-Pack.webp",1000,1000,false],"thumbnail":["https:\/\/ecavix.com\/wp-content\/uploads\/2025\/07\/Rechargeable-Li-ion-Battery-12V-20ah-Lithium-Battery-Pack-150x150.webp",150,150,true],"medium":["https:\/\/ecavix.com\/wp-content\/uploads\/2025\/07\/Rechargeable-Li-ion-Battery-12V-20ah-Lithium-Battery-Pack-300x300.webp",300,300,true],"medium_large":["https:\/\/ecavix.com\/wp-content\/uploads\/2025\/07\/Rechargeable-Li-ion-Battery-12V-20ah-Lithium-Battery-Pack-768x768.webp",768,768,true],"large":["https:\/\/ecavix.com\/wp-content\/uploads\/2025\/07\/Rechargeable-Li-ion-Battery-12V-20ah-Lithium-Battery-Pack.webp",1000,1000,false],"1536x1536":["https:\/\/ecavix.com\/wp-content\/uploads\/2025\/07\/Rechargeable-Li-ion-Battery-12V-20ah-Lithium-Battery-Pack.webp",1000,1000,false],"2048x2048":["https:\/\/ecavix.com\/wp-content\/uploads\/2025\/07\/Rechargeable-Li-ion-Battery-12V-20ah-Lithium-Battery-Pack.webp",1000,1000,false],"trp-custom-language-flag":["https:\/\/ecavix.com\/wp-content\/uploads\/2025\/07\/Rechargeable-Li-ion-Battery-12V-20ah-Lithium-Battery-Pack.webp",12,12,false],"neve-blog":["https:\/\/ecavix.com\/wp-content\/uploads\/2025\/07\/Rechargeable-Li-ion-Battery-12V-20ah-Lithium-Battery-Pack-930x620.webp",930,620,true],"woocommerce_thumbnail":["https:\/\/ecavix.com\/wp-content\/uploads\/2025\/07\/Rechargeable-Li-ion-Battery-12V-20ah-Lithium-Battery-Pack-300x300.webp",300,300,true],"woocommerce_single":["https:\/\/ecavix.com\/wp-content\/uploads\/2025\/07\/Rechargeable-Li-ion-Battery-12V-20ah-Lithium-Battery-Pack-600x600.webp",600,600,true],"woocommerce_gallery_thumbnail":["https:\/\/ecavix.com\/wp-content\/uploads\/2025\/07\/Rechargeable-Li-ion-Battery-12V-20ah-Lithium-Battery-Pack-100x100.webp",100,100,true]},"uagb_author_info":{"display_name":"solvitaenergylimited@gmail.com","author_link":"https:\/\/ecavix.com\/pl\/author\/"},"uagb_comment_info":0,"uagb_excerpt":"High-quality 12V 20Ah rechargeable lithium-ion battery pack, designed for solar systems, remote control boats, and more. Low discharge rate, long lifecycle, and wide temperature range.","_links":{"self":[{"href":"https:\/\/ecavix.com\/pl\/wp-json\/wp\/v2\/product\/2310","targetHints":{"allow":["GET"]}}],"collection":[{"href":"https:\/\/ecavix.com\/pl\/wp-json\/wp\/v2\/product"}],"about":[{"href":"https:\/\/ecavix.com\/pl\/wp-json\/wp\/v2\/types\/product"}],"replies":[{"embeddable":true,"href":"https:\/\/ecavix.com\/pl\/wp-json\/wp\/v2\/comments?post=2310"}],"wp:featuredmedia":[{"embeddable":true,"href":"https:\/\/ecavix.com\/pl\/wp-json\/wp\/v2\/media\/2311"}],"wp:attachment":[{"href":"https:\/\/ecavix.com\/pl\/wp-json\/wp\/v2\/media?parent=2310"}],"wp:term":[{"taxonomy":"product_brand","embeddable":true,"href":"https:\/\/ecavix.com\/pl\/wp-json\/wp\/v2\/product_brand?post=2310"},{"taxonomy":"product_cat","embeddable":true,"href":"https:\/\/ecavix.com\/pl\/wp-json\/wp\/v2\/product_cat?post=2310"},{"taxonomy":"product_tag","embeddable":true,"href":"https:\/\/ecavix.com\/pl\/wp-json\/wp\/v2\/product_tag?post=2310"}],"curies":[{"name":"wp","href":"https:\/\/api.w.org\/{rel}","templated":true}]}}