{"id":2305,"date":"2025-07-18T02:41:49","date_gmt":"2025-07-18T02:41:49","guid":{"rendered":"https:\/\/ecavix.com\/?post_type=product&#038;p=2305"},"modified":"2025-07-18T02:43:53","modified_gmt":"2025-07-18T02:43:53","slug":"oem-lipo-12v-20ah-30ah-40ah-akumulatory-litowo-jonowe-do-lamp-solarnych-akumulatory-rowerowe","status":"publish","type":"product","link":"https:\/\/ecavix.com\/pl\/product\/oem-lipo-12v-20ah-30ah-40ah-storage-lithium-ion-battery-pack-for-solar-lamp-bicycle-batteries\/","title":{"rendered":"Akumulator litowo-jonowy OEM Lipo 12V 20ah\/30ah\/40ah do akumulator\u00f3w rowerowych do lamp solarnych"},"content":{"rendered":"<br \/>\n<h1>Akumulator litowo-jonowy OEM Lipo 12V 20ah\/30ah\/40ah do akumulator\u00f3w rowerowych do lamp solarnych<\/h1>\n<h2>Przegl\u0105d produkt\u00f3w<\/h2>\n<table>\n<tr>\n<th>Napi\u0119cie nominalne<\/th>\n<td>12V<\/td>\n<\/tr>\n<tr>\n<th>Pojemno\u015b\u0107 nominalna<\/th>\n<td>20Ah \/ 30Ah \/ 40Ah (z mo\u017cliwo\u015bci\u0105 dostosowania)<\/td>\n<\/tr>\n<tr>\n<th>Napi\u0119cie \u0142adowania<\/th>\n<td>12.6V<\/td>\n<\/tr>\n<tr>\n<th>Napi\u0119cie odci\u0119cia roz\u0142adowania<\/th>\n<td>8.25V<\/td>\n<\/tr>\n<tr>\n<th>Maks. Pr\u0105d \u0142adowania<\/th>\n<td>4A<\/td>\n<\/tr>\n<tr>\n<th>Ci\u0105g\u0142y pr\u0105d roz\u0142adowania<\/th>\n<td>20A<\/td>\n<\/tr>\n<tr>\n<th>Maks. Pr\u0105d impulsu<\/th>\n<td>60A<\/td>\n<\/tr>\n<tr>\n<th>Cykl \u017cycia<\/th>\n<td>Powy\u017cej 800 cykli<\/td>\n<\/tr>\n<tr>\n<th>Metoda \u0142adowania<\/th>\n<td>CC\/CV (sta\u0142y pr\u0105d\/sta\u0142e napi\u0119cie)<\/td>\n<\/tr>\n<tr>\n<th>Temperatura pracy<\/th>\n<td>\n      \u0141adowanie: 0\u00baC ~ 60\u00baC<br \/>\n      Roz\u0142adowanie: -20\u00baC ~ +75\u00baC<br \/>\n      Przechowywanie: -20\u00baC ~ +45\u00baC\n    <\/td>\n<\/tr>\n<tr>\n<th>Waga<\/th>\n<td>Oko\u0142o 50 g (na ogniwo)<\/td>\n<\/tr>\n<tr>\n<th>Wymiary kom\u00f3rki<\/th>\n<td>\u015arednica: 18,3 \u00b1 0,2 mm, wysoko\u015b\u0107: 65,0 \u00b1 0,2 mm<\/td>\n<\/tr>\n<tr>\n<th>Typ akumulatora<\/th>\n<td>Polimer litowo-jonowy<\/td>\n<\/tr>\n<tr>\n<th>Nadaje si\u0119 do recyklingu<\/th>\n<td>Tak<\/td>\n<\/tr>\n<tr>\n<th>Certyfikaty<\/th>\n<td>CE, RoHS, FCC, SGS<\/td>\n<\/tr>\n<\/table>\n<h2>Kluczowe cechy<\/h2>\n<div class=\"features-grid\">\n<div class=\"feature-box\">\n      <strong>Wysoki pr\u0105d roz\u0142adowania<\/strong><br \/>\n      Dzi\u0119ki pr\u0105dowi impulsowemu do 60 A, akumulator jest idealny do zastosowa\u0144 wymagaj\u0105cych du\u017cej mocy, takich jak skutery elektryczne i motocykle.\n    <\/div>\n<div class=\"feature-box\">\n      <strong>D\u0142uga \u017cywotno\u015b\u0107<\/strong><br \/>\n      Zaprojektowany, aby wytrzyma\u0107 ponad 800 cykli \u0142adowania\/roz\u0142adowania, zapewniaj\u0105c niezawodne dzia\u0142anie przez lata.\n    <\/div>\n<div class=\"feature-box\">\n      <strong>Szeroki zakres temperatur pracy<\/strong><br \/>\n      Wydajna praca w zakresie od -20\u00baC do +75\u00baC, odpowiednia do r\u00f3\u017cnych warunk\u00f3w \u015brodowiskowych.\n    <\/div>\n<div class=\"feature-box\">\n      <strong>Przyjazny dla \u015brodowiska<\/strong><br \/>\n      Akumulator jest wykonany z materia\u0142\u00f3w nadaj\u0105cych si\u0119 do recyklingu i posiada certyfikat bezpiecze\u0144stwa dla \u015brodowiska.\n    <\/div>\n<div class=\"feature-box\">\n      <strong>Szybkie \u0142adowanie<\/strong><br \/>\n      Mo\u017cliwo\u015b\u0107 szybkiego \u0142adowania, pe\u0142ne na\u0142adowanie w oko\u0142o 2,5 godziny.\n    <\/div>\n<div class=\"feature-box\">\n      <strong>Wbudowane funkcje bezpiecze\u0144stwa<\/strong><br \/>\n      Zawiera zabezpieczenie przed prze\u0142adowaniem, roz\u0142adowaniem i zwarciem dla dodatkowego bezpiecze\u0144stwa.\n    <\/div>\n<\/p><\/div>\n<h2>G\u0142\u00f3wne aplikacje<\/h2>\n<ul>\n<li>Lampy solarne<\/li>\n<li>Rowery elektryczne<\/li>\n<li>Skutery elektryczne<\/li>\n<li>Motocykle elektryczne<\/li>\n<li>Inne pojazdy elektryczne<\/li>\n<\/ul>\n<h2>Dlaczego warto wybra\u0107 nasz akumulator litowo-jonowo-polimerowy 12V?<\/h2>\n<ul>\n<li>Mo\u017cliwo\u015b\u0107 dostosowania pojemno\u015bci (20Ah, 30Ah, 40Ah) do r\u00f3\u017cnych potrzeb<\/li>\n<li>Wysoki pr\u0105d impulsowy do zastosowa\u0144 wymagaj\u0105cych du\u017cej mocy<\/li>\n<li>D\u0142uga \u017cywotno\u015b\u0107 dzi\u0119ki ponad 800 cyklom \u0142adowania<\/li>\n<li>Przyjazny dla \u015brodowiska i bezpieczny dzi\u0119ki wbudowanym funkcjom ochronnym<\/li>\n<li>Szeroki zakres temperatur dla wszechstronnego zastosowania<\/li>\n<\/ul>\n<h2>Pakowanie i wysy\u0142ka<\/h2>\n<p>Akumulator jest zapakowany w standardowy karton eksportowy, aby zapewni\u0107 bezpiecze\u0144stwo podczas transportu. Niestandardowe opcje pakowania s\u0105 dost\u0119pne na \u017cyczenie.<\/p>\n<h3>Metody wysy\u0142ki<\/h3>\n<ul>\n<li>Przyk\u0142adowe zam\u00f3wienia: Wysy\u0142ka za po\u015brednictwem UPS, DHL lub FedEx (us\u0142uga \"od drzwi do drzwi\")<\/li>\n<li>Zam\u00f3wienia zbiorcze: Wysy\u0142ka drog\u0105 morsk\u0105 (czas dostawy: 30-45 dni)<\/li>\n<\/ul>","protected":false},"excerpt":{"rendered":"<p>Konfigurowalny akumulator polimerowy litowo-jonowy 12 V do lamp solarnych, rower\u00f3w elektrycznych, skuter\u00f3w i motocykli o wysokim pr\u0105dzie roz\u0142adowania, d\u0142ugiej \u017cywotno\u015bci i szerokim zakresie temperatur pracy. Certyfikat CE, RoHS i FCC.<\/p>","protected":false},"featured_media":2309,"comment_status":"open","ping_status":"closed","template":"","meta":{"_uag_custom_page_level_css":"","neve_meta_sidebar":"","neve_meta_container":"","neve_meta_enable_content_width":"off","neve_meta_content_width":100,"neve_meta_title_alignment":"","neve_meta_author_avatar":"","neve_post_elements_order":"","neve_meta_disable_header":"","neve_meta_disable_footer":"","neve_meta_disable_title":""},"product_brand":[],"product_cat":[53,43,55],"product_tag":[],"class_list":{"0":"post-2305","1":"product","2":"type-product","3":"status-publish","4":"has-post-thumbnail","6":"product_cat-low-speed-electric-vehicle-battery","7":"product_cat-power-battery","8":"product_cat-scooter-battery","10":"first","11":"instock","12":"shipping-taxable","13":"product-type-simple"},"uagb_featured_image_src":{"full":["https:\/\/ecavix.com\/wp-content\/uploads\/2025\/07\/OEM-Lipo-12V-20ah-30ah-40ah-Storage-Lithium-Ion-Battery-Pack-for-Solar-Lamp-Bicycle-Batteries4-800-800.webp",550,550,false],"thumbnail":["https:\/\/ecavix.com\/wp-content\/uploads\/2025\/07\/OEM-Lipo-12V-20ah-30ah-40ah-Storage-Lithium-Ion-Battery-Pack-for-Solar-Lamp-Bicycle-Batteries4-800-800-150x150.webp",150,150,true],"medium":["https:\/\/ecavix.com\/wp-content\/uploads\/2025\/07\/OEM-Lipo-12V-20ah-30ah-40ah-Storage-Lithium-Ion-Battery-Pack-for-Solar-Lamp-Bicycle-Batteries4-800-800-300x300.webp",300,300,true],"medium_large":["https:\/\/ecavix.com\/wp-content\/uploads\/2025\/07\/OEM-Lipo-12V-20ah-30ah-40ah-Storage-Lithium-Ion-Battery-Pack-for-Solar-Lamp-Bicycle-Batteries4-800-800.webp",550,550,false],"large":["https:\/\/ecavix.com\/wp-content\/uploads\/2025\/07\/OEM-Lipo-12V-20ah-30ah-40ah-Storage-Lithium-Ion-Battery-Pack-for-Solar-Lamp-Bicycle-Batteries4-800-800.webp",550,550,false],"1536x1536":["https:\/\/ecavix.com\/wp-content\/uploads\/2025\/07\/OEM-Lipo-12V-20ah-30ah-40ah-Storage-Lithium-Ion-Battery-Pack-for-Solar-Lamp-Bicycle-Batteries4-800-800.webp",550,550,false],"2048x2048":["https:\/\/ecavix.com\/wp-content\/uploads\/2025\/07\/OEM-Lipo-12V-20ah-30ah-40ah-Storage-Lithium-Ion-Battery-Pack-for-Solar-Lamp-Bicycle-Batteries4-800-800.webp",550,550,false],"trp-custom-language-flag":["https:\/\/ecavix.com\/wp-content\/uploads\/2025\/07\/OEM-Lipo-12V-20ah-30ah-40ah-Storage-Lithium-Ion-Battery-Pack-for-Solar-Lamp-Bicycle-Batteries4-800-800.webp",12,12,false],"neve-blog":["https:\/\/ecavix.com\/wp-content\/uploads\/2025\/07\/OEM-Lipo-12V-20ah-30ah-40ah-Storage-Lithium-Ion-Battery-Pack-for-Solar-Lamp-Bicycle-Batteries4-800-800.webp",550,550,false],"woocommerce_thumbnail":["https:\/\/ecavix.com\/wp-content\/uploads\/2025\/07\/OEM-Lipo-12V-20ah-30ah-40ah-Storage-Lithium-Ion-Battery-Pack-for-Solar-Lamp-Bicycle-Batteries4-800-800-300x300.webp",300,300,true],"woocommerce_single":["https:\/\/ecavix.com\/wp-content\/uploads\/2025\/07\/OEM-Lipo-12V-20ah-30ah-40ah-Storage-Lithium-Ion-Battery-Pack-for-Solar-Lamp-Bicycle-Batteries4-800-800.webp",550,550,false],"woocommerce_gallery_thumbnail":["https:\/\/ecavix.com\/wp-content\/uploads\/2025\/07\/OEM-Lipo-12V-20ah-30ah-40ah-Storage-Lithium-Ion-Battery-Pack-for-Solar-Lamp-Bicycle-Batteries4-800-800-100x100.webp",100,100,true]},"uagb_author_info":{"display_name":"solvitaenergylimited@gmail.com","author_link":"https:\/\/ecavix.com\/pl\/author\/"},"uagb_comment_info":0,"uagb_excerpt":"Customizable 12V Li-ion polymer battery pack for solar lamps, electric bikes, scooters, and motorcycles with high discharge current, long cycle life, and wide operating temperature range. CE, RoHS, and FCC certified.","_links":{"self":[{"href":"https:\/\/ecavix.com\/pl\/wp-json\/wp\/v2\/product\/2305","targetHints":{"allow":["GET"]}}],"collection":[{"href":"https:\/\/ecavix.com\/pl\/wp-json\/wp\/v2\/product"}],"about":[{"href":"https:\/\/ecavix.com\/pl\/wp-json\/wp\/v2\/types\/product"}],"replies":[{"embeddable":true,"href":"https:\/\/ecavix.com\/pl\/wp-json\/wp\/v2\/comments?post=2305"}],"wp:featuredmedia":[{"embeddable":true,"href":"https:\/\/ecavix.com\/pl\/wp-json\/wp\/v2\/media\/2309"}],"wp:attachment":[{"href":"https:\/\/ecavix.com\/pl\/wp-json\/wp\/v2\/media?parent=2305"}],"wp:term":[{"taxonomy":"product_brand","embeddable":true,"href":"https:\/\/ecavix.com\/pl\/wp-json\/wp\/v2\/product_brand?post=2305"},{"taxonomy":"product_cat","embeddable":true,"href":"https:\/\/ecavix.com\/pl\/wp-json\/wp\/v2\/product_cat?post=2305"},{"taxonomy":"product_tag","embeddable":true,"href":"https:\/\/ecavix.com\/pl\/wp-json\/wp\/v2\/product_tag?post=2305"}],"curies":[{"name":"wp","href":"https:\/\/api.w.org\/{rel}","templated":true}]}}