{"id":2291,"date":"2025-07-18T02:21:05","date_gmt":"2025-07-18T02:21:05","guid":{"rendered":"https:\/\/ecavix.com\/?post_type=product&#038;p=2291"},"modified":"2025-07-18T02:23:15","modified_gmt":"2025-07-18T02:23:15","slug":"wydajna-bateria-litowa-60-v-20-ah-do-skutera-elektrycznego-1000-w","status":"publish","type":"product","link":"https:\/\/ecavix.com\/pl\/product\/rechargeable-powerful-60v-20ah-lithium-battery-for-1000w-electric-scooter\/","title":{"rendered":"Akumulator litowy 60V 20ah do skutera elektrycznego o mocy 1000W"},"content":{"rendered":"<br \/>\n<h1>Akumulator litowy 60 V 20 Ah do skuter\u00f3w elektrycznych<\/h1>\n<h2>Przegl\u0105d produkt\u00f3w<\/h2>\n<table>\n<tr>\n<th>Napi\u0119cie nominalne<\/th>\n<td>60V<\/td>\n<\/tr>\n<tr>\n<th>Napi\u0119cie robocze<\/th>\n<td>67,2 V - 44 V<\/td>\n<\/tr>\n<tr>\n<th>Pojemno\u015b\u0107 nominalna<\/th>\n<td>20Ah (dost\u0119pne: 40Ah, 60Ah, 100Ah itd.)<\/td>\n<\/tr>\n<tr>\n<th>Napi\u0119cie odci\u0119cia \u0142adowania<\/th>\n<td>67.2V<\/td>\n<\/tr>\n<tr>\n<th>Pr\u0105d \u0142adowania<\/th>\n<td>0,2C maks<\/td>\n<\/tr>\n<tr>\n<th>Metoda \u0142adowania<\/th>\n<td>CC\/CV (sta\u0142y pr\u0105d\/sta\u0142e napi\u0119cie)<\/td>\n<\/tr>\n<tr>\n<th>Temperatura \u0142adowania<\/th>\n<td>0\u00baC - 40\u00baC<\/td>\n<\/tr>\n<tr>\n<th>Temperatura roz\u0142adowania<\/th>\n<td>-20\u00baC ~ +60\u00baC<\/td>\n<\/tr>\n<tr>\n<th>Czas trwania \u0142adowania<\/th>\n<td>4-5 godzin (Standard)<\/td>\n<\/tr>\n<tr>\n<th>Cykl \u017cycia<\/th>\n<td>Powy\u017cej 500 cykli<\/td>\n<\/tr>\n<tr>\n<th>Waga<\/th>\n<td>7,3 kg<\/td>\n<\/tr>\n<tr>\n<th>Rozmiar<\/th>\n<td>147 * 111 * 66 mm<\/td>\n<\/tr>\n<tr>\n<th>Typ gniazda<\/th>\n<td>USA, Wielka Brytania, UE itp.<\/td>\n<\/tr>\n<tr>\n<th>Obudowa baterii<\/th>\n<td>Tworzywo sztuczne<\/td>\n<\/tr>\n<tr>\n<th>Nadaje si\u0119 do recyklingu<\/th>\n<td>Tak<\/td>\n<\/tr>\n<tr>\n<th>Certyfikaty<\/th>\n<td>CE, RoHS, FCC<\/td>\n<\/tr>\n<\/table>\n<h2>Kluczowe cechy<\/h2>\n<div class=\"features-grid\">\n<div class=\"feature-box\">\n      <strong>Wysoka wydajno\u015b\u0107<\/strong><br \/>\n      Dzi\u0119ki wydajno\u015bci operacyjnej \u226599%, akumulator ten zapewnia minimalne straty energii podczas pracy, zapewniaj\u0105c wi\u0119cej mocy dla skutera elektrycznego.\n    <\/div>\n<div class=\"feature-box\">\n      <strong>D\u0142uga \u017cywotno\u015b\u0107<\/strong><br \/>\n      Oferuj\u0105c ponad 500 cykli \u0142adowania\/roz\u0142adowania, bateria ta zapewnia d\u0142ug\u0105 \u017cywotno\u015b\u0107, dzi\u0119ki czemu jest niezawodnym wyborem do d\u0142ugotrwa\u0142ego u\u017cytkowania.\n    <\/div>\n<div class=\"feature-box\">\n      <strong>Szeroki zakres temperatur<\/strong><br \/>\n      Akumulator ten dzia\u0142a w szerokim zakresie temperatur od -20\u00baC do +60\u00baC, dzi\u0119ki czemu nadaje si\u0119 do r\u00f3\u017cnych \u015brodowisk.\n    <\/div>\n<div class=\"feature-box\">\n      <strong>Nadaj\u0105ce si\u0119 do recyklingu i przyjazne dla \u015brodowiska<\/strong><br \/>\n      Wykonany z materia\u0142\u00f3w nadaj\u0105cych si\u0119 do recyklingu i certyfikowany pod k\u0105tem zgodno\u015bci z wymogami ochrony \u015brodowiska, akumulator ten jest bezpieczny zar\u00f3wno dla u\u017cytkownik\u00f3w, jak i dla naszej planety.\n    <\/div>\n<div class=\"feature-box\">\n      <strong>Wszechstronna kompatybilno\u015b\u0107<\/strong><br \/>\n      Kompatybilny z r\u00f3\u017cnymi skuterami i pojazdami elektrycznymi, akumulator ten zapewnia wydajne \u017ar\u00f3d\u0142o zasilania do r\u00f3\u017cnych zastosowa\u0144.\n    <\/div>\n<div class=\"feature-box\">\n      <strong>Niezawodna wydajno\u015b\u0107<\/strong><br \/>\n      Zbudowana z solidnej plastikowej obudowy, bateria ta zosta\u0142a zaprojektowana z my\u015bl\u0105 o trwa\u0142o\u015bci i sta\u0142ej wydajno\u015bci przez ca\u0142y okres u\u017cytkowania.\n    <\/div>\n<\/p><\/div>\n<h2>G\u0142\u00f3wne aplikacje<\/h2>\n<ul>\n<li>Skutery elektryczne<\/li>\n<li>Motocykle elektryczne<\/li>\n<li>Pojazdy elektryczne<\/li>\n<li>W\u00f3zki golfowe<\/li>\n<li>\u0141odzie elektryczne<\/li>\n<\/ul>\n<h2>Dlaczego warto wybra\u0107 nasz\u0105 bateri\u0119 litow\u0105 60V 20Ah?<\/h2>\n<ul>\n<li>Wysoka g\u0119sto\u015b\u0107 energii i wydajno\u015b\u0107 dla maksymalnej wydajno\u015bci<\/li>\n<li>D\u0142uga \u017cywotno\u015b\u0107, ponad 500 cykli u\u017cytkowania<\/li>\n<li>Konstrukcja przyjazna dla \u015brodowiska i nadaj\u0105ca si\u0119 do recyklingu<\/li>\n<li>Szeroki zakres temperatur pracy dla r\u00f3\u017cnych \u015brodowisk<\/li>\n<li>Mo\u017cliwo\u015b\u0107 szybkiego \u0142adowania (4-5 godzin do pe\u0142nego na\u0142adowania)<\/li>\n<li>Pe\u0142ne certyfikaty bezpiecze\u0144stwa i jako\u015bci CE, RoHS i FCC<\/li>\n<\/ul>\n<h2>Pakowanie i wysy\u0142ka<\/h2>\n<p>Akumulator jest zapakowany w standardowy karton eksportowy, aby zapewni\u0107 bezpiecze\u0144stwo podczas transportu. Niestandardowe opcje pakowania s\u0105 dost\u0119pne na \u017cyczenie.<\/p>\n<h3>Metody wysy\u0142ki<\/h3>\n<ul>\n<li>Przyk\u0142adowe zam\u00f3wienia: Wysy\u0142ka za po\u015brednictwem UPS, DHL lub FedEx (us\u0142uga \"od drzwi do drzwi\")<\/li>\n<li>Zam\u00f3wienia zbiorcze: Wysy\u0142ka drog\u0105 morsk\u0105 (czas dostawy: 30-45 dni)<\/li>\n<\/ul>","protected":false},"excerpt":{"rendered":"<p>Akumulator litowy 60 V 20 Ah do skuter\u00f3w elektrycznych o mocy 1000 W. Wysoka wydajno\u015b\u0107, d\u0142uga \u017cywotno\u015b\u0107, kompatybilno\u015b\u0107 z r\u00f3\u017cnymi pojazdami elektrycznymi. Certyfikat CE, RoHS i FCC.<\/p>","protected":false},"featured_media":2293,"comment_status":"open","ping_status":"closed","template":"","meta":{"_uag_custom_page_level_css":"","neve_meta_sidebar":"","neve_meta_container":"","neve_meta_enable_content_width":"off","neve_meta_content_width":100,"neve_meta_title_alignment":"","neve_meta_author_avatar":"","neve_post_elements_order":"","neve_meta_disable_header":"","neve_meta_disable_footer":"","neve_meta_disable_title":""},"product_brand":[],"product_cat":[54,53,43],"product_tag":[],"class_list":{"0":"post-2291","1":"product","2":"type-product","3":"status-publish","4":"has-post-thumbnail","6":"product_cat-golf-cart-battery","7":"product_cat-low-speed-electric-vehicle-battery","8":"product_cat-power-battery","10":"first","11":"instock","12":"shipping-taxable","13":"product-type-simple"},"uagb_featured_image_src":{"full":["https:\/\/ecavix.com\/wp-content\/uploads\/2025\/07\/Rechargeable-Powerful-60V-20ah-Lithium-Battery-for-1000W-Electric-Scooter3-800-800.webp",550,550,false],"thumbnail":["https:\/\/ecavix.com\/wp-content\/uploads\/2025\/07\/Rechargeable-Powerful-60V-20ah-Lithium-Battery-for-1000W-Electric-Scooter3-800-800-150x150.webp",150,150,true],"medium":["https:\/\/ecavix.com\/wp-content\/uploads\/2025\/07\/Rechargeable-Powerful-60V-20ah-Lithium-Battery-for-1000W-Electric-Scooter3-800-800-300x300.webp",300,300,true],"medium_large":["https:\/\/ecavix.com\/wp-content\/uploads\/2025\/07\/Rechargeable-Powerful-60V-20ah-Lithium-Battery-for-1000W-Electric-Scooter3-800-800.webp",550,550,false],"large":["https:\/\/ecavix.com\/wp-content\/uploads\/2025\/07\/Rechargeable-Powerful-60V-20ah-Lithium-Battery-for-1000W-Electric-Scooter3-800-800.webp",550,550,false],"1536x1536":["https:\/\/ecavix.com\/wp-content\/uploads\/2025\/07\/Rechargeable-Powerful-60V-20ah-Lithium-Battery-for-1000W-Electric-Scooter3-800-800.webp",550,550,false],"2048x2048":["https:\/\/ecavix.com\/wp-content\/uploads\/2025\/07\/Rechargeable-Powerful-60V-20ah-Lithium-Battery-for-1000W-Electric-Scooter3-800-800.webp",550,550,false],"trp-custom-language-flag":["https:\/\/ecavix.com\/wp-content\/uploads\/2025\/07\/Rechargeable-Powerful-60V-20ah-Lithium-Battery-for-1000W-Electric-Scooter3-800-800.webp",12,12,false],"neve-blog":["https:\/\/ecavix.com\/wp-content\/uploads\/2025\/07\/Rechargeable-Powerful-60V-20ah-Lithium-Battery-for-1000W-Electric-Scooter3-800-800.webp",550,550,false],"woocommerce_thumbnail":["https:\/\/ecavix.com\/wp-content\/uploads\/2025\/07\/Rechargeable-Powerful-60V-20ah-Lithium-Battery-for-1000W-Electric-Scooter3-800-800-300x300.webp",300,300,true],"woocommerce_single":["https:\/\/ecavix.com\/wp-content\/uploads\/2025\/07\/Rechargeable-Powerful-60V-20ah-Lithium-Battery-for-1000W-Electric-Scooter3-800-800.webp",550,550,false],"woocommerce_gallery_thumbnail":["https:\/\/ecavix.com\/wp-content\/uploads\/2025\/07\/Rechargeable-Powerful-60V-20ah-Lithium-Battery-for-1000W-Electric-Scooter3-800-800-100x100.webp",100,100,true]},"uagb_author_info":{"display_name":"solvitaenergylimited@gmail.com","author_link":"https:\/\/ecavix.com\/pl\/author\/"},"uagb_comment_info":0,"uagb_excerpt":"Rechargeable 60V 20Ah lithium battery for 1000W electric scooters. High efficiency, long cycle life, compatible with various electric vehicles. CE, RoHS, and FCC certified.","_links":{"self":[{"href":"https:\/\/ecavix.com\/pl\/wp-json\/wp\/v2\/product\/2291","targetHints":{"allow":["GET"]}}],"collection":[{"href":"https:\/\/ecavix.com\/pl\/wp-json\/wp\/v2\/product"}],"about":[{"href":"https:\/\/ecavix.com\/pl\/wp-json\/wp\/v2\/types\/product"}],"replies":[{"embeddable":true,"href":"https:\/\/ecavix.com\/pl\/wp-json\/wp\/v2\/comments?post=2291"}],"wp:featuredmedia":[{"embeddable":true,"href":"https:\/\/ecavix.com\/pl\/wp-json\/wp\/v2\/media\/2293"}],"wp:attachment":[{"href":"https:\/\/ecavix.com\/pl\/wp-json\/wp\/v2\/media?parent=2291"}],"wp:term":[{"taxonomy":"product_brand","embeddable":true,"href":"https:\/\/ecavix.com\/pl\/wp-json\/wp\/v2\/product_brand?post=2291"},{"taxonomy":"product_cat","embeddable":true,"href":"https:\/\/ecavix.com\/pl\/wp-json\/wp\/v2\/product_cat?post=2291"},{"taxonomy":"product_tag","embeddable":true,"href":"https:\/\/ecavix.com\/pl\/wp-json\/wp\/v2\/product_tag?post=2291"}],"curies":[{"name":"wp","href":"https:\/\/api.w.org\/{rel}","templated":true}]}}