{"id":2286,"date":"2025-07-18T02:17:32","date_gmt":"2025-07-18T02:17:32","guid":{"rendered":"https:\/\/ecavix.com\/?post_type=product&#038;p=2286"},"modified":"2025-07-18T02:17:32","modified_gmt":"2025-07-18T02:17:32","slug":"zestaw-akumulatorow-litowo-jonowych-72-v-20-ah-zastepujacy-akumulator-kwasowo-olowiowy","status":"publish","type":"product","link":"https:\/\/ecavix.com\/pl\/product\/72v-20ah-lithium-ion-battery-pack-replacement-for-lead-acid-battery\/","title":{"rendered":"Akumulator litowo-jonowy 72V 20ah zast\u0119puj\u0105cy akumulator kwasowo-o\u0142owiowy"},"content":{"rendered":"<h1>Akumulator litowo-jonowy 72 V 20 Ah<\/h1>\n<h2>Przegl\u0105d produkt\u00f3w<\/h2>\n<table>\n<tr>\n<th>Napi\u0119cie nominalne<\/th>\n<td>72 V<\/td>\n<\/tr>\n<tr>\n<th>Pojemno\u015b\u0107 nominalna<\/th>\n<td>20Ah (z mo\u017cliwo\u015bci\u0105 dostosowania)<\/td>\n<\/tr>\n<tr>\n<th>Pr\u0105d \u0142adowania ci\u0105g\u0142ego<\/th>\n<td>20A<\/td>\n<\/tr>\n<tr>\n<th>Zabezpieczenie nadpr\u0105dowe<\/th>\n<td>30\u201340 A (regulowane)<\/td>\n<\/tr>\n<tr>\n<th>Odpowiednia moc silnika<\/th>\n<td>\u22641000 W<\/td>\n<\/tr>\n<tr>\n<th>Maksymalne napi\u0119cie \u0142adowania<\/th>\n<td>84 V<\/td>\n<\/tr>\n<tr>\n<th>Pr\u0105d \u0142adowania<\/th>\n<td>2,0\u20134,0 A<\/td>\n<\/tr>\n<tr>\n<th>Metoda \u0142adowania<\/th>\n<td>CC\/CV (sta\u0142y pr\u0105d i sta\u0142e napi\u0119cie)<\/td>\n<\/tr>\n<tr>\n<th>Temperatura \u0142adowania<\/th>\n<td>0~45\u00baC, 45~85% RH<\/td>\n<\/tr>\n<tr>\n<th>Temperatura roz\u0142adowania<\/th>\n<td>-20~55\u00baC, 45~85% RH<\/td>\n<\/tr>\n<tr>\n<th>Temperatura przechowywania<\/th>\n<td>-20~+55\u00baC (1 miesi\u0105c), -20~+45\u00baC (3 miesi\u0105ce)<\/td>\n<\/tr>\n<tr>\n<th>Rozmiar<\/th>\n<td>235 \u00d7 196 \u00d7 170 mm<\/td>\n<\/tr>\n<tr>\n<th>Waga<\/th>\n<td>10 kg<\/td>\n<\/tr>\n<tr>\n<th>Gwarancja<\/th>\n<td>12 miesi\u0119cy<\/td>\n<\/tr>\n<\/table>\n<h2>Kluczowe cechy<\/h2>\n<div class=\"features-grid\">\n<div class=\"feature-box\">\n      <strong>Wysoka g\u0119sto\u015b\u0107 energii<\/strong><br \/>\n      Akumulator charakteryzuje si\u0119 wysok\u0105 g\u0119sto\u015bci\u0105 energii, dzi\u0119ki czemu idealnie nadaje si\u0119 do pojazd\u00f3w elektrycznych, skuter\u00f3w i innych zastosowa\u0144 wymagaj\u0105cych du\u017cej mocy.\n    <\/div>\n<div class=\"feature-box\">\n      <strong>D\u0142uga \u017cywotno\u015b\u0107<\/strong><br \/>\n      Dzi\u0119ki \u017cywotno\u015bci wynosz\u0105cej ponad 500\u20131000 cykli \u0142adowania\/roz\u0142adowania akumulator ten zapewnia d\u0142ugotrwa\u0142\u0105 i niezawodn\u0105 prac\u0119.\n    <\/div>\n<div class=\"feature-box\">\n      <strong>Szybkie \u0142adowanie<\/strong><br \/>\n      Akumulator mo\u017cna na\u0142adowa\u0107 do poziomu 90% w zaledwie 10 minut, zapewniaj\u0105c szybk\u0105 dost\u0119pno\u015b\u0107 pojazdu elektrycznego.\n    <\/div>\n<div class=\"feature-box\">\n      <strong>Doskona\u0142e bezpiecze\u0144stwo<\/strong><br \/>\n      Wyposa\u017cona w dwa uk\u0142ady scalone, bateria posiada wbudowane zabezpieczenia przed zwarciem, prze\u0142adowaniem, przet\u0119\u017ceniem i przeci\u0105\u017ceniem.\n    <\/div>\n<div class=\"feature-box\">\n      <strong>Lekki i kompaktowy<\/strong><br \/>\n      L\u017cejsza alternatywa dla tradycyjnych akumulator\u00f3w kwasowo-o\u0142owiowych, oferuj\u0105ca wysok\u0105 pojemno\u015b\u0107 bez dodatkowego ci\u0119\u017caru.\n    <\/div>\n<div class=\"feature-box\">\n      <strong>Przyjazny dla \u015brodowiska<\/strong><br \/>\n      Bateria nie zawiera rt\u0119ci ani innych szkodliwych substancji chemicznych, dzi\u0119ki czemu jest przyjazna dla \u015brodowiska i bezpieczna dla otoczenia.\n    <\/div>\n<\/p><\/div>\n<h2>G\u0142\u00f3wne aplikacje<\/h2>\n<ul>\n<li>Skutery elektryczne<\/li>\n<li>Motocykle elektryczne<\/li>\n<li>W\u00f3zki golfowe<\/li>\n<li>\u0141odzie elektryczne<\/li>\n<li>Pojazdy elektryczne<\/li>\n<li>Elektronarz\u0119dzia i zabawki elektroniczne<\/li>\n<\/ul>\n<h2>Dlaczego warto wybra\u0107 nasz zestaw akumulator\u00f3w 72 V 20 Ah?<\/h2>\n<ul>\n<li>Wysokie napi\u0119cie wyj\u015bciowe i g\u0119sto\u015b\u0107 energii zapewniaj\u0105ce lepsz\u0105 wydajno\u015b\u0107<\/li>\n<li>Trwa\u0142a bateria o ponad 500\u20131000 cyklach \u0142adowania<\/li>\n<li>Przyjazny dla \u015brodowiska, nie zawiera materia\u0142\u00f3w niebezpiecznych, takich jak o\u0142\u00f3w czy kadm.<\/li>\n<li>Wbudowana ochrona przed prze\u0142adowaniem, przet\u0119\u017ceniem i zwarciem dla bezpieczniejszej pracy<\/li>\n<li>Szybkie \u0142adowanie, pe\u0142ne na\u0142adowanie w zaledwie 2-3 godziny<\/li>\n<li>Konkurencyjne ceny i niezawodna wydajno\u015b\u0107<\/li>\n<\/ul>\n<h2>Pakowanie i wysy\u0142ka<\/h2>\n<p>Bateria jest bezpiecznie zapakowana w karton eksportowy, aby zapewni\u0107 bezpieczn\u0105 dostaw\u0119. Na \u017cyczenie dost\u0119pne s\u0105 niestandardowe opcje pakowania.<\/p>\n<h3>Metody wysy\u0142ki<\/h3>\n<ul>\n<li>Pr\u00f3bki: Wysy\u0142ka za po\u015brednictwem UPS, DHL lub FedEx (us\u0142uga \"od drzwi do drzwi\")<\/li>\n<li>Zam\u00f3wienia zbiorcze: Wysy\u0142ka drog\u0105 morsk\u0105 (czas dostawy: 30-45 dni)<\/li>\n<\/ul>","protected":false},"excerpt":{"rendered":"<p>Akumulator litowo-jonowy 72 V 20 Ah do rower\u00f3w elektrycznych, skuter\u00f3w i w\u00f3zk\u00f3w golfowych. Wysoka g\u0119sto\u015b\u0107 energii, szybkie \u0142adowanie, d\u0142uga \u017cywotno\u015b\u0107 i doskona\u0142e zabezpieczenia. Zamiennik akumulator\u00f3w kwasowo-o\u0142owiowych.<\/p>","protected":false},"featured_media":2287,"comment_status":"open","ping_status":"closed","template":"","meta":{"_uag_custom_page_level_css":"","neve_meta_sidebar":"","neve_meta_container":"","neve_meta_enable_content_width":"off","neve_meta_content_width":100,"neve_meta_title_alignment":"","neve_meta_author_avatar":"","neve_post_elements_order":"","neve_meta_disable_header":"","neve_meta_disable_footer":"","neve_meta_disable_title":""},"product_brand":[],"product_cat":[50,45,43],"product_tag":[60,62],"class_list":{"0":"post-2286","1":"product","2":"type-product","3":"status-publish","4":"has-post-thumbnail","6":"product_cat-72v-e-bike-battery","7":"product_cat-e-bike-battery","8":"product_cat-power-battery","9":"product_tag-72v","10":"product_tag-ebike","12":"first","13":"instock","14":"shipping-taxable","15":"product-type-simple"},"uagb_featured_image_src":{"full":["https:\/\/ecavix.com\/wp-content\/uploads\/2025\/07\/72V-20ah-Lithium-Ion-Battery-Pack-Replacement-for-Lead-Acid-Battery-1.webp",1000,1000,false],"thumbnail":["https:\/\/ecavix.com\/wp-content\/uploads\/2025\/07\/72V-20ah-Lithium-Ion-Battery-Pack-Replacement-for-Lead-Acid-Battery-1-150x150.webp",150,150,true],"medium":["https:\/\/ecavix.com\/wp-content\/uploads\/2025\/07\/72V-20ah-Lithium-Ion-Battery-Pack-Replacement-for-Lead-Acid-Battery-1-300x300.webp",300,300,true],"medium_large":["https:\/\/ecavix.com\/wp-content\/uploads\/2025\/07\/72V-20ah-Lithium-Ion-Battery-Pack-Replacement-for-Lead-Acid-Battery-1-768x768.webp",768,768,true],"large":["https:\/\/ecavix.com\/wp-content\/uploads\/2025\/07\/72V-20ah-Lithium-Ion-Battery-Pack-Replacement-for-Lead-Acid-Battery-1.webp",1000,1000,false],"1536x1536":["https:\/\/ecavix.com\/wp-content\/uploads\/2025\/07\/72V-20ah-Lithium-Ion-Battery-Pack-Replacement-for-Lead-Acid-Battery-1.webp",1000,1000,false],"2048x2048":["https:\/\/ecavix.com\/wp-content\/uploads\/2025\/07\/72V-20ah-Lithium-Ion-Battery-Pack-Replacement-for-Lead-Acid-Battery-1.webp",1000,1000,false],"trp-custom-language-flag":["https:\/\/ecavix.com\/wp-content\/uploads\/2025\/07\/72V-20ah-Lithium-Ion-Battery-Pack-Replacement-for-Lead-Acid-Battery-1.webp",12,12,false],"neve-blog":["https:\/\/ecavix.com\/wp-content\/uploads\/2025\/07\/72V-20ah-Lithium-Ion-Battery-Pack-Replacement-for-Lead-Acid-Battery-1-930x620.webp",930,620,true],"woocommerce_thumbnail":["https:\/\/ecavix.com\/wp-content\/uploads\/2025\/07\/72V-20ah-Lithium-Ion-Battery-Pack-Replacement-for-Lead-Acid-Battery-1-300x300.webp",300,300,true],"woocommerce_single":["https:\/\/ecavix.com\/wp-content\/uploads\/2025\/07\/72V-20ah-Lithium-Ion-Battery-Pack-Replacement-for-Lead-Acid-Battery-1-600x600.webp",600,600,true],"woocommerce_gallery_thumbnail":["https:\/\/ecavix.com\/wp-content\/uploads\/2025\/07\/72V-20ah-Lithium-Ion-Battery-Pack-Replacement-for-Lead-Acid-Battery-1-100x100.webp",100,100,true]},"uagb_author_info":{"display_name":"solvitaenergylimited@gmail.com","author_link":"https:\/\/ecavix.com\/pl\/author\/"},"uagb_comment_info":0,"uagb_excerpt":"72V 20Ah Lithium Ion Battery Pack for Electric Bikes, Scooters, and Golf Carts. High energy density, fast charging, long cycle life, and excellent security features. Replacement for lead-acid batteries.","_links":{"self":[{"href":"https:\/\/ecavix.com\/pl\/wp-json\/wp\/v2\/product\/2286","targetHints":{"allow":["GET"]}}],"collection":[{"href":"https:\/\/ecavix.com\/pl\/wp-json\/wp\/v2\/product"}],"about":[{"href":"https:\/\/ecavix.com\/pl\/wp-json\/wp\/v2\/types\/product"}],"replies":[{"embeddable":true,"href":"https:\/\/ecavix.com\/pl\/wp-json\/wp\/v2\/comments?post=2286"}],"wp:featuredmedia":[{"embeddable":true,"href":"https:\/\/ecavix.com\/pl\/wp-json\/wp\/v2\/media\/2287"}],"wp:attachment":[{"href":"https:\/\/ecavix.com\/pl\/wp-json\/wp\/v2\/media?parent=2286"}],"wp:term":[{"taxonomy":"product_brand","embeddable":true,"href":"https:\/\/ecavix.com\/pl\/wp-json\/wp\/v2\/product_brand?post=2286"},{"taxonomy":"product_cat","embeddable":true,"href":"https:\/\/ecavix.com\/pl\/wp-json\/wp\/v2\/product_cat?post=2286"},{"taxonomy":"product_tag","embeddable":true,"href":"https:\/\/ecavix.com\/pl\/wp-json\/wp\/v2\/product_tag?post=2286"}],"curies":[{"name":"wp","href":"https:\/\/api.w.org\/{rel}","templated":true}]}}