{"id":2280,"date":"2025-07-18T02:08:50","date_gmt":"2025-07-18T02:08:50","guid":{"rendered":"https:\/\/ecavix.com\/?post_type=product&#038;p=2280"},"modified":"2025-07-18T02:08:50","modified_gmt":"2025-07-18T02:08:50","slug":"59-akumulator-litowo-jonowy-2-v-25-6-ah-do-akumulatora-18650","status":"publish","type":"product","link":"https:\/\/ecavix.com\/pl\/product\/59-2v-25-6ah-rechargeable-lithium-ion-battery-pack-for-18650-battery-pack\/","title":{"rendered":"Akumulator litowo-jonowy 59,2 V 25,6 Ah do akumulator\u00f3w 18650"},"content":{"rendered":"<h1>Akumulator litowo-jonowy 59,2 V 25,6 Ah do pojazd\u00f3w elektrycznych<\/h1>\n<h2>Przegl\u0105d produkt\u00f3w<\/h2>\n<table>\n<tr>\n<th>Model<\/th>\n<td>59,2 V 25,6 Ah<\/td>\n<\/tr>\n<tr>\n<th>Napi\u0119cie nominalne<\/th>\n<td>59.2V<\/td>\n<\/tr>\n<tr>\n<th>Pojemno\u015b\u0107 nominalna<\/th>\n<td>25,6 Ah<\/td>\n<\/tr>\n<tr>\n<th>Konfiguracja baterii<\/th>\n<td>16S8P<\/td>\n<\/tr>\n<tr>\n<th>Rozmiar<\/th>\n<td>435*140*60mm<\/td>\n<\/tr>\n<tr>\n<th>Waga<\/th>\n<td>6,5 kg<\/td>\n<\/tr>\n<tr>\n<th>Maksymalne napi\u0119cie \u0142adowania<\/th>\n<td>59.2V<\/td>\n<\/tr>\n<tr>\n<th>Pr\u0105d \u0142adowania<\/th>\n<td>1C<\/td>\n<\/tr>\n<tr>\n<th>Czas \u0142adowania<\/th>\n<td>1-2 godziny<\/td>\n<\/tr>\n<tr>\n<th>Metoda \u0142adowania<\/th>\n<td>CC-CV (sta\u0142y pr\u0105d i sta\u0142e napi\u0119cie)<\/td>\n<\/tr>\n<tr>\n<th>Maksymalny pr\u0105d roz\u0142adowania<\/th>\n<td>2A<\/td>\n<\/tr>\n<tr>\n<th>\u017bywotno\u015b\u0107 cyklu \u0142adowania<\/th>\n<td>Ponad 500 cykli<\/td>\n<\/tr>\n<tr>\n<th>Temperatura pracy<\/th>\n<td>\u0141adowanie: 0~45\u00b0C, Roz\u0142adowanie: -20~60\u00b0C<\/td>\n<\/tr>\n<tr>\n<th>Temperatura przechowywania<\/th>\n<td>-20~60\u00b0C (1 miesi\u0105c), -20~45\u00b0C (3 miesi\u0105ce)<\/td>\n<\/tr>\n<tr>\n<th>Funkcje ochronne<\/th>\n<td>Nadmierne na\u0142adowanie, nadmierne roz\u0142adowanie, nadmierne obci\u0105\u017cenie, zwarcie<\/td>\n<\/tr>\n<tr>\n<th>Gwarancja<\/th>\n<td>12 miesi\u0119cy<\/td>\n<\/tr>\n<\/table>\n<h2>Kluczowe cechy<\/h2>\n<div class=\"features-grid\">\n<div class=\"feature-box\">\n      <strong>Wysoka g\u0119sto\u015b\u0107 energii<\/strong><br \/>\n      Oferuje wysokie napi\u0119cie robocze i g\u0119sto\u015b\u0107 energii, dzi\u0119ki czemu idealnie nadaje si\u0119 do pojazd\u00f3w elektrycznych i zastosowa\u0144 zwi\u0105zanych z magazynowaniem energii.\n    <\/div>\n<div class=\"feature-box\">\n      <strong>D\u0142uga \u017cywotno\u015b\u0107<\/strong><br \/>\n      Akumulator wytrzymuje ponad 500 cykli \u0142adowania\/roz\u0142adowania, zachowuj\u0105c pojemno\u015b\u0107 80% po intensywnym u\u017cytkowaniu.\n    <\/div>\n<div class=\"feature-box\">\n      <strong>Minimalne samoroz\u0142adowanie<\/strong><br \/>\n      Niski wsp\u00f3\u0142czynnik samoroz\u0142adowania, poni\u017cej 10% na miesi\u0105c, zapewnia, \u017ce bateria pozostaje sprawna, gdy nie jest u\u017cywana.\n    <\/div>\n<div class=\"feature-box\">\n      <strong>Szeroki zakres temperatur<\/strong><br \/>\n      Dzia\u0142a skutecznie w szerokim zakresie temperatur (-20\u00b0C ~ +60\u00b0C), doskonale sprawdzaj\u0105c si\u0119 w r\u00f3\u017cnych warunkach \u015brodowiskowych.\n    <\/div>\n<div class=\"feature-box\">\n      <strong>Brak efektu pami\u0119ci<\/strong><br \/>\n      Mo\u017ce by\u0107 \u0142adowany w dowolnym momencie bez wp\u0142ywu na wydajno\u015b\u0107, w przeciwie\u0144stwie do tradycyjnych akumulator\u00f3w, kt\u00f3re wymagaj\u0105 pe\u0142nego roz\u0142adowania.\n    <\/div>\n<div class=\"feature-box\">\n      <strong>Wysoki poziom bezpiecze\u0144stwa<\/strong><br \/>\n      Akumulator jest bezpieczny w ekstremalnych warunkach i nie zapali si\u0119 ani nie wybuchnie, nawet w przypadku przebicia lub uderzenia.\n    <\/div>\n<\/p><\/div>\n<h2>Zastosowania<\/h2>\n<ul>\n<li>Pojazdy elektryczne (EV)<\/li>\n<li>Systemy magazynowania energii<\/li>\n<li>Elektronarz\u0119dzia<\/li>\n<li>Urz\u0105dzenia przeno\u015bne<\/li>\n<li>Systemy o\u015bwietlenia LED<\/li>\n<li>Zasilacze bezprzerwowe (UPS)<\/li>\n<\/ul>\n<h2>Pakowanie i wysy\u0142ka<\/h2>\n<p>Akumulator jest starannie pakowany w trwa\u0142e pojemniki, aby zapewni\u0107 bezpieczn\u0105 dostaw\u0119. Niestandardowe opakowania s\u0105 dost\u0119pne na \u017cyczenie.<\/p>\n<h3>Metody wysy\u0142ki<\/h3>\n<ul>\n<li>Pr\u00f3bki: Wysy\u0142ka za po\u015brednictwem UPS, DHL lub FedEx (us\u0142uga \"od drzwi do drzwi\")<\/li>\n<li>Zam\u00f3wienia zbiorcze: Wysy\u0142ka drog\u0105 morsk\u0105 (czas dostawy: 30-45 dni)<\/li>\n<\/ul>\n<h2>Dlaczego warto nas wybra\u0107<\/h2>\n<ul>\n<li>Dost\u0119pne us\u0142ugi OEM i ODM<\/li>\n<li>Testy jako\u015bci 100% przed wysy\u0142k\u0105<\/li>\n<li>Konkurencyjne ceny i szybka dostawa<\/li>\n<li>Bezpieczne, niezawodne produkty o d\u0142ugiej \u017cywotno\u015bci<\/li>\n<\/ul>","protected":false},"excerpt":{"rendered":"<p>Wysokowydajny akumulator litowo-jonowy 59,2 V 25,6 Ah do pojazd\u00f3w elektrycznych, elektronarz\u0119dzi i system\u00f3w magazynowania energii. Posiada zabezpieczenie przed prze\u0142adowaniem i nadmiernym roz\u0142adowaniem oraz d\u0142ugi cykl \u017cycia.<\/p>","protected":false},"featured_media":2284,"comment_status":"open","ping_status":"closed","template":"","meta":{"_uag_custom_page_level_css":"","neve_meta_sidebar":"","neve_meta_container":"","neve_meta_enable_content_width":"off","neve_meta_content_width":100,"neve_meta_title_alignment":"","neve_meta_author_avatar":"","neve_post_elements_order":"","neve_meta_disable_header":"","neve_meta_disable_footer":"","neve_meta_disable_title":""},"product_brand":[],"product_cat":[49,45,43],"product_tag":[],"class_list":{"0":"post-2280","1":"product","2":"type-product","3":"status-publish","4":"has-post-thumbnail","6":"product_cat-60v-e-bike-battery","7":"product_cat-e-bike-battery","8":"product_cat-power-battery","10":"first","11":"instock","12":"shipping-taxable","13":"product-type-simple"},"uagb_featured_image_src":{"full":["https:\/\/ecavix.com\/wp-content\/uploads\/2025\/07\/59-2V-25-6ah-Rechargeable-Lithium-Ion-Battery-Pack-for-18650-Battery-Pack5-800-800.png",550,550,false],"thumbnail":["https:\/\/ecavix.com\/wp-content\/uploads\/2025\/07\/59-2V-25-6ah-Rechargeable-Lithium-Ion-Battery-Pack-for-18650-Battery-Pack5-800-800-150x150.png",150,150,true],"medium":["https:\/\/ecavix.com\/wp-content\/uploads\/2025\/07\/59-2V-25-6ah-Rechargeable-Lithium-Ion-Battery-Pack-for-18650-Battery-Pack5-800-800-300x300.png",300,300,true],"medium_large":["https:\/\/ecavix.com\/wp-content\/uploads\/2025\/07\/59-2V-25-6ah-Rechargeable-Lithium-Ion-Battery-Pack-for-18650-Battery-Pack5-800-800.png",550,550,false],"large":["https:\/\/ecavix.com\/wp-content\/uploads\/2025\/07\/59-2V-25-6ah-Rechargeable-Lithium-Ion-Battery-Pack-for-18650-Battery-Pack5-800-800.png",550,550,false],"1536x1536":["https:\/\/ecavix.com\/wp-content\/uploads\/2025\/07\/59-2V-25-6ah-Rechargeable-Lithium-Ion-Battery-Pack-for-18650-Battery-Pack5-800-800.png",550,550,false],"2048x2048":["https:\/\/ecavix.com\/wp-content\/uploads\/2025\/07\/59-2V-25-6ah-Rechargeable-Lithium-Ion-Battery-Pack-for-18650-Battery-Pack5-800-800.png",550,550,false],"trp-custom-language-flag":["https:\/\/ecavix.com\/wp-content\/uploads\/2025\/07\/59-2V-25-6ah-Rechargeable-Lithium-Ion-Battery-Pack-for-18650-Battery-Pack5-800-800.png",12,12,false],"neve-blog":["https:\/\/ecavix.com\/wp-content\/uploads\/2025\/07\/59-2V-25-6ah-Rechargeable-Lithium-Ion-Battery-Pack-for-18650-Battery-Pack5-800-800.png",550,550,false],"woocommerce_thumbnail":["https:\/\/ecavix.com\/wp-content\/uploads\/2025\/07\/59-2V-25-6ah-Rechargeable-Lithium-Ion-Battery-Pack-for-18650-Battery-Pack5-800-800-300x300.png",300,300,true],"woocommerce_single":["https:\/\/ecavix.com\/wp-content\/uploads\/2025\/07\/59-2V-25-6ah-Rechargeable-Lithium-Ion-Battery-Pack-for-18650-Battery-Pack5-800-800.png",550,550,false],"woocommerce_gallery_thumbnail":["https:\/\/ecavix.com\/wp-content\/uploads\/2025\/07\/59-2V-25-6ah-Rechargeable-Lithium-Ion-Battery-Pack-for-18650-Battery-Pack5-800-800-100x100.png",100,100,true]},"uagb_author_info":{"display_name":"solvitaenergylimited@gmail.com","author_link":"https:\/\/ecavix.com\/pl\/author\/"},"uagb_comment_info":0,"uagb_excerpt":"High-performance 59.2V 25.6Ah rechargeable lithium-ion battery pack for electric vehicles, power tools, and energy storage systems. Features overcharge, over-discharge protection, and a long cycle life.","_links":{"self":[{"href":"https:\/\/ecavix.com\/pl\/wp-json\/wp\/v2\/product\/2280","targetHints":{"allow":["GET"]}}],"collection":[{"href":"https:\/\/ecavix.com\/pl\/wp-json\/wp\/v2\/product"}],"about":[{"href":"https:\/\/ecavix.com\/pl\/wp-json\/wp\/v2\/types\/product"}],"replies":[{"embeddable":true,"href":"https:\/\/ecavix.com\/pl\/wp-json\/wp\/v2\/comments?post=2280"}],"wp:featuredmedia":[{"embeddable":true,"href":"https:\/\/ecavix.com\/pl\/wp-json\/wp\/v2\/media\/2284"}],"wp:attachment":[{"href":"https:\/\/ecavix.com\/pl\/wp-json\/wp\/v2\/media?parent=2280"}],"wp:term":[{"taxonomy":"product_brand","embeddable":true,"href":"https:\/\/ecavix.com\/pl\/wp-json\/wp\/v2\/product_brand?post=2280"},{"taxonomy":"product_cat","embeddable":true,"href":"https:\/\/ecavix.com\/pl\/wp-json\/wp\/v2\/product_cat?post=2280"},{"taxonomy":"product_tag","embeddable":true,"href":"https:\/\/ecavix.com\/pl\/wp-json\/wp\/v2\/product_tag?post=2280"}],"curies":[{"name":"wp","href":"https:\/\/api.w.org\/{rel}","templated":true}]}}