{"id":2274,"date":"2025-07-18T01:52:54","date_gmt":"2025-07-18T01:52:54","guid":{"rendered":"https:\/\/ecavix.com\/?post_type=product&#038;p=2274"},"modified":"2025-07-18T02:00:23","modified_gmt":"2025-07-18T02:00:23","slug":"58-8v-23ah-18650-akumulator-litowo-jonowy-do-motocykla-elektrycznego","status":"publish","type":"product","link":"https:\/\/ecavix.com\/pl\/product\/58-8v-23ah-18650-li-ion-battery-pack-for-electric-motorcycle\/","title":{"rendered":"Akumulator litowo-jonowy 58,8 V 23 Ah 18650 do motocykli elektrycznych"},"content":{"rendered":"<br \/>\n<h1>Akumulator litowo-jonowy 58,8 V 23 Ah 18650 do motocykli elektrycznych<\/h1>\n<h2>Przegl\u0105d produkt\u00f3w<\/h2>\n<table>\n<tr>\n<th>Model<\/th>\n<td>DEL-58.8V23AH<\/td>\n<\/tr>\n<tr>\n<th>Napi\u0119cie nominalne<\/th>\n<td>58,8 V<\/td>\n<\/tr>\n<tr>\n<th>Pojemno\u015b\u0107 nominalna<\/th>\n<td>23 Ah (z mo\u017cliwo\u015bci\u0105 dostosowania)<\/td>\n<\/tr>\n<tr>\n<th>Konfiguracja baterii<\/th>\n<td>15S9P (z mo\u017cliwo\u015bci\u0105 dostosowania)<\/td>\n<\/tr>\n<tr>\n<th>Ogniwa akumulatora<\/th>\n<td>18650 Ogniwa litowo-jonowe klasy A<\/td>\n<\/tr>\n<tr>\n<th>Maksymalny ci\u0105g\u0142y pr\u0105d \u0142adowania\/roz\u0142adowania<\/th>\n<td>3A (regulowany)<\/td>\n<\/tr>\n<tr>\n<th>Wymiary<\/th>\n<td>Dostosowane<\/td>\n<\/tr>\n<tr>\n<th>Kolor<\/th>\n<td>Niebieski \/ Mo\u017cliwo\u015b\u0107 dostosowania<\/td>\n<\/tr>\n<tr>\n<th>Gwarancja<\/th>\n<td>1 rok<\/td>\n<\/tr>\n<tr>\n<th>Cykl \u017cycia<\/th>\n<td>500+ cykli<\/td>\n<\/tr>\n<tr>\n<th>Ochrona<\/th>\n<td>Zabezpieczenie przed prze\u0142adowaniem, nadmiernym roz\u0142adowaniem i przegrzaniem<\/td>\n<\/tr>\n<tr>\n<th>Zastosowania<\/th>\n<td>Motocykle elektryczne, elektronarz\u0119dzia, zasilacze UPS itp.<\/td>\n<\/tr>\n<\/table>\n<h2>Kluczowe cechy<\/h2>\n<div class=\"features-grid\">\n<div class=\"feature-box\">\n      <strong>Wysoka wydajno\u015b\u0107 i personalizacja<\/strong><br \/>\n      Dost\u0119pne w r\u00f3\u017cnych pojemno\u015bciach (23 Ah lub niestandardowe) i konfiguracjach (15S9P lub niestandardowe), aby spe\u0142ni\u0107 okre\u015blone potrzeby.\n    <\/div>\n<div class=\"feature-box\">\n      <strong>Ochrona przed prze\u0142adowaniem i nadmiernym roz\u0142adowaniem<\/strong><br \/>\n      Wbudowany modu\u0142 PCM z zabezpieczeniem przed prze\u0142adowaniem, nadmiernym roz\u0142adowaniem i przegrzaniem zapewnia bezpieczn\u0105 prac\u0119.\n    <\/div>\n<div class=\"feature-box\">\n      <strong>D\u0142ugi cykl \u017cycia<\/strong><br \/>\n      Oferuje ponad 500 cykli g\u0142\u0119bokiego \u0142adowania, znacznie d\u0142u\u017cej ni\u017c tradycyjne akumulatory kwasowo-o\u0142owiowe.\n    <\/div>\n<div class=\"feature-box\">\n      <strong>Regulowany pr\u0105d<\/strong><br \/>\n      Maksymalny ci\u0105g\u0142y pr\u0105d \u0142adowania\/roz\u0142adowania 3 A, z mo\u017cliwo\u015bci\u0105 regulacji ustawie\u0144 w zale\u017cno\u015bci od wymaga\u0144 aplikacji.\n    <\/div>\n<div class=\"feature-box\">\n      <strong>Wysoka wydajno\u015b\u0107<\/strong><br \/>\n      Doskona\u0142a wydajno\u015b\u0107 w ekstremalnych temperaturach z niskim wsp\u00f3\u0142czynnikiem samoroz\u0142adowania (&lt;3% miesi\u0119cznie).\n    <\/div>\n<div class=\"feature-box\">\n      <strong>Lekki i kompaktowy<\/strong><br \/>\n      Lekka i kompaktowa konstrukcja, idealna do stosowania w motocyklach elektrycznych i przeno\u015bnych systemach zasilania.\n    <\/div>\n<\/p><\/div>\n<h2>Zastosowania<\/h2>\n<ul>\n<li>Motocykle elektryczne<\/li>\n<li>Elektronarz\u0119dzia, kosiarki i odkurzacze<\/li>\n<li>Przeno\u015bne systemy o\u015bwietlenia LED<\/li>\n<li>Aparaty i sprz\u0119t fotograficzny<\/li>\n<li>Przeno\u015bny sprz\u0119t pomiarowy<\/li>\n<li>Zasilacz bezprzerwowy (UPS)<\/li>\n<li>Sprz\u0119t o\u015bwietlenia awaryjnego<\/li>\n<li>Urz\u0105dzenia komunikacyjne i elektryczne<\/li>\n<\/ul>\n<h2>Pakowanie i wysy\u0142ka<\/h2>\n<p>Akumulator jest starannie zapakowany w solidne opakowanie zapewniaj\u0105ce bezpiecze\u0144stwo podczas transportu. Na \u017cyczenie dost\u0119pne s\u0105 niestandardowe opcje pakowania.<\/p>\n<h3>Metody wysy\u0142ki<\/h3>\n<ul>\n<li>Pr\u00f3bki: Wysy\u0142ka za po\u015brednictwem UPS lub linii specjalnej (us\u0142uga \"od drzwi do drzwi\")<\/li>\n<li>Zam\u00f3wienia zbiorcze: Wysy\u0142ka drog\u0105 morsk\u0105 (czas dostawy: 30-45 dni)<\/li>\n<\/ul>\n<h2>Dlaczego warto nas wybra\u0107<\/h2>\n<ul>\n<li>Dost\u0119pne us\u0142ugi OEM i ODM<\/li>\n<li>Testy jako\u015bci 100% przed wysy\u0142k\u0105<\/li>\n<li>Konkurencyjne ceny i szybka dostawa<\/li>\n<li>Bezpieczne, niezawodne produkty o d\u0142ugiej \u017cywotno\u015bci<\/li>\n<\/ul>","protected":false},"excerpt":{"rendered":"<p>Wysokowydajny akumulator litowo-jonowy 18650 58,8 V 23 Ah do motocykli elektrycznych, elektronarz\u0119dzi i nie tylko, wyposa\u017cony w zabezpieczenie przed prze\u0142adowaniem, nadmiernym roz\u0142adowaniem i przegrzaniem.<\/p>","protected":false},"featured_media":2278,"comment_status":"open","ping_status":"closed","template":"","meta":{"_uag_custom_page_level_css":"","neve_meta_sidebar":"","neve_meta_container":"","neve_meta_enable_content_width":"off","neve_meta_content_width":100,"neve_meta_title_alignment":"","neve_meta_author_avatar":"","neve_post_elements_order":"","neve_meta_disable_header":"","neve_meta_disable_footer":"","neve_meta_disable_title":""},"product_brand":[],"product_cat":[49,45,43],"product_tag":[],"class_list":{"0":"post-2274","1":"product","2":"type-product","3":"status-publish","4":"has-post-thumbnail","6":"product_cat-60v-e-bike-battery","7":"product_cat-e-bike-battery","8":"product_cat-power-battery","10":"first","11":"instock","12":"shipping-taxable","13":"product-type-simple"},"uagb_featured_image_src":{"full":["https:\/\/ecavix.com\/wp-content\/uploads\/2025\/07\/58-8V-23ah-18650-Li-ion-Battery-Pack-for-Electric-Motorcycle5-800-800.webp",550,550,false],"thumbnail":["https:\/\/ecavix.com\/wp-content\/uploads\/2025\/07\/58-8V-23ah-18650-Li-ion-Battery-Pack-for-Electric-Motorcycle5-800-800-150x150.webp",150,150,true],"medium":["https:\/\/ecavix.com\/wp-content\/uploads\/2025\/07\/58-8V-23ah-18650-Li-ion-Battery-Pack-for-Electric-Motorcycle5-800-800-300x300.webp",300,300,true],"medium_large":["https:\/\/ecavix.com\/wp-content\/uploads\/2025\/07\/58-8V-23ah-18650-Li-ion-Battery-Pack-for-Electric-Motorcycle5-800-800.webp",550,550,false],"large":["https:\/\/ecavix.com\/wp-content\/uploads\/2025\/07\/58-8V-23ah-18650-Li-ion-Battery-Pack-for-Electric-Motorcycle5-800-800.webp",550,550,false],"1536x1536":["https:\/\/ecavix.com\/wp-content\/uploads\/2025\/07\/58-8V-23ah-18650-Li-ion-Battery-Pack-for-Electric-Motorcycle5-800-800.webp",550,550,false],"2048x2048":["https:\/\/ecavix.com\/wp-content\/uploads\/2025\/07\/58-8V-23ah-18650-Li-ion-Battery-Pack-for-Electric-Motorcycle5-800-800.webp",550,550,false],"trp-custom-language-flag":["https:\/\/ecavix.com\/wp-content\/uploads\/2025\/07\/58-8V-23ah-18650-Li-ion-Battery-Pack-for-Electric-Motorcycle5-800-800.webp",12,12,false],"neve-blog":["https:\/\/ecavix.com\/wp-content\/uploads\/2025\/07\/58-8V-23ah-18650-Li-ion-Battery-Pack-for-Electric-Motorcycle5-800-800.webp",550,550,false],"woocommerce_thumbnail":["https:\/\/ecavix.com\/wp-content\/uploads\/2025\/07\/58-8V-23ah-18650-Li-ion-Battery-Pack-for-Electric-Motorcycle5-800-800-300x300.webp",300,300,true],"woocommerce_single":["https:\/\/ecavix.com\/wp-content\/uploads\/2025\/07\/58-8V-23ah-18650-Li-ion-Battery-Pack-for-Electric-Motorcycle5-800-800.webp",550,550,false],"woocommerce_gallery_thumbnail":["https:\/\/ecavix.com\/wp-content\/uploads\/2025\/07\/58-8V-23ah-18650-Li-ion-Battery-Pack-for-Electric-Motorcycle5-800-800-100x100.webp",100,100,true]},"uagb_author_info":{"display_name":"solvitaenergylimited@gmail.com","author_link":"https:\/\/ecavix.com\/pl\/author\/"},"uagb_comment_info":0,"uagb_excerpt":"High-performance 58.8V 23Ah 18650 lithium-ion battery pack for electric motorcycles, power tools, and more, featuring overcharge, over-discharge, and overheat protection.","_links":{"self":[{"href":"https:\/\/ecavix.com\/pl\/wp-json\/wp\/v2\/product\/2274","targetHints":{"allow":["GET"]}}],"collection":[{"href":"https:\/\/ecavix.com\/pl\/wp-json\/wp\/v2\/product"}],"about":[{"href":"https:\/\/ecavix.com\/pl\/wp-json\/wp\/v2\/types\/product"}],"replies":[{"embeddable":true,"href":"https:\/\/ecavix.com\/pl\/wp-json\/wp\/v2\/comments?post=2274"}],"wp:featuredmedia":[{"embeddable":true,"href":"https:\/\/ecavix.com\/pl\/wp-json\/wp\/v2\/media\/2278"}],"wp:attachment":[{"href":"https:\/\/ecavix.com\/pl\/wp-json\/wp\/v2\/media?parent=2274"}],"wp:term":[{"taxonomy":"product_brand","embeddable":true,"href":"https:\/\/ecavix.com\/pl\/wp-json\/wp\/v2\/product_brand?post=2274"},{"taxonomy":"product_cat","embeddable":true,"href":"https:\/\/ecavix.com\/pl\/wp-json\/wp\/v2\/product_cat?post=2274"},{"taxonomy":"product_tag","embeddable":true,"href":"https:\/\/ecavix.com\/pl\/wp-json\/wp\/v2\/product_tag?post=2274"}],"curies":[{"name":"wp","href":"https:\/\/api.w.org\/{rel}","templated":true}]}}