{"id":2241,"date":"2025-07-17T08:58:14","date_gmt":"2025-07-17T08:58:14","guid":{"rendered":"https:\/\/ecavix.com\/?post_type=product&#038;p=2241"},"modified":"2025-07-17T08:58:36","modified_gmt":"2025-07-17T08:58:36","slug":"akumulator-litowo-jonowy-do-roweru-elektrycznego-36-v-15-ah","status":"publish","type":"product","link":"https:\/\/ecavix.com\/pl\/product\/36v-15ah-electric-bike-li-ion-battery\/","title":{"rendered":"Akumulator litowo-jonowy do roweru elektrycznego 36 V 15 Ah"},"content":{"rendered":"<br \/>\n<h1>DL-10S6P 36 V 15 Ah akumulator litowo-jonowy do roweru elektrycznego<\/h1>\n<h2>Przegl\u0105d produkt\u00f3w<\/h2>\n<table>\n<tr>\n<th>Model<\/th>\n<td>DL-10S6P<\/td>\n<\/tr>\n<tr>\n<th>Napi\u0119cie nominalne<\/th>\n<td>36V<\/td>\n<\/tr>\n<tr>\n<th>Pojemno\u015b\u0107 znamionowa<\/th>\n<td>15Ah<\/td>\n<\/tr>\n<tr>\n<th>Typ akumulatora<\/th>\n<td>Li-ion (18650)<\/td>\n<\/tr>\n<tr>\n<th>Konfiguracja<\/th>\n<td>10S6P<\/td>\n<\/tr>\n<tr>\n<th>Waga<\/th>\n<td>3,5 kg<\/td>\n<\/tr>\n<tr>\n<th>Zdolno\u015b\u0107 produkcyjna<\/th>\n<td>10 000 sztuk\/tydzie\u0144<\/td>\n<\/tr>\n<tr>\n<th>Pochodzenie<\/th>\n<td>Chiny<\/td>\n<\/tr>\n<tr>\n<th>Pakiet transportowy<\/th>\n<td>Standardowy pakiet eksportowy<\/td>\n<\/tr>\n<tr>\n<th>Rozmiar<\/th>\n<td>362 \u00d7 90 \u00d7 115 mm<\/td>\n<\/tr>\n<\/table>\n<h2>Specyfikacje elektryczne<\/h2>\n<table>\n<tr>\n<th>Napi\u0119cie nominalne<\/th>\n<td>36V<\/td>\n<\/tr>\n<tr>\n<th>Pojemno\u015b\u0107 nominalna<\/th>\n<td>15Ah<\/td>\n<\/tr>\n<tr>\n<th>Chemia baterii<\/th>\n<td>LiNiCoMnO2<\/td>\n<\/tr>\n<tr>\n<th>Pr\u0105d roz\u0142adowania<\/th>\n<td>2A<\/td>\n<\/tr>\n<tr>\n<th>Tryb \u0142adowania<\/th>\n<td>CC-CV<\/td>\n<\/tr>\n<tr>\n<th>Napi\u0119cie \u0142adowania<\/th>\n<td>42V<\/td>\n<\/tr>\n<tr>\n<th>Temperatura \u0142adowania<\/th>\n<td>0\u00b0C ~ 45\u00b0C<\/td>\n<\/tr>\n<tr>\n<th>Temperatura roz\u0142adowania<\/th>\n<td>-20\u00b0C ~ 60\u00b0C<\/td>\n<\/tr>\n<tr>\n<th>Cykl \u017cycia<\/th>\n<td>500 cykli<\/td>\n<\/tr>\n<tr>\n<th>Napi\u0119cie odci\u0119cia \u0142adowania<\/th>\n<td>42V<\/td>\n<\/tr>\n<tr>\n<th>Napi\u0119cie odci\u0119cia roz\u0142adowania<\/th>\n<td>30 V<\/td>\n<\/tr>\n<\/table>\n<h2>Cechy akumulatora<\/h2>\n<div class=\"features-grid\">\n<div class=\"feature-box\">\n      <strong>D\u0142uga \u017cywotno\u015b\u0107<\/strong><br \/>\n      Ponad 500 cykli \u0142adowania i roz\u0142adowania, zapewniaj\u0105cych d\u0142ugotrwa\u0142\u0105 wydajno\u015b\u0107.\n    <\/div>\n<div class=\"feature-box\">\n      <strong>Zaawansowana ochrona BMS<\/strong><br \/>\n      Obejmuje zabezpieczenie przed prze\u0142adowaniem, nadmiernym roz\u0142adowaniem, przet\u0119\u017ceniem i zwarciem.\n    <\/div>\n<div class=\"feature-box\">\n      <strong>Szeroki zakres temperatur pracy<\/strong><br \/>\n      Mo\u017ce by\u0107 u\u017cywany w temperaturach od -20\u00b0C do 60\u00b0C.\n    <\/div>\n<div class=\"feature-box\">\n      <strong>Mo\u017cliwo\u015b\u0107 dostosowania<\/strong><br \/>\n      Dost\u0119pne w r\u00f3\u017cnych pojemno\u015bciach i napi\u0119ciach, w tym 10 Ah, 11 Ah, 12 Ah, 15 Ah, 24 V, 36 V i 48 V.\n    <\/div>\n<div class=\"feature-box\">\n      <strong>Kompaktowy i lekki<\/strong><br \/>\n      Wysoka g\u0119sto\u015b\u0107 energii w kompaktowej formie, odpowiednia dla pojazd\u00f3w elektrycznych i rower\u00f3w elektrycznych.\n    <\/div>\n<\/p><\/div>\n<h2>Zastosowania<\/h2>\n<ul>\n<li>Rowery elektryczne i skutery<\/li>\n<li>Pojazdy elektryczne (EV)<\/li>\n<li>Elektryczne skutery inwalidzkie<\/li>\n<li>Systemy zasilania awaryjnego i UPS<\/li>\n<li>Inne elektryczne pojazdy transportowe<\/li>\n<\/ul>\n<h2>Gwarancja<\/h2>\n<ul>\n<li>Roczna gwarancja producenta.<\/li>\n<li>Gwarancja nie obejmuje uszkodze\u0144 spowodowanych niew\u0142a\u015bciwym u\u017cytkowaniem, zalaniem wod\u0105 lub nieprawid\u0142owym obchodzeniem si\u0119 podczas transportu.<\/li>\n<li>Produkty musz\u0105 zosta\u0107 zwr\u00f3cone w oryginalnym stanie w celu naprawy lub wymiany.<\/li>\n<\/ul>\n<h2>Dlaczego warto nas wybra\u0107<\/h2>\n<ul>\n<li>Dost\u0119pne us\u0142ugi dostosowywania OEM i ODM<\/li>\n<li>Szybka produkcja i niezawodna dostawa<\/li>\n<li>Testowanie 100% i zapewnienie jako\u015bci przed wysy\u0142k\u0105<\/li>\n<li>Konkurencyjne ceny przy wysokiej jako\u015bci wykonania<\/li>\n<\/ul>","protected":false},"excerpt":{"rendered":"<p>Akumulator litowo-jonowy DL-10S6P 36 V 15 Ah, konfiguracja 10S6P, z zaawansowan\u0105 ochron\u0105 BMS. Odpowiedni do pojazd\u00f3w elektrycznych, rower\u00f3w elektrycznych i skuter\u00f3w. Wysoka \u017cywotno\u015b\u0107 i stabilna wydajno\u015b\u0107.<\/p>","protected":false},"featured_media":2246,"comment_status":"open","ping_status":"closed","template":"","meta":{"_uag_custom_page_level_css":"","neve_meta_sidebar":"","neve_meta_container":"","neve_meta_enable_content_width":"off","neve_meta_content_width":100,"neve_meta_title_alignment":"","neve_meta_author_avatar":"","neve_post_elements_order":"","neve_meta_disable_header":"","neve_meta_disable_footer":"","neve_meta_disable_title":""},"product_brand":[],"product_cat":[47,45,43],"product_tag":[],"class_list":{"0":"post-2241","1":"product","2":"type-product","3":"status-publish","4":"has-post-thumbnail","6":"product_cat-36v-e-bike-battery","7":"product_cat-e-bike-battery","8":"product_cat-power-battery","10":"first","11":"instock","12":"shipping-taxable","13":"product-type-simple"},"uagb_featured_image_src":{"full":["https:\/\/ecavix.com\/wp-content\/uploads\/2025\/07\/36V-15ah-Electric-Bike-Li-Ion-Battery4-800-800.webp",550,550,false],"thumbnail":["https:\/\/ecavix.com\/wp-content\/uploads\/2025\/07\/36V-15ah-Electric-Bike-Li-Ion-Battery4-800-800-150x150.webp",150,150,true],"medium":["https:\/\/ecavix.com\/wp-content\/uploads\/2025\/07\/36V-15ah-Electric-Bike-Li-Ion-Battery4-800-800-300x300.webp",300,300,true],"medium_large":["https:\/\/ecavix.com\/wp-content\/uploads\/2025\/07\/36V-15ah-Electric-Bike-Li-Ion-Battery4-800-800.webp",550,550,false],"large":["https:\/\/ecavix.com\/wp-content\/uploads\/2025\/07\/36V-15ah-Electric-Bike-Li-Ion-Battery4-800-800.webp",550,550,false],"1536x1536":["https:\/\/ecavix.com\/wp-content\/uploads\/2025\/07\/36V-15ah-Electric-Bike-Li-Ion-Battery4-800-800.webp",550,550,false],"2048x2048":["https:\/\/ecavix.com\/wp-content\/uploads\/2025\/07\/36V-15ah-Electric-Bike-Li-Ion-Battery4-800-800.webp",550,550,false],"trp-custom-language-flag":["https:\/\/ecavix.com\/wp-content\/uploads\/2025\/07\/36V-15ah-Electric-Bike-Li-Ion-Battery4-800-800.webp",12,12,false],"neve-blog":["https:\/\/ecavix.com\/wp-content\/uploads\/2025\/07\/36V-15ah-Electric-Bike-Li-Ion-Battery4-800-800.webp",550,550,false],"woocommerce_thumbnail":["https:\/\/ecavix.com\/wp-content\/uploads\/2025\/07\/36V-15ah-Electric-Bike-Li-Ion-Battery4-800-800-300x300.webp",300,300,true],"woocommerce_single":["https:\/\/ecavix.com\/wp-content\/uploads\/2025\/07\/36V-15ah-Electric-Bike-Li-Ion-Battery4-800-800.webp",550,550,false],"woocommerce_gallery_thumbnail":["https:\/\/ecavix.com\/wp-content\/uploads\/2025\/07\/36V-15ah-Electric-Bike-Li-Ion-Battery4-800-800-100x100.webp",100,100,true]},"uagb_author_info":{"display_name":"solvitaenergylimited@gmail.com","author_link":"https:\/\/ecavix.com\/pl\/author\/"},"uagb_comment_info":0,"uagb_excerpt":"DL-10S6P 36V 15Ah Lithium Ion Battery Pack, 10S6P configuration, with advanced BMS protection. Suitable for electric vehicles, e-bikes, and scooters. High cycle life and stable performance.","_links":{"self":[{"href":"https:\/\/ecavix.com\/pl\/wp-json\/wp\/v2\/product\/2241","targetHints":{"allow":["GET"]}}],"collection":[{"href":"https:\/\/ecavix.com\/pl\/wp-json\/wp\/v2\/product"}],"about":[{"href":"https:\/\/ecavix.com\/pl\/wp-json\/wp\/v2\/types\/product"}],"replies":[{"embeddable":true,"href":"https:\/\/ecavix.com\/pl\/wp-json\/wp\/v2\/comments?post=2241"}],"wp:featuredmedia":[{"embeddable":true,"href":"https:\/\/ecavix.com\/pl\/wp-json\/wp\/v2\/media\/2246"}],"wp:attachment":[{"href":"https:\/\/ecavix.com\/pl\/wp-json\/wp\/v2\/media?parent=2241"}],"wp:term":[{"taxonomy":"product_brand","embeddable":true,"href":"https:\/\/ecavix.com\/pl\/wp-json\/wp\/v2\/product_brand?post=2241"},{"taxonomy":"product_cat","embeddable":true,"href":"https:\/\/ecavix.com\/pl\/wp-json\/wp\/v2\/product_cat?post=2241"},{"taxonomy":"product_tag","embeddable":true,"href":"https:\/\/ecavix.com\/pl\/wp-json\/wp\/v2\/product_tag?post=2241"}],"curies":[{"name":"wp","href":"https:\/\/api.w.org\/{rel}","templated":true}]}}