{"id":2193,"date":"2025-07-17T06:33:00","date_gmt":"2025-07-17T06:33:00","guid":{"rendered":"https:\/\/ecavix.com\/?post_type=product&#038;p=2193"},"modified":"2025-07-18T03:48:10","modified_gmt":"2025-07-18T03:48:10","slug":"akumulator-litowo-jonowy-24-v-15-ah-do-oswietlenia-ulicznego-ev-i-solarnego","status":"publish","type":"product","link":"https:\/\/ecavix.com\/pl\/product\/24v-15ah-rechargeable-lithium-ion-battery-pack-for-ev-and-solar-street-light\/","title":{"rendered":"Akumulator litowo-jonowy 24 V 15 Ah do pojazd\u00f3w elektrycznych i o\u015bwietlenia ulicznego solarnego"},"content":{"rendered":"<br \/>\n<style>\n<p>        h1, h2 {\n            color: #2c3e50;\n        }\n        h1 {\n            border-bottom: 2px solid #3ca860;\n            padding-bottom: 10px;\n        }\n        h2 {\n            background-color: #f8f9fa;\n            padding: 8px 12px;\n            border-left: 4px solid #3ca860;\n            margin-top: 30px;\n        }\n        table {\n            width: 100%;\n            border-collapse: collapse;\n            margin: 15px 0;\n            box-shadow: 0 1px 3px rgba(0,0,0,0.1);\n        }\n        th, td {\n            padding: 12px 15px;\n            text-align: left;\n            border: 1px solid #ddd;\n        }\n        th {\n            background-color: #3ca860;\n            color: white;\n            width: 25%;\n        }\n        tr:nth-child(even) {\n            background-color: #f2f2f2;\n        }\n        tr:hover {\n            background-color: #e8f5ee;\n        }\n        .specs-table th {\n            width: 30%;\n        }\n        .features-grid {\n            display: grid;\n            grid-template-columns: repeat(2, 1fr);\n            gap: 15px;\n            margin: 20px 0;\n        }\n        .feature-card {\n            background-color: #e8f5ee;\n            padding: 15px;\n            border-radius: 5px;\n            border-left: 4px solid #3ca860;\n        }\n        .protection-grid {\n            display: grid;\n            grid-template-columns: repeat(3, 1fr);\n            gap: 10px;\n            margin: 20px 0;\n        }\n        .protection-item {\n            background-color: #f0f9f3;\n            padding: 12px;\n            border-radius: 5px;\n            text-align: center;\n            border: 1px solid #3ca860;\n        }\n        .app-grid {\n            display: grid;\n            grid-template-columns: repeat(2, 1fr);\n            gap: 15px;\n        }\n        .app-category {\n            font-weight: bold;\n            color: #3ca860;\n        }\n        @media (max-width: 768px) {\n            .features-grid, .protection-grid, .app-grid {\n                grid-template-columns: 1fr;\n            }\n        }\n    <\/style>\n<h1>Akumulator litowo-jonowy Solvitaeco 24V 15ah do pojazd\u00f3w elektrycznych i o\u015bwietlenia ulicznego solarnego<\/h1>\n<h2>Przegl\u0105d produkt\u00f3w<\/h2>\n<table>\n<tr>\n<th>Numer modelu<\/th>\n<td>DL-2415<\/td>\n<\/tr>\n<tr>\n<th>Napi\u0119cie nominalne<\/th>\n<td>24V<\/td>\n<\/tr>\n<tr>\n<th>Pojemno\u015b\u0107 znamionowa<\/th>\n<td>15Ah<\/td>\n<\/tr>\n<tr>\n<th>Typ akumulatora<\/th>\n<td>18650 litowo-jonowy (7S6P)<\/td>\n<\/tr>\n<tr>\n<th>Kolor<\/th>\n<td>Niebieski<\/td>\n<\/tr>\n<tr>\n<th>Zdolno\u015b\u0107 produkcyjna<\/th>\n<td>4 000 opakowa\u0144\/tydzie\u0144<\/td>\n<\/tr>\n<\/table>\n<h2>Specyfikacja techniczna<\/h2>\n<table class=\"specs-table\">\n<tr>\n<th>Wymiary<\/th>\n<td>142\u00d7115\u00d768mm<\/td>\n<\/tr>\n<tr>\n<th>Waga netto<\/th>\n<td>2,1 KG<\/td>\n<\/tr>\n<tr>\n<th>Napi\u0119cie \u0142adowania<\/th>\n<td>29.4V<\/td>\n<\/tr>\n<tr>\n<th>Standardowy pr\u0105d \u0142adowania<\/th>\n<td>3A<\/td>\n<\/tr>\n<tr>\n<th>Pr\u0105d roz\u0142adowania<\/th>\n<td>Ci\u0105g\u0142y: 20A | Szczytowy: 60A<\/td>\n<\/tr>\n<tr>\n<th>Napi\u0119cie odci\u0119cia roz\u0142adowania<\/th>\n<td>19.6V<\/td>\n<\/tr>\n<tr>\n<th>Cykl \u017cycia<\/th>\n<td>500 cykli<\/td>\n<\/tr>\n<tr>\n<th>Zakres temperatur<\/th>\n<td>\u0141adowanie: 0\u00b0C~45\u00b0C | Roz\u0142adowanie: -20\u00b0C~60\u00b0C<\/td>\n<\/tr>\n<tr>\n<th>Gwarancja<\/th>\n<td>12 miesi\u0119cy<\/td>\n<\/tr>\n<\/table>\n<h2>Funkcje bezpiecze\u0144stwa<\/h2>\n<div class=\"protection-grid\">\n<div class=\"protection-item\">Ochrona przed prze\u0142adowaniem<\/div>\n<div class=\"protection-item\">Ochrona przed nadmiernym roz\u0142adowaniem<\/div>\n<div class=\"protection-item\">Zabezpieczenie nadpr\u0105dowe<\/div>\n<div class=\"protection-item\">Ochrona przed zwarciem<\/div>\n<div class=\"protection-item\">Ochrona termiczna<\/div>\n<div class=\"protection-item\">150\u00b0C Test wstrz\u0105sowy zaliczony<\/div>\n<\/p><\/div>\n<h2>Zalety produktu<\/h2>\n<div class=\"features-grid\">\n<div class=\"feature-card\">\n            <strong>Przyjazny dla \u015brodowiska<\/strong><\/p>\n<p>Ekologiczny produkt bez szkodliwych substancji<\/p>\n<\/p><\/div>\n<div class=\"feature-card\">\n            <strong>D\u0142ugi czas czuwania<\/strong><\/p>\n<p>Niski wsp\u00f3\u0142czynnik samoroz\u0142adowania dla d\u0142u\u017cszego przechowywania<\/p>\n<\/p><\/div>\n<div class=\"feature-card\">\n            <strong>Certyfikat bezpiecze\u0144stwa<\/strong><\/p>\n<p>Przeszed\u0142 wszystkie testy bezpiecze\u0144stwa, w tym zwarcia i prze\u0142adowania.<\/p>\n<\/p><\/div>\n<div class=\"feature-card\">\n            <strong>Brak efektu pami\u0119ci<\/strong><\/p>\n<p>\u0141adowanie w dowolnym momencie bez utraty pojemno\u015bci<\/p>\n<\/p><\/div>\n<div class=\"feature-card\">\n            <strong>Bezpo\u015brednia cena fabryczna<\/strong><\/p>\n<p>Konkurencyjne ceny z obs\u0142ug\u0105 OEM\/ODM<\/p>\n<\/p><\/div>\n<div class=\"feature-card\">\n            <strong>Szeroka kompatybilno\u015b\u0107<\/strong><\/p>\n<p>Do pojazd\u00f3w elektrycznych i zastosowa\u0144 solarnych<\/p>\n<\/p><\/div>\n<\/p><\/div>\n<h2>Zastosowania<\/h2>\n<div class=\"app-grid\">\n<div>\n<div class=\"app-category\">Transport elektryczny<\/div>\n<ul>\n<li>Rowery elektryczne<\/li>\n<li>Hulajnogi elektryczne<\/li>\n<li>W\u00f3zki golfowe<\/li>\n<\/ul><\/div>\n<div>\n<div class=\"app-category\">Systemy solarne<\/div>\n<ul>\n<li>S\u0142oneczne o\u015bwietlenie uliczne<\/li>\n<li>Magazynowanie energii s\u0142onecznej<\/li>\n<\/ul><\/div>\n<div>\n<div class=\"app-category\">Dom i narz\u0119dzia<\/div>\n<ul>\n<li>Odkurzacze elektryczne<\/li>\n<li>Elektronarz\u0119dzia<\/li>\n<\/ul><\/div>\n<div>\n<div class=\"app-category\">Zasilanie awaryjne<\/div>\n<ul>\n<li>O\u015bwietlenie LED<\/li>\n<li>Systemy zasilania awaryjnego<\/li>\n<\/ul><\/div>\n<\/p><\/div>\n<h2>Informacje o zam\u00f3wieniu<\/h2>\n<table>\n<tr>\n<th>Port<\/th>\n<td>Shenzhen, Chiny<\/td>\n<\/tr>\n<tr>\n<th>Warunki p\u0142atno\u015bci<\/th>\n<td>L\/C, T\/T, PayPal, MoneyGram<\/td>\n<\/tr>\n<tr>\n<th>Znak towarowy<\/th>\n<td>Solvitaeco<\/td>\n<\/tr>\n<tr>\n<th>Pakiet transportowy<\/th>\n<td>Standardowy karton eksportowy<\/td>\n<\/tr>\n<tr>\n<th>Kod HS<\/th>\n<td>8507600090<\/td>\n<\/tr>\n<tr>\n<th>Pochodzenie<\/th>\n<td>Chiny<\/td>\n<\/tr>\n<tr>\n<th>OEM\/ODM<\/th>\n<td>Przyj\u0119te<\/td>\n<\/tr>\n<\/table>","protected":false},"excerpt":{"rendered":"<p>1. zielony produkt<br \/>\n2. d\u0142ugi czas czuwania<br \/>\n3. doskona\u0142e parametry bezpiecze\u0144stwa<br \/>\n4. doskona\u0142a wydajno\u015b\u0107 przechowywania i niski wska\u017anik samoroz\u0142adowania<br \/>\n<a href=\"\/pl\/kontakt\/\" class=\"get-inquiry\">Zapytanie ofertowe<\/a><\/p>","protected":false},"featured_media":2177,"comment_status":"open","ping_status":"closed","template":"","meta":{"_uag_custom_page_level_css":"","neve_meta_sidebar":"","neve_meta_container":"","neve_meta_enable_content_width":"off","neve_meta_content_width":100,"neve_meta_title_alignment":"","neve_meta_author_avatar":"","neve_post_elements_order":"","neve_meta_disable_header":"","neve_meta_disable_footer":"","neve_meta_disable_title":""},"product_brand":[],"product_cat":[46,45,53,43,55],"product_tag":[],"class_list":{"0":"post-2193","1":"product","2":"type-product","3":"status-publish","4":"has-post-thumbnail","6":"product_cat-24v-e-bike-battery","7":"product_cat-e-bike-battery","8":"product_cat-low-speed-electric-vehicle-battery","9":"product_cat-power-battery","10":"product_cat-scooter-battery","12":"first","13":"instock","14":"shipping-taxable","15":"product-type-simple"},"uagb_featured_image_src":{"full":["https:\/\/ecavix.com\/wp-content\/uploads\/2025\/07\/Customized-24V-Li-Ion-Battery-Pack-for-Electric-Bike1-800-800.webp",550,550,false],"thumbnail":["https:\/\/ecavix.com\/wp-content\/uploads\/2025\/07\/Customized-24V-Li-Ion-Battery-Pack-for-Electric-Bike1-800-800-150x150.webp",150,150,true],"medium":["https:\/\/ecavix.com\/wp-content\/uploads\/2025\/07\/Customized-24V-Li-Ion-Battery-Pack-for-Electric-Bike1-800-800-300x300.webp",300,300,true],"medium_large":["https:\/\/ecavix.com\/wp-content\/uploads\/2025\/07\/Customized-24V-Li-Ion-Battery-Pack-for-Electric-Bike1-800-800.webp",550,550,false],"large":["https:\/\/ecavix.com\/wp-content\/uploads\/2025\/07\/Customized-24V-Li-Ion-Battery-Pack-for-Electric-Bike1-800-800.webp",550,550,false],"1536x1536":["https:\/\/ecavix.com\/wp-content\/uploads\/2025\/07\/Customized-24V-Li-Ion-Battery-Pack-for-Electric-Bike1-800-800.webp",550,550,false],"2048x2048":["https:\/\/ecavix.com\/wp-content\/uploads\/2025\/07\/Customized-24V-Li-Ion-Battery-Pack-for-Electric-Bike1-800-800.webp",550,550,false],"trp-custom-language-flag":["https:\/\/ecavix.com\/wp-content\/uploads\/2025\/07\/Customized-24V-Li-Ion-Battery-Pack-for-Electric-Bike1-800-800.webp",12,12,false],"neve-blog":["https:\/\/ecavix.com\/wp-content\/uploads\/2025\/07\/Customized-24V-Li-Ion-Battery-Pack-for-Electric-Bike1-800-800.webp",550,550,false],"woocommerce_thumbnail":["https:\/\/ecavix.com\/wp-content\/uploads\/2025\/07\/Customized-24V-Li-Ion-Battery-Pack-for-Electric-Bike1-800-800-300x300.webp",300,300,true],"woocommerce_single":["https:\/\/ecavix.com\/wp-content\/uploads\/2025\/07\/Customized-24V-Li-Ion-Battery-Pack-for-Electric-Bike1-800-800.webp",550,550,false],"woocommerce_gallery_thumbnail":["https:\/\/ecavix.com\/wp-content\/uploads\/2025\/07\/Customized-24V-Li-Ion-Battery-Pack-for-Electric-Bike1-800-800-100x100.webp",100,100,true]},"uagb_author_info":{"display_name":"solvitaenergylimited@gmail.com","author_link":"https:\/\/ecavix.com\/pl\/author\/"},"uagb_comment_info":0,"uagb_excerpt":"1.Green product 2.Long standby time 3.Excellent safety performance 4.Excellent storage performance and low self-discharge rate Get Inquiry","_links":{"self":[{"href":"https:\/\/ecavix.com\/pl\/wp-json\/wp\/v2\/product\/2193","targetHints":{"allow":["GET"]}}],"collection":[{"href":"https:\/\/ecavix.com\/pl\/wp-json\/wp\/v2\/product"}],"about":[{"href":"https:\/\/ecavix.com\/pl\/wp-json\/wp\/v2\/types\/product"}],"replies":[{"embeddable":true,"href":"https:\/\/ecavix.com\/pl\/wp-json\/wp\/v2\/comments?post=2193"}],"wp:featuredmedia":[{"embeddable":true,"href":"https:\/\/ecavix.com\/pl\/wp-json\/wp\/v2\/media\/2177"}],"wp:attachment":[{"href":"https:\/\/ecavix.com\/pl\/wp-json\/wp\/v2\/media?parent=2193"}],"wp:term":[{"taxonomy":"product_brand","embeddable":true,"href":"https:\/\/ecavix.com\/pl\/wp-json\/wp\/v2\/product_brand?post=2193"},{"taxonomy":"product_cat","embeddable":true,"href":"https:\/\/ecavix.com\/pl\/wp-json\/wp\/v2\/product_cat?post=2193"},{"taxonomy":"product_tag","embeddable":true,"href":"https:\/\/ecavix.com\/pl\/wp-json\/wp\/v2\/product_tag?post=2193"}],"curies":[{"name":"wp","href":"https:\/\/api.w.org\/{rel}","templated":true}]}}