{"id":3805,"date":"2025-09-26T06:46:20","date_gmt":"2025-09-26T06:46:20","guid":{"rendered":"https:\/\/ecavix.com\/?page_id=3805"},"modified":"2025-09-28T03:24:38","modified_gmt":"2025-09-28T03:24:38","slug":"przypadek","status":"publish","type":"page","link":"https:\/\/ecavix.com\/pl\/case\/","title":{"rendered":"Sprawa energii"},"content":{"rendered":"<div class=\"wp-block-uagb-container uagb-block-68b33d8b alignfull uagb-is-root-container\"><div class=\"uagb-container-inner-blocks-wrap\">\n<div class=\"wp-block-uagb-container uagb-block-e0e5dd44\">\n<h2 class=\"wp-block-heading has-nv-site-bg-color has-text-color has-link-color wp-elements-ae21df76e73e36642c2430bc77a1c4ef\"><strong>Ecavix <\/strong>Sprawa energii<\/h2>\n\n\n\n<p class=\"has-nv-site-bg-color has-text-color has-link-color wp-elements-03f4e239645d3161bdcc3d3cf6644eb8\">Przy <strong>Ecavix Energy<\/strong> Case, jeste\u015bmy zaanga\u017cowani w udost\u0119pnianie czystej i niezawodnej energii na ca\u0142ym \u015bwiecie. Ka\u017cdy z naszych projekt\u00f3w stanowi nie tylko rozwi\u0105zanie techniczne, ale tak\u017ce krok w kierunku zr\u00f3wnowa\u017conego \u017cycia. Od domowych system\u00f3w magazynowania energii w akumulatorach po integracj\u0119 energii s\u0142onecznej na du\u017c\u0105 skal\u0119, nasze studia przypadk\u00f3w pokazuj\u0105, w jaki spos\u00f3b Ecavix dostarcza bezpieczne, wydajne i konfigurowalne rozwi\u0105zania energetyczne dla gospodarstw domowych i firm w r\u00f3\u017cnych regionach.<\/p>\n\n\n\n<div class=\"wp-block-uagb-buttons uagb-buttons__outer-wrap uagb-btn__default-btn uagb-btn-tablet__default-btn uagb-btn-mobile__default-btn uagb-block-883d94e3\"><div class=\"uagb-buttons__wrap uagb-buttons-layout-wrap\">\n<div class=\"wp-block-uagb-buttons-child uagb-buttons__outer-wrap uagb-block-ffd4c5ec wp-block-button\"><div class=\"uagb-button__wrapper\"><a class=\"uagb-buttons-repeater wp-block-button__link\" aria-label=\"\" href=\"\/pl\/o-nas\/\" rel=\"follow noopener\" target=\"_self\" role=\"button\"><div class=\"uagb-button__link\">O nas<\/div><\/a><\/div><\/div>\n<\/div><\/div>\n<\/div>\n\n\n\n<div class=\"wp-block-uagb-container uagb-block-6c553eaa\">\n<figure class=\"wp-block-image size-full\"><img decoding=\"async\" width=\"1024\" height=\"904\" src=\"https:\/\/ecavix.com\/wp-content\/uploads\/2025\/09\/unnamed-1.jpg\" alt=\"\" class=\"wp-image-3809\" srcset=\"https:\/\/ecavix.com\/wp-content\/uploads\/2025\/09\/unnamed-1.jpg 1024w, https:\/\/ecavix.com\/wp-content\/uploads\/2025\/09\/unnamed-1-300x265.jpg 300w, https:\/\/ecavix.com\/wp-content\/uploads\/2025\/09\/unnamed-1-768x678.jpg 768w, https:\/\/ecavix.com\/wp-content\/uploads\/2025\/09\/unnamed-1-14x12.jpg 14w, https:\/\/ecavix.com\/wp-content\/uploads\/2025\/09\/unnamed-1-600x530.jpg 600w\" sizes=\"(max-width: 1024px) 100vw, 1024px\" \/><\/figure>\n<\/div>\n<\/div><\/div>\n\n\n\n<div class=\"wp-block-uagb-container uagb-block-eda12acd alignfull uagb-is-root-container\"><div class=\"uagb-container-inner-blocks-wrap\">\n\t\t\t<div class=\"wp-block-uagb-post-grid uagb-post-grid  uagb-post__image-position-top uagb-post__image-enabled uagb-block-9dc091c0     uagb-post__items uagb-post__columns-3 is-grid uagb-post__columns-tablet-2 uagb-post__columns-mobile-1 uagb-post__equal-height\" data-total=\"1\" style=\"\">\n\n\t\t\t\t\t\t\t\t\t\t\t\t<article class=\"uagb-post__inner-wrap\">\t\t\t\t\t\t\t\t<div class='uagb-post__image'>\n\t\t\t\t\t\t\t\t\t<a href=\"https:\/\/ecavix.com\/pl\/wall-mount-lithium-battery-25-6v-200ah-5-12kwh-installed-in-poland\/\" target=\"_blank\" rel=\"bookmark noopener noreferrer\" class='uagb-image-ratio-inherit'><img decoding=\"async\" width=\"150\" height=\"150\" src=\"https:\/\/ecavix.com\/wp-content\/uploads\/2025\/07\/320-kwh-Stackable-Lifepo4-battery-in-Ukraine--150x150.jpg\" class=\"attachment-thumbnail size-thumbnail\" alt=\"\" srcset=\"https:\/\/ecavix.com\/wp-content\/uploads\/2025\/07\/320-kwh-Stackable-Lifepo4-battery-in-Ukraine--150x150.jpg 150w, https:\/\/ecavix.com\/wp-content\/uploads\/2025\/07\/320-kwh-Stackable-Lifepo4-battery-in-Ukraine--300x300.jpg 300w, https:\/\/ecavix.com\/wp-content\/uploads\/2025\/07\/320-kwh-Stackable-Lifepo4-battery-in-Ukraine--100x100.jpg 100w\" sizes=\"(max-width: 150px) 100vw, 150px\" \/>\t\t\t\t\t<\/a>\n\t\t\t\t\t\t\t<\/div>\n\t\t\t<div class=\"uag-post-grid-wrapper\">\t\t\t<h4 class=\"uagb-post__title uagb-post__text\">\n\t\t\t\t<a href=\"https:\/\/ecavix.com\/pl\/wall-mount-lithium-battery-25-6v-200ah-5-12kwh-installed-in-poland\/\" target=\"_blank\" rel=\"bookmark noopener noreferrer\">Na\u015bcienna bateria litowa 25.6V 200Ah 5.12kWh zainstalowana w Polsce<\/a>\n\t\t\t<\/h4>\n\t\t\t\t\t\t<div class='uagb-post__text uagb-post-grid-byline'>\n\t\t\t\t\t\t\t\t<time datetime=\"2025-09-26T06:20:58+00:00\" class=\"uagb-post__date\">\n\t\t\t\t<span class=\"dashicons-calendar dashicons\"><\/span>\t\t\t\t\t26 wrze\u015bnia, 2025\t\t\t\t<\/time>\n\t\t\t\t\t\t<\/div>\n\t\t\t\t\t\t\t<div class='uagb-post__text uagb-post__excerpt'>\n\t\t\t\t\tNasza na\u015bcienna bateria litowa 25.6V 200Ah 5.12kWh zainstalowana w Polsce odzwierciedla nasz\u0105 misj\u0119: umo\u017cliwienie...\t\t\t\t<\/div>\n\t\t\t\t\t\t<div class=\"uagb-post__text uagb-post__cta wp-block-button\">\n\t\t\t\t<a class=\"wp-block-button__link uagb-text-link\" style=\"\" href=\"https:\/\/ecavix.com\/pl\/wall-mount-lithium-battery-25-6v-200ah-5-12kwh-installed-in-poland\/\" target=\"_blank\" rel=\"bookmark noopener noreferrer\">Dowiedz si\u0119 wi\u0119cej<\/a>\n\t\t\t<\/div>\n\t\t\t<\/div>\n\t\t\t\t\t\t\t\t\t<\/article>\n\t\t\t\t\t\t\t\t\t\t\t\t\t\t\t\t<article class=\"uagb-post__inner-wrap\">\t\t\t\t\t\t\t\t<div class='uagb-post__image'>\n\t\t\t\t\t\t\t\t\t<a href=\"https:\/\/ecavix.com\/pl\/ecavix-energy-brings-home-battery-energy-to-families-in-nigeria\/\" target=\"_blank\" rel=\"bookmark noopener noreferrer\" class='uagb-image-ratio-inherit'><img decoding=\"async\" width=\"150\" height=\"150\" src=\"https:\/\/ecavix.com\/wp-content\/uploads\/2025\/07\/powerwall-In-Germany-01-150x150.jpg\" class=\"attachment-thumbnail size-thumbnail\" alt=\"\" srcset=\"https:\/\/ecavix.com\/wp-content\/uploads\/2025\/07\/powerwall-In-Germany-01-150x150.jpg 150w, https:\/\/ecavix.com\/wp-content\/uploads\/2025\/07\/powerwall-In-Germany-01-300x300.jpg 300w, https:\/\/ecavix.com\/wp-content\/uploads\/2025\/07\/powerwall-In-Germany-01-100x100.jpg 100w\" sizes=\"(max-width: 150px) 100vw, 150px\" \/>\t\t\t\t\t<\/a>\n\t\t\t\t\t\t\t<\/div>\n\t\t\t<div class=\"uag-post-grid-wrapper\">\t\t\t<h4 class=\"uagb-post__title uagb-post__text\">\n\t\t\t\t<a href=\"https:\/\/ecavix.com\/pl\/ecavix-energy-brings-home-battery-energy-to-families-in-nigeria\/\" target=\"_blank\" rel=\"bookmark noopener noreferrer\">Ecavix Energy dostarcza domow\u0105 energi\u0119 z akumulator\u00f3w rodzinom w Nigerii<\/a>\n\t\t\t<\/h4>\n\t\t\t\t\t\t<div class='uagb-post__text uagb-post-grid-byline'>\n\t\t\t\t\t\t\t\t<time datetime=\"2025-09-26T05:59:56+00:00\" class=\"uagb-post__date\">\n\t\t\t\t<span class=\"dashicons-calendar dashicons\"><\/span>\t\t\t\t\t26 wrze\u015bnia, 2025\t\t\t\t<\/time>\n\t\t\t\t\t\t<\/div>\n\t\t\t\t\t\t\t<div class='uagb-post__text uagb-post__excerpt'>\n\t\t\t\t\tDomowe bateryjne systemy energetyczne Ecavix Energy przekszta\u0142caj\u0105 spo\u0142eczno\u015bci wiejskie\nNigeryjski rz\u0105d wspiera domowe systemy...\t\t\t\t<\/div>\n\t\t\t\t\t\t<div class=\"uagb-post__text uagb-post__cta wp-block-button\">\n\t\t\t\t<a class=\"wp-block-button__link uagb-text-link\" style=\"\" href=\"https:\/\/ecavix.com\/pl\/ecavix-energy-brings-home-battery-energy-to-families-in-nigeria\/\" target=\"_blank\" rel=\"bookmark noopener noreferrer\">Dowiedz si\u0119 wi\u0119cej<\/a>\n\t\t\t<\/div>\n\t\t\t<\/div>\n\t\t\t\t\t\t\t\t\t<\/article>\n\t\t\t\t\t\t\t\t\t\t\t<\/div>\n\t\t\t<\/div><\/div>\n\n\n\n<div class=\"wp-block-uagb-container uagb-block-3c5152ea alignfull uagb-is-root-container\"><div class=\"uagb-container-inner-blocks-wrap\">\n<h2 id=\"wp-block-themeisle-blocks-advanced-heading-413224d5\" class=\"wp-block-themeisle-blocks-advanced-heading wp-block-themeisle-blocks-advanced-heading-413224d5\"><em>Wy\u015blij wiadomo\u015b\u0107<\/em><\/h2>\n\n\n\n<p id=\"wp-block-themeisle-blocks-advanced-heading-074747b5\" class=\"wp-block-themeisle-blocks-advanced-heading wp-block-themeisle-blocks-advanced-heading-074747b5\">Je\u015bli jeste\u015b zainteresowany naszymi produktami i chcesz pozna\u0107 wi\u0119cej szczeg\u00f3\u0142\u00f3w, zostaw wiadomo\u015b\u0107 tutaj, a my odpowiemy tak szybko, jak to mo\u017cliwe.<\/p>\n\n\n\n<div class=\"wpcf7 no-js\" id=\"wpcf7-f2615-o1\" lang=\"en-US\" dir=\"ltr\" data-wpcf7-id=\"2615\">\n<div class=\"screen-reader-response\"><p role=\"status\" aria-live=\"polite\" aria-atomic=\"true\"><\/p> <ul><\/ul><\/div>\n<form action=\"\/pl\/wp-json\/wp\/v2\/pages\/3805#wpcf7-f2615-o1\" method=\"post\" class=\"wpcf7-form init\" aria-label=\"Formularz kontaktowy\" novalidate=\"novalidate\" data-status=\"init\" data-trp-original-action=\"\/pl\/wp-json\/wp\/v2\/pages\/3805#wpcf7-f2615-o1\">\n<fieldset class=\"hidden-fields-container\"><input type=\"hidden\" name=\"_wpcf7\" value=\"2615\" \/><input type=\"hidden\" name=\"_wpcf7_version\" value=\"6.1.5\" \/><input type=\"hidden\" name=\"_wpcf7_locale\" value=\"en_US\" \/><input type=\"hidden\" name=\"_wpcf7_unit_tag\" value=\"wpcf7-f2615-o1\" \/><input type=\"hidden\" name=\"_wpcf7_container_post\" value=\"0\" \/><input type=\"hidden\" name=\"_wpcf7_posted_data_hash\" value=\"\" \/>\n<\/fieldset>\n<div style=\"margin-bottom:0.6em\">\n\t<p><span class=\"wpcf7-form-control-wrap\" data-name=\"text-669\"><input size=\"40\" maxlength=\"400\" class=\"wpcf7-form-control wpcf7-text wpcf7-validates-as-required\" aria-required=\"true\" aria-invalid=\"false\" placeholder=\"Imi\u0119 i nazwisko\" value=\"\" type=\"text\" name=\"text-669\" \/><\/span>\n\t<\/p>\n<\/div>\n<div style=\"margin-bottom:0.6em\">\n\t<p><span class=\"wpcf7-form-control-wrap\" data-name=\"email-507\"><input size=\"40\" maxlength=\"400\" class=\"wpcf7-form-control wpcf7-email wpcf7-validates-as-required wpcf7-text wpcf7-validates-as-email\" aria-required=\"true\" aria-invalid=\"false\" placeholder=\"Tw\u00f3j e-mail\" value=\"\" type=\"email\" name=\"email-507\" \/><\/span>\n\t<\/p>\n<\/div>\n<div style=\"margin-bottom:0.6em\">\n\t<p><span class=\"wpcf7-form-control-wrap\" data-name=\"tel-785\"><input size=\"40\" maxlength=\"400\" class=\"wpcf7-form-control wpcf7-tel wpcf7-validates-as-required wpcf7-text wpcf7-validates-as-tel\" aria-required=\"true\" aria-invalid=\"false\" placeholder=\"Tw\u00f3j telefon\" value=\"\" type=\"tel\" name=\"tel-785\" \/><\/span>\n\t<\/p>\n<\/div>\n<div style=\"margin-bottom:0.6em\">\n\t<p><span class=\"wpcf7-form-control-wrap\" data-name=\"your-message\"><textarea cols=\"40\" rows=\"10\" maxlength=\"2000\" class=\"wpcf7-form-control wpcf7-textarea\" aria-invalid=\"false\" placeholder=\"Wprowad\u017a szczeg\u00f3\u0142y zapytania, takie jak nazwa produktu, kolor, rozmiar, MOQ, FOB itp.\" name=\"your-message\"><\/textarea><\/span>\n\t<\/p>\n<\/div>\n<p><input class=\"wpcf7-form-control wpcf7-submit has-spinner\" type=\"submit\" value=\"Prze\u015blij\" \/>\n<\/p><input type='hidden' class='wpcf7-pum' value='{\"closepopup\":false,\"closedelay\":0,\"openpopup\":false,\"openpopup_id\":0}' \/><div class=\"wpcf7-response-output\" aria-hidden=\"true\"><\/div>\n<input type=\"hidden\" name=\"trp-form-language\" value=\"pl\"\/><\/form>\n<\/div>\n\n<\/div><\/div>","protected":false},"excerpt":{"rendered":"<p>Ecavix Energy Case At Ecavix Energy Case, we are committed to making clean and reliable energy accessible worldwide. Each of our projects represents not only a technical solution but also a step toward sustainable living. From home battery energy storage systems to large-scale solar integration, our case studies showcase how Ecavix delivers safe, efficient, and&hellip;&nbsp;<a href=\"https:\/\/ecavix.com\/pl\/case\/\" rel=\"bookmark\"><span class=\"screen-reader-text\">Sprawa energii<\/span><\/a><\/p>","protected":false},"author":1,"featured_media":0,"parent":0,"menu_order":0,"comment_status":"closed","ping_status":"closed","template":"","meta":{"_uag_custom_page_level_css":"","neve_meta_sidebar":"","neve_meta_container":"","neve_meta_enable_content_width":"","neve_meta_content_width":0,"neve_meta_title_alignment":"","neve_meta_author_avatar":"","neve_post_elements_order":"","neve_meta_disable_header":"","neve_meta_disable_footer":"","neve_meta_disable_title":"","footnotes":""},"class_list":["post-3805","page","type-page","status-publish","hentry"],"uagb_featured_image_src":{"full":false,"thumbnail":false,"medium":false,"medium_large":false,"large":false,"1536x1536":false,"2048x2048":false,"trp-custom-language-flag":false,"neve-blog":false,"woocommerce_thumbnail":false,"woocommerce_single":false,"woocommerce_gallery_thumbnail":false},"uagb_author_info":{"display_name":"solvitaenergylimited@gmail.com","author_link":"https:\/\/ecavix.com\/pl\/author\/solvitaenergylimitedgmail-com\/"},"uagb_comment_info":0,"uagb_excerpt":"Ecavix Energy Case At Ecavix Energy Case, we are committed to making clean and reliable energy accessible worldwide. Each of our projects represents not only a technical solution but also a step toward sustainable living. From home battery energy storage systems to large-scale solar integration, our case studies showcase how Ecavix delivers safe, efficient, and&hellip;&nbsp;Energy&hellip;","_links":{"self":[{"href":"https:\/\/ecavix.com\/pl\/wp-json\/wp\/v2\/pages\/3805","targetHints":{"allow":["GET"]}}],"collection":[{"href":"https:\/\/ecavix.com\/pl\/wp-json\/wp\/v2\/pages"}],"about":[{"href":"https:\/\/ecavix.com\/pl\/wp-json\/wp\/v2\/types\/page"}],"author":[{"embeddable":true,"href":"https:\/\/ecavix.com\/pl\/wp-json\/wp\/v2\/users\/1"}],"replies":[{"embeddable":true,"href":"https:\/\/ecavix.com\/pl\/wp-json\/wp\/v2\/comments?post=3805"}],"version-history":[{"count":0,"href":"https:\/\/ecavix.com\/pl\/wp-json\/wp\/v2\/pages\/3805\/revisions"}],"wp:attachment":[{"href":"https:\/\/ecavix.com\/pl\/wp-json\/wp\/v2\/media?parent=3805"}],"curies":[{"name":"wp","href":"https:\/\/api.w.org\/{rel}","templated":true}]}}