{"id":3773,"date":"2025-09-25T08:49:45","date_gmt":"2025-09-25T08:49:45","guid":{"rendered":"https:\/\/ecavix.com\/?page_id=3773"},"modified":"2025-11-04T10:12:18","modified_gmt":"2025-11-04T10:12:18","slug":"czesto-zadawane-pytania-faq","status":"publish","type":"page","link":"https:\/\/ecavix.com\/pl\/frequently-asked-questions-faq\/","title":{"rendered":"Cz\u0119sto zadawane pytania (FAQ)"},"content":{"rendered":"<div class=\"wp-block-uagb-container uagb-block-7c77acf5 alignfull uagb-is-root-container\">\n    <style>\n        \/* Scoped Root Element and Reset (Assuming this is an embedded section) *\/\n        #ecavix-faq-embed *, \n        #ecavix-faq-embed *::before, \n        #ecavix-faq-embed *::after {\n            margin: 0;\n            padding: 0;\n            box-sizing: border-box;\n        }\n\n        #ecavix-faq-embed {\n            font-family: 'Inter', -apple-system, BlinkMacSystemFont, sans-serif;\n            background: #000;\n            color: #fff;\n            padding: 120px 60px; \/* Section Padding *\/\n            min-height: 80vh;\n        }\n\n        \/* General Section Header *\/\n        #ecavix-faq-embed .ecavix-section-header {\n            text-align: center;\n            margin-bottom: 80px;\n            padding: 0 20px;\n        }\n\n        #ecavix-faq-embed .ecavix-section-label {\n            font-size: 0.875rem;\n            font-weight: 600;\n            text-transform: uppercase;\n            letter-spacing: 2px;\n            color: #0066FF; \/* Accent color *\/\n            margin-bottom: 16px;\n        }\n\n        #ecavix-faq-embed .ecavix-section-title {\n            font-size: 3.5rem;\n            font-weight: 800;\n            letter-spacing: -2px;\n            margin-bottom: 20px;\n            line-height: 1.1;\n            \/* Gradient for high-end look *\/\n            background: linear-gradient(135deg, #fff 0%, #a0a0a0 100%);\n            -webkit-background-clip: text;\n            -webkit-text-fill-color: transparent;\n            background-clip: text;\n        }\n\n        #ecavix-faq-embed .ecavix-section-description {\n            font-size: 1.25rem;\n            color: #808080;\n            max-width: 900px;\n            margin: 0 auto;\n        }\n\n        \/* FAQ Container and Grid *\/\n        #ecavix-faq-embed .ecavix-faq-container {\n            max-width: 1100px;\n            margin: 0 auto;\n        }\n        \n        #ecavix-faq-embed .ecavix-faq-grid {\n            grid-template-columns: 280px 1fr; \/* Title column and FAQ list column *\/\n            gap: 40px;\n            display: grid;\n        }\n        \n        \/* Sidebar Navigation\/Category List *\/\n        #ecavix-faq-embed .ecavix-faq-sidebar h3 {\n            font-size: 1.5rem;\n            font-weight: 700;\n            margin-bottom: 25px;\n            color: #00d4ff; \/* Secondary accent color *\/\n            border-bottom: 2px solid #00d4ff;\n            padding-bottom: 8px;\n            display: inline-block;\n        }\n        \n        #ecavix-faq-embed .ecavix-faq-sidebar ul {\n            list-style: none;\n            display: flex;\n            flex-direction: column;\n            gap: 15px;\n        }\n\n        #ecavix-faq-embed .ecavix-faq-sidebar ul li a {\n            font-size: 1.05rem;\n            font-weight: 500;\n            color: #b0b0b0;\n            text-decoration: none;\n            display: block;\n            padding: 10px 15px;\n            border-radius: 8px;\n            transition: all 0.3s ease;\n            border-left: 3px solid transparent;\n        }\n        \n        #ecavix-faq-embed .ecavix-faq-sidebar ul li a.active,\n        #ecavix-faq-embed .ecavix-faq-sidebar ul li a:hover {\n            color: #fff;\n            background: #1a1a1a;\n            border-left: 3px solid #0066FF;\n            transform: translateX(5px);\n        }\n\n        \/* FAQ List (Accordion Style) *\/\n        #ecavix-faq-embed .ecavix-faq-list {\n            display: flex;\n            flex-direction: column;\n            gap: 15px;\n        }\n\n        #ecavix-faq-embed .ecavix-faq-group {\n            border-top: 2px solid #1a1a1a;\n            padding-top: 30px;\n        }\n        \n        #ecavix-faq-embed .ecavix-faq-group:first-child {\n            border-top: none;\n            padding-top: 0;\n        }\n\n        #ecavix-faq-embed .ecavix-faq-group h4 {\n            font-size: 1.75rem;\n            font-weight: 700;\n            margin-bottom: 25px;\n            color: #fff;\n            letter-spacing: -0.5px;\n            padding-bottom: 5px;\n            border-bottom: 1px solid #1a1a1a;\n        }\n\n        \/* Individual FAQ Item *\/\n        #ecavix-faq-embed .ecavix-faq-item {\n            background: #0a0a0a;\n            border-radius: 12px;\n            border: 1px solid #1a1a1a;\n            margin-bottom: 15px;\n            overflow: hidden;\n            transition: border-color 0.3s ease;\n        }\n        \n        #ecavix-faq-embed .ecavix-faq-item:hover {\n            border-color: #2a2a2a;\n        }\n\n        #ecavix-faq-embed .ecavix-faq-question {\n            display: flex;\n            justify-content: space-between;\n            align-items: center;\n            padding: 20px 30px;\n            cursor: pointer;\n            font-size: 1.15rem;\n            font-weight: 600;\n            color: #fff;\n            transition: background 0.3s ease;\n        }\n\n        #ecavix-faq-embed .ecavix-faq-question:hover {\n            background: #151515;\n        }\n\n        #ecavix-faq-embed .ecavix-faq-question.active {\n            color: #0066FF;\n            background: #1a1a1a;\n        }\n\n        #ecavix-faq-embed .ecavix-faq-question .ecavix-toggle-icon {\n            font-size: 1.5rem;\n            transition: transform 0.3s ease;\n        }\n\n        #ecavix-faq-embed .ecavix-faq-question.active .ecavix-toggle-icon {\n            transform: rotate(45deg); \/* Plus sign becomes an X *\/\n        }\n        \n        #ecavix-faq-embed .ecavix-faq-answer {\n            max-height: 0;\n            padding: 0 30px;\n            overflow: hidden;\n            transition: max-height 0.4s ease-out, padding 0.4s ease-out;\n            background: #1a1a1a;\n        }\n\n        #ecavix-faq-embed .ecavix-faq-answer.open {\n            max-height: 500px; \/* Increased max-height for longer answers *\/\n            padding: 20px 30px 30px;\n            border-top: 1px solid #2a2a2a;\n        }\n\n        #ecavix-faq-embed .ecavix-faq-answer p {\n            font-size: 1rem;\n            line-height: 1.8;\n            color: #b0b0b0;\n        }\n\n        \/* Responsive Adjustments *\/\n        @media (max-width: 1024px) {\n            #ecavix-faq-embed {\n                padding: 80px 20px;\n            }\n            #ecavix-faq-embed .ecavix-faq-grid {\n                grid-template-columns: 1fr; \/* Stack columns *\/\n                gap: 40px;\n            }\n            #ecavix-faq-embed .ecavix-faq-sidebar {\n                display: none; \/* Hide sidebar on smaller screens, rely on section titles *\/\n            }\n            #ecavix-faq-embed .ecavix-section-title {\n                font-size: 3rem;\n            }\n        }\n        \n        @media (max-width: 768px) {\n             #ecavix-faq-embed .ecavix-section-title {\n                font-size: 2.25rem;\n            }\n             #ecavix-faq-embed .ecavix-faq-question {\n                font-size: 1rem;\n                padding: 15px 20px;\n            }\n             #ecavix-faq-embed .ecavix-faq-answer p {\n                font-size: 0.95rem;\n            }\n            #ecavix-faq-embed .ecavix-faq-group h4 {\n                font-size: 1.5rem;\n            }\n        }\n    <\/style>\n\n\n\n <div id=\"ecavix-faq-embed\">\n\n        <div class=\"ecavix-section-header\">\n            <div class=\"ecavix-section-label\">Odpowiedzi na najwa\u017cniejsze pytania<\/div>\n            <h2 class=\"ecavix-section-title\">Ecavix - cz\u0119sto zadawane pytania (FAQ)<\/h2>\n            <p class=\"ecavix-section-description\">\n                Zapewniamy naszym globalnym partnerom i klientom przejrzyste odpowiedzi dotycz\u0105ce specyfikacji technicznych, modeli cenowych, certyfikat\u00f3w i us\u0142ug dostosowywania akumulator\u00f3w Ecavix LiFePO\u2084. Ta sekcja zosta\u0142a zaprojektowana z my\u015bl\u0105 o wydajnym dost\u0119pie do informacji o kluczowym znaczeniu dla projektu.\n            <\/p>\n        <\/div>\n\n        <div class=\"ecavix-faq-container\">\n            <div class=\"ecavix-faq-grid\">\n                \n                <div class=\"ecavix-faq-sidebar\">\n                    <h3>Szybka nawigacja<\/h3>\n                    <ul>\n                        <li><a href=\"#tech\" class=\"active\">Technologia i bezpiecze\u0144stwo<\/a><\/li>\n                        <li><a href=\"#deploy\">Kompatybilno\u015b\u0107 i wdra\u017canie<\/a><\/li>\n                        <li><a href=\"#procurement\">Zam\u00f3wienia i dostosowywanie<\/a><\/li>\n                        <li><a href=\"#warranty\">Gwarancja i serwis<\/a><\/li>\n                    <\/ul>\n                <\/div>\n\n                <div class=\"ecavix-faq-list\">\n                    \n                    <div class=\"ecavix-faq-group\" id=\"tech\">\n                        <h4>Technologia i bezpiecze\u0144stwo: Podstawowe zalety Ecavix<\/h4>\n                        \n                        <div class=\"ecavix-faq-item\">\n                            <div class=\"ecavix-faq-question\" onclick=\"toggleFaq(this)\">\n                                Czym jest BMS i w jaki spos\u00f3b zapewnia bezpiecze\u0144stwo systemu?\n                                <span class=\"ecavix-toggle-icon\">+<\/span>\n                            <\/div>\n                            <div class=\"ecavix-faq-answer\">\n                                <p>System BMS (Battery Management System) to podstawowa inteligencja akumulatora Ecavix. Monitoruje on krytyczne parametry, takie jak napi\u0119cie ogniwa, pr\u0105d i temperatura w czasie rzeczywistym. Zapewnia rygorystyczn\u0105 ochron\u0119 przed prze\u0142adowaniem, nadmiernym roz\u0142adowaniem, zwarciami i zdarzeniami termicznymi, zapewniaj\u0105c bezpieczn\u0105 i niezawodn\u0105 prac\u0119 akumulatora w ka\u017cdych warunkach dzi\u0119ki inteligentnemu r\u00f3wnowa\u017ceniu ogniw.<\/p>\n                            <\/div>\n                        <\/div>\n                        \n                        <div class=\"ecavix-faq-item\">\n                            <div class=\"ecavix-faq-question\" onclick=\"toggleFaq(this)\">\n                                Jak\u0105 technologi\u0119 kom\u00f3rkow\u0105 wykorzystuje Ecavix i jaki jest cykl \u017cycia?\n                                <span class=\"ecavix-toggle-icon\">+<\/span>\n                            <\/div>\n                            <div class=\"ecavix-faq-answer\">\n                                <p>U\u017cywamy wy\u0142\u0105cznie ogniw **Automotive-Grade A LiFePO\u2084 (litowo-\u017celazowo-fosforanowych)**. Ta chemia zapewnia doskona\u0142\u0105 stabilno\u015b\u0107 termiczn\u0105, nieod\u0142\u0105czne bezpiecze\u0144stwo i bardzo d\u0142ug\u0105 \u017cywotno\u015b\u0107 **ponad 6000 cykli** przy g\u0142\u0119boko\u015bci roz\u0142adowania 80% (DOD), gwarantuj\u0105c d\u0142ugoterminow\u0105 wydajno\u015b\u0107 i niezawodno\u015b\u0107 inwestycji w ESS.<\/p>\n                            <\/div>\n                        <\/div>\n                        \n                        <div class=\"ecavix-faq-item\">\n                            <div class=\"ecavix-faq-question\" onclick=\"toggleFaq(this)\">\n                                Jaki jest bezpieczny zakres temperatur roboczych dla serii Rack Mount?\n                                <span class=\"ecavix-toggle-icon\">+<\/span>\n                            <\/div>\n                            <div class=\"ecavix-faq-answer\">\n                                <p>Nasze akumulatory do monta\u017cu w szafie Rack zosta\u0142y zaprojektowane z my\u015bl\u0105 o solidnej wydajno\u015bci. Zalecany zakres temperatur pracy dla roz\u0142adowania wynosi zazwyczaj **20\u00b0C do 60\u00b0C**, a dla \u0142adowania **0\u00b0C do 45\u00b0C**. Inteligentny system BMS automatycznie ograniczy pr\u0105d lub wy\u0142\u0105czy system, je\u015bli temperatura przekroczy bezpieczne limity, zapewniaj\u0105c integralno\u015b\u0107 ogniw.<\/p>\n                            <\/div>\n                        <\/div>\n\n                        <div class=\"ecavix-faq-item\">\n                            <div class=\"ecavix-faq-question\" onclick=\"toggleFaq(this)\">\n                                Jaki jest materia\u0142 obudowy i stopie\u0144 ochrony IP modu\u0142\u00f3w?\n                                <span class=\"ecavix-toggle-icon\">+<\/span>\n                            <\/div>\n                            <div class=\"ecavix-faq-answer\">\n                                <p>Modu\u0142y wykorzystuj\u0105 wytrzyma\u0142\u0105 metalow\u0105 obudow\u0119 zaprojektowan\u0105 do monta\u017cu w 19-calowej szafie Rack, zoptymalizowan\u0105 pod k\u0105tem rozpraszania ciep\u0142a i solidnej ochrony. Standardowa seria Rack Mount posiada klas\u0119 **IP20**, odpowiedni\u0105 do instalacji wewn\u0105trz kontrolowanego \u015brodowiska szafy. W przypadku specyficznych zastosowa\u0144 zewn\u0119trznych prosimy o kontakt w celu uzyskania specjalistycznych rozwi\u0105za\u0144 w zakresie obud\u00f3w.<\/p>\n                            <\/div>\n                        <\/div>\n\n                    <\/div>\n                    \n                    <div class=\"ecavix-faq-group\" id=\"deploy\">\n                        <h4>Kompatybilno\u015b\u0107 i wdra\u017canie: P\u0142ynna integracja i elastyczno\u015b\u0107<\/h4>\n                        \n                        <div class=\"ecavix-faq-item\">\n                            <div class=\"ecavix-faq-question\" onclick=\"toggleFaq(this)\">\n                                Z jakimi g\u0142\u00f3wnymi markami falownik\u00f3w kompatybilna jest seria Rack Mount?\n                                <span class=\"ecavix-toggle-icon\">+<\/span>\n                            <\/div>\n                            <div class=\"ecavix-faq-answer\">\n                                <p>Nasz inteligentny system BMS posiada wbudowane protoko\u0142y komunikacyjne **CAN\/RS485** kompatybilne z wi\u0119kszo\u015bci\u0105 wiod\u0105cych w bran\u017cy marek falownik\u00f3w, w tym mi\u0119dzy innymi Victron, Deye, Growatt, Solis, SMA i nie tylko. Zapewnia to prawdziw\u0105 funkcjonalno\u015b\u0107 plug-and-play, scentralizowane zarz\u0105dzanie i integracj\u0119 systemu. Szczeg\u00f3\u0142owe listy kompatybilno\u015bci s\u0105 dost\u0119pne na \u017cyczenie.<\/p>\n                            <\/div>\n                        <\/div>\n\n                        <div class=\"ecavix-faq-item\">\n                            <div class=\"ecavix-faq-question\" onclick=\"toggleFaq(this)\">\n                                Czy pojemno\u015b\u0107 systemu jest elastyczna i skalowalna dla du\u017cych projekt\u00f3w?\n                                <span class=\"ecavix-toggle-icon\">+<\/span>\n                            <\/div>\n                            <div class=\"ecavix-faq-answer\">\n                                <p>Absolutnie. Seria Ecavix Rack Mount zosta\u0142a zaprojektowana z my\u015bl\u0105 o modu\u0142owej skalowalno\u015bci. Mo\u017cna \u0142atwo po\u0142\u0105czy\u0107 r\u00f3wnolegle do 16 lub wi\u0119cej modu\u0142\u00f3w** (np. modu\u0142y 5,12 kWh), aby zwi\u0119kszy\u0107 pojemno\u015b\u0107 systemu z jednocyfrowych kilowatogodzin do setek kilowatogodzin, doskonale spe\u0142niaj\u0105c wymagania du\u017cych komercyjnych lub przemys\u0142owych projekt\u00f3w ESS.<\/p>\n                            <\/div>\n                        <\/div>\n                        \n                        <div class=\"ecavix-faq-item\">\n                            <div class=\"ecavix-faq-question\" onclick=\"toggleFaq(this)\">\n                                Czy mog\u0119 miesza\u0107 modu\u0142y o r\u00f3\u017cnych pojemno\u015bciach (100Ah, 200Ah) w jednym systemie?\n                                <span class=\"ecavix-toggle-icon\">+<\/span>\n                            <\/div>\n                            <div class=\"ecavix-faq-answer\">\n                                <p>Aby uzyska\u0107 optymaln\u0105 wydajno\u015b\u0107, trwa\u0142o\u015b\u0107 i stabilno\u015b\u0107 komunikacji, zdecydowanie zalecamy **nie mieszanie** modu\u0142\u00f3w o r\u00f3\u017cnych warto\u015bciach znamionowych amperogodzin (Ah) (np. 100 Ah i 200 Ah) w tej samej grupie r\u00f3wnoleg\u0142ej. Wszystkie modu\u0142y w jednym systemie powinny mie\u0107 tak\u0105 sam\u0105 pojemno\u015b\u0107 i numer modelu.<\/p>\n                            <\/div>\n                        <\/div>\n\n                    <\/div>\n\n                    <div class=\"ecavix-faq-group\" id=\"procurement\">\n                        <h4>Zam\u00f3wienia i personalizacja: Partnerstwo i proces zamawiania<\/h4>\n                        \n                        <div class=\"ecavix-faq-item\">\n                            <div class=\"ecavix-faq-question\" onclick=\"toggleFaq(this)\">\n                                Czy akumulatory Ecavix posiadaj\u0105 mi\u0119dzynarodowe certyfikaty?\n                                <span class=\"ecavix-toggle-icon\">+<\/span>\n                            <\/div>\n                            <div class=\"ecavix-faq-answer\">\n                                <p>Tak. Wszystkie nasze produkty przechodz\u0105 rygorystyczn\u0105 kontrol\u0119 jako\u015bci i posiadaj\u0105 najwa\u017cniejsze globalne certyfikaty, w tym **UL, CE, IEC 62619, FCC, UN38.3** (dla transportu) i inne. Certyfikaty te potwierdzaj\u0105, \u017ce nasze produkty s\u0105 zgodne z najwy\u017cszymi mi\u0119dzynarodowymi standardami bezpiecze\u0144stwa i jako\u015bci w zakresie wdra\u017cania i sprzeda\u017cy na ca\u0142ym \u015bwiecie.<\/p>\n                            <\/div>\n                        <\/div>\n\n                        <div class=\"ecavix-faq-item\">\n                            <div class=\"ecavix-faq-question\" onclick=\"toggleFaq(this)\">\n                                Czy oferujecie niestandardowe rozwi\u0105zania akumulatorowe (OEM\/ODM)?\n                                <span class=\"ecavix-toggle-icon\">+<\/span>\n                            <\/div>\n                            <div class=\"ecavix-faq-answer\">\n                                <p>Ch\u0119tnie nawi\u0105zujemy wsp\u00f3\u0142prac\u0119 z producentami OEM\/ODM. Nasze us\u0142ugi dostosowywania obejmuj\u0105 kompleksowe modyfikacje, od optymalizacji konfiguracji ogniw, rozwoju zastrze\u017conego oprogramowania uk\u0142adowego BMS, adaptacji okre\u015blonych protoko\u0142\u00f3w falownika, po niestandardowe wymiary obudowy i projekty z\u0142\u0105czy, zapewniaj\u0105c idealne dopasowanie do unikalnych specyfikacji projektu i marki.<\/p>\n                            <\/div>\n                        <\/div>\n                        \n                         <div class=\"ecavix-faq-item\">\n                            <div class=\"ecavix-faq-question\" onclick=\"toggleFaq(this)\">\n                                Jaka jest minimalna ilo\u015b\u0107 zam\u00f3wienia (MOQ) i czas realizacji?\n                                <span class=\"ecavix-toggle-icon\">+<\/span>\n                            <\/div>\n                            <div class=\"ecavix-faq-answer\">\n                                <p>W przypadku modeli standardowych MOQ wynosi zazwyczaj **10 sztuk** na model pojemno\u015bciowy. Czas realizacji r\u00f3\u017cni si\u0119 w zale\u017cno\u015bci od wielko\u015bci zam\u00f3wienia i bie\u017c\u0105cej zdolno\u015bci produkcyjnej, zwykle waha si\u0119 od **4 do 6 tygodni** po potwierdzeniu wp\u0142aty i ostatecznych specyfikacji. W przypadku du\u017cych zam\u00f3wie\u0144 lub niestandardowych rozwi\u0105za\u0144 prosimy o kontakt bezpo\u015brednio z naszym zespo\u0142em sprzeda\u017cy w celu uzyskania dok\u0142adnej wyceny i harmonogramu.<\/p>\n                            <\/div>\n                        <\/div>\n\n                    <\/div>\n                    \n                    <div class=\"ecavix-faq-group\" id=\"warranty\">\n                        <h4>Gwarancja i serwis: Nasze zobowi\u0105zanie do niezawodno\u015bci<\/h4>\n                        \n                        <div class=\"ecavix-faq-item\">\n                            <div class=\"ecavix-faq-question\" onclick=\"toggleFaq(this)\">\n                                Jaki jest okres gwarancji na produkty Ecavix?\n                                <span class=\"ecavix-toggle-icon\">+<\/span>\n                            <\/div>\n                            <div class=\"ecavix-faq-answer\">\n                                <p>Zapewniamy wiod\u0105c\u0105 w bran\u017cy **10-letni\u0105 ograniczon\u0105 gwarancj\u0119**. Ta pewno\u015b\u0107 wynika z zastosowania wysokiej jako\u015bci ogniw klasy A i zaawansowanej technologii BMS, zapewniaj\u0105cej d\u0142ugoterminow\u0105 niezawodn\u0105 wydajno\u015b\u0107 i maksymalny zwrot z inwestycji przez ca\u0142y okres eksploatacji systemu.<\/p>\n                            <\/div>\n                        <\/div>\n\n                        <div class=\"ecavix-faq-item\">\n                            <div class=\"ecavix-faq-question\" onclick=\"toggleFaq(this)\">\n                                Jakiego rodzaju wsparcie techniczne jest dost\u0119pne po sprzeda\u017cy?\n                                <span class=\"ecavix-toggle-icon\">+<\/span>\n                            <\/div>\n                            <div class=\"ecavix-faq-answer\">\n                                <p>Oferujemy wielopoziomowe wsparcie techniczne dla naszych partner\u00f3w, w tym profesjonalne konsultacje przedsprzeda\u017cowe w zakresie projektowania systemu, szczeg\u00f3\u0142owe przewodniki i instrukcje instalacji, zdaln\u0105 diagnostyk\u0119 BMS oraz us\u0142ugi aktualizacji oprogramowania uk\u0142adowego over-the-air. Nasz wieloj\u0119zyczny zesp\u00f3\u0142 techniczny zapewnia wydajne i terminowe wsparcie dla klient\u00f3w na ca\u0142ym \u015bwiecie.<\/p>\n                            <\/div>\n                        <\/div>\n                    <\/div>\n\n                <\/div>\n            <\/div>\n        <\/div>\n\n    <\/div> \n    \n    <script>\n        \/\/ JavaScript for Accordion Toggle functionality\n        function toggleFaq(element) {\n            const item = element.closest('.ecavix-faq-item');\n            const answer = item.querySelector('.ecavix-faq-answer');\n            \n            \/\/ Check if it's already open\n            const isOpen = answer.classList.contains('open');\n\n            \/\/ Close all other open answers\n            document.querySelectorAll('.ecavix-faq-answer.open').forEach(openAnswer => {\n                if (openAnswer !== answer) {\n                    openAnswer.classList.remove('open');\n                    openAnswer.closest('.ecavix-faq-item').querySelector('.ecavix-faq-question').classList.remove('active');\n                }\n            });\n\n            \/\/ Toggle the current one\n            element.classList.toggle('active', !isOpen);\n            answer.classList.toggle('open', !isOpen);\n        }\n        \n        \/\/ Optional: Sidebar smooth scroll & active state logic (simplified for FAQ context)\n        document.querySelectorAll('.ecavix-faq-sidebar ul li a').forEach(anchor => {\n            anchor.addEventListener('click', function (e) {\n                e.preventDefault();\n                const targetId = this.getAttribute('href');\n                const targetElement = document.querySelector(targetId);\n                \n                \/\/ Scroll the main content wrapper (or window) to the target group\n                if (targetElement) {\n                    window.scrollTo({\n                        top: targetElement.offsetTop,\n                        behavior: 'smooth'\n                    });\n                }\n                \n                \/\/ Update active state (optional, visual only)\n                document.querySelectorAll('.ecavix-faq-sidebar ul li a').forEach(item => item.classList.remove('active'));\n                this.classList.add('active');\n            });\n        });\n    <\/script>\n<\/div>","protected":false},"excerpt":{"rendered":"<p>Your Core Questions Answered Ecavix Frequently Asked Questions (FAQ) Providing our global partners and clients with crystal-clear answers regarding the technical specifications, pricing models, certifications, and customization services for Ecavix LiFePO\u2084 batteries. This section is designed for efficient, project-critical information access. Quick Navigation Technology &#038; Safety Compatibility &#038; Deployment Procurement &#038; Customization Warranty &#038; Service&hellip;&nbsp;<a href=\"https:\/\/ecavix.com\/pl\/frequently-asked-questions-faq\/\" rel=\"bookmark\"><span class=\"screen-reader-text\">Cz\u0119sto zadawane pytania (FAQ)<\/span><\/a><\/p>","protected":false},"author":1,"featured_media":0,"parent":0,"menu_order":0,"comment_status":"closed","ping_status":"closed","template":"","meta":{"_uag_custom_page_level_css":"","neve_meta_sidebar":"","neve_meta_container":"","neve_meta_enable_content_width":"","neve_meta_content_width":0,"neve_meta_title_alignment":"","neve_meta_author_avatar":"","neve_post_elements_order":"","neve_meta_disable_header":"","neve_meta_disable_footer":"","neve_meta_disable_title":"","footnotes":""},"class_list":["post-3773","page","type-page","status-publish","hentry"],"uagb_featured_image_src":{"full":false,"thumbnail":false,"medium":false,"medium_large":false,"large":false,"1536x1536":false,"2048x2048":false,"trp-custom-language-flag":false,"neve-blog":false,"woocommerce_thumbnail":false,"woocommerce_single":false,"woocommerce_gallery_thumbnail":false},"uagb_author_info":{"display_name":"solvitaenergylimited@gmail.com","author_link":"https:\/\/ecavix.com\/pl\/author\/solvitaenergylimitedgmail-com\/"},"uagb_comment_info":0,"uagb_excerpt":"Your Core Questions Answered Ecavix Frequently Asked Questions (FAQ) Providing our global partners and clients with crystal-clear answers regarding the technical specifications, pricing models, certifications, and customization services for Ecavix LiFePO\u2084 batteries. This section is designed for efficient, project-critical information access. Quick Navigation Technology &#038; Safety Compatibility &#038; Deployment Procurement &#038; Customization Warranty &#038; Service&hellip;&nbsp;Frequently&hellip;","_links":{"self":[{"href":"https:\/\/ecavix.com\/pl\/wp-json\/wp\/v2\/pages\/3773","targetHints":{"allow":["GET"]}}],"collection":[{"href":"https:\/\/ecavix.com\/pl\/wp-json\/wp\/v2\/pages"}],"about":[{"href":"https:\/\/ecavix.com\/pl\/wp-json\/wp\/v2\/types\/page"}],"author":[{"embeddable":true,"href":"https:\/\/ecavix.com\/pl\/wp-json\/wp\/v2\/users\/1"}],"replies":[{"embeddable":true,"href":"https:\/\/ecavix.com\/pl\/wp-json\/wp\/v2\/comments?post=3773"}],"version-history":[{"count":1,"href":"https:\/\/ecavix.com\/pl\/wp-json\/wp\/v2\/pages\/3773\/revisions"}],"predecessor-version":[{"id":4642,"href":"https:\/\/ecavix.com\/pl\/wp-json\/wp\/v2\/pages\/3773\/revisions\/4642"}],"wp:attachment":[{"href":"https:\/\/ecavix.com\/pl\/wp-json\/wp\/v2\/media?parent=3773"}],"curies":[{"name":"wp","href":"https:\/\/api.w.org\/{rel}","templated":true}]}}