{"id":3548,"date":"2025-09-05T09:42:08","date_gmt":"2025-09-05T09:42:08","guid":{"rendered":"https:\/\/ecavix.com\/?page_id=3548"},"modified":"2025-09-05T09:44:44","modified_gmt":"2025-09-05T09:44:44","slug":"ktora-bateria-sloneczna-jest-najlepsza-2025-przewodnik","status":"publish","type":"page","link":"https:\/\/ecavix.com\/pl\/which-solar-battery-is-the-best-2025-guide\/","title":{"rendered":"Which solar battery is the best &#8211; 2025 Guide"},"content":{"rendered":"<div class=\"wp-block-uagb-container uagb-block-b129d934 default uagb-is-root-container\">\n<h2 class=\"wp-block-heading\" style=\"padding-top:0;padding-right:var(--wp--preset--spacing--40);padding-bottom:0;padding-left:var(--wp--preset--spacing--40)\">Wprowadzenie<\/h2>\n\n\n\n<p>Energia s\u0142oneczna staje si\u0119 jednym z najszybciej rozwijaj\u0105cych si\u0119 odnawialnych \u017ar\u00f3de\u0142 energii na \u015bwiecie. Poniewa\u017c coraz wi\u0119cej w\u0142a\u015bcicieli dom\u00f3w, firm i u\u017cytkownik\u00f3w poza sieci\u0105 inwestuje w panele s\u0142oneczne, cz\u0119sto pojawia si\u0119 pytanie: <strong>Kt\u00f3ra bateria s\u0142oneczna jest najlepsza?<\/strong><\/p>\n\n\n\n<p>Wyb\u00f3r odpowiedniej baterii s\u0142onecznej mo\u017ce by\u0107 trudny, poniewa\u017c dost\u0119pnych jest kilka typ\u00f3w, z kt\u00f3rych ka\u017cdy ma swoje wady i zalety. Wyb\u00f3r najlepszej baterii s\u0142onecznej zale\u017cy od <strong>bud\u017cet, potrzeby energetyczne, przestrze\u0144 instalacyjna i cele d\u0142ugoterminowe<\/strong>.<\/p>\n\n\n\n<p>W niniejszym przewodniku om\u00f3wiono najpopularniejsze opcje baterii s\u0142onecznych.<strong>Kwasowo-o\u0142owiowe, AGM, \u017celowe i litowo-\u017celazowo-fosforanowe (LiFePO4)<\/strong>-aby pom\u00f3c w podj\u0119ciu w\u0142a\u015bciwej decyzji.<\/p>\n<\/div>\n\n\n\n<h2 class=\"wp-block-heading\">1. Dlaczego potrzebna jest bateria s\u0142oneczna?<\/h2>\n\n\n\n<p>Baterie s\u0142oneczne pozwalaj\u0105 na <strong>przechowywa\u0107 nadmiar <a href=\"https:\/\/ecavix.com\/pl\/\">energia<\/a><\/strong> generowane w ci\u0105gu dnia do wykorzystania w nocy lub podczas przerw w dostawie pr\u0105du. Korzy\u015bci obejmuj\u0105:<\/p>\n\n\n\n<ul class=\"wp-block-list\">\n<li><strong>Niezale\u017cno\u015b\u0107 energetyczna<\/strong>: Zmniejszenie zale\u017cno\u015bci od sieci.<\/li>\n\n\n\n<li><strong>Zasilanie awaryjne<\/strong>: Ochrona przed przerwami w dostawie pr\u0105du i niedoborami mocy.<\/li>\n\n\n\n<li><strong>Oszcz\u0119dno\u015b\u0107 koszt\u00f3w<\/strong>: Magazynowanie energii s\u0142onecznej, gdy jest jej pod dostatkiem, i wykorzystywanie jej podczas szczytowego zapotrzebowania.<\/li>\n\n\n\n<li><strong>Zr\u00f3wnowa\u017cony rozw\u00f3j<\/strong>: Krok w kierunku czystszego, bardziej ekologicznego stylu \u017cycia.<\/li>\n<\/ul>\n\n\n\n<p>Bez akumulatora system solarny dzia\u0142a tylko wtedy, gdy \u015bwieci s\u0142o\u0144ce. Dzi\u0119ki odpowiedniemu akumulatorowi mo\u017cesz cieszy\u0107 si\u0119 <strong>Czysta energia 24\/7<\/strong>.<\/p>\n\n\n\n<p><\/p>\n\n\n<div class=\"wp-block-image\">\n<figure class=\"aligncenter size-large\"><img decoding=\"async\" width=\"1024\" height=\"768\" src=\"https:\/\/ecavix.com\/wp-content\/uploads\/2025\/09\/pexels-photo-9875683-9875683-1024x768.jpg\" alt=\"Energia s\u0142oneczna staje si\u0119 jednym z najszybciej rozwijaj\u0105cych si\u0119 odnawialnych \u017ar\u00f3de\u0142 energii na \u015bwiecie. Poniewa\u017c coraz wi\u0119cej w\u0142a\u015bcicieli dom\u00f3w, firm i u\u017cytkownik\u00f3w poza sieci\u0105 inwestuje w panele s\u0142oneczne, cz\u0119sto pojawia si\u0119 pytanie: kt\u00f3ra bateria s\u0142oneczna jest najlepsza?\" class=\"wp-image-3549\" srcset=\"https:\/\/ecavix.com\/wp-content\/uploads\/2025\/09\/pexels-photo-9875683-9875683-1024x768.jpg 1024w, https:\/\/ecavix.com\/wp-content\/uploads\/2025\/09\/pexels-photo-9875683-9875683-300x225.jpg 300w, https:\/\/ecavix.com\/wp-content\/uploads\/2025\/09\/pexels-photo-9875683-9875683-768x576.jpg 768w, https:\/\/ecavix.com\/wp-content\/uploads\/2025\/09\/pexels-photo-9875683-9875683-1536x1152.jpg 1536w, https:\/\/ecavix.com\/wp-content\/uploads\/2025\/09\/pexels-photo-9875683-9875683-2048x1536.jpg 2048w, https:\/\/ecavix.com\/wp-content\/uploads\/2025\/09\/pexels-photo-9875683-9875683-600x450.jpg 600w\" sizes=\"(max-width: 1024px) 100vw, 1024px\" \/><\/figure>\n<\/div>\n\n\n<p><\/p>\n\n\n\n<h2 class=\"wp-block-heading\">2. Rodzaje baterii s\u0142onecznych<\/h2>\n\n\n\n<h3 class=\"wp-block-heading\">2.1 <a href=\"https:\/\/ecavix.com\/pl\/product-category\/akumulator-mieszkaniowy\/wymiana-kwasu-olowiowego\/\">Akumulatory kwasowo-o\u0142owiowe<\/a><\/h3>\n\n\n\n<p>Akumulatory kwasowo-o\u0142owiowe to <strong>Najstarszy i najbardziej przyst\u0119pny cenowo<\/strong> opcja magazynowania energii s\u0142onecznej.<\/p>\n\n\n\n<ul class=\"wp-block-list\">\n<li><strong>Plusy<\/strong>: Niski koszt pocz\u0105tkowy, powszechnie dost\u0119pna, sprawdzona technologia.<\/li>\n\n\n\n<li><strong>Wady<\/strong>: Kr\u00f3tsza \u017cywotno\u015b\u0107, ni\u017csza wydajno\u015b\u0107, du\u017ca waga, konieczno\u015b\u0107 konserwacji.<\/li>\n\n\n\n<li><strong>Najlepsze dla<\/strong>: Ma\u0142e systemy off-grid z ograniczonym bud\u017cetem.<\/li>\n<\/ul>\n\n\n\n<h3 class=\"wp-block-heading\">2.2 Akumulatory AGM (Absorbent Glass Mat)<\/h3>\n\n\n\n<p>AGM to rodzaj szczelnego akumulatora kwasowo-o\u0142owiowego, kt\u00f3ry jest <strong>bezobs\u0142ugowy<\/strong>.<\/p>\n\n\n\n<ul class=\"wp-block-list\">\n<li><strong>Plusy<\/strong>: Bezpieczniejsze ni\u017c tradycyjne akumulatory kwasowo-o\u0142owiowe, odporne na zalanie, o d\u0142u\u017cszej \u017cywotno\u015bci.<\/li>\n\n\n\n<li><strong>Wady<\/strong>: Nadal ci\u0119\u017cki, kr\u00f3tsza \u017cywotno\u015b\u0107 ni\u017c lit.<\/li>\n\n\n\n<li><strong>Najlepsze dla<\/strong>: RV, \u0142odzie i przechowywanie kopii zapasowych.<\/li>\n<\/ul>\n\n\n\n<h3 class=\"wp-block-heading\">2.3 Akumulatory \u017celowe<\/h3>\n\n\n\n<p>Akumulatory \u017celowe to kolejny szczelny typ akumulator\u00f3w kwasowo-o\u0142owiowych, wykorzystuj\u0105cy elektrolit \u017celowy.<\/p>\n\n\n\n<ul class=\"wp-block-list\">\n<li><strong>Plusy<\/strong>: Dobra wydajno\u015b\u0107 w g\u0142\u0119bokim cyklu, bezpiecze\u0144stwo, minimalna konserwacja.<\/li>\n\n\n\n<li><strong>Wady<\/strong>: Wra\u017cliwy na wysokie szybko\u015bci \u0142adowania\/roz\u0142adowania, nie jest idealny do du\u017cych obci\u0105\u017ce\u0144.<\/li>\n\n\n\n<li><strong>Najlepsze dla<\/strong>: Ma\u0142e instalacje solarne w \u0142agodnym klimacie.<\/li>\n<\/ul>\n\n\n\n<h3 class=\"wp-block-heading\">2.4 Baterie litowo-\u017celazowo-fosforanowe (LiFePO4)<\/h3>\n\n\n\n<p>Akumulatory LiFePO4 s\u0105 <strong>Najbardziej zaawansowany i wydajny<\/strong> opcja magazynowania energii s\u0142onecznej ju\u017c dzi\u015b.<\/p>\n\n\n\n<ul class=\"wp-block-list\">\n<li><strong>Plusy<\/strong>:\n<ul class=\"wp-block-list\">\n<li>D\u0142uga \u017cywotno\u015b\u0107 (ponad 4000-6000 cykli)<\/li>\n\n\n\n<li>Wysoka g\u0119sto\u015b\u0107 energii (lekki, kompaktowy)<\/li>\n\n\n\n<li>Bezpieczna i stabilna chemia<\/li>\n\n\n\n<li>Szybkie \u0142adowanie i roz\u0142adowywanie<\/li>\n\n\n\n<li>Bezobs\u0142ugowy<\/li>\n<\/ul>\n<\/li>\n\n\n\n<li><strong>Wady<\/strong>: Wy\u017cszy koszt pocz\u0105tkowy (ale ta\u0144szy w ca\u0142ym okresie u\u017cytkowania).<\/li>\n\n\n\n<li><strong>Najlepsze dla<\/strong>: Magazynowanie energii w domu, systemy off-grid, kampery, farmy s\u0142oneczne.<\/li>\n<\/ul>\n\n\n\n<p><\/p>\n\n\n\n<div class=\"wp-block-uagb-image uagb-block-ac5c7928 wp-block-uagb-image--layout-default wp-block-uagb-image--effect-static wp-block-uagb-image--align-none\"><figure class=\"wp-block-uagb-image__figure\"><img decoding=\"async\" srcset=\"https:\/\/ecavix.com\/wp-content\/uploads\/2025\/09\/ga05e2a24434298a52720d5252c4bbcfb71a68135adbbc6fbe8a83b9b6dde503f5d7650e9845a7390faaaad16e4cc1d26cf5366e5647080b3df65c1da9cf0b44b_1280-2138992-1024x674.jpg ,https:\/\/ecavix.com\/wp-content\/uploads\/2025\/09\/ga05e2a24434298a52720d5252c4bbcfb71a68135adbbc6fbe8a83b9b6dde503f5d7650e9845a7390faaaad16e4cc1d26cf5366e5647080b3df65c1da9cf0b44b_1280-2138992.jpg 780w, https:\/\/ecavix.com\/wp-content\/uploads\/2025\/09\/ga05e2a24434298a52720d5252c4bbcfb71a68135adbbc6fbe8a83b9b6dde503f5d7650e9845a7390faaaad16e4cc1d26cf5366e5647080b3df65c1da9cf0b44b_1280-2138992.jpg 360w\" sizes=\"auto, (max-width: 480px) 150px\" src=\"https:\/\/ecavix.com\/wp-content\/uploads\/2025\/09\/ga05e2a24434298a52720d5252c4bbcfb71a68135adbbc6fbe8a83b9b6dde503f5d7650e9845a7390faaaad16e4cc1d26cf5366e5647080b3df65c1da9cf0b44b_1280-2138992-1024x674.jpg\" alt=\"fotowoltaika, system fotowoltaiczny, system s\u0142oneczny, energia s\u0142oneczna, ogniwo s\u0142oneczne, wytwarzanie energii, panel s\u0142oneczny, transformacja energetyczna, energia, elektryczno\u015b\u0107, energia s\u0142oneczna, odnawialne, pole s\u0142oneczne, ogniwa s\u0142oneczne, s\u0142o\u0144ce, niebo, napi\u0119cie, natura, technologia, \u015brodowisko, zasilanie, \u015bwiat\u0142o, chmury, energia odnawialna\" class=\"uag-image-3550\" width=\"1024\" height=\"674\" title=\"ga05e2a24434298a52720d5252c4bbcfb71a68135adbbc6fbe8a83b9b6dde503f5d7650e9845a7390faaaad16e4cc1d26cf5366e5647080b3df65c1da9cf0b44b_1280-2138992\" loading=\"lazy\" role=\"img\"\/><\/figure><\/div>\n\n\n\n<p><\/p>\n\n\n\n<h2 class=\"wp-block-heading\">3. Kluczowe czynniki, kt\u00f3re nale\u017cy wzi\u0105\u0107 pod uwag\u0119 przy wyborze baterii s\u0142onecznej<\/h2>\n\n\n\n<h3 class=\"wp-block-heading\">3.1 Pojemno\u015b\u0107 (kWh)<\/h3>\n\n\n\n<p>Pojemno\u015b\u0107 okre\u015bla, ile energii mo\u017ce przechowywa\u0107 bateria. Wi\u0119ksze gospodarstwa domowe lub firmy mog\u0105 potrzebowa\u0107 <strong>10kWh+<\/strong>, podczas gdy kampery lub kabiny mog\u0105 wymaga\u0107 jedynie <strong>2-5 kWh<\/strong>.<\/p>\n\n\n\n<h3 class=\"wp-block-heading\">3.2 G\u0142\u0119boko\u015b\u0107 zrzutu (DoD)<\/h3>\n\n\n\n<p>DoD oznacza, ile pojemno\u015bci akumulatora mo\u017cna wykorzysta\u0107. Akumulatory LiFePO4 oferuj\u0105 do <strong>90-100% DoD<\/strong>, podczas gdy kwasowo-o\u0142owiowy jest zwykle <strong>50%<\/strong>.<\/p>\n\n\n\n<h3 class=\"wp-block-heading\">3.3 \u017bywotno\u015b\u0107 (cykl \u017cycia)<\/h3>\n\n\n\n<p>Liczba cykli \u0142adowania\/roz\u0142adowania akumulatora.<\/p>\n\n\n\n<ul class=\"wp-block-list\">\n<li>Akumulator o\u0142owiowy: ~500-1,000 cykli<\/li>\n\n\n\n<li>AGM\/\u017cel: ~1,000-1,500 cykli<\/li>\n\n\n\n<li>LiFePO4: ~4,000-6,000 cykli<\/li>\n<\/ul>\n\n\n\n<h3 class=\"wp-block-heading\">3.4 Wydajno\u015b\u0107<\/h3>\n\n\n\n<p>Ile zmagazynowanej energii mo\u017cna wykorzysta\u0107.<\/p>\n\n\n\n<ul class=\"wp-block-list\">\n<li>Akumulator o\u0142owiowy: 70-80%<\/li>\n\n\n\n<li>LiFePO4: 95-98%<\/li>\n<\/ul>\n\n\n\n<h3 class=\"wp-block-heading\">3.5 Bezpiecze\u0144stwo<\/h3>\n\n\n\n<p>LiFePO4 jest uwa\u017cany za najbezpieczniejsz\u0105 substancj\u0119 chemiczn\u0105 do przechowywania energii s\u0142onecznej, o doskona\u0142ej stabilno\u015bci termicznej.<\/p>\n\n\n\n<p><\/p>\n\n\n<div class=\"wp-block-image\">\n<figure class=\"aligncenter size-large\"><img decoding=\"async\" width=\"1024\" height=\"768\" src=\"https:\/\/ecavix.com\/wp-content\/uploads\/2025\/09\/pexels-photo-9875439-9875439-1024x768.jpg\" alt=\"Zbli\u017cenie panelu s\u0142onecznego zainstalowanego na dachu pokrytym dach\u00f3wk\u0105, przechwytuj\u0105cego czyst\u0105 energi\u0119.\" class=\"wp-image-3551\" srcset=\"https:\/\/ecavix.com\/wp-content\/uploads\/2025\/09\/pexels-photo-9875439-9875439-1024x768.jpg 1024w, https:\/\/ecavix.com\/wp-content\/uploads\/2025\/09\/pexels-photo-9875439-9875439-300x225.jpg 300w, https:\/\/ecavix.com\/wp-content\/uploads\/2025\/09\/pexels-photo-9875439-9875439-768x576.jpg 768w, https:\/\/ecavix.com\/wp-content\/uploads\/2025\/09\/pexels-photo-9875439-9875439-1536x1152.jpg 1536w, https:\/\/ecavix.com\/wp-content\/uploads\/2025\/09\/pexels-photo-9875439-9875439-2048x1536.jpg 2048w, https:\/\/ecavix.com\/wp-content\/uploads\/2025\/09\/pexels-photo-9875439-9875439-600x450.jpg 600w\" sizes=\"(max-width: 1024px) 100vw, 1024px\" \/><\/figure>\n<\/div>\n\n\n<p><\/p>\n\n\n\n<h2 class=\"wp-block-heading\">4. Najlepsza bateria s\u0142oneczna do r\u00f3\u017cnych zastosowa\u0144<\/h2>\n\n\n\n<ul class=\"wp-block-list\">\n<li><strong>Najlepszy og\u00f3lnie<\/strong>: Akumulator LiFePO4 (d\u0142uga \u017cywotno\u015b\u0107, wydajno\u015b\u0107, bezpiecze\u0144stwo)<\/li>\n\n\n\n<li><strong>Najlepsza opcja bud\u017cetowa<\/strong>: Akumulator kwasowo-o\u0142owiowy (niski koszt pocz\u0105tkowy)<\/li>\n\n\n\n<li><strong>Najlepsze dla kabin poza sieci\u0105\/pojazd\u00f3w kempingowych<\/strong>: Akumulator LiFePO4 (lekki, niezawodny)<\/li>\n\n\n\n<li><strong>Najlepsze dla ma\u0142ych projekt\u00f3w solarnych<\/strong>: Akumulator \u017celowy lub AGM (niedrogi i niewymagaj\u0105cy konserwacji)<\/li>\n\n\n\n<li><strong>Najlepsze dla inwestycji d\u0142ugoterminowych<\/strong>: Akumulator LiFePO4 (najni\u017cszy koszt w ca\u0142ym okresie eksploatacji)<\/li>\n<\/ul>\n\n\n\n<hr class=\"wp-block-separator has-alpha-channel-opacity\"\/>\n\n\n\n<h2 class=\"wp-block-heading\">5. Dlaczego baterie LiFePO4 s\u0105 przysz\u0142o\u015bci\u0105 magazynowania energii s\u0142onecznej<\/h2>\n\n\n\n<p>Podczas gdy akumulatory kwasowo-o\u0142owiowe dominowa\u0142y na rynku w przesz\u0142o\u015bci, trend zmienia si\u0119 w kierunku <strong>Technologia LiFePO4<\/strong> z powodu jego:<\/p>\n\n\n\n<ul class=\"wp-block-list\">\n<li><strong>Trwa\u0142o\u015b\u0107<\/strong> (\u017cywotno\u015b\u0107 ponad 10 lat)<\/li>\n\n\n\n<li><strong>Wysoka wydajno\u015b\u0107<\/strong> (lepsze wykorzystanie energii)<\/li>\n\n\n\n<li><strong>Przyjazno\u015b\u0107 dla \u015brodowiska<\/strong> (brak szkodliwych metali ci\u0119\u017ckich)<\/li>\n\n\n\n<li><strong>Ni\u017cszy koszt na cykl<\/strong> (najta\u0144sze w por\u00f3wnaniu z d\u0142ugotrwa\u0142ym u\u017cytkowaniem)<\/li>\n<\/ul>\n\n\n\n<p>Wiele wiod\u0105cych system\u00f3w magazynowania energii s\u0142onecznej (takich jak alternatywne rozwi\u0105zania Tesla Powerwall) wykorzystuje obecnie <strong>Akumulatory LiFePO4<\/strong>.<\/p>\n\n\n\n<p><\/p>\n\n\n<div class=\"wp-block-image\">\n<figure class=\"aligncenter size-large\"><img decoding=\"async\" width=\"768\" height=\"1024\" src=\"https:\/\/ecavix.com\/wp-content\/uploads\/2025\/09\/pexels-photo-9875407-9875407-768x1024.jpg\" alt=\"Pracownik instaluje panel s\u0142oneczny na dachu budynku mieszkalnego, prezentuj\u0105c technologi\u0119 energii odnawialnej.\" class=\"wp-image-3552\" srcset=\"https:\/\/ecavix.com\/wp-content\/uploads\/2025\/09\/pexels-photo-9875407-9875407-768x1024.jpg 768w, https:\/\/ecavix.com\/wp-content\/uploads\/2025\/09\/pexels-photo-9875407-9875407-225x300.jpg 225w, https:\/\/ecavix.com\/wp-content\/uploads\/2025\/09\/pexels-photo-9875407-9875407-1152x1536.jpg 1152w, https:\/\/ecavix.com\/wp-content\/uploads\/2025\/09\/pexels-photo-9875407-9875407-1536x2048.jpg 1536w, https:\/\/ecavix.com\/wp-content\/uploads\/2025\/09\/pexels-photo-9875407-9875407-600x800.jpg 600w, https:\/\/ecavix.com\/wp-content\/uploads\/2025\/09\/pexels-photo-9875407-9875407-scaled.jpg 1920w\" sizes=\"(max-width: 768px) 100vw, 768px\" \/><\/figure>\n<\/div>\n\n\n<p><\/p>\n\n\n\n<hr class=\"wp-block-separator has-alpha-channel-opacity\"\/>\n\n\n\n<h2 class=\"wp-block-heading\">6. Por\u00f3wnanie koszt\u00f3w (warto\u015b\u0107 w ca\u0142ym okresie u\u017cytkowania)<\/h2>\n\n\n\n<figure class=\"wp-block-table\"><table class=\"has-fixed-layout\"><thead><tr><th>Typ akumulatora<\/th><th>Koszt pocz\u0105tkowy<\/th><th>D\u0142ugo\u015b\u0107 \u017cycia<\/th><th>Koszt za kWh (w ca\u0142ym okresie eksploatacji)<\/th><\/tr><\/thead><tbody><tr><td>Kwas o\u0142owiowy<\/td><td>Niski<\/td><td>3-5 lat<\/td><td>Wysoki<\/td><\/tr><tr><td>WZA<\/td><td>Umiarkowany<\/td><td>4-6 lat<\/td><td>\u015aredni<\/td><\/tr><tr><td>\u017bel<\/td><td>Umiarkowany<\/td><td>5-7 lat<\/td><td>\u015aredni<\/td><\/tr><tr><td>LiFePO4<\/td><td>Wy\u017cszy<\/td><td>10-15 lat<\/td><td>Najni\u017cszy<\/td><\/tr><\/tbody><\/table><\/figure>\n\n\n\n<p>Chocia\u017c <strong>LiFePO4 ma wy\u017csz\u0105 inwestycj\u0119 pocz\u0105tkow\u0105<\/strong>, staje si\u0119 <strong>najbardziej op\u0142acalne<\/strong> opcja w czasie.<\/p>\n\n\n\n<hr class=\"wp-block-separator has-alpha-channel-opacity\"\/>\n\n\n\n<h2 class=\"wp-block-heading\">Wnioski<\/h2>\n\n\n\n<p>Wi\u0119c, <strong>Kt\u00f3ra bateria s\u0142oneczna jest najlepsza?<\/strong><\/p>\n\n\n\n<ul class=\"wp-block-list\">\n<li>Je\u015bli chcesz <strong>najbardziej niezawodna, trwa\u0142a i wydajna opcja<\/strong> \u2192 <strong>Akumulatory LiFePO4<\/strong> s\u0105 najlepszym wyborem.<\/li>\n\n\n\n<li>Je\u015bli jeste\u015b na <strong>napi\u0119ty bud\u017cet<\/strong> i potrzebuj\u0105 tylko kr\u00f3tkotrwa\u0142ego przechowywania \u2192 <strong>kwasowo-o\u0142owiowe lub AGM<\/strong> mo\u017ce dzia\u0142a\u0107.<\/li>\n\n\n\n<li>Dla ka\u017cdego, kto szuka <strong>d\u0142ugoterminowa niezale\u017cno\u015b\u0107 energetyczna<\/strong> oraz <strong>zr\u00f3wnowa\u017cony rozw\u00f3j<\/strong>, LiFePO4 jest zdecydowanym zwyci\u0119zc\u0105.<\/li>\n<\/ul>\n\n\n\n<p>Inwestycja w odpowiedni\u0105 bateri\u0119 s\u0142oneczn\u0105 oznacza co\u015b wi\u0119cej ni\u017c tylko magazynowanie energii - oznacza zasilanie domu, kampera lub firmy za pomoc\u0105 <strong>Czysta, niezawodna i przysz\u0142o\u015bciowa technologia<\/strong>.<\/p>","protected":false},"excerpt":{"rendered":"<p>Introduction Solar energy is becoming one of the fastest-growing renewable power sources in the world. As more homeowners, businesses, and off-grid users invest in solar panels, the question often arises: which solar battery is the best? Choosing the right solar battery can be challenging because there are several types available, each with its pros and&hellip;&nbsp;<a href=\"https:\/\/ecavix.com\/pl\/which-solar-battery-is-the-best-2025-guide\/\" rel=\"bookmark\"><span class=\"screen-reader-text\">Which solar battery is the best &#8211; 2025 Guide<\/span><\/a><\/p>","protected":false},"author":1,"featured_media":3551,"parent":0,"menu_order":0,"comment_status":"closed","ping_status":"closed","template":"","meta":{"_uag_custom_page_level_css":"","neve_meta_sidebar":"","neve_meta_container":"","neve_meta_enable_content_width":"","neve_meta_content_width":0,"neve_meta_title_alignment":"","neve_meta_author_avatar":"","neve_post_elements_order":"","neve_meta_disable_header":"","neve_meta_disable_footer":"","neve_meta_disable_title":"","footnotes":""},"class_list":["post-3548","page","type-page","status-publish","has-post-thumbnail","hentry"],"uagb_featured_image_src":{"full":["https:\/\/ecavix.com\/wp-content\/uploads\/2025\/09\/pexels-photo-9875439-9875439-scaled.jpg",2560,1920,false],"thumbnail":["https:\/\/ecavix.com\/wp-content\/uploads\/2025\/09\/pexels-photo-9875439-9875439-150x150.jpg",150,150,true],"medium":["https:\/\/ecavix.com\/wp-content\/uploads\/2025\/09\/pexels-photo-9875439-9875439-300x225.jpg",300,225,true],"medium_large":["https:\/\/ecavix.com\/wp-content\/uploads\/2025\/09\/pexels-photo-9875439-9875439-768x576.jpg",768,576,true],"large":["https:\/\/ecavix.com\/wp-content\/uploads\/2025\/09\/pexels-photo-9875439-9875439-1024x768.jpg",1024,768,true],"1536x1536":["https:\/\/ecavix.com\/wp-content\/uploads\/2025\/09\/pexels-photo-9875439-9875439-1536x1152.jpg",1536,1152,true],"2048x2048":["https:\/\/ecavix.com\/wp-content\/uploads\/2025\/09\/pexels-photo-9875439-9875439-2048x1536.jpg",2048,1536,true],"trp-custom-language-flag":["https:\/\/ecavix.com\/wp-content\/uploads\/2025\/09\/pexels-photo-9875439-9875439-scaled.jpg",16,12,false],"neve-blog":["https:\/\/ecavix.com\/wp-content\/uploads\/2025\/09\/pexels-photo-9875439-9875439-930x620.jpg",930,620,true],"woocommerce_thumbnail":["https:\/\/ecavix.com\/wp-content\/uploads\/2025\/09\/pexels-photo-9875439-9875439-300x300.jpg",300,300,true],"woocommerce_single":["https:\/\/ecavix.com\/wp-content\/uploads\/2025\/09\/pexels-photo-9875439-9875439-600x450.jpg",600,450,true],"woocommerce_gallery_thumbnail":["https:\/\/ecavix.com\/wp-content\/uploads\/2025\/09\/pexels-photo-9875439-9875439-100x100.jpg",100,100,true]},"uagb_author_info":{"display_name":"solvitaenergylimited@gmail.com","author_link":"https:\/\/ecavix.com\/pl\/author\/solvitaenergylimitedgmail-com\/"},"uagb_comment_info":0,"uagb_excerpt":"Introduction Solar energy is becoming one of the fastest-growing renewable power sources in the world. As more homeowners, businesses, and off-grid users invest in solar panels, the question often arises: which solar battery is the best? Choosing the right solar battery can be challenging because there are several types available, each with its pros and&hellip;&nbsp;Which&hellip;","_links":{"self":[{"href":"https:\/\/ecavix.com\/pl\/wp-json\/wp\/v2\/pages\/3548","targetHints":{"allow":["GET"]}}],"collection":[{"href":"https:\/\/ecavix.com\/pl\/wp-json\/wp\/v2\/pages"}],"about":[{"href":"https:\/\/ecavix.com\/pl\/wp-json\/wp\/v2\/types\/page"}],"author":[{"embeddable":true,"href":"https:\/\/ecavix.com\/pl\/wp-json\/wp\/v2\/users\/1"}],"replies":[{"embeddable":true,"href":"https:\/\/ecavix.com\/pl\/wp-json\/wp\/v2\/comments?post=3548"}],"version-history":[{"count":0,"href":"https:\/\/ecavix.com\/pl\/wp-json\/wp\/v2\/pages\/3548\/revisions"}],"wp:featuredmedia":[{"embeddable":true,"href":"https:\/\/ecavix.com\/pl\/wp-json\/wp\/v2\/media\/3551"}],"wp:attachment":[{"href":"https:\/\/ecavix.com\/pl\/wp-json\/wp\/v2\/media?parent=3548"}],"curies":[{"name":"wp","href":"https:\/\/api.w.org\/{rel}","templated":true}]}}