{"id":2929,"date":"2025-07-30T06:05:26","date_gmt":"2025-07-30T06:05:26","guid":{"rendered":"https:\/\/ecavix.com\/?page_id=2929"},"modified":"2025-07-30T06:23:30","modified_gmt":"2025-07-30T06:23:30","slug":"ecavix-bateria-facebook","status":"publish","type":"page","link":"https:\/\/ecavix.com\/pl\/ecavix-battery-facebook\/","title":{"rendered":"Ecavix-Battery-facebook"},"content":{"rendered":"<div class=\"wp-block-group alignfull is-content-justification-center\" style=\"margin-top:0;margin-bottom:0;padding-top:calc( 0.5 * var(--wp--style--root--padding-right, var(--wp--custom--gap--horizontal)));padding-right:var(--wp--style--root--padding-right, var(--wp--custom--gap--horizontal));padding-bottom:calc( 0.5 * var(--wp--style--root--padding-right, var(--wp--custom--gap--horizontal)));padding-left:var(--wp--style--root--padding-left, var(--wp--custom--gap--horizontal))\"><div class=\"wp-block-group__inner-container is-layout-constrained wp-container-core-group-is-layout-b073b61b wp-block-group-is-layout-constrained\">\n<div style=\"height:calc( 0.25 * var(--wp--style--root--padding-right, var(--wp--custom--gap--horizontal)))\" aria-hidden=\"true\" class=\"wp-block-spacer\"><\/div>\n\n\n\n<div class=\"wp-block-cover is-light\" style=\"margin-top:0;margin-bottom:0;padding-top:3%;padding-right:0%;padding-bottom:10%;padding-left:5%;min-height:600px;aspect-ratio:unset;\"><img decoding=\"async\" width=\"1024\" height=\"322\" class=\"wp-block-cover__image-background wp-image-2831 size-large\" alt=\"\" src=\"https:\/\/ecavix.com\/wp-content\/uploads\/2025\/07\/\u7535\u6c60-1-1024x322.jpg\" data-object-fit=\"cover\" srcset=\"https:\/\/ecavix.com\/wp-content\/uploads\/2025\/07\/\u7535\u6c60-1-1024x322.jpg 1024w, https:\/\/ecavix.com\/wp-content\/uploads\/2025\/07\/\u7535\u6c60-1-300x94.jpg 300w, https:\/\/ecavix.com\/wp-content\/uploads\/2025\/07\/\u7535\u6c60-1-768x242.jpg 768w, https:\/\/ecavix.com\/wp-content\/uploads\/2025\/07\/\u7535\u6c60-1-1536x484.jpg 1536w, https:\/\/ecavix.com\/wp-content\/uploads\/2025\/07\/\u7535\u6c60-1-600x189.jpg 600w, https:\/\/ecavix.com\/wp-content\/uploads\/2025\/07\/\u7535\u6c60-1.jpg 1906w\" sizes=\"(max-width: 1024px) 100vw, 1024px\" \/><span aria-hidden=\"true\" class=\"wp-block-cover__background has-background-dim\" style=\"background-color:#a2b3af\"><\/span><div class=\"wp-block-cover__inner-container is-layout-flow wp-block-cover-is-layout-flow\">\n<h3 class=\"wp-block-heading has-nv-site-bg-color has-text-color has-link-color wp-elements-191d83879e769d1651888b2c38dee2d4\">Ecavix Energy<\/h3>\n\n\n\n<p class=\"has-nv-site-bg-color has-text-color has-link-color wp-elements-b5f900de0f3eef5fe16366eff5d45ad7\"><br><strong>Ecavix Energy<\/strong> profesjonalny producent koncentruj\u0105cy si\u0119 na innowacyjnych\u00a0<strong>Rozwi\u0105zania do magazynowania energii w domu<\/strong>.<\/p>\n\n\n\n<div class=\"wp-block-buttons is-layout-flex wp-block-buttons-is-layout-flex\" style=\"margin-top:var(--wp--preset--spacing--30);margin-bottom:var(--wp--preset--spacing--30)\">\n<div class=\"wp-block-button\"><a class=\"wp-block-button__link has-neve-link-hover-color-background-color has-background has-text-align-center wp-element-button\" href=\"https:\/\/ecavix.com\/pl\/products\/\">Wszystkie produkty<\/a><\/div>\n<\/div>\n<\/div><\/div>\n\n\n\n<div style=\"height:calc( 0.25 * var(--wp--style--root--padding-right, var(--wp--custom--gap--horizontal)))\" aria-hidden=\"true\" class=\"wp-block-spacer\"><\/div>\n<\/div><\/div>\n\n\n\n<p><\/p>\n\n\n\n<div class=\"wp-block-uagb-container uagb-block-415fc575 alignfull uagb-is-root-container\"><div class=\"uagb-container-inner-blocks-wrap\">\n<div class=\"wp-block-uagb-container uagb-block-c14f9f43\">\n<div class=\"wp-block-uagb-image uagb-block-692a5d5e wp-block-uagb-image--layout-default wp-block-uagb-image--effect-static wp-block-uagb-image--align-none\"><figure class=\"wp-block-uagb-image__figure\"><img decoding=\"async\" srcset=\"https:\/\/ecavix.com\/wp-content\/uploads\/2025\/07\/PF173-280A.jpg ,https:\/\/ecavix.com\/wp-content\/uploads\/2025\/07\/PF173-280A.jpg 780w, https:\/\/ecavix.com\/wp-content\/uploads\/2025\/07\/PF173-280A.jpg 360w\" sizes=\"auto, (max-width: 480px) 150px\" src=\"https:\/\/ecavix.com\/wp-content\/uploads\/2025\/07\/PF173-280A.jpg\" alt=\"\" class=\"uag-image-2838\" width=\"580\" height=\"610\" title=\"PF173-280A\" loading=\"lazy\" role=\"img\"\/><\/figure><\/div>\n<\/div>\n\n\n\n<div class=\"wp-block-uagb-container uagb-block-e6d368c9\">\n<div class=\"wp-block-uagb-image uagb-block-aa4efea7 wp-block-uagb-image--layout-default wp-block-uagb-image--effect-static wp-block-uagb-image--align-none\"><figure class=\"wp-block-uagb-image__figure\"><img decoding=\"async\" srcset=\"https:\/\/ecavix.com\/wp-content\/uploads\/2025\/07\/Wall-Mount-Lifepo4-Battery-ESS-DL-LFP-HW48200-10.jpg ,https:\/\/ecavix.com\/wp-content\/uploads\/2025\/07\/Wall-Mount-Lifepo4-Battery-ESS-DL-LFP-HW48200-10.jpg 780w, https:\/\/ecavix.com\/wp-content\/uploads\/2025\/07\/Wall-Mount-Lifepo4-Battery-ESS-DL-LFP-HW48200-10.jpg 360w\" sizes=\"auto, (max-width: 480px) 150px\" src=\"https:\/\/ecavix.com\/wp-content\/uploads\/2025\/07\/Wall-Mount-Lifepo4-Battery-ESS-DL-LFP-HW48200-10.jpg\" alt=\"\" class=\"uag-image-2695\" width=\"1000\" height=\"1000\" title=\"Wall-Mount-Lifepo4-Battery-ESS-DL-LFP-HW48200-10\" loading=\"lazy\" role=\"img\"\/><\/figure><\/div>\n<\/div>\n\n\n\n<div class=\"wp-block-uagb-container uagb-block-6a19bc2d\">\n<div class=\"wp-block-uagb-image uagb-block-f17b783e wp-block-uagb-image--layout-default wp-block-uagb-image--effect-static wp-block-uagb-image--align-none\"><figure class=\"wp-block-uagb-image__figure\"><img decoding=\"async\" srcset=\"https:\/\/ecavix.com\/wp-content\/uploads\/2025\/07\/36V-105Ah-Lifepo4-Golf-Cart-Battery-Pack-1024x1024.webp ,https:\/\/ecavix.com\/wp-content\/uploads\/2025\/07\/36V-105Ah-Lifepo4-Golf-Cart-Battery-Pack.webp 780w, https:\/\/ecavix.com\/wp-content\/uploads\/2025\/07\/36V-105Ah-Lifepo4-Golf-Cart-Battery-Pack.webp 360w\" sizes=\"auto, (max-width: 480px) 150px\" src=\"https:\/\/ecavix.com\/wp-content\/uploads\/2025\/07\/36V-105Ah-Lifepo4-Golf-Cart-Battery-Pack-1024x1024.webp\" alt=\"\" class=\"uag-image-2729\" width=\"1024\" height=\"1024\" title=\"36V-105Ah-Lifepo4-Golf-Cart-Battery-Pack\" loading=\"lazy\" role=\"img\"\/><\/figure><\/div>\n<\/div>\n\n\n\n<div class=\"wp-block-uagb-container uagb-block-ff39d4da\">\n<div class=\"wp-block-uagb-image uagb-block-7c9b6f20 wp-block-uagb-image--layout-default wp-block-uagb-image--effect-static wp-block-uagb-image--align-none\"><figure class=\"wp-block-uagb-image__figure\"><img decoding=\"async\" srcset=\"https:\/\/ecavix.com\/wp-content\/uploads\/2025\/07\/12v-100ah-lfp-battery-snr1210043219467469.jpg ,https:\/\/ecavix.com\/wp-content\/uploads\/2025\/07\/12v-100ah-lfp-battery-snr1210043219467469.jpg 780w, https:\/\/ecavix.com\/wp-content\/uploads\/2025\/07\/12v-100ah-lfp-battery-snr1210043219467469.jpg 360w\" sizes=\"auto, (max-width: 480px) 150px\" src=\"https:\/\/ecavix.com\/wp-content\/uploads\/2025\/07\/12v-100ah-lfp-battery-snr1210043219467469.jpg\" alt=\"\" class=\"uag-image-2659\" width=\"567\" height=\"567\" title=\"12v-100ah-lfp-battery-snr1210043219467469\" loading=\"lazy\" role=\"img\"\/><\/figure><\/div>\n<\/div>\n<\/div><\/div>\n\n\n\n<div class=\"wp-block-uagb-container uagb-block-ff4f8692 alignfull uagb-is-root-container\">\n<div class=\"wp-block-uagb-container uagb-block-691e0326\">\n<h2 id=\"wp-block-themeisle-blocks-advanced-heading-9c0b64c0\" class=\"wp-block-themeisle-blocks-advanced-heading wp-block-themeisle-blocks-advanced-heading-9c0b64c0\">O NAS<\/h2>\n\n\n\n<div id=\"wp-block-themeisle-blocks-advanced-heading-82678f6c\" class=\"wp-block-themeisle-blocks-advanced-heading wp-block-themeisle-blocks-advanced-heading-82678f6c\">Ecavix Energy to profesjonalny producent koncentruj\u0105cy si\u0119 na innowacyjnych rozwi\u0105zaniach.\u00a0<strong>Rozwi\u0105zania do magazynowania energii w domu<\/strong>. Dzi\u0119ki ponad dziesi\u0119cioletniemu do\u015bwiadczeniu w bran\u017cy nowych \u017ar\u00f3de\u0142 energii, jeste\u015bmy zaanga\u017cowani w dostarczanie niezawodnych, wysokowydajnych system\u00f3w akumulatorowych do zastosowa\u0144 domowych i lekkich zastosowa\u0144 mobilnych.<br>Nasza linia produkt\u00f3w obejmuje:<br>Pe\u0142ny zakres\u00a0<strong>Baterie do magazynowania energii w domu<\/strong>zbudowany z\u00a0<strong>Zupe\u0142nie nowe ogniwa litowe klasy A<\/strong>\u00a0Trwa\u0142o\u015b\u0107 i wydajno\u015b\u0107\u00a0<strong>Akumulatory do rower\u00f3w elektrycznych<\/strong> .Dostosowane\u00a0<strong>Rozwi\u0105zania akumulatorowe OEM\/ODM<\/strong>\u00a0dla globalnych partner\u00f3wDzi\u0119ki\u00a0<strong>wykwalifikowany zesp\u00f3\u0142 badawczo-rozwojowy i in\u017cynieryjny<\/strong>Ecavix Energy jest w stanie dostarcza\u0107 produkty do magazynowania energii dostosowane do zr\u00f3\u017cnicowanych potrzeb rynku. Nasze baterie s\u0105 szeroko\u00a0<strong>eksportowane do Europy i Ameryki P\u00f3\u0142nocnej<\/strong>zaufane ze wzgl\u0119du na ich bezpiecze\u0144stwo, wydajno\u015b\u0107 i d\u0142ug\u0105 \u017cywotno\u015b\u0107.<br>Pomagamy rodzinom i spo\u0142eczno\u015bciom w d\u0105\u017ceniu do niezale\u017cno\u015bci energetycznej - w spos\u00f3b wydajny, zr\u00f3wnowa\u017cony i inteligentny.<\/div>\n<\/div>\n\n\n\n<div class=\"wp-block-uagb-container uagb-block-36cef292\">\n<div class=\"wp-block-uagb-image uagb-block-af930144 wp-block-uagb-image--layout-default wp-block-uagb-image--effect-static wp-block-uagb-image--align-none\"><figure class=\"wp-block-uagb-image__figure\"><img decoding=\"async\" srcset=\"https:\/\/ecavix.com\/wp-content\/uploads\/2025\/07\/Delongtop-Battery-Factory.jpg ,https:\/\/ecavix.com\/wp-content\/uploads\/2025\/07\/Delongtop-Battery-Factory.jpg 780w, https:\/\/ecavix.com\/wp-content\/uploads\/2025\/07\/Delongtop-Battery-Factory.jpg 360w\" sizes=\"auto, (max-width: 480px) 150px\" src=\"https:\/\/ecavix.com\/wp-content\/uploads\/2025\/07\/Delongtop-Battery-Factory.jpg\" alt=\"\" class=\"uag-image-2746\" width=\"421\" height=\"289\" title=\"Delongtop-Battery-Factory\" loading=\"lazy\" role=\"img\"\/><\/figure><\/div>\n<\/div>\n<\/div>\n\n\n\n<p><\/p>\n\n\n\n<div class=\"wp-block-uagb-container uagb-block-31b1a1fe alignfull uagb-is-root-container\">\n<h2 id=\"wp-block-themeisle-blocks-advanced-heading-99f91207\" class=\"wp-block-themeisle-blocks-advanced-heading wp-block-themeisle-blocks-advanced-heading-99f91207\">Certyfikaty Ecavix Energy gwarantuj\u0105 jako\u015b\u0107 baterii<\/h2>\n\n\n\n<div id=\"wp-block-themeisle-blocks-advanced-heading-21766dcd\" class=\"wp-block-themeisle-blocks-advanced-heading wp-block-themeisle-blocks-advanced-heading-21766dcd\">Ecavix Energy \u015bci\u015ble kontroluje proces produkcji, zapewniaj\u0105c stabilno\u015b\u0107 i niezawodno\u015b\u0107 baterii. Wszystkie akumulatory spe\u0142niaj\u0105 mi\u0119dzynarodowe certyfikaty bezpiecze\u0144stwa, w tym CB, KC, PSE, CE, IEC, ISO, MSDS i UN38.3.<\/div>\n\n\n\n<div class=\"wp-block-uagb-image uagb-block-a81a2752 wp-block-uagb-image--layout-default wp-block-uagb-image--effect-static wp-block-uagb-image--align-none\"><figure class=\"wp-block-uagb-image__figure\"><img decoding=\"async\" srcset=\"https:\/\/ecavix.com\/wp-content\/uploads\/2025\/07\/Lithium-Battery-Certification-1024x427.webp ,https:\/\/ecavix.com\/wp-content\/uploads\/2025\/07\/Lithium-Battery-Certification.webp 780w, https:\/\/ecavix.com\/wp-content\/uploads\/2025\/07\/Lithium-Battery-Certification.webp 360w\" sizes=\"auto, (max-width: 480px) 150px\" src=\"https:\/\/ecavix.com\/wp-content\/uploads\/2025\/07\/Lithium-Battery-Certification-1024x427.webp\" alt=\"\" class=\"uag-image-1944\" width=\"1024\" height=\"427\" title=\"Certyfikacja baterii litowych\" loading=\"lazy\" role=\"img\"\/><\/figure><\/div>\n<\/div>","protected":false},"excerpt":{"rendered":"","protected":false},"author":1,"featured_media":0,"parent":0,"menu_order":0,"comment_status":"closed","ping_status":"closed","template":"","meta":{"_uag_custom_page_level_css":"","neve_meta_sidebar":"","neve_meta_container":"","neve_meta_enable_content_width":"","neve_meta_content_width":0,"neve_meta_title_alignment":"","neve_meta_author_avatar":"","neve_post_elements_order":"","neve_meta_disable_header":"","neve_meta_disable_footer":"","neve_meta_disable_title":"","footnotes":""},"class_list":["post-2929","page","type-page","status-publish","hentry"],"uagb_featured_image_src":{"full":false,"thumbnail":false,"medium":false,"medium_large":false,"large":false,"1536x1536":false,"2048x2048":false,"trp-custom-language-flag":false,"neve-blog":false,"woocommerce_thumbnail":false,"woocommerce_single":false,"woocommerce_gallery_thumbnail":false},"uagb_author_info":{"display_name":"solvitaenergylimited@gmail.com","author_link":"https:\/\/ecavix.com\/pl\/author\/solvitaenergylimitedgmail-com\/"},"uagb_comment_info":0,"uagb_excerpt":null,"_links":{"self":[{"href":"https:\/\/ecavix.com\/pl\/wp-json\/wp\/v2\/pages\/2929","targetHints":{"allow":["GET"]}}],"collection":[{"href":"https:\/\/ecavix.com\/pl\/wp-json\/wp\/v2\/pages"}],"about":[{"href":"https:\/\/ecavix.com\/pl\/wp-json\/wp\/v2\/types\/page"}],"author":[{"embeddable":true,"href":"https:\/\/ecavix.com\/pl\/wp-json\/wp\/v2\/users\/1"}],"replies":[{"embeddable":true,"href":"https:\/\/ecavix.com\/pl\/wp-json\/wp\/v2\/comments?post=2929"}],"version-history":[{"count":0,"href":"https:\/\/ecavix.com\/pl\/wp-json\/wp\/v2\/pages\/2929\/revisions"}],"wp:attachment":[{"href":"https:\/\/ecavix.com\/pl\/wp-json\/wp\/v2\/media?parent=2929"}],"curies":[{"name":"wp","href":"https:\/\/api.w.org\/{rel}","templated":true}]}}