{"id":3246,"date":"2025-08-18T02:24:49","date_gmt":"2025-08-18T02:24:49","guid":{"rendered":"https:\/\/ecavix.com\/?post_type=product&#038;p=3246"},"modified":"2025-08-18T07:01:33","modified_gmt":"2025-08-18T07:01:33","slug":"ecavix-25-6v-100ah-plomb-acide-de-remplacement","status":"publish","type":"product","link":"https:\/\/ecavix.com\/fr\/product\/ecavix-25-6v-100ah-lead-acid-replacement\/","title":{"rendered":"Ecavix 25.6v 100ah Lead Acid Replacement"},"content":{"rendered":"<br \/>\n<h1>Ecavix 25.6v 100ah Lead Acid Replacement<\/h1>\n<div class=\"section\">\n<p>Le <span class=\"highlight\">Ecavix 25.6v 100ah Lead Acid Replacement<\/span> est con\u00e7ue pour offrir une densit\u00e9 d'\u00e9nergie \u00e9lev\u00e9e, une grande s\u00e9curit\u00e9 et une longue dur\u00e9e de vie. Dot\u00e9e d'un comportement \u00e9lectrochimique stable et d'une r\u00e9silience thermique, elle fonctionne de mani\u00e8re fiable dans des environnements exigeants. Elle est id\u00e9ale pour une large gamme d'applications, notamment les balayeuses, les v\u00e9hicules de loisirs, les chariots \u00e9l\u00e9vateurs, les yachts, les v\u00e9hicules autoguid\u00e9s, etc.<\/p>\n<\/p><\/div>\n<h2>Caract\u00e9ristiques principales<\/h2>\n<ul>\n<li>La chimie avanc\u00e9e du LiFePO4 offre une grande stabilit\u00e9 thermique et chimique.<\/li>\n<li>Syst\u00e8me BMS interne pour une protection compl\u00e8te contre les surcharges, les d\u00e9charges excessives, les pointes de courant et les fluctuations de temp\u00e9rature.<\/li>\n<li>Longue dur\u00e9e de vie - plus de 3000 cycles \u00e0 une profondeur de d\u00e9charge de 80%.<\/li>\n<li>La tension de d\u00e9charge stable garantit une puissance constante jusqu'\u00e0 ce que la batterie soit compl\u00e8tement vid\u00e9e.<\/li>\n<li>Sans m\u00e9taux toxiques - sans danger pour l'environnement et recyclable.<\/li>\n<li>La conception compacte et \u00e0 haute int\u00e9gration permet d'\u00e9conomiser l'espace d'installation.<\/li>\n<li>Fonctionnement sans entretien et sans effet de m\u00e9moire.<\/li>\n<\/ul>\n<h2>Ecavix 25.6v 100ah Lead Acid Replacement Applications<\/h2>\n<ul>\n<li>Balayeuses et aspirateurs<\/li>\n<li>V\u00e9hicules de loisirs et camping-cars<\/li>\n<li>Chariots \u00e9l\u00e9vateurs et AGV<\/li>\n<li>Yachts et \u00e9quipements marins<\/li>\n<li>V\u00e9hicules \u00e9lectriques \u00e0 trois ou quatre roues<\/li>\n<li>Syst\u00e8mes de stockage d'\u00e9nergie hors r\u00e9seau<\/li>\n<\/ul>\n<h2>Sp\u00e9cifications techniques<\/h2>\n<table>\n<tr>\n<th>Marque<\/th>\n<td>Ecavix<\/td>\n<\/tr>\n<tr>\n<th>Capacit\u00e9 de la batterie<\/th>\n<td>2560Wh<\/td>\n<\/tr>\n<tr>\n<th>Tension de la batterie<\/th>\n<td>25.6V<\/td>\n<\/tr>\n<tr>\n<th>Capacit\u00e9 de la batterie<\/th>\n<td>100Ah<\/td>\n<\/tr>\n<tr>\n<th>Technologie cellulaire<\/th>\n<td>LiFePO4<\/td>\n<\/tr>\n<tr>\n<th>Fonctionnement de la vie<\/th>\n<td>10 ans et plus<\/td>\n<\/tr>\n<tr>\n<th>Dur\u00e9e du cycle de fonctionnement<\/th>\n<td>Plus de 3000 fois<\/td>\n<\/tr>\n<tr>\n<th>Configuration d'un seul paquet<\/th>\n<td>8 cellules en s\u00e9rie<\/td>\n<\/tr>\n<tr>\n<th>Tension limite du chargeur<\/th>\n<td>29.2V<\/td>\n<\/tr>\n<tr>\n<th>Tension de coupure de la d\u00e9charge<\/th>\n<td>20V<\/td>\n<\/tr>\n<tr>\n<th>Courant de charge du bloc-batterie (max.)<\/th>\n<td>50A<\/td>\n<\/tr>\n<tr>\n<th>Courant de d\u00e9charge de la batterie (max.)<\/th>\n<td>100A<\/td>\n<\/tr>\n<tr>\n<th>Temp\u00e9rature de charge<\/th>\n<td>0~65\u2103<\/td>\n<\/tr>\n<tr>\n<th>Temp\u00e9rature de refoulement<\/th>\n<td>-20~65\u2103<\/td>\n<\/tr>\n<tr>\n<th>Parall\u00e8le\/S\u00e9rie<\/th>\n<td>Soutenu<\/td>\n<\/tr>\n<tr>\n<th>Type de montage<\/th>\n<td>Installation gratuite<\/td>\n<\/tr>\n<tr>\n<th>Poids<\/th>\n<td>28Kg<\/td>\n<\/tr>\n<tr>\n<th>Dimensions<\/th>\n<td>L405 \u00d7 L345 \u00d7 H163 mm<\/td>\n<\/tr>\n<tr>\n<th>Certificats<\/th>\n<td>CE, ROHS, UN38.3, MSDS<\/td>\n<\/tr>\n<\/table>","protected":false},"excerpt":{"rendered":"<p>La batterie Ecavix 25.6v 100ah Lead Acid Replacement offre une haute densit\u00e9 d'\u00e9nergie, une excellente s\u00e9curit\u00e9, une longue dur\u00e9e de vie et est id\u00e9ale pour les v\u00e9hicules de loisirs, les chariots \u00e9l\u00e9vateurs \u00e0 fourche, les yachts et les balayeuses.<\/p>","protected":false},"featured_media":3268,"comment_status":"closed","ping_status":"closed","template":"","meta":{"_uag_custom_page_level_css":"","neve_meta_sidebar":"","neve_meta_container":"","neve_meta_enable_content_width":"off","neve_meta_content_width":100,"neve_meta_title_alignment":"","neve_meta_author_avatar":"","neve_post_elements_order":"","neve_meta_disable_header":"","neve_meta_disable_footer":"","neve_meta_disable_title":""},"product_brand":[],"product_cat":[81,82],"product_tag":[],"class_list":{"0":"post-3246","1":"product","2":"type-product","3":"status-publish","4":"has-post-thumbnail","6":"product_cat-lead-acid-replacement","7":"product_cat-residential-storage-battery","9":"first","10":"instock","11":"shipping-taxable","12":"product-type-simple"},"uagb_featured_image_src":{"full":["https:\/\/ecavix.com\/wp-content\/uploads\/2025\/08\/DSC_5533-1-scaled.jpg",2560,1844,false],"thumbnail":["https:\/\/ecavix.com\/wp-content\/uploads\/2025\/08\/DSC_5533-1-150x150.jpg",150,150,true],"medium":["https:\/\/ecavix.com\/wp-content\/uploads\/2025\/08\/DSC_5533-1-300x216.jpg",300,216,true],"medium_large":["https:\/\/ecavix.com\/wp-content\/uploads\/2025\/08\/DSC_5533-1-768x553.jpg",768,553,true],"large":["https:\/\/ecavix.com\/wp-content\/uploads\/2025\/08\/DSC_5533-1-1024x738.jpg",1024,738,true],"1536x1536":["https:\/\/ecavix.com\/wp-content\/uploads\/2025\/08\/DSC_5533-1-1536x1107.jpg",1536,1107,true],"2048x2048":["https:\/\/ecavix.com\/wp-content\/uploads\/2025\/08\/DSC_5533-1-2048x1475.jpg",2048,1475,true],"trp-custom-language-flag":["https:\/\/ecavix.com\/wp-content\/uploads\/2025\/08\/DSC_5533-1-scaled.jpg",18,12,false],"neve-blog":["https:\/\/ecavix.com\/wp-content\/uploads\/2025\/08\/DSC_5533-1-930x620.jpg",930,620,true],"woocommerce_thumbnail":["https:\/\/ecavix.com\/wp-content\/uploads\/2025\/08\/DSC_5533-1-300x300.jpg",300,300,true],"woocommerce_single":["https:\/\/ecavix.com\/wp-content\/uploads\/2025\/08\/DSC_5533-1-600x432.jpg",600,432,true],"woocommerce_gallery_thumbnail":["https:\/\/ecavix.com\/wp-content\/uploads\/2025\/08\/DSC_5533-1-100x100.jpg",100,100,true]},"uagb_author_info":{"display_name":"solvitaenergylimited@gmail.com","author_link":"https:\/\/ecavix.com\/fr\/author\/"},"uagb_comment_info":0,"uagb_excerpt":"Ecavix 25.6v 100ah Lead Acid Replacement offers high energy density, excellent safety, long cycle life, and is ideal for RVs, forklifts, yachts, and sweepers.","_links":{"self":[{"href":"https:\/\/ecavix.com\/fr\/wp-json\/wp\/v2\/product\/3246","targetHints":{"allow":["GET"]}}],"collection":[{"href":"https:\/\/ecavix.com\/fr\/wp-json\/wp\/v2\/product"}],"about":[{"href":"https:\/\/ecavix.com\/fr\/wp-json\/wp\/v2\/types\/product"}],"replies":[{"embeddable":true,"href":"https:\/\/ecavix.com\/fr\/wp-json\/wp\/v2\/comments?post=3246"}],"wp:featuredmedia":[{"embeddable":true,"href":"https:\/\/ecavix.com\/fr\/wp-json\/wp\/v2\/media\/3268"}],"wp:attachment":[{"href":"https:\/\/ecavix.com\/fr\/wp-json\/wp\/v2\/media?parent=3246"}],"wp:term":[{"taxonomy":"product_brand","embeddable":true,"href":"https:\/\/ecavix.com\/fr\/wp-json\/wp\/v2\/product_brand?post=3246"},{"taxonomy":"product_cat","embeddable":true,"href":"https:\/\/ecavix.com\/fr\/wp-json\/wp\/v2\/product_cat?post=3246"},{"taxonomy":"product_tag","embeddable":true,"href":"https:\/\/ecavix.com\/fr\/wp-json\/wp\/v2\/product_tag?post=3246"}],"curies":[{"name":"wp","href":"https:\/\/api.w.org\/{rel}","templated":true}]}}