{"id":3076,"date":"2025-08-05T08:44:08","date_gmt":"2025-08-05T08:44:08","guid":{"rendered":"https:\/\/ecavix.com\/?post_type=product&#038;p=3076"},"modified":"2025-08-12T06:33:14","modified_gmt":"2025-08-12T06:33:14","slug":"batterie-domestique-empilable-48-v-512-v-100-ah-5-kwh","status":"publish","type":"product","link":"https:\/\/ecavix.com\/fr\/product\/48v-51-2v-100ah-5kwh-stackable-home-battery\/","title":{"rendered":"Batterie lithium empilable 48V\/51.2v 100ah"},"content":{"rendered":"<br \/>\n<h1>Batterie lithium empilable 48V\/51.2v 100ah<\/h1>\n<p>Pour les syst\u00e8mes de stockage d'\u00e9nergie solaire domestiques ESS<\/p>\n<div class=\"container\">\n<h2>Aper\u00e7u du produit<\/h2>\n<p>\n    La batterie domestique empilable de 5,12 kWh produite par Ecavix prend en charge l'utilisation en parall\u00e8le.<br \/>\n    Il est possible de connecter jusqu'\u00e0 cinq batteries de 5,12 kWh pour atteindre une capacit\u00e9 totale de 25 kWh.<br \/>\n    Cette conception modulaire garantit flexibilit\u00e9 et adaptabilit\u00e9 pour r\u00e9pondre \u00e0 divers besoins en mati\u00e8re de stockage d'\u00e9nergie.\n  <\/p>\n<h2>Configurations de batteries empilables<\/h2>\n<ul>\n<li>Batterie domestique empilable x 1P \u2013 51,2 V 100 Ah \u2013 5,12 kWh<\/li>\n<li>Batterie domestique empilable x 2P \u2013 51,2 V 200 Ah \u2013 10,24 kWh<\/li>\n<li>Batterie domestique empilable x 3P \u2013 51,2 V 300 Ah \u2013 15,36 kWh<\/li>\n<li>Batterie domestique empilable x 4P \u2013 51,2 V 400 Ah \u2013 20,48 kWh<\/li>\n<li>Batterie domestique empilable x 5P \u2013 51,2 V 500 Ah \u2013 25,6 kWh<\/li>\n<\/ul>\n<h2>Principaux avantages<\/h2>\n<ul>\n<li>Conception empilable et mobile pour un gain de place<\/li>\n<li>Con\u00e7u avec des cellules LiFePO4 de cat\u00e9gorie A et garanti 10 ans<\/li>\n<li>Plus de 6 500 cycles de vie en profondeur et une dur\u00e9e de vie de plus de 12 ans<\/li>\n<li>Syst\u00e8me de gestion intelligent pour les surtensions, les surintensit\u00e9s, les surcharges, etc.<\/li>\n<li>Prend en charge les communications RS485, CAN et WiFi<\/li>\n<li>Extensible en parall\u00e8le jusqu'\u00e0 25,6 kWh<\/li>\n<li>Personnalisable par une \u00e9quipe d'ing\u00e9nieurs professionnels<\/li>\n<\/ul>\n<h2>Syst\u00e8me de gestion de batterie intelligent int\u00e9gr\u00e9<\/h2>\n<p>\n    Le syst\u00e8me intelligent int\u00e9gr\u00e9 de gestion de batterie (BMS) assure une protection en temps r\u00e9el.<br \/>\n    contre les surtensions, les surintensit\u00e9s, les d\u00e9charges excessives, les surchauffes et autres anomalies.\n  <\/p>\n<h2>Conception de batterie mobile<\/h2>\n<p>\n    La conception empilable comprend des roulettes mont\u00e9es sous le meuble pour faciliter son d\u00e9placement \u00e0 l'int\u00e9rieur.<br \/>\n    L'\u00e9cran LCD int\u00e9gr\u00e9 permet de surveiller et de g\u00e9rer la batterie en temps r\u00e9el.\n  <\/p>\n<h2>Sc\u00e9narios d'application<\/h2>\n<ul>\n<li>Stockage d'\u00e9nergie domestique<\/li>\n<li>Syst\u00e8mes de stockage de l'\u00e9nergie solaire<\/li>\n<li>Stockage commercial d'\u00e9nergie<\/li>\n<li>Syst\u00e8mes UPS<\/li>\n<li>Centres de t\u00e9l\u00e9communications et stations de t\u00e9l\u00e9communications<\/li>\n<li>Infrastructure \u00e9lectrique<\/li>\n<\/ul>\n<p class=\"note\">\n    Une vid\u00e9o de d\u00e9monstration est disponible pour montrer le fonctionnement des batteries empilables Ecavix lorsqu'elles sont connect\u00e9es \u00e0 un onduleur.\n  <\/p>\n<\/div>","protected":false},"excerpt":{"rendered":"<p>Batterie lithium empilable 48 V\/51,2 V 100 Ah pour syst\u00e8me de stockage d'\u00e9nergie solaire domestique ESS Ecavix. La batterie domestique empilable de 5,12 kWh produite par Ecavix prend en charge une utilisation en parall\u00e8le.<br \/>\n    Il est possible de connecter jusqu'\u00e0 cinq batteries de 5,12 kWh pour atteindre une capacit\u00e9 totale de 25 kWh.<br \/>\n    Cette conception modulaire garantit flexibilit\u00e9 et adaptabilit\u00e9 pour r\u00e9pondre \u00e0 divers besoins en mati\u00e8re de stockage d'\u00e9nergie.<\/p>","protected":false},"featured_media":3077,"comment_status":"closed","ping_status":"closed","template":"","meta":{"_uag_custom_page_level_css":"","neve_meta_sidebar":"","neve_meta_container":"","neve_meta_enable_content_width":"off","neve_meta_content_width":100,"neve_meta_title_alignment":"","neve_meta_author_avatar":"","neve_post_elements_order":"","neve_meta_disable_header":"","neve_meta_disable_footer":"","neve_meta_disable_title":""},"product_brand":[],"product_cat":[82,86],"product_tag":[],"class_list":{"0":"post-3076","1":"product","2":"type-product","3":"status-publish","4":"has-post-thumbnail","6":"product_cat-residential-storage-battery","7":"product_cat-stacked-battery-residential-storage-battery","9":"first","10":"instock","11":"shipping-taxable","12":"product-type-simple"},"uagb_featured_image_src":{"full":["https:\/\/ecavix.com\/wp-content\/uploads\/2025\/08\/Stackable-Home-Battery-HS51100-05-.jpg",1000,1000,false],"thumbnail":["https:\/\/ecavix.com\/wp-content\/uploads\/2025\/08\/Stackable-Home-Battery-HS51100-05--150x150.jpg",150,150,true],"medium":["https:\/\/ecavix.com\/wp-content\/uploads\/2025\/08\/Stackable-Home-Battery-HS51100-05--300x300.jpg",300,300,true],"medium_large":["https:\/\/ecavix.com\/wp-content\/uploads\/2025\/08\/Stackable-Home-Battery-HS51100-05--768x768.jpg",768,768,true],"large":["https:\/\/ecavix.com\/wp-content\/uploads\/2025\/08\/Stackable-Home-Battery-HS51100-05-.jpg",1000,1000,false],"1536x1536":["https:\/\/ecavix.com\/wp-content\/uploads\/2025\/08\/Stackable-Home-Battery-HS51100-05-.jpg",1000,1000,false],"2048x2048":["https:\/\/ecavix.com\/wp-content\/uploads\/2025\/08\/Stackable-Home-Battery-HS51100-05-.jpg",1000,1000,false],"trp-custom-language-flag":["https:\/\/ecavix.com\/wp-content\/uploads\/2025\/08\/Stackable-Home-Battery-HS51100-05-.jpg",12,12,false],"neve-blog":["https:\/\/ecavix.com\/wp-content\/uploads\/2025\/08\/Stackable-Home-Battery-HS51100-05--930x620.jpg",930,620,true],"woocommerce_thumbnail":["https:\/\/ecavix.com\/wp-content\/uploads\/2025\/08\/Stackable-Home-Battery-HS51100-05--300x300.jpg",300,300,true],"woocommerce_single":["https:\/\/ecavix.com\/wp-content\/uploads\/2025\/08\/Stackable-Home-Battery-HS51100-05--600x600.jpg",600,600,true],"woocommerce_gallery_thumbnail":["https:\/\/ecavix.com\/wp-content\/uploads\/2025\/08\/Stackable-Home-Battery-HS51100-05--100x100.jpg",100,100,true]},"uagb_author_info":{"display_name":"solvitaenergylimited@gmail.com","author_link":"https:\/\/ecavix.com\/fr\/author\/"},"uagb_comment_info":0,"uagb_excerpt":"Stackable Lithium Battery 48V\/51.2v 100ah for Ecavix Home Solar Energy Storage System ESS, The 5.12kWh stackable home battery produced by Ecavix supports parallel use. Up to five 5.12kWh batteries can be connected to reach a total capacity of 25kWh. This modular design ensures flexibility and adaptability for various energy storage needs.","_links":{"self":[{"href":"https:\/\/ecavix.com\/fr\/wp-json\/wp\/v2\/product\/3076","targetHints":{"allow":["GET"]}}],"collection":[{"href":"https:\/\/ecavix.com\/fr\/wp-json\/wp\/v2\/product"}],"about":[{"href":"https:\/\/ecavix.com\/fr\/wp-json\/wp\/v2\/types\/product"}],"replies":[{"embeddable":true,"href":"https:\/\/ecavix.com\/fr\/wp-json\/wp\/v2\/comments?post=3076"}],"wp:featuredmedia":[{"embeddable":true,"href":"https:\/\/ecavix.com\/fr\/wp-json\/wp\/v2\/media\/3077"}],"wp:attachment":[{"href":"https:\/\/ecavix.com\/fr\/wp-json\/wp\/v2\/media?parent=3076"}],"wp:term":[{"taxonomy":"product_brand","embeddable":true,"href":"https:\/\/ecavix.com\/fr\/wp-json\/wp\/v2\/product_brand?post=3076"},{"taxonomy":"product_cat","embeddable":true,"href":"https:\/\/ecavix.com\/fr\/wp-json\/wp\/v2\/product_cat?post=3076"},{"taxonomy":"product_tag","embeddable":true,"href":"https:\/\/ecavix.com\/fr\/wp-json\/wp\/v2\/product_tag?post=3076"}],"curies":[{"name":"wp","href":"https:\/\/api.w.org\/{rel}","templated":true}]}}