{"id":3069,"date":"2025-08-05T08:29:58","date_gmt":"2025-08-05T08:29:58","guid":{"rendered":"https:\/\/ecavix.com\/?post_type=product&#038;p=3069"},"modified":"2025-08-12T06:32:21","modified_gmt":"2025-08-12T06:32:21","slug":"51-2v-100ah-200ah-batterie-a-base-au-sol-ecavix","status":"publish","type":"product","link":"https:\/\/ecavix.com\/fr\/product\/51-2v-100ah-200ah-ground-base-battery-ecavix\/","title":{"rendered":"Batterie de base 51.2V 100Ah\uff0c51.2V 200ah"},"content":{"rendered":"<h1>Batterie de base 51.2V 100Ah\uff0c51.2V 200ah<\/h1>\n<p>\n    <a href=\"\/fr\/\">Vertical d'Ecavix<\/a> <span class=\"highlight\">Batterie de base 51.2V 100Ah\uff0c51.2V 200ah<\/span> est con\u00e7u pour le stockage d'\u00e9nergie r\u00e9sidentiel et commercial, offrant des capacit\u00e9s modulaires allant de <strong>5,12 kWh \u00e0 10,24 kWh<\/strong>. Il adopte la cat\u00e9gorie A. <strong>LiFePO4<\/strong> cellules offrant une s\u00e9curit\u00e9 et une durabilit\u00e9 exceptionnelles. Avec ses cycles de vie longs, sa protection BMS intelligente et sa capacit\u00e9 parall\u00e8le flexible, cette batterie est id\u00e9ale pour l'alimentation de secours, les syst\u00e8mes de stockage d'\u00e9nergie solaire et les applications hors r\u00e9seau.\n  <\/p>\n<h2>Caract\u00e9ristiques principales de la batterie de base au sol<\/h2>\n<ul>\n<li>Cellules au lithium fer phosphate de cat\u00e9gorie A neuves.<\/li>\n<li>Syst\u00e8me de gestion de batterie intelligent avec surveillance en temps r\u00e9el et \u00e9quilibrage passif.<\/li>\n<li>Longue dur\u00e9e de vie : plus de 6 500 cycles, dur\u00e9e de vie nominale de 12 ans.<\/li>\n<li>Prend en charge jusqu'\u00e0 15 unit\u00e9s en parall\u00e8le pour une extension facile de la capacit\u00e9.<\/li>\n<li>La chimie thermostable garantit une s\u00e9curit\u00e9 maximale.<\/li>\n<li>Enti\u00e8rement personnalisable : tension, courant, ports, taille, Bluetooth, chauffage, etc.<\/li>\n<li>Service OEM\/ODM disponible pour les projets industriels et r\u00e9sidentiels.<\/li>\n<\/ul>\n<h2>Syst\u00e8me de stockage d'\u00e9nergie \u00e9volutif<\/h2>\n<p>Vous pouvez combiner plusieurs unit\u00e9s en parall\u00e8le pour r\u00e9pondre \u00e0 divers besoins \u00e9nerg\u00e9tiques :<\/p>\n<ul>\n<li>3 \u00d7 51,2 V 200 Ah \u2192 <strong>30,72 kWh<\/strong><\/li>\n<li>15 unit\u00e9s de 10,24 kWh \u2192 <strong>153,6 kWh<\/strong> ESS \u00e0 grande \u00e9chelle<\/li>\n<\/ul>\n<p><img decoding=\"async\" src=\"https:\/\/ecavix.com\/wp-content\/uploads\/2025\/08\/01-1-249x300.jpg\" style='width:100%;height:auto:margin:auto' alt=\"Batterie de la base terrestre\" width=\"249\" height=\"300\" class=\"alignnone size-medium wp-image-3070\" srcset=\"https:\/\/ecavix.com\/wp-content\/uploads\/2025\/08\/01-1-249x300.jpg 249w, https:\/\/ecavix.com\/wp-content\/uploads\/2025\/08\/01-1-850x1024.jpg 850w, https:\/\/ecavix.com\/wp-content\/uploads\/2025\/08\/01-1-768x925.jpg 768w, https:\/\/ecavix.com\/wp-content\/uploads\/2025\/08\/01-1-1275x1536.jpg 1275w, https:\/\/ecavix.com\/wp-content\/uploads\/2025\/08\/01-1-1700x2048.jpg 1700w, https:\/\/ecavix.com\/wp-content\/uploads\/2025\/08\/01-1-600x723.jpg 600w\" sizes=\"(max-width: 249px) 100vw, 249px\" \/><\/p>\n<h2>Sp\u00e9cifications techniques<\/h2>\n<table>\n<tr>\n<th>S\u00e9rie de mod\u00e8les<\/th>\n<td>DL-LFP-LVM10 \/ LVM15 \/ LVM15L<\/td>\n<\/tr>\n<tr>\n<th>Tension nominale<\/th>\n<td>51.2V<\/td>\n<\/tr>\n<tr>\n<th>Plage de capacit\u00e9 nominale<\/th>\n<td>200 Ah \u00e0 600 Ah<\/td>\n<\/tr>\n<tr>\n<th>Capacit\u00e9 \u00e9nerg\u00e9tique<\/th>\n<td>10,24 kWh ~ 32 kWh<\/td>\n<\/tr>\n<tr>\n<th>Type de cellule<\/th>\n<td>LiFePO4 (qualit\u00e9 A)<\/td>\n<\/tr>\n<tr>\n<th>Cycle de vie<\/th>\n<td>\u2265 6500 cycles<\/td>\n<\/tr>\n<tr>\n<th>Design Life<\/th>\n<td>12 ans<\/td>\n<\/tr>\n<tr>\n<th>Nombre maximal d'unit\u00e9s parall\u00e8les<\/th>\n<td>15<\/td>\n<\/tr>\n<tr>\n<th>Communication<\/th>\n<td>RS485 \/ CAN<\/td>\n<\/tr>\n<tr>\n<th>Type de montage<\/th>\n<td>Vertical \/ Sur pied<\/td>\n<\/tr>\n<tr>\n<th>Temp\u00e9rature de charge<\/th>\n<td>0\u2103 ~ 45\u2103<\/td>\n<\/tr>\n<tr>\n<th>Temp\u00e9rature de refoulement<\/th>\n<td>-20 \u00b0C \u00e0 55 \u00b0C<\/td>\n<\/tr>\n<tr>\n<th>Options de personnalisation<\/th>\n<td>Bluetooth, chauffage, apparence, ports, taille<\/td>\n<\/tr>\n<tr>\n<th>Certifications<\/th>\n<td>CE, UN38.3, MSDS, RoHS<\/td>\n<\/tr>\n<\/table>\n<h2>Configurations disponibles<\/h2>\n<ul>\n<li>51,2 V 200 Ah \u2013 10,24 kWh<\/li>\n<li>51,2 V 230 Ah \u2013 11,78 kWh<\/li>\n<li>51,2 V 280 Ah \u2013 14,34 kWh<\/li>\n<li>51,2 V 305 Ah \u2013 15,62 kWh<\/li>\n<li>51,2 V 314 Ah \u2013 16,07 kWh<\/li>\n<li>Autres capacit\u00e9s : 28 kWh, 32 kWh (sur mesure)<\/li>\n<\/ul>\n<h2>Applications<\/h2>\n<ul>\n<li>Syst\u00e8me de stockage d'\u00e9nergie solaire domestique (ESS)<\/li>\n<li>Alimentation de secours pour usage r\u00e9sidentiel et commercial<\/li>\n<li>Micro-r\u00e9seaux et syst\u00e8mes \u00e9lectriques hors r\u00e9seau<\/li>\n<li>UPS et transfert d'\u00e9nergie pour l'\u00e9cr\u00eatement des pics<\/li>\n<\/ul>\n<h2>Pourquoi choisir Ecavix Energy ?<\/h2>\n<ul>\n<li>Plus de 11 ans d'exp\u00e9rience dans la fabrication de batteries au lithium<\/li>\n<li>Large plage de tension : 12 V \u00e0 96 V LiFePO4 et syst\u00e8mes de stockage d'\u00e9nergie<\/li>\n<li>\u00c9quipe d'ing\u00e9nieurs interne pour une personnalisation OEM\/ODM flexible<\/li>\n<li>Garantie de service apr\u00e8s-vente de 10 ans<\/li>\n<li>Appariement strict des cellules et \u00e9quilibrage intelligent pour une coh\u00e9rence optimale des batteries<\/li>\n<\/ul>","protected":false},"excerpt":{"rendered":"<p>Batterie verticale au lithium de 51,2V avec des capacit\u00e9s de 5,12KWh \u00e0 10,24KWh Batterie de base au sol, utilisant des cellules LiFePO4 de qualit\u00e9 A, une protection BMS, une expansion parall\u00e8le et une longue dur\u00e9e de vie. Id\u00e9ale pour l'ESS solaire et la sauvegarde.<\/p>","protected":false},"featured_media":3070,"comment_status":"closed","ping_status":"closed","template":"","meta":{"_uag_custom_page_level_css":"","neve_meta_sidebar":"","neve_meta_container":"","neve_meta_enable_content_width":"off","neve_meta_content_width":100,"neve_meta_title_alignment":"","neve_meta_author_avatar":"","neve_post_elements_order":"","neve_meta_disable_header":"","neve_meta_disable_footer":"","neve_meta_disable_title":""},"product_brand":[],"product_cat":[103,82],"product_tag":[],"class_list":{"0":"post-3069","1":"product","2":"type-product","3":"status-publish","4":"has-post-thumbnail","6":"product_cat-ground-base-battery","7":"product_cat-residential-storage-battery","9":"first","10":"instock","11":"shipping-taxable","12":"product-type-simple"},"uagb_featured_image_src":{"full":["https:\/\/ecavix.com\/wp-content\/uploads\/2025\/08\/01-1-scaled.jpg",2125,2560,false],"thumbnail":["https:\/\/ecavix.com\/wp-content\/uploads\/2025\/08\/01-1-150x150.jpg",150,150,true],"medium":["https:\/\/ecavix.com\/wp-content\/uploads\/2025\/08\/01-1-249x300.jpg",249,300,true],"medium_large":["https:\/\/ecavix.com\/wp-content\/uploads\/2025\/08\/01-1-768x925.jpg",768,925,true],"large":["https:\/\/ecavix.com\/wp-content\/uploads\/2025\/08\/01-1-850x1024.jpg",850,1024,true],"1536x1536":["https:\/\/ecavix.com\/wp-content\/uploads\/2025\/08\/01-1-1275x1536.jpg",1275,1536,true],"2048x2048":["https:\/\/ecavix.com\/wp-content\/uploads\/2025\/08\/01-1-1700x2048.jpg",1700,2048,true],"trp-custom-language-flag":["https:\/\/ecavix.com\/wp-content\/uploads\/2025\/08\/01-1-scaled.jpg",10,12,false],"neve-blog":["https:\/\/ecavix.com\/wp-content\/uploads\/2025\/08\/01-1-930x620.jpg",930,620,true],"woocommerce_thumbnail":["https:\/\/ecavix.com\/wp-content\/uploads\/2025\/08\/01-1-300x300.jpg",300,300,true],"woocommerce_single":["https:\/\/ecavix.com\/wp-content\/uploads\/2025\/08\/01-1-600x723.jpg",600,723,true],"woocommerce_gallery_thumbnail":["https:\/\/ecavix.com\/wp-content\/uploads\/2025\/08\/01-1-100x100.jpg",100,100,true]},"uagb_author_info":{"display_name":"solvitaenergylimited@gmail.com","author_link":"https:\/\/ecavix.com\/fr\/author\/"},"uagb_comment_info":0,"uagb_excerpt":"51.2V vertical lithium battery with capacities from 5.12KWh to 10.24KWh Ground Base Battery, using Grade A LiFePO4 cells, BMS protection, parallel expansion, and long lifespan. Ideal for solar ESS and backup.","_links":{"self":[{"href":"https:\/\/ecavix.com\/fr\/wp-json\/wp\/v2\/product\/3069","targetHints":{"allow":["GET"]}}],"collection":[{"href":"https:\/\/ecavix.com\/fr\/wp-json\/wp\/v2\/product"}],"about":[{"href":"https:\/\/ecavix.com\/fr\/wp-json\/wp\/v2\/types\/product"}],"replies":[{"embeddable":true,"href":"https:\/\/ecavix.com\/fr\/wp-json\/wp\/v2\/comments?post=3069"}],"wp:featuredmedia":[{"embeddable":true,"href":"https:\/\/ecavix.com\/fr\/wp-json\/wp\/v2\/media\/3070"}],"wp:attachment":[{"href":"https:\/\/ecavix.com\/fr\/wp-json\/wp\/v2\/media?parent=3069"}],"wp:term":[{"taxonomy":"product_brand","embeddable":true,"href":"https:\/\/ecavix.com\/fr\/wp-json\/wp\/v2\/product_brand?post=3069"},{"taxonomy":"product_cat","embeddable":true,"href":"https:\/\/ecavix.com\/fr\/wp-json\/wp\/v2\/product_cat?post=3069"},{"taxonomy":"product_tag","embeddable":true,"href":"https:\/\/ecavix.com\/fr\/wp-json\/wp\/v2\/product_tag?post=3069"}],"curies":[{"name":"wp","href":"https:\/\/api.w.org\/{rel}","templated":true}]}}