{"id":2693,"date":"2025-07-22T06:08:42","date_gmt":"2025-07-22T06:08:42","guid":{"rendered":"https:\/\/ecavix.com\/?post_type=product&#038;p=2693"},"modified":"2025-08-12T06:31:24","modified_gmt":"2025-08-12T06:31:24","slug":"25-6v-200ah-5-12kwh-wall-mount-solar-battery-ess-dl-lfp-hw25200","status":"publish","type":"product","link":"https:\/\/ecavix.com\/fr\/product\/25-6v-200ah-5-12kwh-wall-mount-solar-battery-ess-dl-lfp-hw25200\/","title":{"rendered":"Batterie lithium murale 25.6V 200Ah 5.12kWh"},"content":{"rendered":"<br \/>\n<h1>Batterie lithium murale 25.6V 200Ah 5.12kWh<\/h1>\n<p>\n    Le <span class=\"highlight\">Batterie lithium murale 25.6V 200Ah 5.12kWh<\/span> est con\u00e7u pour r\u00e9pondre aux besoins de stockage d'\u00e9nergie des particuliers et des petites entreprises. Avec une capacit\u00e9 de <strong>5,12 kWh<\/strong>, Il offre une solution d'alimentation de secours stable et efficace en cas de panne, garantissant l'ind\u00e9pendance \u00e9nerg\u00e9tique et la flexibilit\u00e9 du r\u00e9seau.\n  <\/p>\n<h2>Principaux avantages<\/h2>\n<ul>\n<li>Conception compacte \u00e0 montage mural - \u00e9conomise de l'espace et est facile \u00e0 installer.<\/li>\n<li>BMS int\u00e9gr\u00e9 pour la protection contre la surcharge, la surd\u00e9charge et les courts-circuits.<\/li>\n<li>Dur\u00e9e de vie \u00e9lev\u00e9e de plus de 6500 cycles - fiabilit\u00e9 \u00e0 long terme.<\/li>\n<li>Favorise l'expansion parall\u00e8le pour augmenter le stockage de l'\u00e9nergie.<\/li>\n<li>Compatible avec les convertisseurs RS485 et CAN (par exemple, Deye).<\/li>\n<li>Fonctionnement sans entretien et excellente stabilit\u00e9 thermique.<\/li>\n<\/ul>\n<h2>Batterie lithium murale 25.6V 200Ah 5.12kWh Applications<\/h2>\n<ul>\n<li>Stockage d'\u00e9nergie domestique<\/li>\n<li>Syst\u00e8me de sauvegarde UPS<\/li>\n<li>Syst\u00e8me de stockage de l'\u00e9nergie solaire<\/li>\n<li>Stations de base \u00e9mettrices-r\u00e9ceptrices<\/li>\n<li>Syst\u00e8mes d'alimentation \u00e9lectrique<\/li>\n<li>\u00c9quipements de t\u00e9l\u00e9communication<\/li>\n<li>Applications de commutation et autres<\/li>\n<\/ul>\n<h2>Sp\u00e9cifications techniques du produit<\/h2>\n<table>\n<tr>\n<th>Mod\u00e8le<\/th>\n<td>DL-LFP-HW25200<\/td>\n<\/tr>\n<tr>\n<th>Tension nominale<\/th>\n<td>25.6V<\/td>\n<\/tr>\n<tr>\n<th>Capacit\u00e9 nominale<\/th>\n<td>200Ah<\/td>\n<\/tr>\n<tr>\n<th>L'\u00e9nergie<\/th>\n<td>5,12 kWh<\/td>\n<\/tr>\n<tr>\n<th>Type de cellule<\/th>\n<td>LiFePO4<\/td>\n<\/tr>\n<tr>\n<th>Cycle de vie<\/th>\n<td>\u2265 6500 cycles<\/td>\n<\/tr>\n<tr>\n<th>La vie dessin\u00e9e<\/th>\n<td>12 ans<\/td>\n<\/tr>\n<tr>\n<th>Courant de charge maximal<\/th>\n<td>100A<\/td>\n<\/tr>\n<tr>\n<th>Courant de d\u00e9charge maximal<\/th>\n<td>200A<\/td>\n<\/tr>\n<tr>\n<th>Charge recommand\u00e9e<\/th>\n<td>3-5kW<\/td>\n<\/tr>\n<tr>\n<th>Tension de coupure de la charge<\/th>\n<td>28,8V \u00b10,2V<\/td>\n<\/tr>\n<tr>\n<th>Tension de coupure de la d\u00e9charge<\/th>\n<td>22,4V \u00b10,2V<\/td>\n<\/tr>\n<tr>\n<th>Terminal<\/th>\n<td>M8<\/td>\n<\/tr>\n<tr>\n<th>Mat\u00e9riau de l'\u00e9tui<\/th>\n<td>Bo\u00eete en m\u00e9tal<\/td>\n<\/tr>\n<tr>\n<th>Communication<\/th>\n<td>RS485 \/ CAN<\/td>\n<\/tr>\n<tr>\n<th>Temp\u00e9rature de charge<\/th>\n<td>0 ~ 45\u2103<\/td>\n<\/tr>\n<tr>\n<th>Temp\u00e9rature de refoulement<\/th>\n<td>5 ~ 55\u2103<\/td>\n<\/tr>\n<tr>\n<th>Couleur<\/th>\n<td>Blanc + Noir<\/td>\n<\/tr>\n<tr>\n<th>Poids<\/th>\n<td>36 \u00b10,5 kg<\/td>\n<\/tr>\n<tr>\n<th>Dimensions (L\u00d7L\u00d7H)<\/th>\n<td>730 \u00d7 330 \u00d7 145\/180 mm<\/td>\n<\/tr>\n<tr>\n<th>Type de montage<\/th>\n<td>Montage mural<\/td>\n<\/tr>\n<\/table>\n<h2>Autres mod\u00e8les horizontaux \u00e0 montage mural<\/h2>\n<ul>\n<li><strong>DL-LFP-HW51200<\/strong> - 51.2V 200Ah (10.24kWh)<\/li>\n<li><strong>DL-LFP-HW25200<\/strong> - 25.6V 200Ah (5.12kWh)<\/li>\n<\/ul>\n<h2>Pourquoi choisir Delong Energy ?<\/h2>\n<ul>\n<li>Plus de 11 ans d'exp\u00e9rience dans la fabrication de batteries au lithium.<\/li>\n<li>Large gamme de produits : 12V-96V lithium, ESS, banques d'\u00e9nergie portables.<\/li>\n<li>Prend en charge les services OEM, ODM et OBM.<\/li>\n<li>Possibilit\u00e9 de personnaliser la tension, le courant, la capacit\u00e9 et l'apparence.<\/li>\n<li>Garantie apr\u00e8s-vente de 10 ans avec assistance technique professionnelle.<\/li>\n<\/ul>","protected":false},"excerpt":{"rendered":"<p>Batterie lithium murale 25,6V 200Ah 5,12kWh pour le stockage de l'\u00e9nergie domestique. S\u00fbre, compacte, longue dur\u00e9e de vie, compatible avec les onduleurs. Sauvegarde id\u00e9ale pour les maisons et les petites entreprises.<\/p>","protected":false},"featured_media":3053,"comment_status":"closed","ping_status":"closed","template":"","meta":{"_uag_custom_page_level_css":"","neve_meta_sidebar":"","neve_meta_container":"","neve_meta_enable_content_width":"off","neve_meta_content_width":100,"neve_meta_title_alignment":"","neve_meta_author_avatar":"","neve_post_elements_order":"","neve_meta_disable_header":"","neve_meta_disable_footer":"","neve_meta_disable_title":""},"product_brand":[],"product_cat":[82,85],"product_tag":[],"class_list":{"0":"post-2693","1":"product","2":"type-product","3":"status-publish","4":"has-post-thumbnail","6":"product_cat-residential-storage-battery","7":"product_cat-wall-mounted-battery-residential-storage-battery","9":"first","10":"instock","11":"shipping-taxable","12":"product-type-simple"},"uagb_featured_image_src":{"full":["https:\/\/ecavix.com\/wp-content\/uploads\/2025\/07\/01-2-scaled.jpg",2560,2188,false],"thumbnail":["https:\/\/ecavix.com\/wp-content\/uploads\/2025\/07\/01-2-150x150.jpg",150,150,true],"medium":["https:\/\/ecavix.com\/wp-content\/uploads\/2025\/07\/01-2-300x256.jpg",300,256,true],"medium_large":["https:\/\/ecavix.com\/wp-content\/uploads\/2025\/07\/01-2-768x656.jpg",768,656,true],"large":["https:\/\/ecavix.com\/wp-content\/uploads\/2025\/07\/01-2-1024x875.jpg",1024,875,true],"1536x1536":["https:\/\/ecavix.com\/wp-content\/uploads\/2025\/07\/01-2-1536x1313.jpg",1536,1313,true],"2048x2048":["https:\/\/ecavix.com\/wp-content\/uploads\/2025\/07\/01-2-2048x1750.jpg",2048,1750,true],"trp-custom-language-flag":["https:\/\/ecavix.com\/wp-content\/uploads\/2025\/07\/01-2-scaled.jpg",14,12,false],"neve-blog":["https:\/\/ecavix.com\/wp-content\/uploads\/2025\/07\/01-2-930x620.jpg",930,620,true],"woocommerce_thumbnail":["https:\/\/ecavix.com\/wp-content\/uploads\/2025\/07\/01-2-300x300.jpg",300,300,true],"woocommerce_single":["https:\/\/ecavix.com\/wp-content\/uploads\/2025\/07\/01-2-600x513.jpg",600,513,true],"woocommerce_gallery_thumbnail":["https:\/\/ecavix.com\/wp-content\/uploads\/2025\/07\/01-2-100x100.jpg",100,100,true]},"uagb_author_info":{"display_name":"solvitaenergylimited@gmail.com","author_link":"https:\/\/ecavix.com\/fr\/author\/"},"uagb_comment_info":0,"uagb_excerpt":"Wall Mount Lithium Battery 25.6V 200Ah 5.12kWh for household energy storage. Safe, compact, long life, inverter compatible. Ideal backup for homes and small businesses.","_links":{"self":[{"href":"https:\/\/ecavix.com\/fr\/wp-json\/wp\/v2\/product\/2693","targetHints":{"allow":["GET"]}}],"collection":[{"href":"https:\/\/ecavix.com\/fr\/wp-json\/wp\/v2\/product"}],"about":[{"href":"https:\/\/ecavix.com\/fr\/wp-json\/wp\/v2\/types\/product"}],"replies":[{"embeddable":true,"href":"https:\/\/ecavix.com\/fr\/wp-json\/wp\/v2\/comments?post=2693"}],"wp:featuredmedia":[{"embeddable":true,"href":"https:\/\/ecavix.com\/fr\/wp-json\/wp\/v2\/media\/3053"}],"wp:attachment":[{"href":"https:\/\/ecavix.com\/fr\/wp-json\/wp\/v2\/media?parent=2693"}],"wp:term":[{"taxonomy":"product_brand","embeddable":true,"href":"https:\/\/ecavix.com\/fr\/wp-json\/wp\/v2\/product_brand?post=2693"},{"taxonomy":"product_cat","embeddable":true,"href":"https:\/\/ecavix.com\/fr\/wp-json\/wp\/v2\/product_cat?post=2693"},{"taxonomy":"product_tag","embeddable":true,"href":"https:\/\/ecavix.com\/fr\/wp-json\/wp\/v2\/product_tag?post=2693"}],"curies":[{"name":"wp","href":"https:\/\/api.w.org\/{rel}","templated":true}]}}