{"id":2688,"date":"2025-07-22T05:54:22","date_gmt":"2025-07-22T05:54:22","guid":{"rendered":"https:\/\/ecavix.com\/?post_type=product&#038;p=2688"},"modified":"2025-08-12T06:28:10","modified_gmt":"2025-08-12T06:28:10","slug":"51-2v-100ah-5-12kwh-wall-mount-lithium-battery-for-home-energy-storage-systems-grade-a-lifepo4-cells-bms-protection-long-lifespan-compatibility-inverter","status":"publish","type":"product","link":"https:\/\/ecavix.com\/fr\/product\/51-2v-100ah-5-12kwh-wall-mount-lithium-battery-for-home-energy-storage-systems-grade-a-lifepo4-cells-bms-protection-long-lifespan-inverter-compatibility\/","title":{"rendered":"Batterie lithium murale 51.2V 100Ah 5.12kWh"},"content":{"rendered":"<br \/>\n<h1>Batterie murale au lithium 51.2V 100Ah 5.12kWh pour les syst\u00e8mes de stockage d'\u00e9nergie domestique. Cellules LiFePO4 de qualit\u00e9 A, protection BMS, longue dur\u00e9e de vie, compatibilit\u00e9 avec les onduleurs.<\/h1>\n<p>\n    Le <span class=\"highlight\">Batterie lithium murale 51.2V 100Ah 5.12kWh<\/span> est un composant essentiel des syst\u00e8mes modernes de stockage d'\u00e9nergie domestique. Avec une capacit\u00e9 de <strong>5,12 kWh<\/strong>Le syst\u00e8me de stockage de l'\u00e9nergie r\u00e9sidentielle, qui stocke l'\u00e9nergie propre g\u00e9n\u00e9r\u00e9e par les panneaux solaires, permet aux m\u00e9nages de r\u00e9duire leur d\u00e9pendance vis-\u00e0-vis du r\u00e9seau, de g\u00e9rer les pics de consommation d'\u00e9lectricit\u00e9 et d'assurer la s\u00e9curit\u00e9 \u00e9nerg\u00e9tique en cas de coupure. Sa conception compacte, son BMS intelligent et sa compatibilit\u00e9 avec les onduleurs en font une solution id\u00e9ale pour les applications de stockage d'\u00e9nergie r\u00e9sidentielles.\n  <\/p>\n<h2>Principaux avantages<\/h2>\n<ul>\n<li>Montage mural et empilable pour une installation flexible.<\/li>\n<li>BMS intelligent int\u00e9gr\u00e9 pour une protection compl\u00e8te.<\/li>\n<li>Densit\u00e9 \u00e9nerg\u00e9tique \u00e9lev\u00e9e, performances stables et longue dur\u00e9e de vie.<\/li>\n<li>Permet une expansion parall\u00e8le pour r\u00e9pondre \u00e0 des demandes d'\u00e9nergie plus importantes.<\/li>\n<li>Compatible avec les onduleurs courants : Deye, Growatt, SMA, Victron, etc.<\/li>\n<li>Protocoles de communication et configurations du syst\u00e8me personnalisables.<\/li>\n<li>Fonctionnement \u00e9cologique, s\u00fbr et sans entretien.<\/li>\n<\/ul>\n<h2>Cellules LiFePO4 de qualit\u00e9 A<\/h2>\n<p>\n    Pour garantir la durabilit\u00e9 et la s\u00e9curit\u00e9, cette batterie utilise <strong>Piles au phosphate de fer lithi\u00e9 de qualit\u00e9 A<\/strong> de fabricants de premier plan tels que BYD. Ces cellules offrent des performances constantes, une faible autod\u00e9charge et une dur\u00e9e de vie prolong\u00e9e, ce qui les rend id\u00e9ales pour le stockage de l'\u00e9nergie \u00e0 domicile.\n  <\/p>\n<h2>Smart BMS &amp; Communication<\/h2>\n<p>\n    Le syst\u00e8me int\u00e9gr\u00e9 <strong>Syst\u00e8me de gestion de la batterie (BMS)<\/strong> emp\u00eache les surcharges, les d\u00e9charges excessives, les courts-circuits et les surchauffes. Il prend en charge les protocoles RS485, RS232 et CANBUS pour une int\u00e9gration transparente avec les logiciels de surveillance et les onduleurs. Des param\u00e8tres de communication BMS personnalis\u00e9s peuvent \u00eatre configur\u00e9s sur demande.\n  <\/p>\n<h2>Compatibilit\u00e9 des onduleurs<\/h2>\n<p>\n    Cette batterie est con\u00e7ue pour une compatibilit\u00e9 totale avec les marques d'onduleurs et les contr\u00f4leurs MPPT les plus r\u00e9pandus, notamment :\n  <\/p>\n<ul>\n<li>Oeil<\/li>\n<li>Growatt<\/li>\n<li>SMA<\/li>\n<li>Victron<\/li>\n<\/ul>\n<p>Si vous avez besoin d'une adaptation de l'onduleur ou d'une personnalisation du protocole, SUNNEW fournit des solutions sur mesure pour assurer une int\u00e9gration sans faille.<\/p>\n<h2>Capacit\u00e9 du syst\u00e8me extensible<\/h2>\n<p>\n    Gr\u00e2ce \u00e0 la connexion en parall\u00e8le, vous pouvez faire \u00e9voluer votre syst\u00e8me de batteries pour r\u00e9pondre \u00e0 des demandes de stockage d'\u00e9nergie plus importantes :\n  <\/p>\n<ul>\n<li><strong>DL-LFP51100 \u00d7 1<\/strong> - 5,12 kWh<\/li>\n<li><strong>DL-LFP51100 \u00d7 2<\/strong> - 10,24 kWh<\/li>\n<li><strong>DL-LFP51100 \u00d7 3<\/strong> - 15,36 kWh<\/li>\n<\/ul>\n<h2>Sp\u00e9cifications techniques<\/h2>\n<table>\n<tr>\n<th>Mod\u00e8le<\/th>\n<td>DL-LFP51100<\/td>\n<\/tr>\n<tr>\n<th>Tension nominale<\/th>\n<td>51.2V<\/td>\n<\/tr>\n<tr>\n<th>Capacit\u00e9 nominale<\/th>\n<td>100Ah<\/td>\n<\/tr>\n<tr>\n<th>L'\u00e9nergie<\/th>\n<td>5,12 kWh<\/td>\n<\/tr>\n<tr>\n<th>Type de cellule<\/th>\n<td>LiFePO4 (qualit\u00e9 A)<\/td>\n<\/tr>\n<tr>\n<th>Cycle de vie<\/th>\n<td>6500+ cycles<\/td>\n<\/tr>\n<tr>\n<th>Temp\u00e9rature de charge<\/th>\n<td>0\u2103 ~ 65\u2103<\/td>\n<\/tr>\n<tr>\n<th>Temp\u00e9rature de refoulement<\/th>\n<td>-20\u2103 ~ 65\u2103<\/td>\n<\/tr>\n<tr>\n<th>Courant de charge maximal<\/th>\n<td>50A<\/td>\n<\/tr>\n<tr>\n<th>Courant de d\u00e9charge maximal<\/th>\n<td>100A<\/td>\n<\/tr>\n<tr>\n<th>Communication<\/th>\n<td>RS485 \/ RS232 \/ CANBUS<\/td>\n<\/tr>\n<tr>\n<th>Type de montage<\/th>\n<td>Montage mural<\/td>\n<\/tr>\n<tr>\n<th>Soutien parall\u00e8le<\/th>\n<td>Oui (empilable)<\/td>\n<\/tr>\n<tr>\n<th>Poids<\/th>\n<td>Environ 45-50 kg<\/td>\n<\/tr>\n<tr>\n<th>Dimensions<\/th>\n<td>Personnalis\u00e9 \/ varie selon le cas (par exemple, L480\u00d7L170\u00d7H540mm)<\/td>\n<\/tr>\n<tr>\n<th>Certifications<\/th>\n<td>CE, RoHS, UN38.3, MSDS<\/td>\n<\/tr>\n<\/table>\n<h2>Sc\u00e9narios de cas d'utilisation<\/h2>\n<ul>\n<li>Syst\u00e8me de stockage d'\u00e9nergie (ESS) solaire r\u00e9sidentiel<\/li>\n<li>Alimentation de secours pour les foyers en cas de panne<\/li>\n<li>L'ind\u00e9pendance \u00e9nerg\u00e9tique pour vivre hors r\u00e9seau<\/li>\n<li>L'\u00e9cr\u00eatement des pointes pour r\u00e9duire les factures d'\u00e9lectricit\u00e9<\/li>\n<\/ul>\n<h2>Besoin de 48V 100Ah ?<\/h2>\n<p>\n    Si votre syst\u00e8me n\u00e9cessite une batterie 48V 100Ah, veuillez consulter notre produit connexe : <strong>DL-LFP48100<\/strong>.\n  <\/p>\n<h2>Sp\u00e9cifications techniques<\/h2>\n<table>\n<tr>\n<th>Mod\u00e8le<\/th>\n<td>DL-LFP51100 \u00d7 1P<\/td>\n<td>DL-LFP51100 \u00d7 2P<\/td>\n<td>DL-LFP51100 \u00d7 3P<\/td>\n<\/tr>\n<tr>\n<th>Tension nominale<\/th>\n<td>51.2V<\/td>\n<td>51.2V<\/td>\n<td>51.2V<\/td>\n<\/tr>\n<tr>\n<th>Capacit\u00e9 nominale<\/th>\n<td>100Ah<\/td>\n<td>200Ah<\/td>\n<td>300Ah<\/td>\n<\/tr>\n<tr>\n<th>\u00c9nergie de la batterie<\/th>\n<td>5,12 kWh<\/td>\n<td>10,24 kWh<\/td>\n<td>15,36 kWh<\/td>\n<\/tr>\n<tr>\n<th>Courant de charge maximal<\/th>\n<td>70A<\/td>\n<td>140A <span style=\"color:#3ca860;\">*<\/span><\/td>\n<td>210A <span style=\"color:#3ca860;\">*<\/span><\/td>\n<\/tr>\n<tr>\n<th>Courant de d\u00e9charge maximal<\/th>\n<td>100A<\/td>\n<td>200A <span style=\"color:#3ca860;\">*<\/span><\/td>\n<td>300A <span style=\"color:#3ca860;\">*<\/span><\/td>\n<\/tr>\n<tr>\n<th>Charge recommand\u00e9e<\/th>\n<td>3~5kW<\/td>\n<td>5~8kW<\/td>\n<td>5~12kW<\/td>\n<\/tr>\n<tr>\n<th>Tension de coupure de la charge<\/th>\n<td colspan=\"3\">57,6V \u00b10,2V<\/td>\n<\/tr>\n<tr>\n<th>Tension de coupure de la d\u00e9charge<\/th>\n<td colspan=\"3\">44,8V \u00b10,2V<\/td>\n<\/tr>\n<tr>\n<th>Type de cellule<\/th>\n<td colspan=\"3\">Batterie LiFePO4<\/td>\n<\/tr>\n<tr>\n<th>Terminal<\/th>\n<td colspan=\"3\">M8<\/td>\n<\/tr>\n<tr>\n<th>Mat\u00e9riau de l'\u00e9tui<\/th>\n<td colspan=\"3\">Bo\u00eete en m\u00e9tal<\/td>\n<\/tr>\n<tr>\n<th>Communication<\/th>\n<td colspan=\"3\">RS485 \/ CAN<\/td>\n<\/tr>\n<tr>\n<th>Temp. de charge Plage<\/th>\n<td colspan=\"3\">0\u2103 ~ 45\u2103<\/td>\n<\/tr>\n<tr>\n<th>Temp\u00e9rature de d\u00e9charge Plage<\/th>\n<td colspan=\"3\">-5\u2103 ~ 55\u2103<\/td>\n<\/tr>\n<tr>\n<th>Cycle de vie<\/th>\n<td colspan=\"3\">\u22656500 cycles<\/td>\n<\/tr>\n<tr>\n<th>Design Life<\/th>\n<td colspan=\"3\">12 ans<\/td>\n<\/tr>\n<tr>\n<th>Couleur<\/th>\n<td colspan=\"3\">Blanc + Noir<\/td>\n<\/tr>\n<tr>\n<th>Poids<\/th>\n<td>47,5 \u00b10,5 kg<\/td>\n<td>92,5 \u00b10,5 kg<\/td>\n<td>145,5 \u00b10,5kg<\/td>\n<\/tr>\n<tr>\n<th>Dimensions (L\u00d7L\u00d7H)<\/th>\n<td>483\u00d7220\u00d7460\/490mm<\/td>\n<td>483\u00d7220\u00d7940mm<\/td>\n<td>483\u00d7220\u00d71400mm<\/td>\n<\/tr>\n<tr>\n<th>Type de montage<\/th>\n<td colspan=\"3\">Montage mural \/ empilable<\/td>\n<\/tr>\n<\/table>\n<p style=\"font-size: 0.95em; margin-top: 8px;\"><span style=\"color:#3ca860;\">*<\/span> En cas de connexion en parall\u00e8le, il convient de s'assurer que l'onduleur et le syst\u00e8me supportent un courant plus \u00e9lev\u00e9.<\/p>","protected":false},"excerpt":{"rendered":"<p>Batterie murale au lithium 51.2V 100Ah 5.12kWh pour les syst\u00e8mes de stockage d'\u00e9nergie domestique. Cellules LiFePO4 de qualit\u00e9 A, protection BMS, longue dur\u00e9e de vie, compatibilit\u00e9 avec les onduleurs.<\/p>","protected":false},"featured_media":3055,"comment_status":"closed","ping_status":"closed","template":"","meta":{"_uag_custom_page_level_css":"","neve_meta_sidebar":"","neve_meta_container":"","neve_meta_enable_content_width":"off","neve_meta_content_width":100,"neve_meta_title_alignment":"","neve_meta_author_avatar":"","neve_post_elements_order":"","neve_meta_disable_header":"","neve_meta_disable_footer":"","neve_meta_disable_title":""},"product_brand":[],"product_cat":[82,85],"product_tag":[],"class_list":{"0":"post-2688","1":"product","2":"type-product","3":"status-publish","4":"has-post-thumbnail","6":"product_cat-residential-storage-battery","7":"product_cat-wall-mounted-battery-residential-storage-battery","9":"first","10":"instock","11":"shipping-taxable","12":"product-type-simple"},"uagb_featured_image_src":{"full":["https:\/\/ecavix.com\/wp-content\/uploads\/2025\/07\/03-scaled.jpg",2560,2188,false],"thumbnail":["https:\/\/ecavix.com\/wp-content\/uploads\/2025\/07\/03-150x150.jpg",150,150,true],"medium":["https:\/\/ecavix.com\/wp-content\/uploads\/2025\/07\/03-300x256.jpg",300,256,true],"medium_large":["https:\/\/ecavix.com\/wp-content\/uploads\/2025\/07\/03-768x656.jpg",768,656,true],"large":["https:\/\/ecavix.com\/wp-content\/uploads\/2025\/07\/03-1024x875.jpg",1024,875,true],"1536x1536":["https:\/\/ecavix.com\/wp-content\/uploads\/2025\/07\/03-1536x1313.jpg",1536,1313,true],"2048x2048":["https:\/\/ecavix.com\/wp-content\/uploads\/2025\/07\/03-2048x1750.jpg",2048,1750,true],"trp-custom-language-flag":["https:\/\/ecavix.com\/wp-content\/uploads\/2025\/07\/03-scaled.jpg",14,12,false],"neve-blog":["https:\/\/ecavix.com\/wp-content\/uploads\/2025\/07\/03-930x620.jpg",930,620,true],"woocommerce_thumbnail":["https:\/\/ecavix.com\/wp-content\/uploads\/2025\/07\/03-300x300.jpg",300,300,true],"woocommerce_single":["https:\/\/ecavix.com\/wp-content\/uploads\/2025\/07\/03-600x513.jpg",600,513,true],"woocommerce_gallery_thumbnail":["https:\/\/ecavix.com\/wp-content\/uploads\/2025\/07\/03-100x100.jpg",100,100,true]},"uagb_author_info":{"display_name":"solvitaenergylimited@gmail.com","author_link":"https:\/\/ecavix.com\/fr\/author\/"},"uagb_comment_info":0,"uagb_excerpt":"Wall Mount Lithium Battery 51.2V 100Ah 5.12kWh for home energy storage systems. Grade A LiFePO4 cells, BMS protection, long lifespan, inverter compatibility.","_links":{"self":[{"href":"https:\/\/ecavix.com\/fr\/wp-json\/wp\/v2\/product\/2688","targetHints":{"allow":["GET"]}}],"collection":[{"href":"https:\/\/ecavix.com\/fr\/wp-json\/wp\/v2\/product"}],"about":[{"href":"https:\/\/ecavix.com\/fr\/wp-json\/wp\/v2\/types\/product"}],"replies":[{"embeddable":true,"href":"https:\/\/ecavix.com\/fr\/wp-json\/wp\/v2\/comments?post=2688"}],"wp:featuredmedia":[{"embeddable":true,"href":"https:\/\/ecavix.com\/fr\/wp-json\/wp\/v2\/media\/3055"}],"wp:attachment":[{"href":"https:\/\/ecavix.com\/fr\/wp-json\/wp\/v2\/media?parent=2688"}],"wp:term":[{"taxonomy":"product_brand","embeddable":true,"href":"https:\/\/ecavix.com\/fr\/wp-json\/wp\/v2\/product_brand?post=2688"},{"taxonomy":"product_cat","embeddable":true,"href":"https:\/\/ecavix.com\/fr\/wp-json\/wp\/v2\/product_cat?post=2688"},{"taxonomy":"product_tag","embeddable":true,"href":"https:\/\/ecavix.com\/fr\/wp-json\/wp\/v2\/product_tag?post=2688"}],"curies":[{"name":"wp","href":"https:\/\/api.w.org\/{rel}","templated":true}]}}