{"id":2657,"date":"2025-07-22T03:05:02","date_gmt":"2025-07-22T03:05:02","guid":{"rendered":"https:\/\/ecavix.com\/?post_type=product&#038;p=2657"},"modified":"2026-01-21T09:02:20","modified_gmt":"2026-01-21T09:02:20","slug":"batterie-lfp-12-v-100-ah","status":"publish","type":"product","link":"https:\/\/ecavix.com\/fr\/product\/12v-100ah-lfp-battery\/","title":{"rendered":"Ecavix 12v 100ah Lead Acid Replacement"},"content":{"rendered":"<br \/>\n<h1>Ecavix 12v 100ah Lead Acid Replacement<\/h1>\n<div class=\"section\">\n<p>Le <span class=\"highlight\">Ecavix 12v 100ah Lead Acid Replacement<\/span> est une solution \u00e9nerg\u00e9tique haute performance et sans entretien, con\u00e7ue \u00e0 partir d'une technologie avanc\u00e9e au lithium fer phosphate. Compar\u00e9e aux batteries VRLA AGM traditionnelles, elle offre une dur\u00e9e de vie plus longue, une plus grande s\u00e9curit\u00e9 et une tol\u00e9rance thermique plus large. Elle est id\u00e9ale pour les camping-cars, les caravanes, les bateaux, les syst\u00e8mes solaires et les installations hors r\u00e9seau.<\/p>\n<p>\u00c9quip\u00e9 de <strong>Surveillance Bluetooth<\/strong> et un syst\u00e8me de gestion de batterie (BMS) robuste, il offre une protection compl\u00e8te, notamment contre les surcharges, les sous-tensions, les d\u00e9charges excessives et la gestion thermique. Avec une dur\u00e9e de vie de plus de <strong>6000 cycles \u00e0 80% DOD<\/strong>, Cette batterie offre le meilleur rapport co\u00fbt-efficacit\u00e9 pour une utilisation \u00e9nerg\u00e9tique \u00e0 long terme, sans les inconv\u00e9nients li\u00e9s \u00e0 un entretien r\u00e9gulier ou \u00e0 un arrosage.<\/p>\n<\/p><\/div>\n<h2>Caract\u00e9ristiques et avantages du produit<\/h2>\n<ul class=\"feature-list\">\n<li>Syst\u00e8me de gestion de batterie (BMS) avanc\u00e9 int\u00e9gr\u00e9 avec fonctions de protection compl\u00e8tes : surtension\/sous-tension, surintensit\u00e9, surchauffe, court-circuit, etc.<\/li>\n<li>Longue dur\u00e9e de vie : jusqu'\u00e0 <strong>Plus de 6000 cycles<\/strong>, nettement plus longue que celle des batteries au plomb.<\/li>\n<li>Prise en charge du module Bluetooth pour la surveillance en temps r\u00e9el.<\/li>\n<li>Sans entretien, sans effet m\u00e9moire et mat\u00e9riaux recyclables 99%.<\/li>\n<li>Fonctionne dans une large plage de temp\u00e9ratures allant de -20 \u00b0C \u00e0 65 \u00b0C.<\/li>\n<li>Peut \u00eatre \u00e9tendu jusqu'\u00e0 <strong>4 en s\u00e9rie et 4 en parall\u00e8le<\/strong> (Max. 4S4P pour 400 Ah et 51,2 V).<\/li>\n<li>Conception l\u00e9g\u00e8re, compacte et r\u00e9sistante \u00e0 la corrosion.<\/li>\n<\/ul>\n<h2>Sc\u00e9narios d'application<\/h2>\n<ul class=\"application-list\">\n<li>V\u00e9hicules de loisirs et camping-cars<\/li>\n<li>Marine et bateaux<\/li>\n<li>Syst\u00e8mes solaires hors r\u00e9seau<\/li>\n<li>Camping-cars et caravanes<\/li>\n<li>Chariots \u00e9l\u00e9vateurs \u00e9lectriques<\/li>\n<li>Moteurs de p\u00eache \u00e0 la tra\u00eene<\/li>\n<li>Voitures de golf et motos \u00e9lectriques<\/li>\n<\/ul>\n<h2>Sp\u00e9cifications techniques<\/h2>\n<table>\n<tr>\n<th>Marque<\/th>\n<td>Ecavix <\/td>\n<\/tr>\n<tr>\n<th>Tension nominale<\/th>\n<td>12.8V<\/td>\n<\/tr>\n<tr>\n<th>Capacit\u00e9 nominale<\/th>\n<td>100 Ah \/ 1280 Wh<\/td>\n<\/tr>\n<tr>\n<th>Type de cellule<\/th>\n<td>3,2 V 100 Ah LiFePO4<\/td>\n<\/tr>\n<tr>\n<th>Courant de charge maximal<\/th>\n<td>50 A (0,5 C)<\/td>\n<\/tr>\n<tr>\n<th>Courant de d\u00e9charge maximal<\/th>\n<td>100 A (1 C)<\/td>\n<\/tr>\n<tr>\n<th>Plage de tension<\/th>\n<td>10 V \u2013 14,6 V<\/td>\n<\/tr>\n<tr>\n<th>Cycle de vie<\/th>\n<td>&gt;6000 cycles (@80% DOD, 0,2C, 25 \u00b0C)<\/td>\n<\/tr>\n<tr>\n<th>Dimensions<\/th>\n<td>L330 \u00d7 l173 \u00d7 H220 mm<\/td>\n<\/tr>\n<tr>\n<th>Poids net<\/th>\n<td>12 kg<\/td>\n<\/tr>\n<tr>\n<th>Temp\u00e9rature de fonctionnement<\/th>\n<td>Charge : 0 \u00b0C \u00e0 65 \u00b0C, d\u00e9charge : -20 \u00b0C \u00e0 65 \u00b0C<\/td>\n<\/tr>\n<tr>\n<th>Extensible<\/th>\n<td>Prise en charge jusqu'\u00e0 4S4P<\/td>\n<\/tr>\n<tr>\n<th>Surveillance Bluetooth<\/th>\n<td>Soutenu<\/td>\n<\/tr>\n<tr>\n<th>Certifications<\/th>\n<td>CE, RoHS, UN38.3, MSDS<\/td>\n<\/tr>\n<\/table>","protected":false},"excerpt":{"rendered":"<p>La batterie de remplacement au plomb Ecavix 12 V 100 Ah est dot\u00e9e d'un syst\u00e8me BMS avanc\u00e9, offre plus de 6 000 cycles, prend en charge une large plage de temp\u00e9ratures et dispose d'une fonction de surveillance Bluetooth. Elle est id\u00e9ale pour les applications dans les camping-cars, les bateaux et les syst\u00e8mes solaires.<\/p>","protected":false},"featured_media":3280,"comment_status":"closed","ping_status":"closed","template":"","meta":{"_uag_custom_page_level_css":"","neve_meta_sidebar":"","neve_meta_container":"","neve_meta_enable_content_width":"off","neve_meta_content_width":100,"neve_meta_title_alignment":"","neve_meta_author_avatar":"","neve_post_elements_order":"","neve_meta_disable_header":"","neve_meta_disable_footer":"","neve_meta_disable_title":""},"product_brand":[],"product_cat":[81,82],"product_tag":[],"class_list":{"0":"post-2657","1":"product","2":"type-product","3":"status-publish","4":"has-post-thumbnail","6":"product_cat-lead-acid-replacement","7":"product_cat-residential-storage-battery","9":"first","10":"instock","11":"shipping-taxable","12":"purchasable","13":"product-type-simple"},"uagb_featured_image_src":{"full":["https:\/\/ecavix.com\/wp-content\/uploads\/2025\/07\/DSC_5533-scaled.jpg",2560,1844,false],"thumbnail":["https:\/\/ecavix.com\/wp-content\/uploads\/2025\/07\/DSC_5533-150x150.jpg",150,150,true],"medium":["https:\/\/ecavix.com\/wp-content\/uploads\/2025\/07\/DSC_5533-300x216.jpg",300,216,true],"medium_large":["https:\/\/ecavix.com\/wp-content\/uploads\/2025\/07\/DSC_5533-768x553.jpg",768,553,true],"large":["https:\/\/ecavix.com\/wp-content\/uploads\/2025\/07\/DSC_5533-1024x738.jpg",1024,738,true],"1536x1536":["https:\/\/ecavix.com\/wp-content\/uploads\/2025\/07\/DSC_5533-1536x1107.jpg",1536,1107,true],"2048x2048":["https:\/\/ecavix.com\/wp-content\/uploads\/2025\/07\/DSC_5533-2048x1475.jpg",2048,1475,true],"trp-custom-language-flag":["https:\/\/ecavix.com\/wp-content\/uploads\/2025\/07\/DSC_5533-scaled.jpg",18,12,false],"neve-blog":["https:\/\/ecavix.com\/wp-content\/uploads\/2025\/07\/DSC_5533-930x620.jpg",930,620,true],"woocommerce_thumbnail":["https:\/\/ecavix.com\/wp-content\/uploads\/2025\/07\/DSC_5533-300x300.jpg",300,300,true],"woocommerce_single":["https:\/\/ecavix.com\/wp-content\/uploads\/2025\/07\/DSC_5533-600x432.jpg",600,432,true],"woocommerce_gallery_thumbnail":["https:\/\/ecavix.com\/wp-content\/uploads\/2025\/07\/DSC_5533-100x100.jpg",100,100,true]},"uagb_author_info":{"display_name":"solvitaenergylimited@gmail.com","author_link":"https:\/\/ecavix.com\/fr\/author\/"},"uagb_comment_info":0,"uagb_excerpt":"Ecavix 12v 100ah Lead Acid Replacement features advanced BMS, 6000+ cycles, wide temperature support, and Bluetooth monitoring. Ideal for RV, marine, and solar applications.","_links":{"self":[{"href":"https:\/\/ecavix.com\/fr\/wp-json\/wp\/v2\/product\/2657","targetHints":{"allow":["GET"]}}],"collection":[{"href":"https:\/\/ecavix.com\/fr\/wp-json\/wp\/v2\/product"}],"about":[{"href":"https:\/\/ecavix.com\/fr\/wp-json\/wp\/v2\/types\/product"}],"replies":[{"embeddable":true,"href":"https:\/\/ecavix.com\/fr\/wp-json\/wp\/v2\/comments?post=2657"}],"wp:featuredmedia":[{"embeddable":true,"href":"https:\/\/ecavix.com\/fr\/wp-json\/wp\/v2\/media\/3280"}],"wp:attachment":[{"href":"https:\/\/ecavix.com\/fr\/wp-json\/wp\/v2\/media?parent=2657"}],"wp:term":[{"taxonomy":"product_brand","embeddable":true,"href":"https:\/\/ecavix.com\/fr\/wp-json\/wp\/v2\/product_brand?post=2657"},{"taxonomy":"product_cat","embeddable":true,"href":"https:\/\/ecavix.com\/fr\/wp-json\/wp\/v2\/product_cat?post=2657"},{"taxonomy":"product_tag","embeddable":true,"href":"https:\/\/ecavix.com\/fr\/wp-json\/wp\/v2\/product_tag?post=2657"}],"curies":[{"name":"wp","href":"https:\/\/api.w.org\/{rel}","templated":true}]}}