{"id":2507,"date":"2025-07-18T09:36:54","date_gmt":"2025-07-18T09:36:54","guid":{"rendered":"https:\/\/ecavix.com\/?post_type=product&#038;p=2507"},"modified":"2025-07-18T09:36:54","modified_gmt":"2025-07-18T09:36:54","slug":"kettle-24v-ebike-battery-20ah-lithium-battery-pack","status":"publish","type":"product","link":"https:\/\/ecavix.com\/fr\/product\/kettle-24v-ebike-battery-20ah-lithium-battery-pack\/","title":{"rendered":"Kettle 24V Ebike Battery 20ah Lithium Battery Pack"},"content":{"rendered":"<h1>Batterie au lithium 20Ah pour v\u00e9los \u00e9lectriques<\/h1>\n<h2>Aper\u00e7u du produit<\/h2>\n<table>\n<tr>\n<th>Mod\u00e8le<\/th>\n<td>Batterie au lithium Kettle 20Ah<\/td>\n<\/tr>\n<tr>\n<th>Tension nominale<\/th>\n<td>24V, 36V, 48V (personnalisable)<\/td>\n<\/tr>\n<tr>\n<th>Capacit\u00e9 nominale<\/th>\n<td>10Ah, 12Ah, 15Ah, 20Ah<\/td>\n<\/tr>\n<tr>\n<th>Cycle de vie<\/th>\n<td>500 - 1000 fois<\/td>\n<\/tr>\n<tr>\n<th>Poids<\/th>\n<td>Environ 3,5 kg<\/td>\n<\/tr>\n<tr>\n<th>Type de batterie<\/th>\n<td>Batterie Li-ion 18650<\/td>\n<\/tr>\n<tr>\n<th>Configuration de la batterie<\/th>\n<td>10S6P<\/td>\n<\/tr>\n<tr>\n<th>Courant de charge standard<\/th>\n<td>2.4A<\/td>\n<\/tr>\n<tr>\n<th>Courant de charge rapide<\/th>\n<td>6A<\/td>\n<\/tr>\n<tr>\n<th>Temps de charge (courant standard)<\/th>\n<td>8 heures<\/td>\n<\/tr>\n<tr>\n<th>Temps de charge (courant rapide)<\/th>\n<td>3,5 heures<\/td>\n<\/tr>\n<tr>\n<th>Tension de coupure de la d\u00e9charge<\/th>\n<td>27,5V ou 30V<\/td>\n<\/tr>\n<tr>\n<th>Tension de coupure de la charge<\/th>\n<td>42V<\/td>\n<\/tr>\n<tr>\n<th>Courant de d\u00e9charge<\/th>\n<td>12A (Standard), 36A (Max)<\/td>\n<\/tr>\n<tr>\n<th>Plage de temp\u00e9rature de charge<\/th>\n<td>-20\u00b0C ~ 60\u00b0C<\/td>\n<\/tr>\n<tr>\n<th>Plage de temp\u00e9rature de d\u00e9charge<\/th>\n<td>-20\u00b0C ~ 60\u00b0C<\/td>\n<\/tr>\n<tr>\n<th>Dimensions (LxLxH)<\/th>\n<td>91*217mm<\/td>\n<\/tr>\n<\/table>\n<h2>Caract\u00e9ristiques principales<\/h2>\n<div class=\"features-grid\">\n<div class=\"feature-box\">\n<h3>Protection int\u00e9gr\u00e9e des circuits imprim\u00e9s<\/h3>\n<p>Pr\u00e9vient les courts-circuits, les surcharges, les surd\u00e9charges, les surintensit\u00e9s et les surchauffes pour des performances s\u00fbres et fiables.<\/p>\n<\/p><\/div>\n<div class=\"feature-box\">\n<h3>Densit\u00e9 \u00e9nerg\u00e9tique \u00e9lev\u00e9e<\/h3>\n<p>Fournit une puissance durable avec une capacit\u00e9 \u00e9lev\u00e9e pour les v\u00e9los \u00e9lectriques et d'autres applications n\u00e9cessitant un support de batterie fiable.<\/p>\n<\/p><\/div>\n<div class=\"feature-box\">\n<h3>Large gamme de temp\u00e9ratures<\/h3>\n<p>Fonctionne efficacement dans des conditions extr\u00eames avec une plage de temp\u00e9ratures de d\u00e9charge et de charge allant de -20\u00b0C \u00e0 60\u00b0C.<\/p>\n<\/p><\/div>\n<div class=\"feature-box\">\n<h3>L\u00e9ger et compact<\/h3>\n<p>La conception compacte assure une installation facile, avec un faible poids pour de meilleures performances et une meilleure maniabilit\u00e9 du v\u00e9lo \u00e9lectrique.<\/p>\n<\/p><\/div>\n<\/p><\/div>\n<h2>Avantages<\/h2>\n<ul>\n<li>Sans pollution et sans effet m\u00e9moire<\/li>\n<li>Longue dur\u00e9e de vie (500 - 1000 cycles)<\/li>\n<li>Grande constance dans la capacit\u00e9, la tension et la dur\u00e9e de la plate-forme<\/li>\n<li>S\u00fbr et fiable gr\u00e2ce \u00e0 la protection int\u00e9gr\u00e9e<\/li>\n<li>Prix d'usine comp\u00e9titifs et normes de haute qualit\u00e9<\/li>\n<\/ul>\n<h2>Applications<\/h2>\n<ul>\n<li>V\u00e9los \u00e9lectriques<\/li>\n<li>Scooters \u00e9lectriques<\/li>\n<li>Motos \u00e9lectriques<\/li>\n<li>Autres v\u00e9hicules \u00e9lectriques<\/li>\n<\/ul>\n<h2>Politiques de paiement et d'exp\u00e9dition<\/h2>\n<ul>\n<li>M\u00e9thodes de paiement accept\u00e9es : L\/C, T\/T, Western Union, Paypal, Moneygram, Esp\u00e8ces<\/li>\n<li>Exp\u00e9dition : Les articles seront exp\u00e9di\u00e9s dans les 3 \u00e0 5 jours suivant la r\u00e9ception du paiement.<\/li>\n<li>M\u00e9thodes d'exp\u00e9dition : DHL, FedEx, TNT (zones limit\u00e9es)<\/li>\n<li>Un num\u00e9ro de suivi sera fourni apr\u00e8s l'exp\u00e9dition.<\/li>\n<\/ul>","protected":false},"excerpt":{"rendered":"<p>Batterie au lithium 20Ah fiable pour les v\u00e9los \u00e9lectriques, offrant une haute densit\u00e9 d'\u00e9nergie et une longue dur\u00e9e de vie. Convient aux applications de v\u00e9los \u00e9lectriques 36V, 48V et 24V.<\/p>","protected":false},"featured_media":2510,"comment_status":"open","ping_status":"closed","template":"","meta":{"_uag_custom_page_level_css":"","neve_meta_sidebar":"","neve_meta_container":"","neve_meta_enable_content_width":"off","neve_meta_content_width":100,"neve_meta_title_alignment":"","neve_meta_author_avatar":"","neve_post_elements_order":"","neve_meta_disable_header":"","neve_meta_disable_footer":"","neve_meta_disable_title":""},"product_brand":[],"product_cat":[46,45,43],"product_tag":[],"class_list":{"0":"post-2507","1":"product","2":"type-product","3":"status-publish","4":"has-post-thumbnail","6":"product_cat-24v-e-bike-battery","7":"product_cat-e-bike-battery","8":"product_cat-power-battery","10":"first","11":"instock","12":"shipping-taxable","13":"product-type-simple"},"uagb_featured_image_src":{"full":["https:\/\/ecavix.com\/wp-content\/uploads\/2025\/07\/Kettle-24V-Ebike-Battery-20ah-Lithium-Battery-Pack0-800-800.webp",550,550,false],"thumbnail":["https:\/\/ecavix.com\/wp-content\/uploads\/2025\/07\/Kettle-24V-Ebike-Battery-20ah-Lithium-Battery-Pack0-800-800-150x150.webp",150,150,true],"medium":["https:\/\/ecavix.com\/wp-content\/uploads\/2025\/07\/Kettle-24V-Ebike-Battery-20ah-Lithium-Battery-Pack0-800-800-300x300.webp",300,300,true],"medium_large":["https:\/\/ecavix.com\/wp-content\/uploads\/2025\/07\/Kettle-24V-Ebike-Battery-20ah-Lithium-Battery-Pack0-800-800.webp",550,550,false],"large":["https:\/\/ecavix.com\/wp-content\/uploads\/2025\/07\/Kettle-24V-Ebike-Battery-20ah-Lithium-Battery-Pack0-800-800.webp",550,550,false],"1536x1536":["https:\/\/ecavix.com\/wp-content\/uploads\/2025\/07\/Kettle-24V-Ebike-Battery-20ah-Lithium-Battery-Pack0-800-800.webp",550,550,false],"2048x2048":["https:\/\/ecavix.com\/wp-content\/uploads\/2025\/07\/Kettle-24V-Ebike-Battery-20ah-Lithium-Battery-Pack0-800-800.webp",550,550,false],"trp-custom-language-flag":["https:\/\/ecavix.com\/wp-content\/uploads\/2025\/07\/Kettle-24V-Ebike-Battery-20ah-Lithium-Battery-Pack0-800-800.webp",12,12,false],"neve-blog":["https:\/\/ecavix.com\/wp-content\/uploads\/2025\/07\/Kettle-24V-Ebike-Battery-20ah-Lithium-Battery-Pack0-800-800.webp",550,550,false],"woocommerce_thumbnail":["https:\/\/ecavix.com\/wp-content\/uploads\/2025\/07\/Kettle-24V-Ebike-Battery-20ah-Lithium-Battery-Pack0-800-800-300x300.webp",300,300,true],"woocommerce_single":["https:\/\/ecavix.com\/wp-content\/uploads\/2025\/07\/Kettle-24V-Ebike-Battery-20ah-Lithium-Battery-Pack0-800-800.webp",550,550,false],"woocommerce_gallery_thumbnail":["https:\/\/ecavix.com\/wp-content\/uploads\/2025\/07\/Kettle-24V-Ebike-Battery-20ah-Lithium-Battery-Pack0-800-800-100x100.webp",100,100,true]},"uagb_author_info":{"display_name":"solvitaenergylimited@gmail.com","author_link":"https:\/\/ecavix.com\/fr\/author\/"},"uagb_comment_info":0,"uagb_excerpt":"Reliable 20Ah Lithium Battery Pack for electric bikes, offering high energy density and long cycle life. Suitable for 36V, 48V, and 24V E-bike applications.","_links":{"self":[{"href":"https:\/\/ecavix.com\/fr\/wp-json\/wp\/v2\/product\/2507","targetHints":{"allow":["GET"]}}],"collection":[{"href":"https:\/\/ecavix.com\/fr\/wp-json\/wp\/v2\/product"}],"about":[{"href":"https:\/\/ecavix.com\/fr\/wp-json\/wp\/v2\/types\/product"}],"replies":[{"embeddable":true,"href":"https:\/\/ecavix.com\/fr\/wp-json\/wp\/v2\/comments?post=2507"}],"wp:featuredmedia":[{"embeddable":true,"href":"https:\/\/ecavix.com\/fr\/wp-json\/wp\/v2\/media\/2510"}],"wp:attachment":[{"href":"https:\/\/ecavix.com\/fr\/wp-json\/wp\/v2\/media?parent=2507"}],"wp:term":[{"taxonomy":"product_brand","embeddable":true,"href":"https:\/\/ecavix.com\/fr\/wp-json\/wp\/v2\/product_brand?post=2507"},{"taxonomy":"product_cat","embeddable":true,"href":"https:\/\/ecavix.com\/fr\/wp-json\/wp\/v2\/product_cat?post=2507"},{"taxonomy":"product_tag","embeddable":true,"href":"https:\/\/ecavix.com\/fr\/wp-json\/wp\/v2\/product_tag?post=2507"}],"curies":[{"name":"wp","href":"https:\/\/api.w.org\/{rel}","templated":true}]}}