{"id":2495,"date":"2025-07-18T09:28:58","date_gmt":"2025-07-18T09:28:58","guid":{"rendered":"https:\/\/ecavix.com\/?post_type=product&#038;p=2495"},"modified":"2025-07-18T09:28:58","modified_gmt":"2025-07-18T09:28:58","slug":"batterie-18650-frog-36v-12ah-2200mah-lithium-ion-pour-e-bike","status":"publish","type":"product","link":"https:\/\/ecavix.com\/fr\/product\/18650-frog-36v-12ah-2200mah-lithium-ion-battery-for-e-bike\/","title":{"rendered":"Batterie 18650 Frog 36V 12ah 2200mAh Lithium Ion pour E-Bike"},"content":{"rendered":"<br \/>\n<h1>Batterie 18650 Lithium-Ion pour E-Bike<\/h1>\n<h2>Aper\u00e7u du produit<\/h2>\n<table>\n<tr>\n<th>Mod\u00e8le<\/th>\n<td>Batterie au lithium-ion 18650<\/td>\n<\/tr>\n<tr>\n<th>Tension nominale<\/th>\n<td>36V\/48V<\/td>\n<\/tr>\n<tr>\n<th>Capacit\u00e9 nominale<\/th>\n<td>10Ah\/12Ah\/15Ah\/20Ah<\/td>\n<\/tr>\n<tr>\n<th>Type de batterie<\/th>\n<td>Lithium-Ion 18650<\/td>\n<\/tr>\n<tr>\n<th>Cycle de vie<\/th>\n<td>500-1000 cycles<\/td>\n<\/tr>\n<tr>\n<th>Poids<\/th>\n<td>~3,5 kg<\/td>\n<\/tr>\n<tr>\n<th>Couleur<\/th>\n<td>Noir avec lumi\u00e8re LED (personnalisable)<\/td>\n<\/tr>\n<tr>\n<th>Taux de d\u00e9charge<\/th>\n<td>D\u00e9bit moyen<\/td>\n<\/tr>\n<tr>\n<th>Configuration de la tension<\/th>\n<td>Connexion en s\u00e9rie et en parall\u00e8le<\/td>\n<\/tr>\n<tr>\n<th>Certifications<\/th>\n<td>CE, MSDS, UN38.3, FCC, RoHS, SGS<\/td>\n<\/tr>\n<tr>\n<th>Emballage<\/th>\n<td>Paquet standard EPE pour l'exportation<\/td>\n<\/tr>\n<tr>\n<th>OEM\/ODM<\/th>\n<td>Disponible<\/td>\n<\/tr>\n<tr>\n<th>Conditions de paiement<\/th>\n<td>L\/C, T\/T, Western Union, Paypal, Money Gram, Cash<\/td>\n<\/tr>\n<tr>\n<th>Capacit\u00e9 de production<\/th>\n<td>3000 PCS\/Jour<\/td>\n<\/tr>\n<\/table>\n<h2>Caract\u00e9ristiques principales<\/h2>\n<div class=\"features-grid\">\n<div class=\"feature-box\">\n<h3>Densit\u00e9 \u00e9nerg\u00e9tique \u00e9lev\u00e9e<\/h3>\n<p>Offre une solution compacte avec une grande puissance et une grande capacit\u00e9, id\u00e9ale pour les v\u00e9hicules \u00e9lectriques et les v\u00e9los \u00e9lectriques.<\/p>\n<\/p><\/div>\n<div class=\"feature-box\">\n<h3>Sans pollution<\/h3>\n<p>Respectueux de l'environnement, il n'y a pas d'\u00e9missions toxiques pendant l'utilisation, ce qui garantit le respect de l'environnement.<\/p>\n<\/p><\/div>\n<div class=\"feature-box\">\n<h3>Longue dur\u00e9e de vie<\/h3>\n<p>Con\u00e7us pour durer jusqu'\u00e0 1000 cycles, ils r\u00e9duisent le besoin de remplacements fr\u00e9quents.<\/p>\n<\/p><\/div>\n<div class=\"feature-box\">\n<h3>Protection int\u00e9gr\u00e9e<\/h3>\n<p>Il est dot\u00e9 d'une protection contre les courts-circuits, les surintensit\u00e9s et les surchauffes pour une s\u00e9curit\u00e9 maximale.<\/p>\n<\/p><\/div>\n<\/p><\/div>\n<h2>Avantages<\/h2>\n<ul>\n<li>Tension de travail \u00e9lev\u00e9e pour une meilleure performance<\/li>\n<li>L\u00e9ger et compact<\/li>\n<li>Pas d'effet m\u00e9moire, ce qui am\u00e9liore la dur\u00e9e de vie de la batterie et les performances.<\/li>\n<li>Bonne coh\u00e9rence de la tension, de la r\u00e9sistance et de la capacit\u00e9<\/li>\n<li>Faible autod\u00e9charge, garantissant que la batterie conserve sa charge au fil du temps<\/li>\n<\/ul>\n<h2>Applications<\/h2>\n<ul>\n<li>V\u00e9los \u00e9lectriques<\/li>\n<li>Scooters \u00e9lectriques<\/li>\n<li>Motos \u00e9lectriques<\/li>\n<li>Autres v\u00e9hicules \u00e9lectriques<\/li>\n<\/ul>\n<h2>Politiques de paiement et d'exp\u00e9dition<\/h2>\n<ul>\n<li>M\u00e9thodes de paiement accept\u00e9es : Paypal, T\/T, Western Union, L\/C, Moneygram, etc.<\/li>\n<li>D\u00e9lai d'exp\u00e9dition : 3 \u00e0 5 jours apr\u00e8s r\u00e9ception du paiement int\u00e9gral.<\/li>\n<li>M\u00e9thodes d'exp\u00e9dition : DHL, FedEx, TNT (zones limit\u00e9es)<\/li>\n<li>Num\u00e9ro de suivi fourni apr\u00e8s l'exp\u00e9dition.<\/li>\n<\/ul>","protected":false},"excerpt":{"rendered":"<p>Batterie au lithium-ion 18650 de haute qualit\u00e9 avec une tension de 36V ou 48V et des capacit\u00e9s allant de 10Ah \u00e0 20Ah. Id\u00e9ale pour les v\u00e9los \u00e9lectriques et autres v\u00e9hicules \u00e9lectriques.<\/p>","protected":false},"featured_media":2496,"comment_status":"open","ping_status":"closed","template":"","meta":{"_uag_custom_page_level_css":"","neve_meta_sidebar":"","neve_meta_container":"","neve_meta_enable_content_width":"off","neve_meta_content_width":100,"neve_meta_title_alignment":"","neve_meta_author_avatar":"","neve_post_elements_order":"","neve_meta_disable_header":"","neve_meta_disable_footer":"","neve_meta_disable_title":""},"product_brand":[],"product_cat":[47,45,43],"product_tag":[],"class_list":{"0":"post-2495","1":"product","2":"type-product","3":"status-publish","4":"has-post-thumbnail","6":"product_cat-36v-e-bike-battery","7":"product_cat-e-bike-battery","8":"product_cat-power-battery","10":"first","11":"instock","12":"shipping-taxable","13":"product-type-simple"},"uagb_featured_image_src":{"full":["https:\/\/ecavix.com\/wp-content\/uploads\/2025\/07\/18650-Frog-36V-12ah-2200mAh-Lithium-Ion-Battery-for-E-Bike0-800-800.webp",550,550,false],"thumbnail":["https:\/\/ecavix.com\/wp-content\/uploads\/2025\/07\/18650-Frog-36V-12ah-2200mAh-Lithium-Ion-Battery-for-E-Bike0-800-800-150x150.webp",150,150,true],"medium":["https:\/\/ecavix.com\/wp-content\/uploads\/2025\/07\/18650-Frog-36V-12ah-2200mAh-Lithium-Ion-Battery-for-E-Bike0-800-800-300x300.webp",300,300,true],"medium_large":["https:\/\/ecavix.com\/wp-content\/uploads\/2025\/07\/18650-Frog-36V-12ah-2200mAh-Lithium-Ion-Battery-for-E-Bike0-800-800.webp",550,550,false],"large":["https:\/\/ecavix.com\/wp-content\/uploads\/2025\/07\/18650-Frog-36V-12ah-2200mAh-Lithium-Ion-Battery-for-E-Bike0-800-800.webp",550,550,false],"1536x1536":["https:\/\/ecavix.com\/wp-content\/uploads\/2025\/07\/18650-Frog-36V-12ah-2200mAh-Lithium-Ion-Battery-for-E-Bike0-800-800.webp",550,550,false],"2048x2048":["https:\/\/ecavix.com\/wp-content\/uploads\/2025\/07\/18650-Frog-36V-12ah-2200mAh-Lithium-Ion-Battery-for-E-Bike0-800-800.webp",550,550,false],"trp-custom-language-flag":["https:\/\/ecavix.com\/wp-content\/uploads\/2025\/07\/18650-Frog-36V-12ah-2200mAh-Lithium-Ion-Battery-for-E-Bike0-800-800.webp",12,12,false],"neve-blog":["https:\/\/ecavix.com\/wp-content\/uploads\/2025\/07\/18650-Frog-36V-12ah-2200mAh-Lithium-Ion-Battery-for-E-Bike0-800-800.webp",550,550,false],"woocommerce_thumbnail":["https:\/\/ecavix.com\/wp-content\/uploads\/2025\/07\/18650-Frog-36V-12ah-2200mAh-Lithium-Ion-Battery-for-E-Bike0-800-800-300x300.webp",300,300,true],"woocommerce_single":["https:\/\/ecavix.com\/wp-content\/uploads\/2025\/07\/18650-Frog-36V-12ah-2200mAh-Lithium-Ion-Battery-for-E-Bike0-800-800.webp",550,550,false],"woocommerce_gallery_thumbnail":["https:\/\/ecavix.com\/wp-content\/uploads\/2025\/07\/18650-Frog-36V-12ah-2200mAh-Lithium-Ion-Battery-for-E-Bike0-800-800-100x100.webp",100,100,true]},"uagb_author_info":{"display_name":"solvitaenergylimited@gmail.com","author_link":"https:\/\/ecavix.com\/fr\/author\/"},"uagb_comment_info":0,"uagb_excerpt":"High-quality 18650 Lithium-Ion Battery with 36V or 48V voltage and capacities ranging from 10Ah to 20Ah. Ideal for e-bikes and other electric vehicles.","_links":{"self":[{"href":"https:\/\/ecavix.com\/fr\/wp-json\/wp\/v2\/product\/2495","targetHints":{"allow":["GET"]}}],"collection":[{"href":"https:\/\/ecavix.com\/fr\/wp-json\/wp\/v2\/product"}],"about":[{"href":"https:\/\/ecavix.com\/fr\/wp-json\/wp\/v2\/types\/product"}],"replies":[{"embeddable":true,"href":"https:\/\/ecavix.com\/fr\/wp-json\/wp\/v2\/comments?post=2495"}],"wp:featuredmedia":[{"embeddable":true,"href":"https:\/\/ecavix.com\/fr\/wp-json\/wp\/v2\/media\/2496"}],"wp:attachment":[{"href":"https:\/\/ecavix.com\/fr\/wp-json\/wp\/v2\/media?parent=2495"}],"wp:term":[{"taxonomy":"product_brand","embeddable":true,"href":"https:\/\/ecavix.com\/fr\/wp-json\/wp\/v2\/product_brand?post=2495"},{"taxonomy":"product_cat","embeddable":true,"href":"https:\/\/ecavix.com\/fr\/wp-json\/wp\/v2\/product_cat?post=2495"},{"taxonomy":"product_tag","embeddable":true,"href":"https:\/\/ecavix.com\/fr\/wp-json\/wp\/v2\/product_tag?post=2495"}],"curies":[{"name":"wp","href":"https:\/\/api.w.org\/{rel}","templated":true}]}}