{"id":2489,"date":"2025-07-18T09:26:06","date_gmt":"2025-07-18T09:26:06","guid":{"rendered":"https:\/\/ecavix.com\/?post_type=product&#038;p=2489"},"modified":"2025-07-18T09:26:07","modified_gmt":"2025-07-18T09:26:07","slug":"batterie-electrique-36v-10ah-au-lithium-pour-velos-electriques-batterie-pour-porte-bagages-arriere-pour-moteur-250w-500w","status":"publish","type":"product","link":"https:\/\/ecavix.com\/fr\/product\/36v-10ah-electric-lithium-ebike-battery-rear-rack-battery-for-250w-500w-motor\/","title":{"rendered":"36V 10ah Batterie \u00e9lectrique Lithium Ebike Batterie arri\u00e8re pour moteur 250W 500W"},"content":{"rendered":"<br \/>\n<h1>Batterie \u00e9lectrique 36V 10Ah Lithium E-Bike<\/h1>\n<h2>Aper\u00e7u du produit<\/h2>\n<table>\n<tr>\n<th>Mod\u00e8le<\/th>\n<td>DEL-10S4P<\/td>\n<\/tr>\n<tr>\n<th>Tension nominale<\/th>\n<td>36V<\/td>\n<\/tr>\n<tr>\n<th>Capacit\u00e9 nominale<\/th>\n<td>10Ah<\/td>\n<\/tr>\n<tr>\n<th>Type de batterie<\/th>\n<td>Lithium-Ion 18650<\/td>\n<\/tr>\n<tr>\n<th>Cycle de vie<\/th>\n<td>1000 cycles<\/td>\n<\/tr>\n<tr>\n<th>Type de chargeur<\/th>\n<td>Chargeur USB<\/td>\n<\/tr>\n<tr>\n<th>Tension du chargeur<\/th>\n<td>42V<\/td>\n<\/tr>\n<tr>\n<th>Tension de coupure de la d\u00e9charge<\/th>\n<td>28V<\/td>\n<\/tr>\n<tr>\n<th>Courant de d\u00e9charge maximal<\/th>\n<td>20A<\/td>\n<\/tr>\n<tr>\n<th>Mode de charge<\/th>\n<td>CC\/CV (courant constant\/tension constante)<\/td>\n<\/tr>\n<tr>\n<th>Poids<\/th>\n<td>3,0 kg<\/td>\n<\/tr>\n<tr>\n<th>Dimensions<\/th>\n<td>295 x 150 x 82mm<\/td>\n<\/tr>\n<tr>\n<th>Garantie<\/th>\n<td>1 an<\/td>\n<\/tr>\n<tr>\n<th>Certification<\/th>\n<td>CE, RoHS<\/td>\n<\/tr>\n<tr>\n<th>OEM\/ODM<\/th>\n<td>Disponible<\/td>\n<\/tr>\n<tr>\n<th>Capacit\u00e9 de production<\/th>\n<td>3000 PCS\/semaine<\/td>\n<\/tr>\n<tr>\n<th>Conditions de paiement<\/th>\n<td>T\/T, D\/P, Western Union, Paypal, Money Gram, PayPal<\/td>\n<\/tr>\n<tr>\n<th>Usine<\/th>\n<td>7 ans d'exp\u00e9rience dans la fabrication de batteries<\/td>\n<\/tr>\n<tr>\n<th>Emballage<\/th>\n<td>Emballage standard<\/td>\n<\/tr>\n<\/table>\n<h2>Caract\u00e9ristiques principales<\/h2>\n<div class=\"features-grid\">\n<div class=\"feature-box\">\n<h3>R\u00e9sistant \u00e0 l'eau<\/h3>\n<p>Con\u00e7us pour r\u00e9sister \u00e0 diverses conditions m\u00e9t\u00e9orologiques, ils garantissent durabilit\u00e9 et fiabilit\u00e9.<\/p>\n<\/p><\/div>\n<div class=\"feature-box\">\n<h3>Protection BMS int\u00e9gr\u00e9e<\/h3>\n<p>Prot\u00e8ge la batterie contre les surcharges, les d\u00e9charges excessives, les courts-circuits et les surintensit\u00e9s afin de prolonger sa dur\u00e9e de vie.<\/p>\n<\/p><\/div>\n<div class=\"feature-box\">\n<h3>Densit\u00e9 \u00e9nerg\u00e9tique \u00e9lev\u00e9e<\/h3>\n<p>Assure une puissance et une efficacit\u00e9 durables, id\u00e9ale pour les v\u00e9los et scooters \u00e9lectriques.<\/p>\n<\/p><\/div>\n<div class=\"feature-box\">\n<h3>Longue dur\u00e9e de vie<\/h3>\n<p>Avec jusqu'\u00e0 1000 cycles de charge, cette batterie garantit une long\u00e9vit\u00e9 exceptionnelle.<\/p>\n<\/p><\/div>\n<\/p><\/div>\n<h2>Avantages<\/h2>\n<ul>\n<li>Densit\u00e9 \u00e9nerg\u00e9tique \u00e9lev\u00e9e et poids l\u00e9ger<\/li>\n<li>Longue dur\u00e9e de vie et absence d'effet m\u00e9moire<\/li>\n<li>Fiabilit\u00e9 et s\u00e9curit\u00e9 gr\u00e2ce aux fonctions de protection int\u00e9gr\u00e9es<\/li>\n<li>Excellente constance de la capacit\u00e9, de la r\u00e9sistance et de la tension<\/li>\n<li>Sans pollution et respectueux de l'environnement<\/li>\n<li>Disponible pour une large gamme de configurations de tension (12V, 24V, 36V, 48V)<\/li>\n<\/ul>\n<h2>Applications<\/h2>\n<ul>\n<li>V\u00e9los \u00e9lectriques (E-bikes)<\/li>\n<li>Scooters \u00e9lectriques<\/li>\n<li>Autres v\u00e9hicules \u00e9lectriques<\/li>\n<\/ul>","protected":false},"excerpt":{"rendered":"<p>Batterie arri\u00e8re au lithium-ion 36V 10Ah pour v\u00e9los \u00e9lectriques. Elle pr\u00e9sente une densit\u00e9 \u00e9nerg\u00e9tique \u00e9lev\u00e9e, une longue dur\u00e9e de vie et une protection BMS. Disponible pour les moteurs de 250W et 500W.<\/p>","protected":false},"featured_media":2492,"comment_status":"open","ping_status":"closed","template":"","meta":{"_uag_custom_page_level_css":"","neve_meta_sidebar":"","neve_meta_container":"","neve_meta_enable_content_width":"off","neve_meta_content_width":100,"neve_meta_title_alignment":"","neve_meta_author_avatar":"","neve_post_elements_order":"","neve_meta_disable_header":"","neve_meta_disable_footer":"","neve_meta_disable_title":""},"product_brand":[],"product_cat":[47,45,43],"product_tag":[],"class_list":{"0":"post-2489","1":"product","2":"type-product","3":"status-publish","4":"has-post-thumbnail","6":"product_cat-36v-e-bike-battery","7":"product_cat-e-bike-battery","8":"product_cat-power-battery","10":"first","11":"instock","12":"shipping-taxable","13":"product-type-simple"},"uagb_featured_image_src":{"full":["https:\/\/ecavix.com\/wp-content\/uploads\/2025\/07\/36V-10ah-Electric-Lithium-Ebike-Battery-Rear-Rack-Battery-for-250W-500W-Motor3-800-800.webp",550,550,false],"thumbnail":["https:\/\/ecavix.com\/wp-content\/uploads\/2025\/07\/36V-10ah-Electric-Lithium-Ebike-Battery-Rear-Rack-Battery-for-250W-500W-Motor3-800-800-150x150.webp",150,150,true],"medium":["https:\/\/ecavix.com\/wp-content\/uploads\/2025\/07\/36V-10ah-Electric-Lithium-Ebike-Battery-Rear-Rack-Battery-for-250W-500W-Motor3-800-800-300x300.webp",300,300,true],"medium_large":["https:\/\/ecavix.com\/wp-content\/uploads\/2025\/07\/36V-10ah-Electric-Lithium-Ebike-Battery-Rear-Rack-Battery-for-250W-500W-Motor3-800-800.webp",550,550,false],"large":["https:\/\/ecavix.com\/wp-content\/uploads\/2025\/07\/36V-10ah-Electric-Lithium-Ebike-Battery-Rear-Rack-Battery-for-250W-500W-Motor3-800-800.webp",550,550,false],"1536x1536":["https:\/\/ecavix.com\/wp-content\/uploads\/2025\/07\/36V-10ah-Electric-Lithium-Ebike-Battery-Rear-Rack-Battery-for-250W-500W-Motor3-800-800.webp",550,550,false],"2048x2048":["https:\/\/ecavix.com\/wp-content\/uploads\/2025\/07\/36V-10ah-Electric-Lithium-Ebike-Battery-Rear-Rack-Battery-for-250W-500W-Motor3-800-800.webp",550,550,false],"trp-custom-language-flag":["https:\/\/ecavix.com\/wp-content\/uploads\/2025\/07\/36V-10ah-Electric-Lithium-Ebike-Battery-Rear-Rack-Battery-for-250W-500W-Motor3-800-800.webp",12,12,false],"neve-blog":["https:\/\/ecavix.com\/wp-content\/uploads\/2025\/07\/36V-10ah-Electric-Lithium-Ebike-Battery-Rear-Rack-Battery-for-250W-500W-Motor3-800-800.webp",550,550,false],"woocommerce_thumbnail":["https:\/\/ecavix.com\/wp-content\/uploads\/2025\/07\/36V-10ah-Electric-Lithium-Ebike-Battery-Rear-Rack-Battery-for-250W-500W-Motor3-800-800-300x300.webp",300,300,true],"woocommerce_single":["https:\/\/ecavix.com\/wp-content\/uploads\/2025\/07\/36V-10ah-Electric-Lithium-Ebike-Battery-Rear-Rack-Battery-for-250W-500W-Motor3-800-800.webp",550,550,false],"woocommerce_gallery_thumbnail":["https:\/\/ecavix.com\/wp-content\/uploads\/2025\/07\/36V-10ah-Electric-Lithium-Ebike-Battery-Rear-Rack-Battery-for-250W-500W-Motor3-800-800-100x100.webp",100,100,true]},"uagb_author_info":{"display_name":"solvitaenergylimited@gmail.com","author_link":"https:\/\/ecavix.com\/fr\/author\/"},"uagb_comment_info":0,"uagb_excerpt":"36V 10Ah lithium-ion rear rack battery for electric bicycles. Features high energy density, long cycle life, and BMS protection. Available for 250W and 500W motors.","_links":{"self":[{"href":"https:\/\/ecavix.com\/fr\/wp-json\/wp\/v2\/product\/2489","targetHints":{"allow":["GET"]}}],"collection":[{"href":"https:\/\/ecavix.com\/fr\/wp-json\/wp\/v2\/product"}],"about":[{"href":"https:\/\/ecavix.com\/fr\/wp-json\/wp\/v2\/types\/product"}],"replies":[{"embeddable":true,"href":"https:\/\/ecavix.com\/fr\/wp-json\/wp\/v2\/comments?post=2489"}],"wp:featuredmedia":[{"embeddable":true,"href":"https:\/\/ecavix.com\/fr\/wp-json\/wp\/v2\/media\/2492"}],"wp:attachment":[{"href":"https:\/\/ecavix.com\/fr\/wp-json\/wp\/v2\/media?parent=2489"}],"wp:term":[{"taxonomy":"product_brand","embeddable":true,"href":"https:\/\/ecavix.com\/fr\/wp-json\/wp\/v2\/product_brand?post=2489"},{"taxonomy":"product_cat","embeddable":true,"href":"https:\/\/ecavix.com\/fr\/wp-json\/wp\/v2\/product_cat?post=2489"},{"taxonomy":"product_tag","embeddable":true,"href":"https:\/\/ecavix.com\/fr\/wp-json\/wp\/v2\/product_tag?post=2489"}],"curies":[{"name":"wp","href":"https:\/\/api.w.org\/{rel}","templated":true}]}}