{"id":2484,"date":"2025-07-18T09:23:06","date_gmt":"2025-07-18T09:23:06","guid":{"rendered":"https:\/\/ecavix.com\/?post_type=product&#038;p=2484"},"modified":"2025-07-18T09:23:06","modified_gmt":"2025-07-18T09:23:06","slug":"hailong-36v-10ah-rechargeable-electric-e-bike-power-supply-battery","status":"publish","type":"product","link":"https:\/\/ecavix.com\/fr\/product\/hailong-36v-10ah-rechargeable-electric-e-bike-power-supply-battery\/","title":{"rendered":"Hailong 36V 10ah Rechargeable Electric E-Bike Power Supply Battery"},"content":{"rendered":"<br \/>\n<h1>36V 10Ah Hailong Rechargeable E-Bike Battery<\/h1>\n<h2>Aper\u00e7u du produit<\/h2>\n<table>\n<tr>\n<th>Mod\u00e8le<\/th>\n<td>DEL-10S4P<\/td>\n<\/tr>\n<tr>\n<th>Tension nominale<\/th>\n<td>36V<\/td>\n<\/tr>\n<tr>\n<th>Capacit\u00e9 nominale<\/th>\n<td>10Ah<\/td>\n<\/tr>\n<tr>\n<th>Type de cellule<\/th>\n<td>18650 Li-ion<\/td>\n<\/tr>\n<tr>\n<th>Quantit\u00e9 de cellules<\/th>\n<td>40 (10 s\u00e9ries, 4 parall\u00e8les)<\/td>\n<\/tr>\n<tr>\n<th>Sp\u00e9cification de la cellule<\/th>\n<td>3,7V, 2500mAh<\/td>\n<\/tr>\n<tr>\n<th>Tension de charge<\/th>\n<td>42V<\/td>\n<\/tr>\n<tr>\n<th>Courant de d\u00e9charge<\/th>\n<td>2A<\/td>\n<\/tr>\n<tr>\n<th>Mode de charge<\/th>\n<td>CC\/CV (courant constant\/tension constante)<\/td>\n<\/tr>\n<tr>\n<th>Courant de charge standard<\/th>\n<td>2A<\/td>\n<\/tr>\n<tr>\n<th>Cycle de vie<\/th>\n<td>500-1000 cycles<\/td>\n<\/tr>\n<tr>\n<th>Plage de temp\u00e9rature de charge<\/th>\n<td>0 ~ 45\u00b0C<\/td>\n<\/tr>\n<tr>\n<th>Plage de temp\u00e9rature de d\u00e9charge<\/th>\n<td>-20 ~ 60\u00b0C<\/td>\n<\/tr>\n<tr>\n<th>Poids (net)<\/th>\n<td>3,5 kg<\/td>\n<\/tr>\n<tr>\n<th>Dimensions<\/th>\n<td>362 x 90 x 115mm<\/td>\n<\/tr>\n<tr>\n<th>Emballage<\/th>\n<td>Paquet standard pour l'exportation<\/td>\n<\/tr>\n<tr>\n<th>Certifications<\/th>\n<td>CE, RoHS, MSDS, UN38.3, FCC, SGS<\/td>\n<\/tr>\n<tr>\n<th>Origine<\/th>\n<td>Guangdong, Chine<\/td>\n<\/tr>\n<tr>\n<th>Capacit\u00e9 de production<\/th>\n<td>2000 PCS\/Jour<\/td>\n<\/tr>\n<tr>\n<th>Conditions de paiement<\/th>\n<td>T\/T, Western Union, Paypal, Money Gram<\/td>\n<\/tr>\n<\/table>\n<h2>Caract\u00e9ristiques principales<\/h2>\n<div class=\"features-grid\">\n<div class=\"feature-box\">\n<h3>Longue dur\u00e9e de vie<\/h3>\n<p>Plus de 500 cycles de charge garantissent des performances durables pour votre v\u00e9lo ou scooter \u00e9lectrique.<\/p>\n<\/p><\/div>\n<div class=\"feature-box\">\n<h3>Un syst\u00e8me de gestion des b\u00e2timents s\u00fbr et fiable<\/h3>\n<p>Le syst\u00e8me de gestion de la batterie (BMS) stable prot\u00e8ge contre les probl\u00e8mes de surcharge, de surd\u00e9charge et de court-circuit.<\/p>\n<\/p><\/div>\n<div class=\"feature-box\">\n<h3>Une performance efficace<\/h3>\n<p>La haute tension et la conception l\u00e9g\u00e8re offrent une acc\u00e9l\u00e9ration et des performances excellentes pour les moteurs.<\/p>\n<\/p><\/div>\n<div class=\"feature-box\">\n<h3>Large gamme de temp\u00e9ratures<\/h3>\n<p>Plage de temp\u00e9rature de fonctionnement de -20\u00b0C \u00e0 60\u00b0C, adapt\u00e9e \u00e0 divers climats et environnements.<\/p>\n<\/p><\/div>\n<\/p><\/div>\n<h2>Applications<\/h2>\n<ul>\n<li>V\u00e9los \u00e9lectriques (E-bikes)<\/li>\n<li>Scooters \u00e9lectriques<\/li>\n<li>Autres v\u00e9hicules \u00e9lectriques<\/li>\n<\/ul>","protected":false},"excerpt":{"rendered":"<p>Batterie lithium-ion rechargeable 36V 10Ah pour v\u00e9los \u00e9lectriques. Elle se caract\u00e9rise par une dur\u00e9e de vie \u00e9lev\u00e9e, une protection BMS stable et des performances robustes. Certifi\u00e9e CE et RoHS.<\/p>","protected":false},"featured_media":2485,"comment_status":"open","ping_status":"closed","template":"","meta":{"_uag_custom_page_level_css":"","neve_meta_sidebar":"","neve_meta_container":"","neve_meta_enable_content_width":"off","neve_meta_content_width":100,"neve_meta_title_alignment":"","neve_meta_author_avatar":"","neve_post_elements_order":"","neve_meta_disable_header":"","neve_meta_disable_footer":"","neve_meta_disable_title":""},"product_brand":[],"product_cat":[47,45,43],"product_tag":[],"class_list":{"0":"post-2484","1":"product","2":"type-product","3":"status-publish","4":"has-post-thumbnail","6":"product_cat-36v-e-bike-battery","7":"product_cat-e-bike-battery","8":"product_cat-power-battery","10":"first","11":"instock","12":"shipping-taxable","13":"product-type-simple"},"uagb_featured_image_src":{"full":["https:\/\/ecavix.com\/wp-content\/uploads\/2025\/07\/Hailong-36V-10ah-Rechargeable-Electric-E-Bike-Power-Supply-Battery1-800-800.webp",350,347,false],"thumbnail":["https:\/\/ecavix.com\/wp-content\/uploads\/2025\/07\/Hailong-36V-10ah-Rechargeable-Electric-E-Bike-Power-Supply-Battery1-800-800-150x150.webp",150,150,true],"medium":["https:\/\/ecavix.com\/wp-content\/uploads\/2025\/07\/Hailong-36V-10ah-Rechargeable-Electric-E-Bike-Power-Supply-Battery1-800-800-300x297.webp",300,297,true],"medium_large":["https:\/\/ecavix.com\/wp-content\/uploads\/2025\/07\/Hailong-36V-10ah-Rechargeable-Electric-E-Bike-Power-Supply-Battery1-800-800.webp",350,347,false],"large":["https:\/\/ecavix.com\/wp-content\/uploads\/2025\/07\/Hailong-36V-10ah-Rechargeable-Electric-E-Bike-Power-Supply-Battery1-800-800.webp",350,347,false],"1536x1536":["https:\/\/ecavix.com\/wp-content\/uploads\/2025\/07\/Hailong-36V-10ah-Rechargeable-Electric-E-Bike-Power-Supply-Battery1-800-800.webp",350,347,false],"2048x2048":["https:\/\/ecavix.com\/wp-content\/uploads\/2025\/07\/Hailong-36V-10ah-Rechargeable-Electric-E-Bike-Power-Supply-Battery1-800-800.webp",350,347,false],"trp-custom-language-flag":["https:\/\/ecavix.com\/wp-content\/uploads\/2025\/07\/Hailong-36V-10ah-Rechargeable-Electric-E-Bike-Power-Supply-Battery1-800-800.webp",12,12,false],"neve-blog":["https:\/\/ecavix.com\/wp-content\/uploads\/2025\/07\/Hailong-36V-10ah-Rechargeable-Electric-E-Bike-Power-Supply-Battery1-800-800.webp",350,347,false],"woocommerce_thumbnail":["https:\/\/ecavix.com\/wp-content\/uploads\/2025\/07\/Hailong-36V-10ah-Rechargeable-Electric-E-Bike-Power-Supply-Battery1-800-800-300x300.webp",300,300,true],"woocommerce_single":["https:\/\/ecavix.com\/wp-content\/uploads\/2025\/07\/Hailong-36V-10ah-Rechargeable-Electric-E-Bike-Power-Supply-Battery1-800-800.webp",350,347,false],"woocommerce_gallery_thumbnail":["https:\/\/ecavix.com\/wp-content\/uploads\/2025\/07\/Hailong-36V-10ah-Rechargeable-Electric-E-Bike-Power-Supply-Battery1-800-800-100x100.webp",100,100,true]},"uagb_author_info":{"display_name":"solvitaenergylimited@gmail.com","author_link":"https:\/\/ecavix.com\/fr\/author\/"},"uagb_comment_info":0,"uagb_excerpt":"36V 10Ah rechargeable lithium-ion battery for electric bicycles. Features high cycle life, stable BMS protection, and robust performance. CE & RoHS certified.","_links":{"self":[{"href":"https:\/\/ecavix.com\/fr\/wp-json\/wp\/v2\/product\/2484","targetHints":{"allow":["GET"]}}],"collection":[{"href":"https:\/\/ecavix.com\/fr\/wp-json\/wp\/v2\/product"}],"about":[{"href":"https:\/\/ecavix.com\/fr\/wp-json\/wp\/v2\/types\/product"}],"replies":[{"embeddable":true,"href":"https:\/\/ecavix.com\/fr\/wp-json\/wp\/v2\/comments?post=2484"}],"wp:featuredmedia":[{"embeddable":true,"href":"https:\/\/ecavix.com\/fr\/wp-json\/wp\/v2\/media\/2485"}],"wp:attachment":[{"href":"https:\/\/ecavix.com\/fr\/wp-json\/wp\/v2\/media?parent=2484"}],"wp:term":[{"taxonomy":"product_brand","embeddable":true,"href":"https:\/\/ecavix.com\/fr\/wp-json\/wp\/v2\/product_brand?post=2484"},{"taxonomy":"product_cat","embeddable":true,"href":"https:\/\/ecavix.com\/fr\/wp-json\/wp\/v2\/product_cat?post=2484"},{"taxonomy":"product_tag","embeddable":true,"href":"https:\/\/ecavix.com\/fr\/wp-json\/wp\/v2\/product_tag?post=2484"}],"curies":[{"name":"wp","href":"https:\/\/api.w.org\/{rel}","templated":true}]}}