{"id":2480,"date":"2025-07-18T09:19:20","date_gmt":"2025-07-18T09:19:20","guid":{"rendered":"https:\/\/ecavix.com\/?post_type=product&#038;p=2480"},"modified":"2025-07-18T09:19:20","modified_gmt":"2025-07-18T09:19:20","slug":"batterie-rechargeable-36v-15ah-pour-mountain-bike","status":"publish","type":"product","link":"https:\/\/ecavix.com\/fr\/product\/rechargeable-battery-pack-36v-15ah-for-mountain-bike\/","title":{"rendered":"Batterie rechargeable 36V 15ah pour v\u00e9lo de montagne"},"content":{"rendered":"<br \/>\n<h1>Batterie rechargeable 36V 15Ah pour moto<\/h1>\n<h2>Aper\u00e7u du produit<\/h2>\n<table>\n<tr>\n<th>Mod\u00e8le<\/th>\n<td>DL-3615<\/td>\n<\/tr>\n<tr>\n<th>Tension nominale<\/th>\n<td>36V<\/td>\n<\/tr>\n<tr>\n<th>Capacit\u00e9 nominale<\/th>\n<td>15Ah<\/td>\n<\/tr>\n<tr>\n<th>Type de cellule<\/th>\n<td>18650 Li-ion<\/td>\n<\/tr>\n<tr>\n<th>Quantit\u00e9 de cellules<\/th>\n<td>60 (10 s\u00e9ries, 6 parall\u00e8les)<\/td>\n<\/tr>\n<tr>\n<th>Sp\u00e9cification de la cellule<\/th>\n<td>3,7V, 2500mAh<\/td>\n<\/tr>\n<tr>\n<th>Tension de charge<\/th>\n<td>42V<\/td>\n<\/tr>\n<tr>\n<th>Tension de d\u00e9charge<\/th>\n<td>28V<\/td>\n<\/tr>\n<tr>\n<th>Courant de d\u00e9charge<\/th>\n<td>15A (en continu)<\/td>\n<\/tr>\n<tr>\n<th>Courant de d\u00e9charge maximal<\/th>\n<td>15A<\/td>\n<\/tr>\n<tr>\n<th>Mode de charge<\/th>\n<td>CC\/CV (courant constant\/tension constante)<\/td>\n<\/tr>\n<tr>\n<th>Courant de charge standard<\/th>\n<td>2A<\/td>\n<\/tr>\n<tr>\n<th>Courant de charge rapide<\/th>\n<td>5A<\/td>\n<\/tr>\n<tr>\n<th>Cycle de vie<\/th>\n<td>Plus de 500 fois<\/td>\n<\/tr>\n<tr>\n<th>Plage de temp\u00e9rature de charge<\/th>\n<td>-20 ~ 60\u00b0C<\/td>\n<\/tr>\n<tr>\n<th>Plage de temp\u00e9rature de d\u00e9charge<\/th>\n<td>-20 ~ 60\u00b0C<\/td>\n<\/tr>\n<tr>\n<th>Poids (net)<\/th>\n<td>3,5 kg<\/td>\n<\/tr>\n<tr>\n<th>Dimensions<\/th>\n<td>107,31 \u00d7 75,38 \u00d7 285 mm<\/td>\n<\/tr>\n<tr>\n<th>Emballage<\/th>\n<td>Cartons en coton perl\u00e9 EPE et carton \u00e9pais<\/td>\n<\/tr>\n<tr>\n<th>Certifications<\/th>\n<td>CE, RoHS<\/td>\n<\/tr>\n<tr>\n<th>Origine<\/th>\n<td>Chine<\/td>\n<\/tr>\n<tr>\n<th>Capacit\u00e9 de production<\/th>\n<td>5000 PCS\/semaine<\/td>\n<\/tr>\n<tr>\n<th>Conditions de paiement<\/th>\n<td>L\/C, T\/T, D\/P, Western Union, Paypal, Money Gram, Cash<\/td>\n<\/tr>\n<\/table>\n<h2>Caract\u00e9ristiques principales<\/h2>\n<div class=\"features-grid\">\n<div class=\"feature-box\">\n<h3>Grande capacit\u00e9<\/h3>\n<p>La capacit\u00e9 de 15 Ah garantit une autonomie accrue pour les v\u00e9los et les motos \u00e9lectriques, ce qui est parfait pour les trajets longue distance.<\/p>\n<\/p><\/div>\n<div class=\"feature-box\">\n<h3>Chargement rapide<\/h3>\n<p>Capacit\u00e9 de charge rapide avec une entr\u00e9e de 5A, r\u00e9duisant le temps de charge \u00e0 4 heures pour des rotations rapides.<\/p>\n<\/p><\/div>\n<div class=\"feature-box\">\n<h3>Conception durable<\/h3>\n<p>Construit pour durer avec un bo\u00eetier ABS robuste et une longue dur\u00e9e de vie de plus de 500 cycles de charge.<\/p>\n<\/p><\/div>\n<div class=\"feature-box\">\n<h3>Large gamme de temp\u00e9ratures<\/h3>\n<p>Il peut fonctionner efficacement entre -20\u00b0C et 60\u00b0C, ce qui le rend adapt\u00e9 \u00e0 une large gamme de climats.<\/p>\n<\/p><\/div>\n<\/p><\/div>\n<h2>Applications<\/h2>\n<ul>\n<li>Motos \u00e9lectriques<\/li>\n<li>V\u00e9los \u00e9lectriques<\/li>\n<li>Scooters \u00e9lectriques<\/li>\n<li>Tricycles et autres v\u00e9hicules \u00e9lectriques<\/li>\n<\/ul>","protected":false},"excerpt":{"rendered":"<p>Batterie rechargeable 36V 15Ah pour motos \u00e9lectriques. Longue dur\u00e9e de vie, charge rapide et performances robustes. Certifi\u00e9 CE et RoHS.<\/p>","protected":false},"featured_media":2481,"comment_status":"open","ping_status":"closed","template":"","meta":{"_uag_custom_page_level_css":"","neve_meta_sidebar":"","neve_meta_container":"","neve_meta_enable_content_width":"off","neve_meta_content_width":100,"neve_meta_title_alignment":"","neve_meta_author_avatar":"","neve_post_elements_order":"","neve_meta_disable_header":"","neve_meta_disable_footer":"","neve_meta_disable_title":""},"product_brand":[],"product_cat":[47,45,43],"product_tag":[],"class_list":{"0":"post-2480","1":"product","2":"type-product","3":"status-publish","4":"has-post-thumbnail","6":"product_cat-36v-e-bike-battery","7":"product_cat-e-bike-battery","8":"product_cat-power-battery","10":"first","11":"instock","12":"shipping-taxable","13":"product-type-simple"},"uagb_featured_image_src":{"full":["https:\/\/ecavix.com\/wp-content\/uploads\/2025\/07\/Rechargeable-Battery-Pack-36V-15ah-for-Mountain-Bike1-800-800.webp",550,550,false],"thumbnail":["https:\/\/ecavix.com\/wp-content\/uploads\/2025\/07\/Rechargeable-Battery-Pack-36V-15ah-for-Mountain-Bike1-800-800-150x150.webp",150,150,true],"medium":["https:\/\/ecavix.com\/wp-content\/uploads\/2025\/07\/Rechargeable-Battery-Pack-36V-15ah-for-Mountain-Bike1-800-800-300x300.webp",300,300,true],"medium_large":["https:\/\/ecavix.com\/wp-content\/uploads\/2025\/07\/Rechargeable-Battery-Pack-36V-15ah-for-Mountain-Bike1-800-800.webp",550,550,false],"large":["https:\/\/ecavix.com\/wp-content\/uploads\/2025\/07\/Rechargeable-Battery-Pack-36V-15ah-for-Mountain-Bike1-800-800.webp",550,550,false],"1536x1536":["https:\/\/ecavix.com\/wp-content\/uploads\/2025\/07\/Rechargeable-Battery-Pack-36V-15ah-for-Mountain-Bike1-800-800.webp",550,550,false],"2048x2048":["https:\/\/ecavix.com\/wp-content\/uploads\/2025\/07\/Rechargeable-Battery-Pack-36V-15ah-for-Mountain-Bike1-800-800.webp",550,550,false],"trp-custom-language-flag":["https:\/\/ecavix.com\/wp-content\/uploads\/2025\/07\/Rechargeable-Battery-Pack-36V-15ah-for-Mountain-Bike1-800-800.webp",12,12,false],"neve-blog":["https:\/\/ecavix.com\/wp-content\/uploads\/2025\/07\/Rechargeable-Battery-Pack-36V-15ah-for-Mountain-Bike1-800-800.webp",550,550,false],"woocommerce_thumbnail":["https:\/\/ecavix.com\/wp-content\/uploads\/2025\/07\/Rechargeable-Battery-Pack-36V-15ah-for-Mountain-Bike1-800-800-300x300.webp",300,300,true],"woocommerce_single":["https:\/\/ecavix.com\/wp-content\/uploads\/2025\/07\/Rechargeable-Battery-Pack-36V-15ah-for-Mountain-Bike1-800-800.webp",550,550,false],"woocommerce_gallery_thumbnail":["https:\/\/ecavix.com\/wp-content\/uploads\/2025\/07\/Rechargeable-Battery-Pack-36V-15ah-for-Mountain-Bike1-800-800-100x100.webp",100,100,true]},"uagb_author_info":{"display_name":"solvitaenergylimited@gmail.com","author_link":"https:\/\/ecavix.com\/fr\/author\/"},"uagb_comment_info":0,"uagb_excerpt":"36V 15Ah rechargeable battery pack for electric motorcycles. Long cycle life, fast charging, and robust performance. CE & RoHS certified.","_links":{"self":[{"href":"https:\/\/ecavix.com\/fr\/wp-json\/wp\/v2\/product\/2480","targetHints":{"allow":["GET"]}}],"collection":[{"href":"https:\/\/ecavix.com\/fr\/wp-json\/wp\/v2\/product"}],"about":[{"href":"https:\/\/ecavix.com\/fr\/wp-json\/wp\/v2\/types\/product"}],"replies":[{"embeddable":true,"href":"https:\/\/ecavix.com\/fr\/wp-json\/wp\/v2\/comments?post=2480"}],"wp:featuredmedia":[{"embeddable":true,"href":"https:\/\/ecavix.com\/fr\/wp-json\/wp\/v2\/media\/2481"}],"wp:attachment":[{"href":"https:\/\/ecavix.com\/fr\/wp-json\/wp\/v2\/media?parent=2480"}],"wp:term":[{"taxonomy":"product_brand","embeddable":true,"href":"https:\/\/ecavix.com\/fr\/wp-json\/wp\/v2\/product_brand?post=2480"},{"taxonomy":"product_cat","embeddable":true,"href":"https:\/\/ecavix.com\/fr\/wp-json\/wp\/v2\/product_cat?post=2480"},{"taxonomy":"product_tag","embeddable":true,"href":"https:\/\/ecavix.com\/fr\/wp-json\/wp\/v2\/product_tag?post=2480"}],"curies":[{"name":"wp","href":"https:\/\/api.w.org\/{rel}","templated":true}]}}